{"id":1013,"date":"2022-06-14T16:49:06","date_gmt":"2022-06-14T16:49:06","guid":{"rendered":"https:\/\/aevea.es\/anuario-2022\/?page_id=1013"},"modified":"2022-06-27T16:30:41","modified_gmt":"2022-06-27T16:30:41","slug":"carmen-centol","status":"publish","type":"page","link":"https:\/\/aevea.es\/anuario-2022\/carmen-centol\/","title":{"rendered":"ART\u00cdCULO Carmen Centol"},"content":{"rendered":"<div  class=\"tatsu-Sy-vaCE8iu tatsu-section  tatsu-parallax tatsu-bg-overlay   tatsu-clearfix\" data-title=\"\"  data-headerscheme=\"background--dark\"><div class='tatsu-section-pad clearfix' data-padding='{\"d\":\"7px 0px 30px 0px\"}' data-padding-top='7px'><div class=\"tatsu-row-wrap  tatsu-wrap tatsu-row-has-two-cols tatsu-medium-gutter tatsu-reg-cols  tatsu-clearfix tatsu-HkeDAkrIou\" ><style>.tatsu-HkeDAkrIou.tatsu-row-wrap > .tatsu-row{padding: 30px 0px 30px 0px;}<\/style><div  class=\"tatsu-row \" ><div  class=\"tatsu-column  tatsu-bg-overlay tatsu-three-fourth tatsu-column-image-none tatsu-column-effect-none  tatsu-Byt0yBIsd\"  data-parallax-speed=\"0\" style=\"\"><div class=\"tatsu-column-inner \" ><div class=\"tatsu-column-pad-wrap\"><div class=\"tatsu-column-pad\" ><div  class=\"tatsu-single-image tatsu-module tatsu-image-lazyload tatsu-SyYBve0ou  \" ><div class=\"tatsu-single-image-inner \" style=\"width : 1180px;\" ><div class = \"tatsu-single-image-padding-wrap\" style = \"padding-bottom : 56.186440677966%;\" ><\/div><img class = \"tatsu-gradient-border\" alt = \"\" title = \"CARMEN-CENTOL.ART\" data-src = \"https:\/\/aevea.es\/anuario-2022\/wp-content\/uploads\/2022\/06\/CARMEN-CENTOL.ART_-1.jpg\" src =\"data:image\/png;base64,iVBORw0KGgoAAAANSUhEUgAAAAEAAAABCAQAAAC1HAwCAAAAC0lEQVR42mNkYAAAAAYAAjCB0C8AAAAASUVORK5CYII=\"  \/><\/div><style>.tatsu-SyYBve0ou .tatsu-single-image-inner{border-style: solid;max-width: 100%;}.tatsu-SyYBve0ou.tatsu-single-image{transform: translate3d(0px,0px, 0);}<\/style><\/div><div  class=\"tatsu-empty-space  tatsu-SJ7Sxw0sO  \" ><style>.tatsu-SJ7Sxw0sO.tatsu-empty-space{height: 30px;}<\/style><\/div><div  class=\"tatsu-module tatsu-text-block-wrap tatsu-rJZdlb5jd  \"><div class=\"tatsu-text-inner tatsu-align-center  clearfix\" ><style>.tatsu-rJZdlb5jd.tatsu-text-block-wrap .tatsu-text-inner{width: 100%;text-align: left;padding: 0px 0px 30px 0px;}.tatsu-rJZdlb5jd.tatsu-text-block-wrap{margin: 0px 0px 0px 0px;}<\/style>\n<h4><span style=\"color: #ff4d0e;\">La importancia de contar con perfiles especializados en la cadena de valor del evento<\/span><\/h4>\n<p><span style=\"font-size: 14pt;\">Un evento es algo ef\u00edmero que transcurre en un momento determinado, un d\u00eda, unas horas, que, sin embargo, deja una sensaci\u00f3n imborrable en los asistentes, una vivencia, una experiencia que ser\u00e1 positiva si todos los agentes implicados en su ejecuci\u00f3n son profesionales.<\/span><\/p>\n<p><span style=\"font-size: 14pt;\">Es fundamental que haya coordinaci\u00f3n, comunicaci\u00f3n y respeto entre todos los integrantes de la cadena de valor involucrada en el proceso, partiendo del eslab\u00f3n principal, que ser\u00eda el cliente y pasando por el organizador, proveedores y sobre todo por las personas que desarrollan su trabajo en el evento y que ser\u00e1n imprescindibles a la hora de conectar al asistente a ese hilo de emociones que se pretenden transmitir.<\/span><\/p>\n<p><span style=\"font-size: 14pt;\">Las personas son las que van a ayudar con su trato humano, su empat\u00eda, su eficacia y su capacidad de improvisaci\u00f3n a que todo salga bien, a que nadie perciba los imprevistos porque se han solucionado con profesionalidad, por parte de un equipo casi \u201cinvisible\u201d que ha trabajado para que todo fluya.<\/span><\/p>\n<p><span style=\"font-size: 14pt;\">No se puede alcanzar el \u00e9xito, ni aun con una buena organizaci\u00f3n, si los proveedores y, en concreto, los perfiles del personal de apoyo seleccionados no son los adecuados.<\/span><\/p>\n<p><span style=\"font-size: 14pt;\">Se requiere de una labor de formaci\u00f3n e informaci\u00f3n previa muy precisa por parte de la empresa especializada, que cuidar\u00e1 al detalle la selecci\u00f3n en base a lo que el cliente necesita para ese evento en particular. Y motivar\u00e1 a esos equipos que trabajar\u00e1n en algo ef\u00edmero, puntual, cortoplacista\u2026 Para esto, tambi\u00e9n, es imprescindible un breafing, coordinado por organizador y\/o cliente en el que se especifiquen todos los detalles de la fase de ejecuci\u00f3n, pero tambi\u00e9n el por qu\u00e9 y para qu\u00e9\u2026 cu\u00e1l es el objetivo final. La identidad corporativa del cliente, su esencia y su raz\u00f3n de ser han de ser interiorizados por esas personas que ser\u00e1n su imagen.\u00a0<\/span><\/p>\n<p><span style=\"font-size: 14pt;\">El intrusismo es ant\u00f3nimo de profesionalidad. El organizador tiene que seleccionar con minuciosidad a los partners que van a trabajar con \u00e9l, para velar por el cumplimiento de la legalidad y profesionalidad.\u00a0 \u00a0<\/span><\/p>\n<p><span style=\"font-size: 14pt;\">Es importante promover la coordinaci\u00f3n e informaci\u00f3n entre todos los agentes de la cadena de valor que trabajen en el evento. Para llegar a la excelencia en el mismo debe existir comunicaci\u00f3n transversal, y no solo unos d\u00edas antes de la celebraci\u00f3n, sino en las reuniones previas, incluso en la fase de gestaci\u00f3n y creatividad del proyecto. \u00a0Contar con la opini\u00f3n de todos los profesionales ayudar\u00e1 a una mejor planificaci\u00f3n e incluso a un abaratamiento de costes.\u00a0<\/span><\/p>\n<p><span style=\"font-size: 14pt;\">La diferenciaci\u00f3n es la \u00fanica opci\u00f3n en un sector como el nuestro en el que todo es \u201cespecial\u201d, en el que buscamos algo distinto, creativo, innovador. La especializaci\u00f3n es lo que nos hace \u00fanicos.<\/span><\/p>\n<\/div><\/div><\/div><\/div><div class = \"tatsu-column-bg-image-wrap\"><div class = \"tatsu-column-bg-image\" ><\/div><\/div><div class=\"tatsu-overlay tatsu-column-overlay tatsu-animate-none\" ><\/div><\/div><style>.tatsu-row > .tatsu-Byt0yBIsd.tatsu-column{width: 60%;}.tatsu-Byt0yBIsd.tatsu-column > .tatsu-column-inner > .tatsu-column-overlay{mix-blend-mode: normal;}.tatsu-Byt0yBIsd > .tatsu-column-inner > .tatsu-top-divider{z-index: 9999;}.tatsu-Byt0yBIsd > .tatsu-column-inner > .tatsu-bottom-divider{z-index: 9999;}.tatsu-Byt0yBIsd > .tatsu-column-inner > .tatsu-left-divider{z-index: 9999;}.tatsu-Byt0yBIsd > .tatsu-column-inner > .tatsu-right-divider{z-index: 9999;}@media only screen and (max-width:1377px) {.tatsu-row > .tatsu-Byt0yBIsd.tatsu-column{width: 60%;}}@media only screen and (min-width:768px) and (max-width: 1024px) {.tatsu-row > .tatsu-Byt0yBIsd.tatsu-column{width: 75%;}}@media only screen and (max-width: 767px) {.tatsu-row > .tatsu-Byt0yBIsd.tatsu-column{width: 100%;}}<\/style><\/div><div  class=\"tatsu-column  tatsu-bg-overlay tatsu-one-fourth tatsu-column-image-none tatsu-column-effect-none  tatsu-SJgFR1BIid\"  data-parallax-speed=\"0\" style=\"\"><div class=\"tatsu-column-inner \" ><div class=\"tatsu-column-pad-wrap\"><div class=\"tatsu-column-pad\" ><div  class=\"tatsu-module tatsu-text-block-wrap tatsu-h3n5q5550z3ygfht  \"><div class=\"tatsu-text-inner tatsu-align-center  clearfix\" ><style>.tatsu-h3n5q5550z3ygfht.tatsu-text-block-wrap .tatsu-text-inner{width: 100%;text-align: left;}.tatsu-h3n5q5550z3ygfht.tatsu-text-block-wrap{margin: 0px 0px 0px 0px;}<\/style>\n<p><span style=\"font-size: 18pt;\"><strong>Contenido patrocinado<\/strong><\/span><\/p>\n<\/div><\/div><div  class=\"tatsu-module tatsu-video tatsu-youtube-wrap tatsu-S1UPomCjd   \" ><style>.tatsu-S1UPomCjd{padding: 0px 0px 76px 0px;margin: 20px 0px 0px 0px;}<\/style><div class = \"be-video-embed be-embed-placeholder\"><div class = \"be-youtube-embed\" data-video-id = \"InbIX-7vbgQ\" data-autoplay = \"1\" data-loop = \"1\"><\/div><\/div><\/div><div  class=\"tatsu-single-image tatsu-module align-center tatsu-image-lazyload tatsu-rJ8xeb9ju  \" ><div class=\"tatsu-single-image-inner \" style=\"width : 770px;\" ><div class = \"tatsu-single-image-padding-wrap\" style = \"padding-bottom : 192.46753246753%;\" ><\/div><a href = \"http:\/\/espaciopablovi.es\/\" target = \"_blank\" ><img class = \"tatsu-gradient-border\" alt = \"\" title = \"banerespacioPabloVI\" data-src = \"https:\/\/aevea.es\/anuario-2022\/wp-content\/uploads\/2022\/06\/banerespacioPabloVI.jpg\" src =\"data:image\/png;base64,iVBORw0KGgoAAAANSUhEUgAAAAEAAAABCAQAAAC1HAwCAAAAC0lEQVR42mNkYAAAAAYAAjCB0C8AAAAASUVORK5CYII=\"  \/><\/a><\/div><style>.tatsu-rJ8xeb9ju .tatsu-single-image-inner{border-style: solid;max-width: 80%;}.tatsu-rJ8xeb9ju.tatsu-single-image{transform: translate3d(0px,0px, 0);}<\/style><\/div><div  class=\"tatsu-empty-space  tatsu-ByCGhmRju  \" ><style>.tatsu-ByCGhmRju.tatsu-empty-space{height: 30px;}<\/style><\/div><\/div><\/div><div class = \"tatsu-column-bg-image-wrap\"><div class = \"tatsu-column-bg-image\" ><\/div><\/div><div class=\"tatsu-overlay tatsu-column-overlay tatsu-animate-none\" ><\/div><\/div><style>.tatsu-row > .tatsu-SJgFR1BIid.tatsu-column{width: 40%;}.tatsu-SJgFR1BIid.tatsu-column > .tatsu-column-inner > .tatsu-column-overlay{mix-blend-mode: normal;}.tatsu-SJgFR1BIid > .tatsu-column-inner > .tatsu-top-divider{z-index: 9999;}.tatsu-SJgFR1BIid > .tatsu-column-inner > .tatsu-bottom-divider{z-index: 9999;}.tatsu-SJgFR1BIid > .tatsu-column-inner > .tatsu-left-divider{z-index: 9999;}.tatsu-SJgFR1BIid > .tatsu-column-inner > .tatsu-right-divider{z-index: 9999;}@media only screen and (max-width:1377px) {.tatsu-row > .tatsu-SJgFR1BIid.tatsu-column{width: 40%;}}@media only screen and (min-width:768px) and (max-width: 1024px) {.tatsu-row > .tatsu-SJgFR1BIid.tatsu-column{width: 25%;}}@media only screen and (max-width: 767px) {.tatsu-row > .tatsu-SJgFR1BIid.tatsu-column{width: 100%;}}<\/style><\/div><\/div><\/div><\/div><div class=\"tatsu-section-background-wrap\"><div class = \"tatsu-section-background\" ><\/div><\/div><div class=\"tatsu-overlay tatsu-section-overlay\"><\/div><div class = \"tatsu-shape-divider tatsu-bottom-divider\"><svg xmlns=\"http:\/\/www.w3.org\/2000\/svg\" preserveAspectRatio=\"none\" viewBox=\"0 0 1920 120\">\r\n  <g fill-rule=\"evenodd\">\r\n    <path fill-opacity=\".457\" d=\"M0,25.9621684 C293.239583,65.9621684 613.239583,72.6288351 960,45.9621684 C1306.76042,19.2955018 1626.76042,32.6288351 1920,85.9621684 L1920,120 L0,120 L0,25.9621684 Z\" transform=\"matrix(-1 0 0 1 1920 0)\"\/>\r\n    <path d=\"M0,55.9621684 C300.495844,106.578393 620.495844,106.578393 960,55.9621684 C1299.50416,5.34594386 1619.50416,5.34594386 1920,55.9621684 L1920,120 L0,120 L0,55.9621684 Z\"\/>\r\n  <\/g>\r\n<\/svg>\r\n<\/div><style>.tatsu-Sy-vaCE8iu .tatsu-section-pad{padding: 7px 0px 30px 0px;}.tatsu-Sy-vaCE8iu .tatsu-section-offset-wrap{transform: translateY(-0px);}.tatsu-Sy-vaCE8iu > .tatsu-bottom-divider{height: 150px;color: rgba(255,77,14,1) ;z-index: 9999;}.tatsu-Sy-vaCE8iu > .tatsu-top-divider{z-index: 9999;}.tatsu-Sy-vaCE8iu .tatsu-section-overlay{mix-blend-mode: normal;}<\/style><\/div>\n","protected":false},"excerpt":{"rendered":"<p><a href=\"https:\/\/aevea.es\/anuario-2022\/carmen-centol\/\" class=\"more-link style1-button\">Read More<\/a><\/p>","protected":false},"author":2,"featured_media":0,"parent":0,"menu_order":0,"comment_status":"closed","ping_status":"closed","template":"","meta":{"footnotes":""},"class_list":["post-1013","page","type-page","status-publish","hentry"],"_links":{"self":[{"href":"https:\/\/aevea.es\/anuario-2022\/wp-json\/wp\/v2\/pages\/1013","targetHints":{"allow":["GET"]}}],"collection":[{"href":"https:\/\/aevea.es\/anuario-2022\/wp-json\/wp\/v2\/pages"}],"about":[{"href":"https:\/\/aevea.es\/anuario-2022\/wp-json\/wp\/v2\/types\/page"}],"author":[{"embeddable":true,"href":"https:\/\/aevea.es\/anuario-2022\/wp-json\/wp\/v2\/users\/2"}],"replies":[{"embeddable":true,"href":"https:\/\/aevea.es\/anuario-2022\/wp-json\/wp\/v2\/comments?post=1013"}],"version-history":[{"count":7,"href":"https:\/\/aevea.es\/anuario-2022\/wp-json\/wp\/v2\/pages\/1013\/revisions"}],"predecessor-version":[{"id":1368,"href":"https:\/\/aevea.es\/anuario-2022\/wp-json\/wp\/v2\/pages\/1013\/revisions\/1368"}],"wp:attachment":[{"href":"https:\/\/aevea.es\/anuario-2022\/wp-json\/wp\/v2\/media?parent=1013"}],"curies":[{"name":"wp","href":"https:\/\/api.w.org\/{rel}","templated":true}]}}