{"id":1015,"date":"2022-06-15T11:13:09","date_gmt":"2022-06-15T11:13:09","guid":{"rendered":"https:\/\/aevea.es\/anuario-2022\/?page_id=1015"},"modified":"2022-07-04T15:16:30","modified_gmt":"2022-07-04T15:16:30","slug":"gerardo-correas","status":"publish","type":"page","link":"https:\/\/aevea.es\/anuario-2022\/gerardo-correas\/","title":{"rendered":"ART\u00cdCULO Gerardo Correas"},"content":{"rendered":"<div  class=\"tatsu-Sy-vaCE8iu tatsu-section  tatsu-parallax tatsu-bg-overlay   tatsu-clearfix\" data-title=\"\"  data-headerscheme=\"background--dark\"><div class='tatsu-section-pad clearfix' data-padding='{\"d\":\"7px 0px 30px 0px\"}' data-padding-top='7px'><div class=\"tatsu-row-wrap  tatsu-wrap tatsu-row-has-two-cols tatsu-medium-gutter tatsu-reg-cols  tatsu-clearfix tatsu-HkeDAkrIou\" ><style>.tatsu-HkeDAkrIou.tatsu-row-wrap > .tatsu-row{padding: 30px 0px 30px 0px;}<\/style><div  class=\"tatsu-row \" ><div  class=\"tatsu-column  tatsu-bg-overlay tatsu-three-fourth tatsu-column-image-none tatsu-column-effect-none  tatsu-Byt0yBIsd\"  data-parallax-speed=\"0\" style=\"\"><div class=\"tatsu-column-inner \" ><div class=\"tatsu-column-pad-wrap\"><div class=\"tatsu-column-pad\" ><div  class=\"tatsu-single-image tatsu-module tatsu-image-lazyload tatsu-SyYBve0ou  \" ><div class=\"tatsu-single-image-inner \" style=\"width : 1180px;\" ><div class = \"tatsu-single-image-padding-wrap\" style = \"padding-bottom : 56.186440677966%;\" ><\/div><img class = \"tatsu-gradient-border\" alt = \"\" title = \"GERARDO-CORREAS-ART\" data-src = \"https:\/\/aevea.es\/anuario-2022\/wp-content\/uploads\/2022\/06\/GERARDO-CORREAS-ART.jpg\" src =\"data:image\/png;base64,iVBORw0KGgoAAAANSUhEUgAAAAEAAAABCAQAAAC1HAwCAAAAC0lEQVR42mNkYAAAAAYAAjCB0C8AAAAASUVORK5CYII=\"  \/><\/div><style>.tatsu-SyYBve0ou .tatsu-single-image-inner{border-style: solid;max-width: 100%;}.tatsu-SyYBve0ou.tatsu-single-image{transform: translate3d(0px,0px, 0);}<\/style><\/div><div  class=\"tatsu-empty-space  tatsu-SJ7Sxw0sO  \" ><style>.tatsu-SJ7Sxw0sO.tatsu-empty-space{height: 30px;}<\/style><\/div><div  class=\"tatsu-module tatsu-text-block-wrap tatsu-rJZdlb5jd  \"><div class=\"tatsu-text-inner tatsu-align-center  clearfix\" ><style>.tatsu-rJZdlb5jd.tatsu-text-block-wrap .tatsu-text-inner{width: 100%;text-align: left;padding: 0px 0px 30px 0px;}.tatsu-rJZdlb5jd.tatsu-text-block-wrap{margin: 0px 0px 0px 0px;}<\/style>\n<h4><span style=\"color: #ff4d0e;\">La necesidad de un observatorio profesional en la industria de los eventos <\/span><\/h4>\n<p><span style=\"font-size: 14pt;\">En un mundo en el que la globalizaci\u00f3n y la internacionalizaci\u00f3n a trav\u00e9s de la revoluci\u00f3n tecnol\u00f3gica y la revoluci\u00f3n digital en las que vivimos, nadie duda de la necesidad de someter las disciplinas comunicativas a un proceso de evoluci\u00f3n en el que la organizaci\u00f3n de eventos cobra un papel fundamental en ese proceso de comunicaci\u00f3n de las compa\u00f1\u00edas.<\/span><\/p>\n<p><span style=\"font-size: 14pt;\">La presencia, cada vez m\u00e1s notable en el mercado, de las agencias de organizaci\u00f3n y producci\u00f3n de eventos hace m\u00e1s evidente las posibilidades reales de desarrollo profesional dentro de un \u00e1rea en constante crecimiento y evoluci\u00f3n, convirti\u00e9ndose, los eventos, en una poderosa t\u00e9cnica comunicativa que consigue resultados de retorno empresarial y que influyen directamente en la cuenta de resultados. De esta manera, la contrataci\u00f3n por parte de grandes instituciones, tanto p\u00fablicas como privadas, de este tipo de empresas ha generado una demanda que en numerosas ocasiones el mercado actual no es capaz de cubrir con la suficiente eficacia y profesionalidad.<\/span><\/p>\n<p><span style=\"font-size: 14pt;\">Estos elementos, unidos a la modificaci\u00f3n de las estructuras que las agencias de eventos han sufrido, producto de la pandemia, hacen necesaria m\u00e1s que una reestructuraci\u00f3n del sector una ordenaci\u00f3n del mismo dirigida fundamentalmente a su cuantificaci\u00f3n y al asentamiento de determinadas cuestiones doctrinales que permitan conocer el proceso de crecimiento del sector y detectar las oportunidades que surjan estableciendo las iniciativas m\u00e1s oportunas que estimulen dicho desarrollo en este entorno cambiante.<\/span><\/p>\n<p><span style=\"font-size: 14pt;\">Por todo ello, en la Escuela internacional de Protocolo y Eventos, como entidad referente en la formaci\u00f3n universitaria de la organizaci\u00f3n de eventos y cuya vocaci\u00f3n es la creaci\u00f3n de talento al servicio del sector de los eventos, apostamos por la necesidad de un centro, sin \u00e1nimo de lucro y ajeno al negocio directo o indirecto, que participe y ayude, por medio del an\u00e1lisis y la observaci\u00f3n, al desarrollo profesional del sector.<\/span><\/p>\n<p><span style=\"font-size: 14pt;\">Un OBSERVATORIO PROFESIONAL del sector eventos que, bajo las premisas de NEUTRALIDAD E INDEPENDENCIA, pueda ayudar a clarificar el sector, conocer el mapa de los factores que lo componen y las reglas del juego con el objetivo de definir la situaci\u00f3n objetiva y las tendencias del sector de la pr\u00f3xima d\u00e9cada con una funci\u00f3n principal de investigar, recoger y analizar los fen\u00f3menos que ocurran en el sector de eventos y que afecten a todos los factores que participan en el mismo: Agencias, Profesionales, Clientes, proveedores\u2026.<\/span><\/p>\n<p><span style=\"font-size: 14pt;\">Este OBSERVATORIO PROFESIONAL, en trabajo conjunto y coordinado con AEVEA, principal asociaci\u00f3n de la industria conseguir\u00e1 DIBUJAR EL MAPA DE LOS FACTORES QUE COMPONEN EL SECTOR, proporcionando a todos informaci\u00f3n completa e independiente sobre la evoluci\u00f3n de la demanda y oferta de profesionales, as\u00ed como de ocupaciones y perfiles en el mercado de trabajo y que facilitar\u00e1 el an\u00e1lisis de la evoluci\u00f3n y transformaci\u00f3n de la industria.<\/span> <\/p>\n<\/div><\/div><\/div><\/div><div class = \"tatsu-column-bg-image-wrap\"><div class = \"tatsu-column-bg-image\" ><\/div><\/div><div class=\"tatsu-overlay tatsu-column-overlay tatsu-animate-none\" ><\/div><\/div><style>.tatsu-row > .tatsu-Byt0yBIsd.tatsu-column{width: 60%;}.tatsu-Byt0yBIsd.tatsu-column > .tatsu-column-inner > .tatsu-column-overlay{mix-blend-mode: normal;}.tatsu-Byt0yBIsd > .tatsu-column-inner > .tatsu-top-divider{z-index: 9999;}.tatsu-Byt0yBIsd > .tatsu-column-inner > .tatsu-bottom-divider{z-index: 9999;}.tatsu-Byt0yBIsd > .tatsu-column-inner > .tatsu-left-divider{z-index: 9999;}.tatsu-Byt0yBIsd > .tatsu-column-inner > .tatsu-right-divider{z-index: 9999;}@media only screen and (max-width:1377px) {.tatsu-row > .tatsu-Byt0yBIsd.tatsu-column{width: 60%;}}@media only screen and (min-width:768px) and (max-width: 1024px) {.tatsu-row > .tatsu-Byt0yBIsd.tatsu-column{width: 75%;}}@media only screen and (max-width: 767px) {.tatsu-row > .tatsu-Byt0yBIsd.tatsu-column{width: 100%;}}<\/style><\/div><div  class=\"tatsu-column  tatsu-bg-overlay tatsu-one-fourth tatsu-column-image-none tatsu-column-effect-none  tatsu-SJgFR1BIid\"  data-parallax-speed=\"0\" style=\"\"><div class=\"tatsu-column-inner \" ><div class=\"tatsu-column-pad-wrap\"><div class=\"tatsu-column-pad\" ><div  class=\"tatsu-module tatsu-text-block-wrap tatsu-h3n67uiwmme4trj5  \"><div class=\"tatsu-text-inner tatsu-align-center  clearfix\" ><style>.tatsu-h3n67uiwmme4trj5.tatsu-text-block-wrap .tatsu-text-inner{width: 100%;text-align: left;}.tatsu-h3n67uiwmme4trj5.tatsu-text-block-wrap{margin: 0px 0px 0px 0px;}<\/style>\n<p><span style=\"font-size: 18pt;\"><strong>Contenido patrocinado<\/strong><\/span><\/p>\n<\/div><\/div><div  class=\"tatsu-module tatsu-video tatsu-youtube-wrap tatsu-S1UPomCjd   \" ><style>.tatsu-S1UPomCjd{padding: 0px 0px 76px 0px;margin: 20px 0px 0px 0px;}<\/style><div class = \"be-video-embed be-embed-placeholder\"><div class = \"be-youtube-embed\" data-video-id = \"XvkjMwv-Ruw\" data-autoplay = \"1\" data-loop = \"1\"><\/div><\/div><\/div><div  class=\"tatsu-single-image tatsu-module align-center tatsu-image-lazyload tatsu-rJ8xeb9ju  \" ><div class=\"tatsu-single-image-inner \" style=\"width : 770px;\" ><div class = \"tatsu-single-image-padding-wrap\" style = \"padding-bottom : 192.46753246753%;\" ><\/div><a href = \"https:\/\/grandmeetingsmexico.com\/es\/\" target = \"_blank\" ><img class = \"tatsu-gradient-border\" alt = \"\" title = \"Gran Fiesta Ammericana\" data-src = \"https:\/\/aevea.es\/anuario-2022\/wp-content\/uploads\/2022\/06\/Gran-Fiesta-Ammericana.jpg\" src =\"data:image\/png;base64,iVBORw0KGgoAAAANSUhEUgAAAAEAAAABCAQAAAC1HAwCAAAAC0lEQVR42mNkYAAAAAYAAjCB0C8AAAAASUVORK5CYII=\"  \/><\/a><\/div><style>.tatsu-rJ8xeb9ju .tatsu-single-image-inner{border-style: solid;max-width: 80%;}.tatsu-rJ8xeb9ju.tatsu-single-image{transform: translate3d(0px,0px, 0);}<\/style><\/div><div  class=\"tatsu-empty-space  tatsu-ByCGhmRju  \" ><style>.tatsu-ByCGhmRju.tatsu-empty-space{height: 30px;}<\/style><\/div><\/div><\/div><div class = \"tatsu-column-bg-image-wrap\"><div class = \"tatsu-column-bg-image\" ><\/div><\/div><div class=\"tatsu-overlay tatsu-column-overlay tatsu-animate-none\" ><\/div><\/div><style>.tatsu-row > .tatsu-SJgFR1BIid.tatsu-column{width: 40%;}.tatsu-SJgFR1BIid.tatsu-column > .tatsu-column-inner > .tatsu-column-overlay{mix-blend-mode: normal;}.tatsu-SJgFR1BIid > .tatsu-column-inner > .tatsu-top-divider{z-index: 9999;}.tatsu-SJgFR1BIid > .tatsu-column-inner > .tatsu-bottom-divider{z-index: 9999;}.tatsu-SJgFR1BIid > .tatsu-column-inner > .tatsu-left-divider{z-index: 9999;}.tatsu-SJgFR1BIid > .tatsu-column-inner > .tatsu-right-divider{z-index: 9999;}@media only screen and (max-width:1377px) {.tatsu-row > .tatsu-SJgFR1BIid.tatsu-column{width: 40%;}}@media only screen and (min-width:768px) and (max-width: 1024px) {.tatsu-row > .tatsu-SJgFR1BIid.tatsu-column{width: 25%;}}@media only screen and (max-width: 767px) {.tatsu-row > .tatsu-SJgFR1BIid.tatsu-column{width: 100%;}}<\/style><\/div><\/div><\/div><\/div><div class=\"tatsu-section-background-wrap\"><div class = \"tatsu-section-background\" ><\/div><\/div><div class=\"tatsu-overlay tatsu-section-overlay\"><\/div><div class = \"tatsu-shape-divider tatsu-bottom-divider\"><svg xmlns=\"http:\/\/www.w3.org\/2000\/svg\" preserveAspectRatio=\"none\" viewBox=\"0 0 1920 120\">\r\n  <g fill-rule=\"evenodd\">\r\n    <path fill-opacity=\".457\" d=\"M0,25.9621684 C293.239583,65.9621684 613.239583,72.6288351 960,45.9621684 C1306.76042,19.2955018 1626.76042,32.6288351 1920,85.9621684 L1920,120 L0,120 L0,25.9621684 Z\" transform=\"matrix(-1 0 0 1 1920 0)\"\/>\r\n    <path d=\"M0,55.9621684 C300.495844,106.578393 620.495844,106.578393 960,55.9621684 C1299.50416,5.34594386 1619.50416,5.34594386 1920,55.9621684 L1920,120 L0,120 L0,55.9621684 Z\"\/>\r\n  <\/g>\r\n<\/svg>\r\n<\/div><style>.tatsu-Sy-vaCE8iu .tatsu-section-pad{padding: 7px 0px 30px 0px;}.tatsu-Sy-vaCE8iu .tatsu-section-offset-wrap{transform: translateY(-0px);}.tatsu-Sy-vaCE8iu > .tatsu-bottom-divider{height: 150px;color: rgba(255,77,14,1) ;z-index: 9999;}.tatsu-Sy-vaCE8iu > .tatsu-top-divider{z-index: 9999;}.tatsu-Sy-vaCE8iu .tatsu-section-overlay{mix-blend-mode: normal;}<\/style><\/div>\n","protected":false},"excerpt":{"rendered":"<p><a href=\"https:\/\/aevea.es\/anuario-2022\/gerardo-correas\/\" class=\"more-link style1-button\">Read More<\/a><\/p>","protected":false},"author":2,"featured_media":0,"parent":0,"menu_order":0,"comment_status":"closed","ping_status":"closed","template":"","meta":{"footnotes":""},"class_list":["post-1015","page","type-page","status-publish","hentry"],"_links":{"self":[{"href":"https:\/\/aevea.es\/anuario-2022\/wp-json\/wp\/v2\/pages\/1015","targetHints":{"allow":["GET"]}}],"collection":[{"href":"https:\/\/aevea.es\/anuario-2022\/wp-json\/wp\/v2\/pages"}],"about":[{"href":"https:\/\/aevea.es\/anuario-2022\/wp-json\/wp\/v2\/types\/page"}],"author":[{"embeddable":true,"href":"https:\/\/aevea.es\/anuario-2022\/wp-json\/wp\/v2\/users\/2"}],"replies":[{"embeddable":true,"href":"https:\/\/aevea.es\/anuario-2022\/wp-json\/wp\/v2\/comments?post=1015"}],"version-history":[{"count":5,"href":"https:\/\/aevea.es\/anuario-2022\/wp-json\/wp\/v2\/pages\/1015\/revisions"}],"predecessor-version":[{"id":1633,"href":"https:\/\/aevea.es\/anuario-2022\/wp-json\/wp\/v2\/pages\/1015\/revisions\/1633"}],"wp:attachment":[{"href":"https:\/\/aevea.es\/anuario-2022\/wp-json\/wp\/v2\/media?parent=1015"}],"curies":[{"name":"wp","href":"https:\/\/api.w.org\/{rel}","templated":true}]}}