{"id":1017,"date":"2022-06-15T11:28:06","date_gmt":"2022-06-15T11:28:06","guid":{"rendered":"https:\/\/aevea.es\/anuario-2022\/?page_id=1017"},"modified":"2022-12-13T16:58:26","modified_gmt":"2022-12-13T16:58:26","slug":"miguel-lopez-quesada","status":"publish","type":"page","link":"https:\/\/aevea.es\/anuario-2022\/miguel-lopez-quesada\/","title":{"rendered":"ART\u00cdCULO Miguel L\u00f3pez-Quesada"},"content":{"rendered":"<div  class=\"tatsu-Sy-vaCE8iu tatsu-section  tatsu-parallax tatsu-bg-overlay   tatsu-clearfix\" data-title=\"\"  data-headerscheme=\"background--dark\"><div class='tatsu-section-pad clearfix' data-padding='{\"d\":\"7px 0px 30px 0px\"}' data-padding-top='7px'><div class=\"tatsu-row-wrap  tatsu-wrap tatsu-row-has-two-cols tatsu-medium-gutter tatsu-reg-cols  tatsu-clearfix tatsu-HkeDAkrIou\" ><style>.tatsu-HkeDAkrIou.tatsu-row-wrap > .tatsu-row{padding: 30px 0px 30px 0px;}<\/style><div  class=\"tatsu-row \" ><div  class=\"tatsu-column  tatsu-bg-overlay tatsu-three-fourth tatsu-column-image-none tatsu-column-effect-none  tatsu-Byt0yBIsd\"  data-parallax-speed=\"0\" style=\"\"><div class=\"tatsu-column-inner \" ><div class=\"tatsu-column-pad-wrap\"><div class=\"tatsu-column-pad\" ><div  class=\"tatsu-single-image tatsu-module tatsu-image-lazyload tatsu-SyYBve0ou  \" ><div class=\"tatsu-single-image-inner \" style=\"width : 1177px;\" ><div class = \"tatsu-single-image-padding-wrap\" style = \"padding-bottom : 56.924384027188%;\" ><\/div><img class = \"tatsu-gradient-border\" alt = \"\" title = \"Miguel-Lopez-Quesada-ART\" data-src = \"https:\/\/aevea.es\/anuario-2022\/wp-content\/uploads\/2022\/06\/Miguel-Lopez-Quesada-ART.jpg\" src =\"data:image\/png;base64,iVBORw0KGgoAAAANSUhEUgAAAAEAAAABCAQAAAC1HAwCAAAAC0lEQVR42mNkYAAAAAYAAjCB0C8AAAAASUVORK5CYII=\"  \/><\/div><style>.tatsu-SyYBve0ou .tatsu-single-image-inner{border-style: solid;max-width: 100%;}.tatsu-SyYBve0ou.tatsu-single-image{transform: translate3d(0px,0px, 0);}<\/style><\/div><div  class=\"tatsu-empty-space  tatsu-SJ7Sxw0sO  \" ><style>.tatsu-SJ7Sxw0sO.tatsu-empty-space{height: 30px;}<\/style><\/div><div  class=\"tatsu-module tatsu-text-block-wrap tatsu-rJZdlb5jd  \"><div class=\"tatsu-text-inner tatsu-align-center  clearfix\" ><style>.tatsu-rJZdlb5jd.tatsu-text-block-wrap .tatsu-text-inner{width: 100%;text-align: left;padding: 0px 0px 30px 0px;}.tatsu-rJZdlb5jd.tatsu-text-block-wrap{margin: 0px 0px 0px 0px;}<\/style>\n<h4><span style=\"color: #ff4d0e;\">Los eventos, una herramienta esencial para la comunicaci\u00f3n de las empresas y organizaciones<\/span><\/h4>\n<p><span style=\"font-size: 14pt;\">En muchas ocasiones se compara la figura del dircom con la de un director de orquesta. El s\u00edmil me parece muy afortunado, pues atr\u00e1s ha quedado la figura de los m\u00edticos jefes de prensa, que se encargaban, casi exclusivamente, de las relaciones con los medios.<\/span><\/p>\n<p><span style=\"font-size: 14pt;\">El dircom, o la dircom actual, desde su posici\u00f3n cuida, no solo de las relaciones con los medios, sino tambi\u00e9n de la definici\u00f3n, implantaci\u00f3n y ejecuci\u00f3n del prop\u00f3sito corporativo, como medio de generar y monitorizar la reputaci\u00f3n. Dada su importancia estrat\u00e9gica, el director de Comunicaci\u00f3n suele tener adem\u00e1s a su cargo la gesti\u00f3n de la marca corporativa, los asuntos p\u00fablicos, la comunicaci\u00f3n interna y la acci\u00f3n social y el relato de sostenibilidad, entre otras responsabilidades.<\/span><\/p>\n<p><span style=\"font-size: 14pt;\">Para desarrollar nuestro trabajo con eficacia, contamos con herramientas muy diversas, entre ellas, los eventos, que nos permiten llegar a diferentes p\u00fablicos de una manera directa y amena.<\/span><\/p>\n<p><span style=\"font-size: 14pt;\">Con la Covid\u00b419 el sector de los eventos, como tantos otros, vivi\u00f3 momentos muy cr\u00edticos a la vez que sus profesionales tuvieron la oportunidad de demostrar gran capacidad de reinvenci\u00f3n adapt\u00e1ndose a las nuevas circunstancias.<\/span><\/p>\n<p><span style=\"font-size: 14pt;\">Desde entonces hasta hoy, en Dircom hemos tratado tambi\u00e9n de adaptar nuestros eventos a los nuevos escenarios. A principios de mayo de 2020 fuimos pioneros en la ejecuci\u00f3n online de una magn\u00edfica gala de Premios Dircom Ram\u00f3n del Corral, conducida por la periodista Sonsoles \u00d3nega, que reuni\u00f3 a m\u00e1s de 600 personas en la retransmisi\u00f3n y que se gan\u00f3 el reconocimiento de los profesionales de la Comunicaci\u00f3n.<\/span><\/p>\n<p><span style=\"font-size: 14pt;\">Igualmente, nuestro plan anual de actividades mud\u00f3 en 2020 y 2021 al escenario digital y han sido m\u00e1s de un centenar las iniciativas desarrolladas para socios, y tambi\u00e9n para el p\u00fablico en general, en este per\u00edodo.<\/span><\/p>\n<p><span style=\"font-size: 14pt;\">Ahora, en 2022, Dircom celebra su 30 aniversario y lo hacemos con una serie de eventos presenciales que, sin duda, amplifican nuestro mensaje y nos ayudan a lograr la trascendencia social que deseamos.<\/span><\/p>\n<p><span style=\"font-size: 14pt;\">El primero de todos estos acontecimientos fue la cena de gala para Partners y Protectores de la asociaci\u00f3n, en el arranque del mes de mayo, que tuvo lugar en el claustro de los Jer\u00f3nimos del Museo del Prado. Recientemente, la Asociaci\u00f3n celebr\u00f3 la gala presencial de los Premios Dircom Ram\u00f3n del Corral, en su V edici\u00f3n, que reuni\u00f3 en el Auditorio Duques de Pastrana de Madrid, en un clima de verdadera fiesta, a m\u00e1s de 350 profesionales del \u00e1mbito de la Comunicaci\u00f3n y reconoci\u00f3 las iniciativas de m\u00e1s de una treintena de empresas y agencias de Comunicaci\u00f3n.<\/span><\/p>\n<p><span style=\"font-size: 14pt;\">Seguiremos celebrando otros grandes eventos a lo largo de este a\u00f1o 2022, como el <strong>Congreso Internacional de Comunicaci\u00f3n,<\/strong> el acto central de nuestra efem\u00e9ride, que tendr\u00e1 lugar en el mes de noviembre y que reunir\u00e1 a grandes expertos de nuestro sector con el objetivo de dar visibilidad y poner en valor la funci\u00f3n de la Comunicaci\u00f3n y tambi\u00e9n a sus profesionales.<\/span><\/p>\n<p><span style=\"font-size: 14pt;\">Los eventos, presenciales, virtuales o h\u00edbridos, seguir\u00e1n formando parte del arsenal del comunicador a la hora de generar experiencias memorables, relaciones interpersonales con p\u00fablicos internos y externos o conocimiento directo de productos y servicios. La pandemia nos ha obligado a todos a reinventarnos, tambi\u00e9n en este campo, pero el valor de la comunicaci\u00f3n a trav\u00e9s de eventos tiene un futuro prometedor.\u00a0<\/span><\/p>\n<\/div><\/div><\/div><\/div><div class = \"tatsu-column-bg-image-wrap\"><div class = \"tatsu-column-bg-image\" ><\/div><\/div><div class=\"tatsu-overlay tatsu-column-overlay tatsu-animate-none\" ><\/div><\/div><style>.tatsu-row > .tatsu-Byt0yBIsd.tatsu-column{width: 60%;}.tatsu-Byt0yBIsd.tatsu-column > .tatsu-column-inner > .tatsu-column-overlay{mix-blend-mode: normal;}.tatsu-Byt0yBIsd > .tatsu-column-inner > .tatsu-top-divider{z-index: 9999;}.tatsu-Byt0yBIsd > .tatsu-column-inner > .tatsu-bottom-divider{z-index: 9999;}.tatsu-Byt0yBIsd > .tatsu-column-inner > .tatsu-left-divider{z-index: 9999;}.tatsu-Byt0yBIsd > .tatsu-column-inner > .tatsu-right-divider{z-index: 9999;}@media only screen and (max-width:1377px) {.tatsu-row > .tatsu-Byt0yBIsd.tatsu-column{width: 60%;}}@media only screen and (min-width:768px) and (max-width: 1024px) {.tatsu-row > .tatsu-Byt0yBIsd.tatsu-column{width: 75%;}}@media only screen and (max-width: 767px) {.tatsu-row > .tatsu-Byt0yBIsd.tatsu-column{width: 100%;}}<\/style><\/div><div  class=\"tatsu-column  tatsu-bg-overlay tatsu-one-fourth tatsu-column-image-none tatsu-column-effect-none  tatsu-SJgFR1BIid\"  data-parallax-speed=\"0\" style=\"\"><div class=\"tatsu-column-inner \" ><div class=\"tatsu-column-pad-wrap\"><div class=\"tatsu-column-pad\" ><div  class=\"tatsu-module tatsu-text-block-wrap tatsu-h3n68bz0h63ujzha  \"><div class=\"tatsu-text-inner tatsu-align-center  clearfix\" ><style>.tatsu-h3n68bz0h63ujzha.tatsu-text-block-wrap .tatsu-text-inner{width: 100%;text-align: left;}.tatsu-h3n68bz0h63ujzha.tatsu-text-block-wrap{margin: 0px 0px 0px 0px;}<\/style>\n<p><span style=\"font-size: 18pt;\"><strong>Contenido patrocinado<\/strong><\/span><\/p>\n<\/div><\/div><div  class=\"tatsu-module tatsu-video tatsu-youtube-wrap tatsu-S1UPomCjd   \" ><style>.tatsu-S1UPomCjd{padding: 0px 0px 76px 0px;margin: 20px 0px 0px 0px;}<\/style><div class = \"be-video-embed be-embed-placeholder\"><div class = \"be-youtube-embed\" data-video-id = \"DhL5S3iwg5M\" data-autoplay = \"1\" data-loop = \"1\"><\/div><\/div><\/div><div  class=\"tatsu-single-image tatsu-module align-center tatsu-image-lazyload tatsu-rJ8xeb9ju  \" ><div class=\"tatsu-single-image-inner \" style=\"width : 770px;\" ><div class = \"tatsu-single-image-padding-wrap\" style = \"padding-bottom : 192.46753246753%;\" ><\/div><a href = \"https:\/\/www.ifema.es\/nuestros-espacios?utm_campaign=AEVEA_co_es_es_espa\u00f1a_prosp_Convenciones_versionB_medios-directos_b2b__770x1482&utm_medium=medios-directos&utm_source=AEVEA\" target = \"_blank\" ><img class = \"tatsu-gradient-border\" alt = \"\" title = \"Convenciones_770x1482_B_groups_archive\" data-src = \"https:\/\/aevea.es\/anuario-2022\/wp-content\/uploads\/2022\/12\/Convenciones_770x1482_B_groups_archive.gif\" src =\"data:image\/png;base64,iVBORw0KGgoAAAANSUhEUgAAAAEAAAABCAQAAAC1HAwCAAAAC0lEQVR42mNkYAAAAAYAAjCB0C8AAAAASUVORK5CYII=\"  \/><\/a><\/div><style>.tatsu-rJ8xeb9ju .tatsu-single-image-inner{border-style: solid;max-width: 80%;}.tatsu-rJ8xeb9ju.tatsu-single-image{transform: translate3d(0px,0px, 0);}<\/style><\/div><div  class=\"tatsu-empty-space  tatsu-ByCGhmRju  \" ><style>.tatsu-ByCGhmRju.tatsu-empty-space{height: 30px;}<\/style><\/div><\/div><\/div><div class = \"tatsu-column-bg-image-wrap\"><div class = \"tatsu-column-bg-image\" ><\/div><\/div><div class=\"tatsu-overlay tatsu-column-overlay tatsu-animate-none\" ><\/div><\/div><style>.tatsu-row > .tatsu-SJgFR1BIid.tatsu-column{width: 40%;}.tatsu-SJgFR1BIid.tatsu-column > .tatsu-column-inner > .tatsu-column-overlay{mix-blend-mode: normal;}.tatsu-SJgFR1BIid > .tatsu-column-inner > .tatsu-top-divider{z-index: 9999;}.tatsu-SJgFR1BIid > .tatsu-column-inner > .tatsu-bottom-divider{z-index: 9999;}.tatsu-SJgFR1BIid > .tatsu-column-inner > .tatsu-left-divider{z-index: 9999;}.tatsu-SJgFR1BIid > .tatsu-column-inner > .tatsu-right-divider{z-index: 9999;}@media only screen and (max-width:1377px) {.tatsu-row > .tatsu-SJgFR1BIid.tatsu-column{width: 40%;}}@media only screen and (min-width:768px) and (max-width: 1024px) {.tatsu-row > .tatsu-SJgFR1BIid.tatsu-column{width: 25%;}}@media only screen and (max-width: 767px) {.tatsu-row > .tatsu-SJgFR1BIid.tatsu-column{width: 100%;}}<\/style><\/div><\/div><\/div><\/div><div class=\"tatsu-section-background-wrap\"><div class = \"tatsu-section-background\" ><\/div><\/div><div class=\"tatsu-overlay tatsu-section-overlay\"><\/div><div class = \"tatsu-shape-divider tatsu-bottom-divider\"><svg xmlns=\"http:\/\/www.w3.org\/2000\/svg\" preserveAspectRatio=\"none\" viewBox=\"0 0 1920 120\">\r\n  <g fill-rule=\"evenodd\">\r\n    <path fill-opacity=\".457\" d=\"M0,25.9621684 C293.239583,65.9621684 613.239583,72.6288351 960,45.9621684 C1306.76042,19.2955018 1626.76042,32.6288351 1920,85.9621684 L1920,120 L0,120 L0,25.9621684 Z\" transform=\"matrix(-1 0 0 1 1920 0)\"\/>\r\n    <path d=\"M0,55.9621684 C300.495844,106.578393 620.495844,106.578393 960,55.9621684 C1299.50416,5.34594386 1619.50416,5.34594386 1920,55.9621684 L1920,120 L0,120 L0,55.9621684 Z\"\/>\r\n  <\/g>\r\n<\/svg>\r\n<\/div><style>.tatsu-Sy-vaCE8iu .tatsu-section-pad{padding: 7px 0px 30px 0px;}.tatsu-Sy-vaCE8iu .tatsu-section-offset-wrap{transform: translateY(-0px);}.tatsu-Sy-vaCE8iu > .tatsu-bottom-divider{height: 150px;color: rgba(255,77,14,1) ;z-index: 9999;}.tatsu-Sy-vaCE8iu > .tatsu-top-divider{z-index: 9999;}.tatsu-Sy-vaCE8iu .tatsu-section-overlay{mix-blend-mode: normal;}<\/style><\/div>\n","protected":false},"excerpt":{"rendered":"<p><a href=\"https:\/\/aevea.es\/anuario-2022\/miguel-lopez-quesada\/\" class=\"more-link style1-button\">Read More<\/a><\/p>","protected":false},"author":2,"featured_media":0,"parent":0,"menu_order":0,"comment_status":"closed","ping_status":"closed","template":"","meta":{"footnotes":""},"class_list":["post-1017","page","type-page","status-publish","hentry"],"_links":{"self":[{"href":"https:\/\/aevea.es\/anuario-2022\/wp-json\/wp\/v2\/pages\/1017","targetHints":{"allow":["GET"]}}],"collection":[{"href":"https:\/\/aevea.es\/anuario-2022\/wp-json\/wp\/v2\/pages"}],"about":[{"href":"https:\/\/aevea.es\/anuario-2022\/wp-json\/wp\/v2\/types\/page"}],"author":[{"embeddable":true,"href":"https:\/\/aevea.es\/anuario-2022\/wp-json\/wp\/v2\/users\/2"}],"replies":[{"embeddable":true,"href":"https:\/\/aevea.es\/anuario-2022\/wp-json\/wp\/v2\/comments?post=1017"}],"version-history":[{"count":7,"href":"https:\/\/aevea.es\/anuario-2022\/wp-json\/wp\/v2\/pages\/1017\/revisions"}],"predecessor-version":[{"id":1673,"href":"https:\/\/aevea.es\/anuario-2022\/wp-json\/wp\/v2\/pages\/1017\/revisions\/1673"}],"wp:attachment":[{"href":"https:\/\/aevea.es\/anuario-2022\/wp-json\/wp\/v2\/media?parent=1017"}],"curies":[{"name":"wp","href":"https:\/\/api.w.org\/{rel}","templated":true}]}}