{"id":1018,"date":"2022-06-15T11:33:47","date_gmt":"2022-06-15T11:33:47","guid":{"rendered":"https:\/\/aevea.es\/anuario-2022\/?page_id=1018"},"modified":"2022-06-28T11:43:56","modified_gmt":"2022-06-28T11:43:56","slug":"carlos-giron","status":"publish","type":"page","link":"https:\/\/aevea.es\/anuario-2022\/carlos-giron\/","title":{"rendered":"ART\u00cdCULO Carlos Gir\u00f3n"},"content":{"rendered":"<div  class=\"tatsu-Sy-vaCE8iu tatsu-section  tatsu-parallax tatsu-bg-overlay   tatsu-clearfix\" data-title=\"\"  data-headerscheme=\"background--dark\"><div class='tatsu-section-pad clearfix' data-padding='{\"d\":\"7px 0px 30px 0px\"}' data-padding-top='7px'><div class=\"tatsu-row-wrap  tatsu-wrap tatsu-row-has-two-cols tatsu-medium-gutter tatsu-reg-cols  tatsu-clearfix tatsu-HkeDAkrIou\" ><style>.tatsu-HkeDAkrIou.tatsu-row-wrap > .tatsu-row{padding: 30px 0px 30px 0px;}<\/style><div  class=\"tatsu-row \" ><div  class=\"tatsu-column  tatsu-bg-overlay tatsu-three-fourth tatsu-column-image-none tatsu-column-effect-none  tatsu-Byt0yBIsd\"  data-parallax-speed=\"0\" style=\"\"><div class=\"tatsu-column-inner \" ><div class=\"tatsu-column-pad-wrap\"><div class=\"tatsu-column-pad\" ><div  class=\"tatsu-single-image tatsu-module tatsu-image-lazyload tatsu-SyYBve0ou  \" ><div class=\"tatsu-single-image-inner \" style=\"width : 1177px;\" ><div class = \"tatsu-single-image-padding-wrap\" style = \"padding-bottom : 51.062022090059%;\" ><\/div><img class = \"tatsu-gradient-border\" alt = \"\" title = \"CarlosGirn-ART\" data-src = \"https:\/\/aevea.es\/anuario-2022\/wp-content\/uploads\/2022\/06\/CarlosGirn-ART-1.jpg\" src =\"data:image\/png;base64,iVBORw0KGgoAAAANSUhEUgAAAAEAAAABCAQAAAC1HAwCAAAAC0lEQVR42mNkYAAAAAYAAjCB0C8AAAAASUVORK5CYII=\"  \/><\/div><style>.tatsu-SyYBve0ou .tatsu-single-image-inner{border-style: solid;max-width: 100%;}.tatsu-SyYBve0ou.tatsu-single-image{transform: translate3d(0px,0px, 0);}<\/style><\/div><div  class=\"tatsu-empty-space  tatsu-SJ7Sxw0sO  \" ><style>.tatsu-SJ7Sxw0sO.tatsu-empty-space{height: 30px;}<\/style><\/div><div  class=\"tatsu-module tatsu-text-block-wrap tatsu-rJZdlb5jd  \"><div class=\"tatsu-text-inner tatsu-align-center  clearfix\" ><style>.tatsu-rJZdlb5jd.tatsu-text-block-wrap .tatsu-text-inner{width: 100%;text-align: left;padding: 0px 0px 30px 0px;}.tatsu-rJZdlb5jd.tatsu-text-block-wrap{margin: 0px 0px 0px 0px;}<\/style>\n<h4><span style=\"color: #ff4d0e;\">Ninguno de nosotros es tan inteligente como nosotros<\/span><\/h4>\n<p><span style=\"font-size: 14pt;\">Esta frase atribuida a Ray Krock resume de una manera brillante lo que podr\u00edan ser los principios b\u00e1sicos de la inteligencia colectiva y de una de sus grandes aliadas, las estructuras de trabajo colaborativas.<\/span><\/p>\n<p>\u00a0<\/p>\n<p><span style=\"font-size: 14pt;\">A principio de 2014 iniciamos nuestra andadura como dissimility. A\u00fan faltaba un a\u00f1o para la fundaci\u00f3n de AEVEA. La noticia nos lleg\u00f3 en 2015. Y apenas unos meses despu\u00e9s solicitamos nuestro ingreso en la asociaci\u00f3n.<\/span><\/p>\n<p>\u00a0<\/p>\n<p><span style=\"font-size: 14pt;\">La alegr\u00eda era inmensa y nos sent\u00edamos realmente orgullosos de pertenecer a una asociaci\u00f3n cuya declaraci\u00f3n de principios parec\u00eda copiada p\u00e1rrafo a p\u00e1rrafo de nuestras conversaciones diarias.<\/span><\/p>\n<p>\u00a0<\/p>\n<p><span style=\"font-size: 14pt;\">Creo que estaba en el sentimiento de todos nosotros que hab\u00eda mucho trabajo por delante. Nuestra industria carec\u00eda de visibilidad ante las instituciones y esto generaba dificultades a la hora de proteger nuestra imagen como actores econ\u00f3micos dentro del tejido empresarial de nuestro Pa\u00eds.<\/span><\/p>\n<p>\u00a0<\/p>\n<p><span style=\"font-size: 14pt;\">Hab\u00edamos pasado de ser una agencia organizadora de eventos a ser agencia miembro de AEVEA, y eso significaba mucho para nosotros.<\/span><\/p>\n<p>\u00a0<\/p>\n<p><span style=\"font-size: 14pt;\">Las opciones se multiplican y los problemas se dividen.<\/span><\/p>\n<p>\u00a0<\/p>\n<p><span style=\"font-size: 14pt;\">Pero claro, AGENCIAS DE EVENTOS ESPA\u00d1OLAS ASOCIADAS, no es una asociaci\u00f3n al uso. Se trata de un arma de construcci\u00f3n masiva. Si por algo se caracteriza nuestro sector es por estar formado por profesionales tremendamente creativos y con extraordinarias capacidades de trabajo colaborativo. Inteligencia colectiva en estado puro.<\/span><\/p>\n<p>\u00a0<\/p>\n<p><span style=\"font-size: 14pt;\">Orgullosos de dedicarnos a nuestro trabajo por el que sentimos verdadera pasi\u00f3n y orgullosos de hacerlo desde AEVEA, nuestra asociaci\u00f3n.<\/span><\/p>\n<\/div><\/div><\/div><\/div><div class = \"tatsu-column-bg-image-wrap\"><div class = \"tatsu-column-bg-image\" ><\/div><\/div><div class=\"tatsu-overlay tatsu-column-overlay tatsu-animate-none\" ><\/div><\/div><style>.tatsu-row > .tatsu-Byt0yBIsd.tatsu-column{width: 60%;}.tatsu-Byt0yBIsd.tatsu-column > .tatsu-column-inner > .tatsu-column-overlay{mix-blend-mode: normal;}.tatsu-Byt0yBIsd > .tatsu-column-inner > .tatsu-top-divider{z-index: 9999;}.tatsu-Byt0yBIsd > .tatsu-column-inner > .tatsu-bottom-divider{z-index: 9999;}.tatsu-Byt0yBIsd > .tatsu-column-inner > .tatsu-left-divider{z-index: 9999;}.tatsu-Byt0yBIsd > .tatsu-column-inner > .tatsu-right-divider{z-index: 9999;}@media only screen and (max-width:1377px) {.tatsu-row > .tatsu-Byt0yBIsd.tatsu-column{width: 60%;}}@media only screen and (min-width:768px) and (max-width: 1024px) {.tatsu-row > .tatsu-Byt0yBIsd.tatsu-column{width: 75%;}}@media only screen and (max-width: 767px) {.tatsu-row > .tatsu-Byt0yBIsd.tatsu-column{width: 100%;}}<\/style><\/div><div  class=\"tatsu-column  tatsu-bg-overlay tatsu-one-fourth tatsu-column-image-none tatsu-column-effect-none  tatsu-SJgFR1BIid\"  data-parallax-speed=\"0\" style=\"\"><div class=\"tatsu-column-inner \" ><div class=\"tatsu-column-pad-wrap\"><div class=\"tatsu-column-pad\" ><div  class=\"tatsu-module tatsu-text-block-wrap tatsu-h3n68munv94jf2pl  \"><div class=\"tatsu-text-inner tatsu-align-center  clearfix\" ><style>.tatsu-h3n68munv94jf2pl.tatsu-text-block-wrap .tatsu-text-inner{width: 100%;text-align: left;}.tatsu-h3n68munv94jf2pl.tatsu-text-block-wrap{margin: 0px 0px 0px 0px;}<\/style>\n<p><span style=\"font-size: 18pt;\"><strong>Contenido patrocinado<\/strong><\/span><\/p>\n<\/div><\/div><div  class=\"tatsu-single-image tatsu-module align-left tatsu-image-lazyload tatsu-rJ8xeb9ju  \" ><div class=\"tatsu-single-image-inner \" style=\"width : 770px;\" ><div class = \"tatsu-single-image-padding-wrap\" style = \"padding-bottom : 192.46753246753%;\" ><\/div><a href = \"https:\/\/www.tstservicios.com\/alquiler-equipos-eventos\/?utm_source=newsletter&utm_medium=banner&utm_id=001AA&utm_term=aevea_2022\" target = \"_blank\" ><img class = \"tatsu-gradient-border\" alt = \"\" title = \"BANNER-AEVEA-770-x-1482-V4\" data-src = \"https:\/\/aevea.es\/anuario-2022\/wp-content\/uploads\/2022\/06\/BANNER-AEVEA-770-x-1482-V4.jpg\" src =\"data:image\/png;base64,iVBORw0KGgoAAAANSUhEUgAAAAEAAAABCAQAAAC1HAwCAAAAC0lEQVR42mNkYAAAAAYAAjCB0C8AAAAASUVORK5CYII=\"  \/><\/a><\/div><style>.tatsu-rJ8xeb9ju{margin: 20px 0px 0px 0px;padding: 0px 0px 30px 0px;}.tatsu-rJ8xeb9ju .tatsu-single-image-inner{border-style: solid;max-width: 75%;}.tatsu-rJ8xeb9ju.tatsu-single-image{transform: translate3d(0px,0px, 0);}<\/style><\/div><div  class=\"tatsu-single-image tatsu-module align-left tatsu-image-lazyload tatsu-B1XM2Uv59  \" ><div class=\"tatsu-single-image-inner \" style=\"width : 770px;\" ><div class = \"tatsu-single-image-padding-wrap\" style = \"padding-bottom : 192.46753246753%;\" ><\/div><a href = \"https:\/\/www.instore.es\/\" target = \"_blank\" ><img class = \"tatsu-gradient-border\" alt = \"\" title = \"banner-aevea-Instore\" data-src = \"https:\/\/aevea.es\/anuario-2022\/wp-content\/uploads\/2022\/06\/banner-aevea-Instore.gif\" src =\"data:image\/png;base64,iVBORw0KGgoAAAANSUhEUgAAAAEAAAABCAQAAAC1HAwCAAAAC0lEQVR42mNkYAAAAAYAAjCB0C8AAAAASUVORK5CYII=\"  \/><\/a><\/div><style>.tatsu-B1XM2Uv59{margin: 0px 0px 0px 0px;}.tatsu-B1XM2Uv59 .tatsu-single-image-inner{border-style: solid;max-width: 75%;}.tatsu-B1XM2Uv59.tatsu-single-image{transform: translate3d(0px,0px, 0);}<\/style><\/div><div  class=\"tatsu-empty-space  tatsu-ByCGhmRju  \" ><style>.tatsu-ByCGhmRju.tatsu-empty-space{height: 30px;}<\/style><\/div><\/div><\/div><div class = \"tatsu-column-bg-image-wrap\"><div class = \"tatsu-column-bg-image\" ><\/div><\/div><div class=\"tatsu-overlay tatsu-column-overlay tatsu-animate-none\" ><\/div><\/div><style>.tatsu-row > .tatsu-SJgFR1BIid.tatsu-column{width: 40%;}.tatsu-SJgFR1BIid.tatsu-column > .tatsu-column-inner > .tatsu-column-overlay{mix-blend-mode: normal;}.tatsu-SJgFR1BIid > .tatsu-column-inner > .tatsu-top-divider{z-index: 9999;}.tatsu-SJgFR1BIid > .tatsu-column-inner > .tatsu-bottom-divider{z-index: 9999;}.tatsu-SJgFR1BIid > .tatsu-column-inner > .tatsu-left-divider{z-index: 9999;}.tatsu-SJgFR1BIid > .tatsu-column-inner > .tatsu-right-divider{z-index: 9999;}@media only screen and (max-width:1377px) {.tatsu-row > .tatsu-SJgFR1BIid.tatsu-column{width: 40%;}}@media only screen and (min-width:768px) and (max-width: 1024px) {.tatsu-row > .tatsu-SJgFR1BIid.tatsu-column{width: 25%;}}@media only screen and (max-width: 767px) {.tatsu-row > .tatsu-SJgFR1BIid.tatsu-column{width: 100%;}}<\/style><\/div><\/div><\/div><\/div><div class=\"tatsu-section-background-wrap\"><div class = \"tatsu-section-background\" ><\/div><\/div><div class=\"tatsu-overlay tatsu-section-overlay\"><\/div><div class = \"tatsu-shape-divider tatsu-bottom-divider\"><svg xmlns=\"http:\/\/www.w3.org\/2000\/svg\" preserveAspectRatio=\"none\" viewBox=\"0 0 1920 120\">\r\n  <g fill-rule=\"evenodd\">\r\n    <path fill-opacity=\".457\" d=\"M0,25.9621684 C293.239583,65.9621684 613.239583,72.6288351 960,45.9621684 C1306.76042,19.2955018 1626.76042,32.6288351 1920,85.9621684 L1920,120 L0,120 L0,25.9621684 Z\" transform=\"matrix(-1 0 0 1 1920 0)\"\/>\r\n    <path d=\"M0,55.9621684 C300.495844,106.578393 620.495844,106.578393 960,55.9621684 C1299.50416,5.34594386 1619.50416,5.34594386 1920,55.9621684 L1920,120 L0,120 L0,55.9621684 Z\"\/>\r\n  <\/g>\r\n<\/svg>\r\n<\/div><style>.tatsu-Sy-vaCE8iu .tatsu-section-pad{padding: 7px 0px 30px 0px;}.tatsu-Sy-vaCE8iu .tatsu-section-offset-wrap{transform: translateY(-0px);}.tatsu-Sy-vaCE8iu > .tatsu-bottom-divider{height: 150px;color: rgba(255,77,14,1) ;z-index: 9999;}.tatsu-Sy-vaCE8iu > .tatsu-top-divider{z-index: 9999;}.tatsu-Sy-vaCE8iu .tatsu-section-overlay{mix-blend-mode: normal;}<\/style><\/div>\n","protected":false},"excerpt":{"rendered":"<p><a href=\"https:\/\/aevea.es\/anuario-2022\/carlos-giron\/\" class=\"more-link style1-button\">Read More<\/a><\/p>","protected":false},"author":2,"featured_media":0,"parent":0,"menu_order":0,"comment_status":"closed","ping_status":"closed","template":"","meta":{"footnotes":""},"class_list":["post-1018","page","type-page","status-publish","hentry"],"_links":{"self":[{"href":"https:\/\/aevea.es\/anuario-2022\/wp-json\/wp\/v2\/pages\/1018","targetHints":{"allow":["GET"]}}],"collection":[{"href":"https:\/\/aevea.es\/anuario-2022\/wp-json\/wp\/v2\/pages"}],"about":[{"href":"https:\/\/aevea.es\/anuario-2022\/wp-json\/wp\/v2\/types\/page"}],"author":[{"embeddable":true,"href":"https:\/\/aevea.es\/anuario-2022\/wp-json\/wp\/v2\/users\/2"}],"replies":[{"embeddable":true,"href":"https:\/\/aevea.es\/anuario-2022\/wp-json\/wp\/v2\/comments?post=1018"}],"version-history":[{"count":11,"href":"https:\/\/aevea.es\/anuario-2022\/wp-json\/wp\/v2\/pages\/1018\/revisions"}],"predecessor-version":[{"id":1464,"href":"https:\/\/aevea.es\/anuario-2022\/wp-json\/wp\/v2\/pages\/1018\/revisions\/1464"}],"wp:attachment":[{"href":"https:\/\/aevea.es\/anuario-2022\/wp-json\/wp\/v2\/media?parent=1018"}],"curies":[{"name":"wp","href":"https:\/\/api.w.org\/{rel}","templated":true}]}}