{"id":1020,"date":"2022-06-17T16:36:10","date_gmt":"2022-06-17T16:36:10","guid":{"rendered":"https:\/\/aevea.es\/anuario-2022\/?page_id=1020"},"modified":"2022-06-27T16:40:26","modified_gmt":"2022-06-27T16:40:26","slug":"leixuri-vilar","status":"publish","type":"page","link":"https:\/\/aevea.es\/anuario-2022\/leixuri-vilar\/","title":{"rendered":"ART\u00cdCULO Leixuri Vilar"},"content":{"rendered":"<div  class=\"tatsu-Sy-vaCE8iu tatsu-section  tatsu-parallax tatsu-bg-overlay   tatsu-clearfix\" data-title=\"\"  data-headerscheme=\"background--dark\"><div class='tatsu-section-pad clearfix' data-padding='{\"d\":\"7px 0px 30px 0px\"}' data-padding-top='7px'><div class=\"tatsu-row-wrap  tatsu-wrap tatsu-row-has-two-cols tatsu-medium-gutter tatsu-reg-cols  tatsu-clearfix tatsu-HkeDAkrIou\" ><style>.tatsu-HkeDAkrIou.tatsu-row-wrap > .tatsu-row{padding: 30px 0px 30px 0px;}<\/style><div  class=\"tatsu-row \" ><div  class=\"tatsu-column  tatsu-bg-overlay tatsu-three-fourth tatsu-column-image-none tatsu-column-effect-none  tatsu-Byt0yBIsd\"  data-parallax-speed=\"0\" style=\"\"><div class=\"tatsu-column-inner \" ><div class=\"tatsu-column-pad-wrap\"><div class=\"tatsu-column-pad\" ><div  class=\"tatsu-single-image tatsu-module tatsu-image-lazyload tatsu-SyYBve0ou  \" ><div class=\"tatsu-single-image-inner \" style=\"width : 1180px;\" ><div class = \"tatsu-single-image-padding-wrap\" style = \"padding-bottom : 65.762711864407%;\" ><\/div><img class = \"tatsu-gradient-border\" alt = \"\" title = \"leixuri-art\" data-src = \"https:\/\/aevea.es\/anuario-2022\/wp-content\/uploads\/2022\/06\/leixuri-art-1.jpg\" src =\"data:image\/png;base64,iVBORw0KGgoAAAANSUhEUgAAAAEAAAABCAQAAAC1HAwCAAAAC0lEQVR42mNkYAAAAAYAAjCB0C8AAAAASUVORK5CYII=\"  \/><\/div><style>.tatsu-SyYBve0ou .tatsu-single-image-inner{border-style: solid;max-width: 100%;}.tatsu-SyYBve0ou.tatsu-single-image{transform: translate3d(0px,0px, 0);}<\/style><\/div><div  class=\"tatsu-empty-space  tatsu-SJ7Sxw0sO  \" ><style>.tatsu-SJ7Sxw0sO.tatsu-empty-space{height: 30px;}<\/style><\/div><div  class=\"tatsu-module tatsu-text-block-wrap tatsu-rJZdlb5jd  \"><div class=\"tatsu-text-inner tatsu-align-center  clearfix\" ><style>.tatsu-rJZdlb5jd.tatsu-text-block-wrap .tatsu-text-inner{width: 100%;text-align: left;padding: 0px 0px 30px 0px;}.tatsu-rJZdlb5jd.tatsu-text-block-wrap{margin: 0px 0px 0px 0px;}<\/style>\n<h4><span style=\"color: #ff4d0e;\">Fortalezas de los viajes corporativos y el MICE como impulsores de la econom\u00eda de nuestro pa\u00eds<\/span><\/h4>\n<p><span style=\"font-size: 14pt;\">Si hay algo que nos ha ense\u00f1ado la pandemia es que los seres humanos somos seres sociales y necesitamos interrelacionarnos. \u00bfQui\u00e9n reconoce haber hecho un buen negocio a trav\u00e9s de un zoom? Estos dos a\u00f1os se ha demostrado que las tecnolog\u00edas de reuniones virtuales han evolucionado para comunicarnos, pero no para hacer crecer nuestros negocios.<\/span><\/p>\n<p><span style=\"font-size: 14pt;\">Un cient\u00edfico, dijo hace tiempo, que, aunque la percepci\u00f3n general era que la ciencia hab\u00eda avanzado en estos dos a\u00f1os, era solo en lo relativo a las vacunas contra el Covid, pero que se ten\u00eda que volver a los congresos y los encuentros cient\u00edficos porque no se pod\u00edan comprometer estudios cl\u00ednicos con personas que no has tenido la ocasi\u00f3n de conocer personalmente. Esa es la clave de todo!!!<\/span><\/p>\n<p><span style=\"font-size: 14pt;\">El viaje corporativo es uno de los motores de nuestra econom\u00eda. Siempre lo ha sido. Pero la vuelta a la actividad ha puesto las cosas en su sitio, y la mayor ense\u00f1anza ha sido la del sentido com\u00fan. Realizar los viajes de negocios necesarios, por efectividad y por sostenibilidad. En tiempos de recesi\u00f3n estamos viviendo una reactivaci\u00f3n de la econom\u00eda, y no es coincidencia que coincida con el regreso de los viajes sin restricciones. En 2021, el turismo de negocios supuso un 7,1%del PIB de Espa\u00f1a, y casi un 25% de los desplazamientos por turismo estuvieron relacionados con negocios. En 2022 estos n\u00fameros crecer\u00e1n.<\/span><\/p>\n<p><span style=\"font-size: 14pt;\">El MICE es tambi\u00e9n el reflejo de esa conducta social de los humanos. Hemos pasado de cero a cien en unos meses, una vez que las restricciones sanitarias nos lo han permitido. Nos ha quedado la ense\u00f1anza de la no masificaci\u00f3n, del control sanitario y de la seguridad de las reuniones, pero es evidente que tanto las empresas como las instituciones siguen apostando por las reuniones como el medio preferido de comunicaci\u00f3n, presentaci\u00f3n e interacci\u00f3n con sus partners y clientes. La tecnolog\u00eda virtual ha evolucionado tanto que ha pasado de ser un peque\u00f1o agujero por el que ver las reuniones a un complejo sistema interactivo con el que ya podemos participar activamente. Pero la verdadera fuerza de los eventos y su consiguiente repercusi\u00f3n en la econom\u00eda radica en la presencialidad.<\/span><\/p>\n<p><span style=\"font-size: 14pt;\">Ahora nos toca a las agencias, responsables de velar por la calidad y seguridad de viajes y reuniones corporativas, dar el paso definitivo hacia esa digitalizaci\u00f3n y compromiso de sostenibilidad. Nuestros partners y clientes se han dado cuenta de que somos verdaderos consultores, y que nuestras experiencias, conocimientos y medios nos hacen ser la v\u00eda m\u00e1s profesional y eficaz. Por ello no podemos fallar en que ese paso sea firme, ya que ha llegado una nueva \u00e9poca, en la que nuestro valor no se medir\u00e1 tanto por el precio de nuestros servicios, f\u00e1cil moneda de cambio en nuestros negocios hasta la llegada de la pandemia, sino en la calidad, seguridad y compromiso que le demos a nuestros clientes y partners.<\/span><\/p>\n<\/div><\/div><\/div><\/div><div class = \"tatsu-column-bg-image-wrap\"><div class = \"tatsu-column-bg-image\" ><\/div><\/div><div class=\"tatsu-overlay tatsu-column-overlay tatsu-animate-none\" ><\/div><\/div><style>.tatsu-row > .tatsu-Byt0yBIsd.tatsu-column{width: 60%;}.tatsu-Byt0yBIsd.tatsu-column > .tatsu-column-inner > .tatsu-column-overlay{mix-blend-mode: normal;}.tatsu-Byt0yBIsd > .tatsu-column-inner > .tatsu-top-divider{z-index: 9999;}.tatsu-Byt0yBIsd > .tatsu-column-inner > .tatsu-bottom-divider{z-index: 9999;}.tatsu-Byt0yBIsd > .tatsu-column-inner > .tatsu-left-divider{z-index: 9999;}.tatsu-Byt0yBIsd > .tatsu-column-inner > .tatsu-right-divider{z-index: 9999;}@media only screen and (max-width:1377px) {.tatsu-row > .tatsu-Byt0yBIsd.tatsu-column{width: 60%;}}@media only screen and (min-width:768px) and (max-width: 1024px) {.tatsu-row > .tatsu-Byt0yBIsd.tatsu-column{width: 75%;}}@media only screen and (max-width: 767px) {.tatsu-row > .tatsu-Byt0yBIsd.tatsu-column{width: 100%;}}<\/style><\/div><div  class=\"tatsu-column  tatsu-bg-overlay tatsu-one-fourth tatsu-column-image-none tatsu-column-effect-none  tatsu-SJgFR1BIid\"  data-parallax-speed=\"0\" style=\"\"><div class=\"tatsu-column-inner \" ><div class=\"tatsu-column-pad-wrap\"><div class=\"tatsu-column-pad\" ><div  class=\"tatsu-module tatsu-text-block-wrap tatsu-h3n69eik5vfeq8ly  \"><div class=\"tatsu-text-inner tatsu-align-center  clearfix\" ><style>.tatsu-h3n69eik5vfeq8ly.tatsu-text-block-wrap .tatsu-text-inner{width: 100%;text-align: left;}.tatsu-h3n69eik5vfeq8ly.tatsu-text-block-wrap{margin: 0px 0px 0px 0px;}<\/style>\n<p><span style=\"font-size: 18pt;\"><strong>Contenido patrocinado<\/strong><\/span><\/p>\n<\/div><\/div><div  class=\"tatsu-module tatsu-video tatsu-youtube-wrap tatsu-S1UPomCjd   \" ><style>.tatsu-S1UPomCjd{padding: 0px 0px 76px 0px;margin: 20px 0px 0px 0px;}<\/style><div class = \"be-video-embed be-embed-placeholder\"><div class = \"be-youtube-embed\" data-video-id = \"hCdiUQgsHPE\" data-autoplay = \"1\" data-loop = \"1\"><\/div><\/div><\/div><div  class=\"tatsu-single-image tatsu-module align-center tatsu-image-lazyload tatsu-rJ8xeb9ju  \" ><div class=\"tatsu-single-image-inner \" style=\"width : 770px;\" ><div class = \"tatsu-single-image-padding-wrap\" style = \"padding-bottom : 192.46753246753%;\" ><\/div><a href = \"https:\/\/www.preiperluxe.com\/wp-content\/uploads\/2022\/02\/The-Authentic-Heritage-Collection-2022.pdf\" target = \"_blank\" ><img class = \"tatsu-gradient-border\" alt = \"\" title = \"Preiper Luxe\" data-src = \"https:\/\/aevea.es\/anuario-2022\/wp-content\/uploads\/2022\/06\/Preiper-Luxe.gif\" src =\"data:image\/png;base64,iVBORw0KGgoAAAANSUhEUgAAAAEAAAABCAQAAAC1HAwCAAAAC0lEQVR42mNkYAAAAAYAAjCB0C8AAAAASUVORK5CYII=\"  \/><\/a><\/div><style>.tatsu-rJ8xeb9ju .tatsu-single-image-inner{border-style: solid;max-width: 80%;}.tatsu-rJ8xeb9ju.tatsu-single-image{transform: translate3d(0px,0px, 0);}<\/style><\/div><div  class=\"tatsu-empty-space  tatsu-ByCGhmRju  \" ><style>.tatsu-ByCGhmRju.tatsu-empty-space{height: 30px;}<\/style><\/div><\/div><\/div><div class = \"tatsu-column-bg-image-wrap\"><div class = \"tatsu-column-bg-image\" ><\/div><\/div><div class=\"tatsu-overlay tatsu-column-overlay tatsu-animate-none\" ><\/div><\/div><style>.tatsu-row > .tatsu-SJgFR1BIid.tatsu-column{width: 40%;}.tatsu-SJgFR1BIid.tatsu-column > .tatsu-column-inner > .tatsu-column-overlay{mix-blend-mode: normal;}.tatsu-SJgFR1BIid > .tatsu-column-inner > .tatsu-top-divider{z-index: 9999;}.tatsu-SJgFR1BIid > .tatsu-column-inner > .tatsu-bottom-divider{z-index: 9999;}.tatsu-SJgFR1BIid > .tatsu-column-inner > .tatsu-left-divider{z-index: 9999;}.tatsu-SJgFR1BIid > .tatsu-column-inner > .tatsu-right-divider{z-index: 9999;}@media only screen and (max-width:1377px) {.tatsu-row > .tatsu-SJgFR1BIid.tatsu-column{width: 40%;}}@media only screen and (min-width:768px) and (max-width: 1024px) {.tatsu-row > .tatsu-SJgFR1BIid.tatsu-column{width: 25%;}}@media only screen and (max-width: 767px) {.tatsu-row > .tatsu-SJgFR1BIid.tatsu-column{width: 100%;}}<\/style><\/div><\/div><\/div><\/div><div class=\"tatsu-section-background-wrap\"><div class = \"tatsu-section-background\" ><\/div><\/div><div class=\"tatsu-overlay tatsu-section-overlay\"><\/div><div class = \"tatsu-shape-divider tatsu-bottom-divider\"><svg xmlns=\"http:\/\/www.w3.org\/2000\/svg\" preserveAspectRatio=\"none\" viewBox=\"0 0 1920 120\">\r\n  <g fill-rule=\"evenodd\">\r\n    <path fill-opacity=\".457\" d=\"M0,25.9621684 C293.239583,65.9621684 613.239583,72.6288351 960,45.9621684 C1306.76042,19.2955018 1626.76042,32.6288351 1920,85.9621684 L1920,120 L0,120 L0,25.9621684 Z\" transform=\"matrix(-1 0 0 1 1920 0)\"\/>\r\n    <path d=\"M0,55.9621684 C300.495844,106.578393 620.495844,106.578393 960,55.9621684 C1299.50416,5.34594386 1619.50416,5.34594386 1920,55.9621684 L1920,120 L0,120 L0,55.9621684 Z\"\/>\r\n  <\/g>\r\n<\/svg>\r\n<\/div><style>.tatsu-Sy-vaCE8iu .tatsu-section-pad{padding: 7px 0px 30px 0px;}.tatsu-Sy-vaCE8iu .tatsu-section-offset-wrap{transform: translateY(-0px);}.tatsu-Sy-vaCE8iu > .tatsu-bottom-divider{height: 150px;color: rgba(255,77,14,1) ;z-index: 9999;}.tatsu-Sy-vaCE8iu > .tatsu-top-divider{z-index: 9999;}.tatsu-Sy-vaCE8iu .tatsu-section-overlay{mix-blend-mode: normal;}<\/style><\/div>\n","protected":false},"excerpt":{"rendered":"<p><a href=\"https:\/\/aevea.es\/anuario-2022\/leixuri-vilar\/\" class=\"more-link style1-button\">Read More<\/a><\/p>","protected":false},"author":2,"featured_media":0,"parent":0,"menu_order":0,"comment_status":"closed","ping_status":"closed","template":"","meta":{"footnotes":""},"class_list":["post-1020","page","type-page","status-publish","hentry"],"_links":{"self":[{"href":"https:\/\/aevea.es\/anuario-2022\/wp-json\/wp\/v2\/pages\/1020","targetHints":{"allow":["GET"]}}],"collection":[{"href":"https:\/\/aevea.es\/anuario-2022\/wp-json\/wp\/v2\/pages"}],"about":[{"href":"https:\/\/aevea.es\/anuario-2022\/wp-json\/wp\/v2\/types\/page"}],"author":[{"embeddable":true,"href":"https:\/\/aevea.es\/anuario-2022\/wp-json\/wp\/v2\/users\/2"}],"replies":[{"embeddable":true,"href":"https:\/\/aevea.es\/anuario-2022\/wp-json\/wp\/v2\/comments?post=1020"}],"version-history":[{"count":7,"href":"https:\/\/aevea.es\/anuario-2022\/wp-json\/wp\/v2\/pages\/1020\/revisions"}],"predecessor-version":[{"id":1379,"href":"https:\/\/aevea.es\/anuario-2022\/wp-json\/wp\/v2\/pages\/1020\/revisions\/1379"}],"wp:attachment":[{"href":"https:\/\/aevea.es\/anuario-2022\/wp-json\/wp\/v2\/media?parent=1020"}],"curies":[{"name":"wp","href":"https:\/\/api.w.org\/{rel}","templated":true}]}}