{"id":1021,"date":"2022-06-20T08:03:37","date_gmt":"2022-06-20T08:03:37","guid":{"rendered":"https:\/\/aevea.es\/anuario-2022\/?page_id=1021"},"modified":"2022-06-27T16:36:50","modified_gmt":"2022-06-27T16:36:50","slug":"juanjo-torres","status":"publish","type":"page","link":"https:\/\/aevea.es\/anuario-2022\/juanjo-torres\/","title":{"rendered":"ART\u00cdCULO Juanjo Torres"},"content":{"rendered":"<div  class=\"tatsu-Sy-vaCE8iu tatsu-section  tatsu-parallax tatsu-bg-overlay   tatsu-clearfix\" data-title=\"\"  data-headerscheme=\"background--dark\"><div class='tatsu-section-pad clearfix' data-padding='{\"d\":\"7px 0px 30px 0px\"}' data-padding-top='7px'><div class=\"tatsu-row-wrap  tatsu-wrap tatsu-row-has-two-cols tatsu-medium-gutter tatsu-reg-cols  tatsu-clearfix tatsu-HkeDAkrIou\" ><style>.tatsu-HkeDAkrIou.tatsu-row-wrap > .tatsu-row{padding: 30px 0px 30px 0px;}<\/style><div  class=\"tatsu-row \" ><div  class=\"tatsu-column  tatsu-bg-overlay tatsu-three-fourth tatsu-column-image-none tatsu-column-effect-none  tatsu-Byt0yBIsd\"  data-parallax-speed=\"0\" style=\"\"><div class=\"tatsu-column-inner \" ><div class=\"tatsu-column-pad-wrap\"><div class=\"tatsu-column-pad\" ><div  class=\"tatsu-single-image tatsu-module tatsu-image-lazyload tatsu-SyYBve0ou  \" ><div class=\"tatsu-single-image-inner \" style=\"width : 1180px;\" ><div class = \"tatsu-single-image-padding-wrap\" style = \"padding-bottom : 56.186440677966%;\" ><\/div><img class = \"tatsu-gradient-border\" alt = \"\" title = \"Juanjo-Torres-art\" data-src = \"https:\/\/aevea.es\/anuario-2022\/wp-content\/uploads\/2022\/06\/Juanjo-Torres-art.jpg\" src =\"data:image\/png;base64,iVBORw0KGgoAAAANSUhEUgAAAAEAAAABCAQAAAC1HAwCAAAAC0lEQVR42mNkYAAAAAYAAjCB0C8AAAAASUVORK5CYII=\"  \/><\/div><style>.tatsu-SyYBve0ou .tatsu-single-image-inner{border-style: solid;max-width: 100%;}.tatsu-SyYBve0ou.tatsu-single-image{transform: translate3d(0px,0px, 0);}<\/style><\/div><div  class=\"tatsu-empty-space  tatsu-SJ7Sxw0sO  \" ><style>.tatsu-SJ7Sxw0sO.tatsu-empty-space{height: 30px;}<\/style><\/div><div  class=\"tatsu-module tatsu-text-block-wrap tatsu-rJZdlb5jd  \"><div class=\"tatsu-text-inner tatsu-align-center  clearfix\" ><style>.tatsu-rJZdlb5jd.tatsu-text-block-wrap .tatsu-text-inner{width: 100%;text-align: left;padding: 0px 0px 30px 0px;}.tatsu-rJZdlb5jd.tatsu-text-block-wrap{margin: 0px 0px 0px 0px;}<\/style>\n<h4><span style=\"color: #ff4d0e;\">A un paso de lograr eventos m\u00e1s sostenibles<\/span><\/h4>\n<p><span style=\"font-size: 14pt;\">El sector de los Eventos en Espa\u00f1a ha sido uno de los m\u00e1s afectados por la pandemia, pero a su vez ha demostrado adaptarse r\u00e1pidamente con f\u00f3rmulas h\u00edbridas en las que se fusionan la presencialidad y la digitalizaci\u00f3n.\u00a0\u00a0<\/span><\/p>\n<p><span style=\"font-size: 14pt;\">Con la recuperaci\u00f3n gradual del sector de los eventos se plantean\u00a0<strong>nuevos objetivos para ser m\u00e1s sostenibles con el medio ambiente<\/strong>.\u00a0\u00a0\u00a0<\/span><\/p>\n<p><span style=\"font-size: 14pt;\">Desde hace a\u00f1os, las empresas organizadoras de eventos han avanzado en resolver los\u00a0<strong>retos que plantea un modelo de negocio m\u00e1s sostenible<\/strong> y respetuoso con el medio ambiente. Un buen ejemplo de los avances es la creaci\u00f3n del\u00a0<\/span><span style=\"font-size: 14pt;\">sello de calidad <a href=\"https:\/\/eventsost.com\/home\">eventsost<\/a>,\u00a0que refleja la apuesta clara y contundente por parte de las empresas del sector por un modelo de negocio m\u00e1s sostenible, ofreciendo as\u00ed un <strong>plus de confianza y aceptaci\u00f3n en los clientes y asistentes a los eventos<\/strong>.\u00a0<\/span><\/p>\n<p><span style=\"font-size: 14pt;\">En esta l\u00ednea de trabajo,\u00a0cabe destacar que el alquiler de maquinaria y equipos es un modelo plenamente sostenible frente al modelo de compra. Las empresas de alquiler mantienen los equipos en uso el mayor tiempo posible, frente al modelo de compra donde la mayor\u00eda de los equipos pasan gran cantidad de tiempo parados. Esto hace que los valores de la huella de carbono y el coste energ\u00e9tico de producci\u00f3n queden diluidos en una amplia utilizaci\u00f3n de los equipos, frente al modelo de compra.<\/span><\/p>\n<p><span style=\"font-size: 14pt;\">Existen peque\u00f1as acciones que pueden realizarse en los eventos de cara a minimizar el impacto ambiental. En t\u00e9rminos de climatizaci\u00f3n, mantener unas temperaturas moderadas tanto en invierno como en verano generar\u00e1n un relevante ahorro energ\u00e9tico. No es necesario que los asistentes pasen fr\u00edo en verano ni un calor asfixiante en invierno. Adem\u00e1s, peque\u00f1os gestos como mantener puertas y ventanas cerradas antes de la llegada de los asistentes contribuyen a un valorable ahorro energ\u00e9tico.<\/span><\/p>\n<p><span style=\"font-size: 14pt;\">En el uso de los grupos electr\u00f3genos, es muy relevante el excedente de energ\u00eda solicitada de forma innecesaria debido a la demanda de necesidades en funci\u00f3n del tipo de conexi\u00f3n el\u00e9ctrica en lugar de la demanda basada en el consumo nominal de los equipos. Vemos de forma continuada como se solicita la potencia en funci\u00f3n de los amperios de la clavija de conexi\u00f3n, cuando en realidad el consumo suele estar alrededor de un 50% a 60% por debajo de lo solicitado. Esto generar\u00e1 grupos electr\u00f3genos, cables y cuadros m\u00e1s grandes de lo necesario, con emisiones de gases m\u00e1s relevantes tanto por los equipos como por los medios de transporte y descarga. Adem\u00e1s de una mayor huella de carbono y consumo energ\u00e9tico en la producci\u00f3n de los equipos de mayor tama\u00f1o.<\/span><\/p>\n<p><span style=\"font-size: 14pt;\">A\u00f1adir que, evidentemente, grupos electr\u00f3genos m\u00e1s modernos y correctamente mantenidos garantizan una reducci\u00f3n de la emisi\u00f3n de gases contaminantes y del consumo de combustible.<\/span><\/p>\n<p><span style=\"font-size: 14pt;\">Desde TST Torres Servicios T\u00e9cnicos, seguimos apostando firmemente por el\u00a0<strong>alquiler de maquinaria en instalaciones temporales para eventos<\/strong> de una forma cada vez m\u00e1s sostenible. Renovando de forma continua nuestra maquinaria para lograr un\u00a0<strong>menor impacto de emisi\u00f3n de gases contaminantes y una reducci\u00f3n de la contaminaci\u00f3n ac\u00fastica.\u00a0<\/strong><\/span><\/p>\n<\/div><\/div><\/div><\/div><div class = \"tatsu-column-bg-image-wrap\"><div class = \"tatsu-column-bg-image\" ><\/div><\/div><div class=\"tatsu-overlay tatsu-column-overlay tatsu-animate-none\" ><\/div><\/div><style>.tatsu-row > .tatsu-Byt0yBIsd.tatsu-column{width: 60%;}.tatsu-Byt0yBIsd.tatsu-column > .tatsu-column-inner > .tatsu-column-overlay{mix-blend-mode: normal;}.tatsu-Byt0yBIsd > .tatsu-column-inner > .tatsu-top-divider{z-index: 9999;}.tatsu-Byt0yBIsd > .tatsu-column-inner > .tatsu-bottom-divider{z-index: 9999;}.tatsu-Byt0yBIsd > .tatsu-column-inner > .tatsu-left-divider{z-index: 9999;}.tatsu-Byt0yBIsd > .tatsu-column-inner > .tatsu-right-divider{z-index: 9999;}@media only screen and (max-width:1377px) {.tatsu-row > .tatsu-Byt0yBIsd.tatsu-column{width: 60%;}}@media only screen and (min-width:768px) and (max-width: 1024px) {.tatsu-row > .tatsu-Byt0yBIsd.tatsu-column{width: 75%;}}@media only screen and (max-width: 767px) {.tatsu-row > .tatsu-Byt0yBIsd.tatsu-column{width: 100%;}}<\/style><\/div><div  class=\"tatsu-column  tatsu-bg-overlay tatsu-one-fourth tatsu-column-image-none tatsu-column-effect-none  tatsu-SJgFR1BIid\"  data-parallax-speed=\"0\" style=\"\"><div class=\"tatsu-column-inner \" ><div class=\"tatsu-column-pad-wrap\"><div class=\"tatsu-column-pad\" ><div  class=\"tatsu-module tatsu-text-block-wrap tatsu-h3n68tizen591uss  \"><div class=\"tatsu-text-inner tatsu-align-center  clearfix\" ><style>.tatsu-h3n68tizen591uss.tatsu-text-block-wrap .tatsu-text-inner{width: 100%;text-align: left;}.tatsu-h3n68tizen591uss.tatsu-text-block-wrap{margin: 0px 0px 0px 0px;}<\/style>\n<p><span style=\"font-size: 18pt;\"><strong>Contenido patrocinado<\/strong><\/span><\/p>\n<\/div><\/div><div  class=\"tatsu-module tatsu-video tatsu-youtube-wrap tatsu-S1UPomCjd   \" ><style>.tatsu-S1UPomCjd{padding: 0px 0px 76px 0px;margin: 20px 0px 0px 0px;}<\/style><div class = \"be-video-embed be-embed-placeholder\"><div class = \"be-youtube-embed\" data-video-id = \"x2meglcwGD0\" data-autoplay = \"1\" data-loop = \"1\"><\/div><\/div><\/div><div  class=\"tatsu-empty-space  tatsu-ByCGhmRju  \" ><style>.tatsu-ByCGhmRju.tatsu-empty-space{height: 30px;}<\/style><\/div><div  class=\"tatsu-single-image tatsu-module align-center tatsu-image-lazyload tatsu-h3n9wyi1tgm3461  \" ><div class=\"tatsu-single-image-inner \" style=\"width : 770px;\" ><div class = \"tatsu-single-image-padding-wrap\" style = \"padding-bottom : 192.46753246753%;\" ><\/div><a href = \"https:\/\/www.instore.es\/\" target = \"_blank\" ><img class = \"tatsu-gradient-border\" alt = \"\" title = \"banner-aevea-Instore\" data-src = \"https:\/\/aevea.es\/anuario-2022\/wp-content\/uploads\/2022\/06\/banner-aevea-Instore.gif\" src =\"data:image\/png;base64,iVBORw0KGgoAAAANSUhEUgAAAAEAAAABCAQAAAC1HAwCAAAAC0lEQVR42mNkYAAAAAYAAjCB0C8AAAAASUVORK5CYII=\"  \/><\/a><\/div><style>.tatsu-h3n9wyi1tgm3461{margin: 0px 0px 0px 0px;}.tatsu-h3n9wyi1tgm3461 .tatsu-single-image-inner{border-style: solid;max-width: 80%;}.tatsu-h3n9wyi1tgm3461.tatsu-single-image{transform: translate3d(0px,0px, 0);}<\/style><\/div><\/div><\/div><div class = \"tatsu-column-bg-image-wrap\"><div class = \"tatsu-column-bg-image\" ><\/div><\/div><div class=\"tatsu-overlay tatsu-column-overlay tatsu-animate-none\" ><\/div><\/div><style>.tatsu-row > .tatsu-SJgFR1BIid.tatsu-column{width: 40%;}.tatsu-SJgFR1BIid.tatsu-column > .tatsu-column-inner > .tatsu-column-overlay{mix-blend-mode: normal;}.tatsu-SJgFR1BIid > .tatsu-column-inner > .tatsu-top-divider{z-index: 9999;}.tatsu-SJgFR1BIid > .tatsu-column-inner > .tatsu-bottom-divider{z-index: 9999;}.tatsu-SJgFR1BIid > .tatsu-column-inner > .tatsu-left-divider{z-index: 9999;}.tatsu-SJgFR1BIid > .tatsu-column-inner > .tatsu-right-divider{z-index: 9999;}@media only screen and (max-width:1377px) {.tatsu-row > .tatsu-SJgFR1BIid.tatsu-column{width: 40%;}}@media only screen and (min-width:768px) and (max-width: 1024px) {.tatsu-row > .tatsu-SJgFR1BIid.tatsu-column{width: 25%;}}@media only screen and (max-width: 767px) {.tatsu-row > .tatsu-SJgFR1BIid.tatsu-column{width: 100%;}}<\/style><\/div><\/div><\/div><\/div><div class=\"tatsu-section-background-wrap\"><div class = \"tatsu-section-background\" ><\/div><\/div><div class=\"tatsu-overlay tatsu-section-overlay\"><\/div><div class = \"tatsu-shape-divider tatsu-bottom-divider\"><svg xmlns=\"http:\/\/www.w3.org\/2000\/svg\" preserveAspectRatio=\"none\" viewBox=\"0 0 1920 120\">\r\n  <g fill-rule=\"evenodd\">\r\n    <path fill-opacity=\".457\" d=\"M0,25.9621684 C293.239583,65.9621684 613.239583,72.6288351 960,45.9621684 C1306.76042,19.2955018 1626.76042,32.6288351 1920,85.9621684 L1920,120 L0,120 L0,25.9621684 Z\" transform=\"matrix(-1 0 0 1 1920 0)\"\/>\r\n    <path d=\"M0,55.9621684 C300.495844,106.578393 620.495844,106.578393 960,55.9621684 C1299.50416,5.34594386 1619.50416,5.34594386 1920,55.9621684 L1920,120 L0,120 L0,55.9621684 Z\"\/>\r\n  <\/g>\r\n<\/svg>\r\n<\/div><style>.tatsu-Sy-vaCE8iu .tatsu-section-pad{padding: 7px 0px 30px 0px;}.tatsu-Sy-vaCE8iu .tatsu-section-offset-wrap{transform: translateY(-0px);}.tatsu-Sy-vaCE8iu > .tatsu-bottom-divider{height: 150px;color: rgba(255,77,14,1) ;z-index: 9999;}.tatsu-Sy-vaCE8iu > .tatsu-top-divider{z-index: 9999;}.tatsu-Sy-vaCE8iu .tatsu-section-overlay{mix-blend-mode: normal;}<\/style><\/div>\n","protected":false},"excerpt":{"rendered":"<p><a href=\"https:\/\/aevea.es\/anuario-2022\/juanjo-torres\/\" class=\"more-link style1-button\">Read More<\/a><\/p>","protected":false},"author":2,"featured_media":0,"parent":0,"menu_order":0,"comment_status":"closed","ping_status":"closed","template":"","meta":{"footnotes":""},"class_list":["post-1021","page","type-page","status-publish","hentry"],"_links":{"self":[{"href":"https:\/\/aevea.es\/anuario-2022\/wp-json\/wp\/v2\/pages\/1021","targetHints":{"allow":["GET"]}}],"collection":[{"href":"https:\/\/aevea.es\/anuario-2022\/wp-json\/wp\/v2\/pages"}],"about":[{"href":"https:\/\/aevea.es\/anuario-2022\/wp-json\/wp\/v2\/types\/page"}],"author":[{"embeddable":true,"href":"https:\/\/aevea.es\/anuario-2022\/wp-json\/wp\/v2\/users\/2"}],"replies":[{"embeddable":true,"href":"https:\/\/aevea.es\/anuario-2022\/wp-json\/wp\/v2\/comments?post=1021"}],"version-history":[{"count":6,"href":"https:\/\/aevea.es\/anuario-2022\/wp-json\/wp\/v2\/pages\/1021\/revisions"}],"predecessor-version":[{"id":1375,"href":"https:\/\/aevea.es\/anuario-2022\/wp-json\/wp\/v2\/pages\/1021\/revisions\/1375"}],"wp:attachment":[{"href":"https:\/\/aevea.es\/anuario-2022\/wp-json\/wp\/v2\/media?parent=1021"}],"curies":[{"name":"wp","href":"https:\/\/api.w.org\/{rel}","templated":true}]}}