{"id":1474,"date":"2022-06-29T08:19:59","date_gmt":"2022-06-29T08:19:59","guid":{"rendered":"https:\/\/aevea.es\/anuario-2022\/?page_id=1474"},"modified":"2022-07-04T15:15:06","modified_gmt":"2022-07-04T15:15:06","slug":"los-numeros","status":"publish","type":"page","link":"https:\/\/aevea.es\/anuario-2022\/los-numeros\/","title":{"rendered":"Los n\u00fameros"},"content":{"rendered":"<div id=\"perspectiva\" class=\"tatsu-HkpFrltju tatsu-section  tatsu-parallax tatsu-bg-overlay   tatsu-clearfix\" data-title=\"Perspectiva\"  data-headerscheme=\"background--dark\"><div class='tatsu-section-pad clearfix' data-padding='{\"d\":\"28px 0px 0px 0px\"}' data-padding-top='28px'><div class=\"tatsu-row-wrap  tatsu-wrap tatsu-row-has-one-half tatsu-row-has-two-cols tatsu-medium-gutter tatsu-reg-cols  tatsu-clearfix tatsu-h3na79v7a4bakc9\" ><style>.tatsu-h3na79v7a4bakc9.tatsu-row-wrap > .tatsu-row{padding: 0px 120px 0px 120px;}@media only screen and (max-width: 767px) {.tatsu-h3na79v7a4bakc9.tatsu-row-wrap > .tatsu-row{padding: 0px 20px 0px 20px;}}<\/style><div  class=\"tatsu-row \" ><div  class=\"tatsu-column  tatsu-bg-overlay tatsu-one-half tatsu-column-image-none tatsu-column-effect-none  tatsu-h3na79v7e6ehd3bo\"  data-parallax-speed=\"0\" style=\"\"><div class=\"tatsu-column-inner \" ><div class=\"tatsu-column-pad-wrap\"><div class=\"tatsu-column-pad\" ><div  class=\"tatsu-module tatsu-text-block-wrap tatsu-h3na79v7gpe5q8eq  \"><div class=\"tatsu-text-inner tatsu-align-center  clearfix\" ><style>.tatsu-h3na79v7gpe5q8eq.tatsu-text-block-wrap .tatsu-text-inner{width: 100%;text-align: left;}.tatsu-h3na79v7gpe5q8eq.tatsu-text-block-wrap{margin: 0px 0px 0px 0px;}<\/style>\n<p><span style=\"font-size: 18pt;\"><strong>Contenido patrocinado<\/strong><\/span><\/p>\n<\/div><\/div><div  class=\"tatsu-module tatsu-video tatsu-youtube-wrap tatsu-h3na79v7j2ee6af3   \" ><style>.tatsu-h3na79v7j2ee6af3{margin: 20px 0px 0px 0px;}<\/style><div class = \"be-video-embed be-embed-placeholder\"><div class = \"be-youtube-embed\" data-video-id = \"jM1ehUSo_p0\" data-autoplay = \"1\" data-loop = \"1\"><\/div><\/div><\/div><\/div><\/div><div class = \"tatsu-column-bg-image-wrap\"><div class = \"tatsu-column-bg-image\" ><\/div><\/div><div class=\"tatsu-overlay tatsu-column-overlay tatsu-animate-none\" ><\/div><\/div><style>.tatsu-row > .tatsu-h3na79v7e6ehd3bo.tatsu-column{width: 50%;}.tatsu-h3na79v7e6ehd3bo.tatsu-column > .tatsu-column-inner > .tatsu-column-overlay{mix-blend-mode: normal;}.tatsu-h3na79v7e6ehd3bo > .tatsu-column-inner > .tatsu-top-divider{z-index: 9999;}.tatsu-h3na79v7e6ehd3bo > .tatsu-column-inner > .tatsu-bottom-divider{z-index: 9999;}.tatsu-h3na79v7e6ehd3bo > .tatsu-column-inner > .tatsu-left-divider{z-index: 9999;}.tatsu-h3na79v7e6ehd3bo > .tatsu-column-inner > .tatsu-right-divider{z-index: 9999;}@media only screen and (max-width:1377px) {.tatsu-row > .tatsu-h3na79v7e6ehd3bo.tatsu-column{width: 50%;}}@media only screen and (min-width:768px) and (max-width: 1024px) {.tatsu-row > .tatsu-h3na79v7e6ehd3bo.tatsu-column{width: 50%;}}@media only screen and (max-width: 767px) {.tatsu-row > .tatsu-h3na79v7e6ehd3bo.tatsu-column{width: 100%;}}<\/style><\/div><div  class=\"tatsu-column  tatsu-bg-overlay tatsu-one-half tatsu-column-image-none tatsu-column-effect-none  tatsu-h3na79v7l58aamp6\"  data-parallax-speed=\"0\" style=\"\"><div class=\"tatsu-column-inner \" ><div class=\"tatsu-column-pad-wrap\"><div class=\"tatsu-column-pad\" ><div  class=\"tatsu-single-image tatsu-module align-center tatsu-image-lazyload tatsu-h3na79v8g41kkwte  \" ><div class=\"tatsu-single-image-inner \" style=\"width : 374px;\" ><div class = \"tatsu-single-image-padding-wrap\" style = \"padding-bottom : 191.97860962567%;\" ><\/div><a href = \"https:\/\/www.losbergerdeboer.com\/es\/soluciones\/alquiler-de-espacios-para-eventos\/\" target = \"_blank\" ><img class = \"tatsu-gradient-border\" alt = \"\" title = \"losdeboher\" data-src = \"https:\/\/aevea.es\/anuario-2022\/wp-content\/uploads\/2022\/06\/losdeboher.gif\" src =\"data:image\/png;base64,iVBORw0KGgoAAAANSUhEUgAAAAEAAAABCAQAAAC1HAwCAAAAC0lEQVR42mNkYAAAAAYAAjCB0C8AAAAASUVORK5CYII=\"  \/><\/a><\/div><style>.tatsu-h3na79v8g41kkwte{margin: 0px 0px 0px 0px;padding: 43px 0px 0px 0px;}.tatsu-h3na79v8g41kkwte .tatsu-single-image-inner{border-style: solid;max-width: 100%;}.tatsu-h3na79v8g41kkwte.tatsu-single-image{transform: translate3d(0px,0px, 0);}<\/style><\/div><\/div><\/div><div class = \"tatsu-column-bg-image-wrap\"><div class = \"tatsu-column-bg-image\" ><\/div><\/div><div class=\"tatsu-overlay tatsu-column-overlay tatsu-animate-none\" ><\/div><\/div><style>.tatsu-row > .tatsu-h3na79v7l58aamp6.tatsu-column{width: 50%;}.tatsu-h3na79v7l58aamp6.tatsu-column > .tatsu-column-inner > .tatsu-column-overlay{mix-blend-mode: normal;}.tatsu-h3na79v7l58aamp6 > .tatsu-column-inner > .tatsu-top-divider{z-index: 9999;}.tatsu-h3na79v7l58aamp6 > .tatsu-column-inner > .tatsu-bottom-divider{z-index: 9999;}.tatsu-h3na79v7l58aamp6 > .tatsu-column-inner > .tatsu-left-divider{z-index: 9999;}.tatsu-h3na79v7l58aamp6 > .tatsu-column-inner > .tatsu-right-divider{z-index: 9999;}@media only screen and (max-width:1377px) {.tatsu-row > .tatsu-h3na79v7l58aamp6.tatsu-column{width: 50%;}}@media only screen and (min-width:768px) and (max-width: 1024px) {.tatsu-row > .tatsu-h3na79v7l58aamp6.tatsu-column{width: 50%;}}@media only screen and (max-width: 767px) {.tatsu-row > .tatsu-h3na79v7l58aamp6.tatsu-column{width: 100%;}}<\/style><\/div><\/div><\/div><\/div><div class=\"tatsu-section-background-wrap tatsu-parallax-element-wrap\"><div class = \"tatsu-section-background tatsu-parallax-element\" ><\/div><\/div><div class=\"tatsu-overlay tatsu-section-overlay\"><\/div><style>.tatsu-HkpFrltju .tatsu-section-background{background-image: url(https:\/\/aevea.es\/anuario-2022\/wp-content\/uploads\/2022\/06\/Fondo-Empresa.jpg);background-repeat: no-repeat;background-attachment: scroll;background-position: top left;background-size: initial;}.tatsu-HkpFrltju .tatsu-bg-blur{background-repeat: no-repeat;background-attachment: scroll;background-position: top left;background-size: initial;}.tatsu-HkpFrltju .tatsu-section-pad{padding: 28px 0px 0px 0px;}.tatsu-HkpFrltju .tatsu-section-offset-wrap{transform: translateY(-0px);}.tatsu-HkpFrltju > .tatsu-bottom-divider{z-index: 9999;}.tatsu-HkpFrltju > .tatsu-top-divider{z-index: 9999;}.tatsu-HkpFrltju .tatsu-section-overlay{background: rgba(255,255,255,0);mix-blend-mode: normal;}<\/style><\/div><div id=\"numeros\" class=\"tatsu-h3p6u1tsc6buanyc tatsu-section  tatsu-bg-overlay   tatsu-clearfix\" data-title=\"Numeros\"  data-headerscheme=\"background--dark\"><div class='tatsu-section-pad clearfix' data-padding='{\"d\":\"60px 0px 0px 0px\"}' data-padding-top='60px'><div class=\"tatsu-row-wrap  tatsu-wrap tatsu-row-one-col tatsu-row-has-one-cols tatsu-medium-gutter tatsu-reg-cols  tatsu-clearfix tatsu-h3p6u1tsid485s4n\" ><div  class=\"tatsu-row \" ><div  class=\"tatsu-column  tatsu-bg-overlay tatsu-one-col tatsu-column-image-none tatsu-column-effect-none  tatsu-h3p6u1tsp151nkf2\"  data-parallax-speed=\"0\" style=\"\"><div class=\"tatsu-column-inner \" ><div class=\"tatsu-column-pad-wrap\"><div class=\"tatsu-column-pad\" ><div  class=\"tatsu-module tatsu-text-block-wrap tatsu-h3p6u1tstid3107j  \"><div class=\"tatsu-text-inner tatsu-align-center  clearfix\" ><style>.tatsu-h3p6u1tstid3107j.tatsu-text-block-wrap .tatsu-text-inner{width: 100%;text-align: left;}<\/style>\n<p style=\"text-align: left;\"><strong><span style=\"color: #000000; font-size: 24pt;\">LOS N\u00daMEROS<\/span><\/strong><\/p>\n<\/div><\/div><div  class=\"tatsu-single-image tatsu-module align-left tatsu-image-lazyload tatsu-h3p6u1ttdn5ol9vj  \" ><div class=\"tatsu-single-image-inner \" style=\"width : 50px;\" ><div class = \"tatsu-single-image-padding-wrap\" style = \"padding-bottom : 4%;\" ><\/div><img class = \"tatsu-gradient-border\" alt = \"\" title = \"00-filete\" data-src = \"https:\/\/aevea.es\/anuario-2022\/wp-content\/uploads\/2022\/06\/00-filete.png\" src =\"data:image\/png;base64,iVBORw0KGgoAAAANSUhEUgAAAAEAAAABCAQAAAC1HAwCAAAAC0lEQVR42mNkYAAAAAYAAjCB0C8AAAAASUVORK5CYII=\"  \/><\/div><style>.tatsu-h3p6u1ttdn5ol9vj .tatsu-single-image-inner{border-style: solid;max-width: 100%;}.tatsu-h3p6u1ttdn5ol9vj.tatsu-single-image{transform: translate3d(0px,0px, 0);}.tatsu-h3p6u1ttdn5ol9vj{padding: 0px 0px 30px 0px;}<\/style><\/div><div  class=\"tatsu-module tatsu-text-block-wrap tatsu-h3p6u1ttfkb6d59k  \"><div class=\"tatsu-text-inner tatsu-align-center  clearfix\" ><style>.tatsu-h3p6u1ttfkb6d59k.tatsu-text-block-wrap .tatsu-text-inner{width: 100%;text-align: left;}<\/style>\n<p><strong>Impacto de la industria del Turismo de Reuniones y Eventos en Espa\u00f1a<\/strong><\/p>\n<\/div><\/div><\/div><\/div><div class = \"tatsu-column-bg-image-wrap\"><div class = \"tatsu-column-bg-image\" ><\/div><\/div><div class=\"tatsu-overlay tatsu-column-overlay tatsu-animate-none\" ><\/div><\/div><style>.tatsu-row > .tatsu-h3p6u1tsp151nkf2.tatsu-column{width: 100%;}.tatsu-h3p6u1tsp151nkf2.tatsu-column > .tatsu-column-inner > .tatsu-column-overlay{mix-blend-mode: normal;}.tatsu-h3p6u1tsp151nkf2 > .tatsu-column-inner > .tatsu-top-divider{z-index: 9999;}.tatsu-h3p6u1tsp151nkf2 > .tatsu-column-inner > .tatsu-bottom-divider{z-index: 9999;}.tatsu-h3p6u1tsp151nkf2 > .tatsu-column-inner > .tatsu-left-divider{z-index: 9999;}.tatsu-h3p6u1tsp151nkf2 > .tatsu-column-inner > .tatsu-right-divider{z-index: 9999;}@media only screen and (max-width:1377px) {.tatsu-row > .tatsu-h3p6u1tsp151nkf2.tatsu-column{width: 100%;}}@media only screen and (min-width:768px) and (max-width: 1024px) {.tatsu-row > .tatsu-h3p6u1tsp151nkf2.tatsu-column{width: 100%;}}@media only screen and (max-width: 767px) {.tatsu-row > .tatsu-h3p6u1tsp151nkf2.tatsu-column{width: 100%;}}<\/style><\/div><\/div><\/div><div class=\"tatsu-row-wrap  tatsu-wrap tatsu-row-has-four-cols tatsu-tiny-gutter tatsu-reg-cols  tatsu-clearfix tatsu-h3p6u1ttimek2omu\" ><div  class=\"tatsu-row \" ><div  class=\"tatsu-column  tatsu-bg-overlay tatsu-one-fourth tatsu-column-image-none tatsu-column-effect-none  tatsu-h3p6u1ttpm2y1bcd\"  data-parallax-speed=\"0\" style=\"\"><div class=\"tatsu-column-inner \" ><div class=\"tatsu-column-pad-wrap\"><div class=\"tatsu-column-pad\" ><div  class=\"tatsu-module tatsu-an-wrap align-center tatsu-h3p6u1ttu4amygeh   \"  ><style>.tatsu-h3p6u1ttu4amygeh .tatsu-an-prefix{font-size: 15px;}.tatsu-h3p6u1ttu4amygeh .tatsu-an-suffix{font-size: 22px;color: rgba(255,77,14,1) ;}.tatsu-h3p6u1ttu4amygeh .tatsu-an{font-size: 45px;color: rgba(255,77,14,1) ;}.tatsu-h3p6u1ttu4amygeh .tatsu-an-caption{font-size: 23px;color: #141414 ;}<\/style><div class = \"tatsu-an-prefix-suffix-wrap\"><div class=\"tatsu-an animate\" data-number=\"12000\"><\/div><div class = \"tatsu-an-suffix\">Millones<\/div><\/div><h6><span class=\"tatsu-an-caption\" >Impacto<\/span><\/h6><\/div><\/div><\/div><div class = \"tatsu-column-bg-image-wrap\"><div class = \"tatsu-column-bg-image\" ><\/div><\/div><div class=\"tatsu-overlay tatsu-column-overlay tatsu-animate-none\" ><\/div><\/div><style>.tatsu-row > .tatsu-h3p6u1ttpm2y1bcd.tatsu-column{width: 25%;}.tatsu-h3p6u1ttpm2y1bcd.tatsu-column > .tatsu-column-inner > .tatsu-column-overlay{mix-blend-mode: normal;}.tatsu-h3p6u1ttpm2y1bcd > .tatsu-column-inner > .tatsu-top-divider{z-index: 9999;}.tatsu-h3p6u1ttpm2y1bcd > .tatsu-column-inner > .tatsu-bottom-divider{z-index: 9999;}.tatsu-h3p6u1ttpm2y1bcd > .tatsu-column-inner > .tatsu-left-divider{z-index: 9999;}.tatsu-h3p6u1ttpm2y1bcd > .tatsu-column-inner > .tatsu-right-divider{z-index: 9999;}@media only screen and (max-width:1377px) {.tatsu-row > .tatsu-h3p6u1ttpm2y1bcd.tatsu-column{width: 25%;}}@media only screen and (min-width:768px) and (max-width: 1024px) {.tatsu-row > .tatsu-h3p6u1ttpm2y1bcd.tatsu-column{width: 25%;}}@media only screen and (max-width: 767px) {.tatsu-row > .tatsu-h3p6u1ttpm2y1bcd.tatsu-column{width: 100%;}}<\/style><\/div><div  class=\"tatsu-column  tatsu-bg-overlay tatsu-one-fourth tatsu-column-image-none tatsu-column-effect-none  tatsu-h3p6u1tty130x0q\"  data-parallax-speed=\"0\" style=\"\"><div class=\"tatsu-column-inner \" ><div class=\"tatsu-column-pad-wrap\"><div class=\"tatsu-column-pad\" ><div  class=\"tatsu-module tatsu-an-wrap align-center tatsu-h3p6u1tu2g65qaam   \"  ><style>.tatsu-h3p6u1tu2g65qaam .tatsu-an-prefix{font-size: 15px;}.tatsu-h3p6u1tu2g65qaam .tatsu-an-suffix{font-size: 22px;color: rgba(255,77,14,1) ;}.tatsu-h3p6u1tu2g65qaam .tatsu-an{font-size: 45px;color: rgba(255,77,14,1) ;}.tatsu-h3p6u1tu2g65qaam .tatsu-an-caption{font-size: 23px;color: #141414 ;}<\/style><div class = \"tatsu-an-prefix-suffix-wrap\"><div class=\"tatsu-an animate\" data-number=\"87000\"><\/div><div class = \"tatsu-an-suffix\">Mil<\/div><\/div><h6><span class=\"tatsu-an-caption\" >Profesionales<\/span><\/h6><\/div><\/div><\/div><div class = \"tatsu-column-bg-image-wrap\"><div class = \"tatsu-column-bg-image\" ><\/div><\/div><div class=\"tatsu-overlay tatsu-column-overlay tatsu-animate-none\" ><\/div><\/div><style>.tatsu-row > .tatsu-h3p6u1tty130x0q.tatsu-column{width: 25%;}.tatsu-h3p6u1tty130x0q.tatsu-column > .tatsu-column-inner > .tatsu-column-overlay{mix-blend-mode: normal;}.tatsu-h3p6u1tty130x0q > .tatsu-column-inner > .tatsu-top-divider{z-index: 9999;}.tatsu-h3p6u1tty130x0q > .tatsu-column-inner > .tatsu-bottom-divider{z-index: 9999;}.tatsu-h3p6u1tty130x0q > .tatsu-column-inner > .tatsu-left-divider{z-index: 9999;}.tatsu-h3p6u1tty130x0q > .tatsu-column-inner > .tatsu-right-divider{z-index: 9999;}@media only screen and (max-width:1377px) {.tatsu-row > .tatsu-h3p6u1tty130x0q.tatsu-column{width: 25%;}}@media only screen and (min-width:768px) and (max-width: 1024px) {.tatsu-row > .tatsu-h3p6u1tty130x0q.tatsu-column{width: 25%;}}@media only screen and (max-width: 767px) {.tatsu-row > .tatsu-h3p6u1tty130x0q.tatsu-column{width: 100%;}}<\/style><\/div><div  class=\"tatsu-column  tatsu-bg-overlay tatsu-one-fourth tatsu-column-image-none tatsu-column-effect-none  tatsu-h3p6u1tu651odxn8\"  data-parallax-speed=\"0\" style=\"\"><div class=\"tatsu-column-inner \" ><div class=\"tatsu-column-pad-wrap\"><div class=\"tatsu-column-pad\" ><div  class=\"tatsu-module tatsu-an-wrap align-center tatsu-h3p6u1tub0b8wxhq   \"  ><style>.tatsu-h3p6u1tub0b8wxhq .tatsu-an-prefix{font-size: 15px;}.tatsu-h3p6u1tub0b8wxhq .tatsu-an-suffix{font-size: 22px;color: rgba(255,77,14,1) ;}.tatsu-h3p6u1tub0b8wxhq .tatsu-an{font-size: 45px;color: rgba(255,77,14,1) ;}.tatsu-h3p6u1tub0b8wxhq .tatsu-an-caption{font-size: 23px;color: #141414 ;}<\/style><div class = \"tatsu-an-prefix-suffix-wrap\"><div class=\"tatsu-an animate\" data-number=\"10\"><\/div><div class = \"tatsu-an-suffix\">Millones<\/div><\/div><h6><span class=\"tatsu-an-caption\" >Participantes<\/span><\/h6><\/div><\/div><\/div><div class = \"tatsu-column-bg-image-wrap\"><div class = \"tatsu-column-bg-image\" ><\/div><\/div><div class=\"tatsu-overlay tatsu-column-overlay tatsu-animate-none\" ><\/div><\/div><style>.tatsu-row > .tatsu-h3p6u1tu651odxn8.tatsu-column{width: 25%;}.tatsu-h3p6u1tu651odxn8.tatsu-column > .tatsu-column-inner > .tatsu-column-overlay{mix-blend-mode: normal;}.tatsu-h3p6u1tu651odxn8 > .tatsu-column-inner > .tatsu-top-divider{z-index: 9999;}.tatsu-h3p6u1tu651odxn8 > .tatsu-column-inner > .tatsu-bottom-divider{z-index: 9999;}.tatsu-h3p6u1tu651odxn8 > .tatsu-column-inner > .tatsu-left-divider{z-index: 9999;}.tatsu-h3p6u1tu651odxn8 > .tatsu-column-inner > .tatsu-right-divider{z-index: 9999;}@media only screen and (max-width:1377px) {.tatsu-row > .tatsu-h3p6u1tu651odxn8.tatsu-column{width: 25%;}}@media only screen and (min-width:768px) and (max-width: 1024px) {.tatsu-row > .tatsu-h3p6u1tu651odxn8.tatsu-column{width: 25%;}}@media only screen and (max-width: 767px) {.tatsu-row > .tatsu-h3p6u1tu651odxn8.tatsu-column{width: 100%;}}<\/style><\/div><div  class=\"tatsu-column  tatsu-bg-overlay tatsu-one-fourth tatsu-column-image-none tatsu-column-effect-none  tatsu-h3p6u1tuey1qlhrx\"  data-parallax-speed=\"0\" style=\"\"><div class=\"tatsu-column-inner \" ><div class=\"tatsu-column-pad-wrap\"><div class=\"tatsu-column-pad\" ><div  class=\"tatsu-module tatsu-an-wrap align-center tatsu-h3p6u1tuj9dcux3s   \"  ><style>.tatsu-h3p6u1tuj9dcux3s .tatsu-an-prefix{font-size: 15px;}.tatsu-h3p6u1tuj9dcux3s .tatsu-an-suffix{font-size: 22px;color: rgba(255,77,14,1) ;}.tatsu-h3p6u1tuj9dcux3s .tatsu-an{font-size: 45px;color: rgba(255,77,14,1) ;}.tatsu-h3p6u1tuj9dcux3s .tatsu-an-caption{font-size: 23px;color: #141414 ;}<\/style><div class = \"tatsu-an-prefix-suffix-wrap\"><div class=\"tatsu-an animate\" data-number=\"320\"><\/div><div class = \"tatsu-an-suffix\">\u20ac<\/div><\/div><h6><span class=\"tatsu-an-caption\" >Gasto por participante<\/span><\/h6><\/div><\/div><\/div><div class = \"tatsu-column-bg-image-wrap\"><div class = \"tatsu-column-bg-image\" ><\/div><\/div><div class=\"tatsu-overlay tatsu-column-overlay tatsu-animate-none\" ><\/div><\/div><style>.tatsu-row > .tatsu-h3p6u1tuey1qlhrx.tatsu-column{width: 25%;}.tatsu-h3p6u1tuey1qlhrx.tatsu-column > .tatsu-column-inner > .tatsu-column-overlay{mix-blend-mode: normal;}.tatsu-h3p6u1tuey1qlhrx > .tatsu-column-inner > .tatsu-top-divider{z-index: 9999;}.tatsu-h3p6u1tuey1qlhrx > .tatsu-column-inner > .tatsu-bottom-divider{z-index: 9999;}.tatsu-h3p6u1tuey1qlhrx > .tatsu-column-inner > .tatsu-left-divider{z-index: 9999;}.tatsu-h3p6u1tuey1qlhrx > .tatsu-column-inner > .tatsu-right-divider{z-index: 9999;}@media only screen and (max-width:1377px) {.tatsu-row > .tatsu-h3p6u1tuey1qlhrx.tatsu-column{width: 25%;}}@media only screen and (min-width:768px) and (max-width: 1024px) {.tatsu-row > .tatsu-h3p6u1tuey1qlhrx.tatsu-column{width: 25%;}}@media only screen and (max-width: 767px) {.tatsu-row > .tatsu-h3p6u1tuey1qlhrx.tatsu-column{width: 100%;}}<\/style><\/div><\/div><\/div><div class=\"tatsu-row-wrap  tatsu-wrap tatsu-row-one-col tatsu-row-has-one-cols tatsu-medium-gutter tatsu-reg-cols  tatsu-clearfix tatsu-h3p6u1tukwb506gt\" ><div  class=\"tatsu-row \" ><div  class=\"tatsu-column  tatsu-bg-overlay tatsu-one-col tatsu-column-image-none tatsu-column-effect-none  tatsu-h3p6u1tuqt5gvbew\"  data-parallax-speed=\"0\" style=\"\"><div class=\"tatsu-column-inner \" ><div class=\"tatsu-column-pad-wrap\"><div class=\"tatsu-column-pad\" ><div  class=\"tatsu-module tatsu-animated-heading-wrap anime_flip_in  tatsu-h3p6u1tuuv2oz9ef   \"  data-anime-type=\"anime_flip_in\" data-anime-duration=\"20\" ><h6 class=\"tatsu-animated-heading-inner\">*Estudio Spain Convention Bureau 2021<\/h6><style>.tatsu-h3p6u1tuuv2oz9ef.tatsu-animated-heading-wrap{text-align: left;}.tatsu-h3p6u1tuuv2oz9ef .tatsu-animated-heading-inner{color: rgba(255,77,14,1) ;}.tatsu-h3p6u1tuuv2oz9ef .tatsu-animated-heading-line{background: rgba(255,77,14,1);}.tatsu-h3p6u1tuuv2oz9ef{padding: 0px 0px 10px 0px;margin: 0px 0px 10px 0px;}<\/style><\/div><\/div><\/div><div class = \"tatsu-column-bg-image-wrap\"><div class = \"tatsu-column-bg-image\" ><\/div><\/div><div class=\"tatsu-overlay tatsu-column-overlay tatsu-animate-none\" ><\/div><\/div><style>.tatsu-row > .tatsu-h3p6u1tuqt5gvbew.tatsu-column{width: 100%;}.tatsu-h3p6u1tuqt5gvbew.tatsu-column > .tatsu-column-inner > .tatsu-column-overlay{mix-blend-mode: normal;}.tatsu-h3p6u1tuqt5gvbew > .tatsu-column-inner > .tatsu-top-divider{z-index: 9999;}.tatsu-h3p6u1tuqt5gvbew > .tatsu-column-inner > .tatsu-bottom-divider{z-index: 9999;}.tatsu-h3p6u1tuqt5gvbew > .tatsu-column-inner > .tatsu-left-divider{z-index: 9999;}.tatsu-h3p6u1tuqt5gvbew > .tatsu-column-inner > .tatsu-right-divider{z-index: 9999;}@media only screen and (max-width:1377px) {.tatsu-row > .tatsu-h3p6u1tuqt5gvbew.tatsu-column{width: 100%;}}@media only screen and (min-width:768px) and (max-width: 1024px) {.tatsu-row > .tatsu-h3p6u1tuqt5gvbew.tatsu-column{width: 100%;}}@media only screen and (max-width: 767px) {.tatsu-row > .tatsu-h3p6u1tuqt5gvbew.tatsu-column{width: 100%;}}<\/style><\/div><\/div><\/div><\/div><div class=\"tatsu-section-background-wrap\"><div class = \"tatsu-section-background\" ><\/div><\/div><div class=\"tatsu-overlay tatsu-section-overlay\"><\/div><style>.tatsu-h3p6u1tsc6buanyc .tatsu-section-pad{padding: 60px 0px 0px 0px;}.tatsu-h3p6u1tsc6buanyc .tatsu-section-offset-wrap{transform: translateY(-0px);}.tatsu-h3p6u1tsc6buanyc > .tatsu-bottom-divider{z-index: 9999;}.tatsu-h3p6u1tsc6buanyc > .tatsu-top-divider{z-index: 9999;}.tatsu-h3p6u1tsc6buanyc .tatsu-section-overlay{mix-blend-mode: normal;}<\/style><\/div><div  class=\"tatsu-SJb6vhtK55 tatsu-section  tatsu-bg-overlay   tatsu-clearfix\" data-title=\"\"  data-headerscheme=\"background--dark\"><div class='tatsu-section-pad clearfix' data-padding='{\"d\":\"30px 0px 60px 0px\"}' data-padding-top='30px'><div class=\"tatsu-row-wrap  tatsu-wrap tatsu-row-one-col tatsu-row-has-one-cols tatsu-medium-gutter tatsu-reg-cols  tatsu-clearfix tatsu-Bkg6whFKcq\" ><div  class=\"tatsu-row \" ><div  class=\"tatsu-column  tatsu-bg-overlay tatsu-one-col tatsu-column-image-none tatsu-column-effect-none  tatsu-Hy6vhYt55\"  data-parallax-speed=\"0\" style=\"\"><div class=\"tatsu-column-inner \" ><div class=\"tatsu-column-pad-wrap\"><div class=\"tatsu-column-pad\" ><div  class=\"tatsu-single-image tatsu-module tatsu-image-lazyload tatsu-ry5ld3tY99  \" ><div class=\"tatsu-single-image-inner \" style=\"width : 1920px;\" ><div class = \"tatsu-single-image-padding-wrap\" style = \"padding-bottom : 56.25%;\" ><\/div><img class = \"tatsu-gradient-border\" alt = \"\" title = \"Presentaci\u00f3n de PowerPoint\" data-src = \"https:\/\/aevea.es\/anuario-2022\/wp-content\/uploads\/2022\/06\/imagen-interior.jpg\" src =\"data:image\/png;base64,iVBORw0KGgoAAAANSUhEUgAAAAEAAAABCAQAAAC1HAwCAAAAC0lEQVR42mNkYAAAAAYAAjCB0C8AAAAASUVORK5CYII=\"  \/><\/div><style>.tatsu-ry5ld3tY99 .tatsu-single-image-inner{border-style: solid;max-width: 100%;}.tatsu-ry5ld3tY99.tatsu-single-image{transform: translate3d(0px,0px, 0);}.tatsu-ry5ld3tY99{padding: 0px 0px 30px 0px;}<\/style><\/div><div  class=\"tatsu-module tatsu-text-block-wrap tatsu-H18MV9nKY99  \"><div class=\"tatsu-text-inner tatsu-align-center  clearfix\" ><style>.tatsu-H18MV9nKY99.tatsu-text-block-wrap .tatsu-text-inner{width: 100%;text-align: left;}.tatsu-H18MV9nKY99.tatsu-text-block-wrap{margin: 0px 0px 0px 0px;}<\/style>\n<p><span style=\"font-size: 14pt;\">Seg\u00fan las cifras del INE relativas a 2019, las personas que viajaron para asistir a reuniones, eventos y ferias superaron los 10 millones y gastaron un 330% m\u00e1s que la media del turista convencional, generando un impacto econ\u00f3mico en nuestro pa\u00eds de m\u00e1s de 12.000 millones de euros. La cifra de empleos directos en este tipo de turismo est\u00e1 en torno a los 87.000 profesionales.<\/span><\/p>\n<p><span style=\"font-size: 14pt;\">Estos datos revelan la enorme importancia de la industria del turismo de reuniones en lo referente a generaci\u00f3n de valor y crecimiento para un destino, contribuyendo en retos clave como la desestacionalizaci\u00f3n, el aumento del gasto medio o de la recurrencia\u2026<\/span><\/p>\n<\/div><\/div><div  class=\"tatsu-module tatsu-normal-button tatsu-button-wrap   tatsu-h3p6u1tuwy791wwc   \"><a class=\"tatsu-shortcode largebtn tatsu-button left-icon rounded   bg-animation-none  \" href=\"https:\/\/aevea.es\/anuario-2022\/wp-content\/uploads\/2022\/06\/Estudio-Spain-Convention-Bureau-2021.pdf\" style= \"\"  aria-label=\"VER estudio\" data-gdpr-atts={} target=\"_blank\">VER estudio<\/a><style>.tatsu-h3p6u1tuwy791wwc .tatsu-button{background-color: rgba(149,17,126,1);color: #ffffff ;}.tatsu-h3p6u1tuwy791wwc.tatsu-button-wrap{margin: 30px 0px 0px 0px;}<\/style><\/div><\/div><\/div><div class = \"tatsu-column-bg-image-wrap\"><div class = \"tatsu-column-bg-image\" ><\/div><\/div><div class=\"tatsu-overlay tatsu-column-overlay tatsu-animate-none\" ><\/div><\/div><style>.tatsu-row > .tatsu-Hy6vhYt55.tatsu-column{width: 100%;}.tatsu-Hy6vhYt55.tatsu-column > .tatsu-column-inner > .tatsu-column-overlay{mix-blend-mode: normal;}.tatsu-Hy6vhYt55 > .tatsu-column-inner > .tatsu-top-divider{z-index: 9999;}.tatsu-Hy6vhYt55 > .tatsu-column-inner > .tatsu-bottom-divider{z-index: 9999;}.tatsu-Hy6vhYt55 > .tatsu-column-inner > .tatsu-left-divider{z-index: 9999;}.tatsu-Hy6vhYt55 > .tatsu-column-inner > .tatsu-right-divider{z-index: 9999;}@media only screen and (max-width:1377px) {.tatsu-row > .tatsu-Hy6vhYt55.tatsu-column{width: 100%;}}@media only screen and (min-width:768px) and (max-width: 1024px) {.tatsu-row > .tatsu-Hy6vhYt55.tatsu-column{width: 100%;}}@media only screen and (max-width: 767px) {.tatsu-row > .tatsu-Hy6vhYt55.tatsu-column{width: 100%;}}<\/style><\/div><\/div><\/div><\/div><div class=\"tatsu-section-background-wrap\"><div class = \"tatsu-section-background\" ><\/div><\/div><div class=\"tatsu-overlay tatsu-section-overlay\"><\/div><style>.tatsu-SJb6vhtK55 .tatsu-section-pad{padding: 30px 0px 60px 0px;}.tatsu-SJb6vhtK55 .tatsu-section-offset-wrap{transform: translateY(-0px);}.tatsu-SJb6vhtK55 > .tatsu-bottom-divider{z-index: 9999;}.tatsu-SJb6vhtK55 > .tatsu-top-divider{z-index: 9999;}.tatsu-SJb6vhtK55 .tatsu-section-overlay{mix-blend-mode: normal;}<\/style><\/div>\n","protected":false},"excerpt":{"rendered":"<p><a href=\"https:\/\/aevea.es\/anuario-2022\/los-numeros\/\" class=\"more-link style1-button\">Read More<\/a><\/p>","protected":false},"author":1,"featured_media":0,"parent":0,"menu_order":0,"comment_status":"closed","ping_status":"open","template":"","meta":{"footnotes":""},"class_list":["post-1474","page","type-page","status-publish","hentry"],"_links":{"self":[{"href":"https:\/\/aevea.es\/anuario-2022\/wp-json\/wp\/v2\/pages\/1474","targetHints":{"allow":["GET"]}}],"collection":[{"href":"https:\/\/aevea.es\/anuario-2022\/wp-json\/wp\/v2\/pages"}],"about":[{"href":"https:\/\/aevea.es\/anuario-2022\/wp-json\/wp\/v2\/types\/page"}],"author":[{"embeddable":true,"href":"https:\/\/aevea.es\/anuario-2022\/wp-json\/wp\/v2\/users\/1"}],"replies":[{"embeddable":true,"href":"https:\/\/aevea.es\/anuario-2022\/wp-json\/wp\/v2\/comments?post=1474"}],"version-history":[{"count":14,"href":"https:\/\/aevea.es\/anuario-2022\/wp-json\/wp\/v2\/pages\/1474\/revisions"}],"predecessor-version":[{"id":1632,"href":"https:\/\/aevea.es\/anuario-2022\/wp-json\/wp\/v2\/pages\/1474\/revisions\/1632"}],"wp:attachment":[{"href":"https:\/\/aevea.es\/anuario-2022\/wp-json\/wp\/v2\/media?parent=1474"}],"curies":[{"name":"wp","href":"https:\/\/api.w.org\/{rel}","templated":true}]}}