{"id":845,"date":"2021-06-25T09:29:15","date_gmt":"2021-06-25T09:29:15","guid":{"rendered":"https:\/\/www.aevea.es\/anuario-2021\/?page_id=845"},"modified":"2022-07-15T09:16:06","modified_gmt":"2022-07-15T09:16:06","slug":"carta-del-presidente","status":"publish","type":"page","link":"https:\/\/aevea.es\/anuario-2022\/carta-del-presidente\/","title":{"rendered":"Carta del presidente"},"content":{"rendered":"<div  class=\"tatsu-Sy-vaCE8iu tatsu-section  tatsu-bg-overlay   tatsu-clearfix\" data-title=\"\"  data-headerscheme=\"background--dark\"><div class='tatsu-section-pad clearfix' data-padding='{\"d\":\"7px 0px 30px 0px\"}' data-padding-top='7px'><div class=\"tatsu-row-wrap  tatsu-wrap tatsu-row-has-two-cols tatsu-medium-gutter tatsu-reg-cols  tatsu-clearfix tatsu-HkeDAkrIou\" ><style>.tatsu-HkeDAkrIou.tatsu-row-wrap > .tatsu-row{padding: 30px 0px 30px 0px;background-color: rgba(255,255,255,1);}<\/style><div  class=\"tatsu-row \" ><div  class=\"tatsu-column  tatsu-bg-overlay tatsu-three-fourth tatsu-column-image-none tatsu-column-effect-none  tatsu-Byt0yBIsd\"  data-parallax-speed=\"0\" style=\"\"><div class=\"tatsu-column-inner \" ><div class=\"tatsu-column-pad-wrap\"><div class=\"tatsu-column-pad\" ><div  class=\"tatsu-single-image tatsu-module tatsu-image-lazyload tatsu-SyYBve0ou  \" ><div class=\"tatsu-single-image-inner \" style=\"width : 1180px;\" ><div class = \"tatsu-single-image-padding-wrap\" style = \"padding-bottom : 56.186440677966%;\" ><\/div><img class = \"tatsu-gradient-border\" alt = \"\" title = \"master-crlos-loren\" data-src = \"https:\/\/aevea.es\/anuario-2022\/wp-content\/uploads\/2022\/06\/master-crlos-loren.jpg\" src =\"data:image\/png;base64,iVBORw0KGgoAAAANSUhEUgAAAAEAAAABCAQAAAC1HAwCAAAAC0lEQVR42mNkYAAAAAYAAjCB0C8AAAAASUVORK5CYII=\"  \/><\/div><style>.tatsu-SyYBve0ou .tatsu-single-image-inner{border-style: solid;max-width: 100%;}.tatsu-SyYBve0ou.tatsu-single-image{transform: translate3d(0px,0px, 0);}<\/style><\/div><div  class=\"tatsu-empty-space  tatsu-SJ7Sxw0sO  \" ><style>.tatsu-SJ7Sxw0sO.tatsu-empty-space{height: 30px;}<\/style><\/div><div  class=\"tatsu-module tatsu-text-block-wrap tatsu-rJZdlb5jd  \"><div class=\"tatsu-text-inner tatsu-align-center  clearfix\" ><style>.tatsu-rJZdlb5jd.tatsu-text-block-wrap .tatsu-text-inner{width: 100%;text-align: left;padding: 0px 0px 30px 0px;}.tatsu-rJZdlb5jd.tatsu-text-block-wrap{margin: 0px 0px 0px 0px;}<\/style>\n<p><strong><span style=\"font-size: 14pt;\">Un 2022 ilusionante para la industria de los eventos<\/span><\/strong><\/p>\n<p><span style=\"font-size: 14pt;\">Los resultados financieros de 2021 y el transcurso del primer semestre de 2022 permiten hablar de una clara recuperaci\u00f3n de nuestro sector. Recientemente, en nuestro AEVEA Pulse sobre negocio y tendencias, el 55% de los socios de AEVEA se mostraba optimista y preve\u00eda una recuperaci\u00f3n del 30% para este a\u00f1o. Cifras positivas, sin lugar a dudas, pero que, dada la volatilidad de los dos \u00faltimos ejercicios y la reestructuraci\u00f3n del sector, debemos recibir tambi\u00e9n con responsabilidad, temple y cautela.<\/span><\/p>\n<p><span style=\"font-size: 14pt;\">Esperamos una notable aceleraci\u00f3n del crecimiento del negocio y la generaci\u00f3n de empleo, impulsada por la desaparici\u00f3n de restricciones sanitarias en exterior e interior. Nuestro objetivo y aspiraci\u00f3n es regresar a cifras de negocio prepandemia antes de que finalice el a\u00f1o. No ser\u00e1 f\u00e1cil, pero debemos aprovechar el momento e inercia con los que rueda el a\u00f1o. <\/span><br \/><span style=\"font-size: 14pt;\">Esta recuperaci\u00f3n es un momento cr\u00edtico en la industria, pues lo caminado desde 2020 nos ha demostrado la importancia de contar con un sector unificado y construido sobre los cimientos m\u00e1s s\u00f3lidos: las buenas pr\u00e1cticas. El crecimiento que trae 2022, si no repercute en una mejor organizaci\u00f3n del sector, puede suponer un retroceso al m\u00e1s m\u00ednimo cambio de tendencia. La profesionalizaci\u00f3n en toda la cadena de producci\u00f3n y valor de la industria es clave para reforzar y dar entidad propia a nuestra actividad. <\/span><br \/><span style=\"font-size: 14pt;\">Estos dos \u00faltimos a\u00f1os han acelerado tambi\u00e9n la transici\u00f3n hacia un modelo econ\u00f3mico sostenible y que genere impacto positivo en la sociedad y el planeta. Tal es as\u00ed que la sexta edici\u00f3n de nuestro evento insignia, AEVEA&amp;CO, se celebrar\u00e1 bajo el claim \u201cCon prop\u00f3sito\u201d y en \u00e9l debatiremos las pr\u00e1cticas para avanzar teniendo en cuenta los criterios ESG (factores ambientales, sociales y de gobierno corporativo). La encuesta al respecto desarrollada por AEVEA nos dice que cerca del 20% de las agencias realiza aportaciones a la comunidad para fomentar la diversidad y la integraci\u00f3n social, as\u00ed como desarrolla iniciativas sin \u00e1nimo de lucro, con cerca de un 90% de los socios compensando la huella medioambiental con acciones concretas. Pod\u00e9is ver los resultados en detalle en la secci\u00f3n \u201cA Fondo\u201d de este anuario.<\/span><\/p>\n<p><span style=\"font-size: 14pt;\">Como decimos, es un momento clave para avanzar, pero debemos hacerlo unidos y dando pasos firmes por un camino seguro y estable. Nos espera 2023, donde debemos llegar con las herramientas que permitan alzarnos como compa\u00f1\u00edas y como industria.<\/span><\/p>\n<p>\u00a0<\/p>\n<\/div><\/div><\/div><\/div><div class = \"tatsu-column-bg-image-wrap\"><div class = \"tatsu-column-bg-image\" ><\/div><\/div><div class=\"tatsu-overlay tatsu-column-overlay tatsu-animate-none\" ><\/div><\/div><style>.tatsu-row > .tatsu-Byt0yBIsd.tatsu-column{width: 60%;}.tatsu-Byt0yBIsd.tatsu-column > .tatsu-column-inner > .tatsu-column-overlay{mix-blend-mode: normal;}.tatsu-Byt0yBIsd > .tatsu-column-inner > .tatsu-top-divider{z-index: 9999;}.tatsu-Byt0yBIsd > .tatsu-column-inner > .tatsu-bottom-divider{z-index: 9999;}.tatsu-Byt0yBIsd > .tatsu-column-inner > .tatsu-left-divider{z-index: 9999;}.tatsu-Byt0yBIsd > .tatsu-column-inner > .tatsu-right-divider{z-index: 9999;}@media only screen and (max-width:1377px) {.tatsu-row > .tatsu-Byt0yBIsd.tatsu-column{width: 60%;}}@media only screen and (min-width:768px) and (max-width: 1024px) {.tatsu-row > .tatsu-Byt0yBIsd.tatsu-column{width: 75%;}}@media only screen and (max-width: 767px) {.tatsu-row > .tatsu-Byt0yBIsd.tatsu-column{width: 100%;}}<\/style><\/div><div  class=\"tatsu-column  tatsu-bg-overlay tatsu-one-fourth tatsu-column-image-none tatsu-column-effect-none  tatsu-SJgFR1BIid\"  data-parallax-speed=\"0\" style=\"\"><div class=\"tatsu-column-inner \" ><div class=\"tatsu-column-pad-wrap\"><div class=\"tatsu-column-pad\" ><div  class=\"tatsu-module tatsu-text-block-wrap tatsu-h3n6ta5j1jb7ioz0  \"><div class=\"tatsu-text-inner tatsu-align-center  clearfix\" ><style>.tatsu-h3n6ta5j1jb7ioz0.tatsu-text-block-wrap .tatsu-text-inner{width: 100%;text-align: left;}.tatsu-h3n6ta5j1jb7ioz0.tatsu-text-block-wrap{margin: 0px 0px 0px 0px;}<\/style>\n<p><span style=\"font-size: 18pt;\"><strong>Contenido patrocinado<\/strong><\/span><\/p>\n<\/div><\/div><div  class=\"tatsu-module tatsu-video tatsu-youtube-wrap tatsu-S1UPomCjd   \" ><style>.tatsu-S1UPomCjd{padding: 0px 0px 76px 0px;margin: 30px 0px 0px 0px;}<\/style><div class = \"be-video-embed be-embed-placeholder\"><div class = \"be-youtube-embed\" data-video-id = \"InbIX-7vbgQ\" data-autoplay = \"1\" data-loop = \"1\"><\/div><\/div><\/div><div  class=\"tatsu-module tatsu-video tatsu-hosted-wrap tatsu-S19NLIw95   \" ><style>.tatsu-S19NLIw95{padding: 0px 0px 76px 0px;margin: 70px 0px 0px 0px;}<\/style><video  width = \"100%\" controls controlsList=\"nodownload\" poster = \"\" loop autoplay  ><source src=\"https:\/\/aevea.es\/anuario-2022\/add\/EIKONOS.mp4\" type=\"video\/mp4\"><\/video><\/div><div  class=\"tatsu-single-image tatsu-module align-center tatsu-image-lazyload tatsu-external-image tatsu-rJ8xeb9ju  \" ><div class=\"tatsu-single-image-inner \" style=\"\" ><div class = \"tatsu-single-image-padding-wrap\" style = \"\" ><\/div><a href = \"https:\/\/www.youtube.com\/watch?v=1bUZFNx2grc\" target = \"_blank\" ><img class = \"tatsu-gradient-border\" data-src = \"\" alt =\" \"  src =\"data:image\/png;base64,iVBORw0KGgoAAAANSUhEUgAAAAEAAAABCAQAAAC1HAwCAAAAC0lEQVR42mNkYAAAAAYAAjCB0C8AAAAASUVORK5CYII=\"  \/><\/a><\/div><style>.tatsu-rJ8xeb9ju .tatsu-single-image-inner{border-style: solid;max-width: 80%;}.tatsu-rJ8xeb9ju.tatsu-single-image{transform: translate3d(0px,0px, 0);}<\/style><\/div><div  class=\"tatsu-empty-space  tatsu-ByCGhmRju  \" ><style>.tatsu-ByCGhmRju.tatsu-empty-space{height: 30px;}<\/style><\/div><\/div><\/div><div class = \"tatsu-column-bg-image-wrap\"><div class = \"tatsu-column-bg-image\" ><\/div><\/div><div class=\"tatsu-overlay tatsu-column-overlay tatsu-animate-none\" ><\/div><\/div><style>.tatsu-row > .tatsu-SJgFR1BIid.tatsu-column{width: 40%;}.tatsu-SJgFR1BIid.tatsu-column > .tatsu-column-inner > .tatsu-column-overlay{mix-blend-mode: normal;}.tatsu-SJgFR1BIid > .tatsu-column-inner > .tatsu-top-divider{z-index: 9999;}.tatsu-SJgFR1BIid > .tatsu-column-inner > .tatsu-bottom-divider{z-index: 9999;}.tatsu-SJgFR1BIid > .tatsu-column-inner > .tatsu-left-divider{z-index: 9999;}.tatsu-SJgFR1BIid > .tatsu-column-inner > .tatsu-right-divider{z-index: 9999;}@media only screen and (max-width:1377px) {.tatsu-row > .tatsu-SJgFR1BIid.tatsu-column{width: 40%;}}@media only screen and (min-width:768px) and (max-width: 1024px) {.tatsu-row > .tatsu-SJgFR1BIid.tatsu-column{width: 25%;}}@media only screen and (max-width: 767px) {.tatsu-row > .tatsu-SJgFR1BIid.tatsu-column{width: 100%;}}<\/style><\/div><\/div><\/div><\/div><div class=\"tatsu-section-background-wrap\"><div class = \"tatsu-section-background\" ><\/div><\/div><div class=\"tatsu-overlay tatsu-section-overlay\"><\/div><div class = \"tatsu-shape-divider tatsu-bottom-divider\"><svg preserveAspectRatio = \"none\" xmlns=\"http:\/\/www.w3.org\/2000\/svg\" width=\"1920\" height=\"217\" viewBox=\"0 0 1920 217\">\r\n  <g fill-rule=\"evenodd\" transform=\"matrix(-1 0 0 1 1920 0)\">\r\n    <path d=\"M0,57.46875 C203.364583,135.217754 494.835938,156.564108 874.414062,121.507813 C1192.61198,-13.9827666 1541.14063,-35.3291208 1920,57.46875 L1920,207 L0,207 L0,57.46875 Z\" opacity=\".3\"\/>\r\n    <path d=\"M0,79 C292.46875,165.453125 612.46875,165.453125 960,79 C1307.53125,-7.453125 1627.53125,-7.453125 1920,79 L1920,207 L0,207 L0,79 Z\" opacity=\".6\"\/>\r\n    <path d=\"M0,89 C288.713542,146.786458 608.713542,146.786458 960,89 C1311.28646,31.2135417 1631.28646,31.2135417 1920,89 L1920,217 L0,217 L0,89 Z\"\/>\r\n  <\/g>\r\n<\/svg>\r\n<\/div><style>.tatsu-Sy-vaCE8iu .tatsu-section-pad{padding: 7px 0px 30px 0px;}.tatsu-Sy-vaCE8iu .tatsu-section-offset-wrap{transform: translateY(-0px);}.tatsu-Sy-vaCE8iu > .tatsu-bottom-divider{height: 100px;color: #ffffff ;z-index: 9999;}.tatsu-Sy-vaCE8iu > .tatsu-top-divider{z-index: 9999;}.tatsu-Sy-vaCE8iu .tatsu-section-overlay{mix-blend-mode: normal;}<\/style><\/div>\n","protected":false},"excerpt":{"rendered":"<p><a href=\"https:\/\/aevea.es\/anuario-2022\/carta-del-presidente\/\" class=\"more-link style1-button\">Read More<\/a><\/p>","protected":false},"author":1,"featured_media":0,"parent":0,"menu_order":0,"comment_status":"closed","ping_status":"closed","template":"","meta":{"footnotes":""},"class_list":["post-845","page","type-page","status-publish","hentry"],"_links":{"self":[{"href":"https:\/\/aevea.es\/anuario-2022\/wp-json\/wp\/v2\/pages\/845","targetHints":{"allow":["GET"]}}],"collection":[{"href":"https:\/\/aevea.es\/anuario-2022\/wp-json\/wp\/v2\/pages"}],"about":[{"href":"https:\/\/aevea.es\/anuario-2022\/wp-json\/wp\/v2\/types\/page"}],"author":[{"embeddable":true,"href":"https:\/\/aevea.es\/anuario-2022\/wp-json\/wp\/v2\/users\/1"}],"replies":[{"embeddable":true,"href":"https:\/\/aevea.es\/anuario-2022\/wp-json\/wp\/v2\/comments?post=845"}],"version-history":[{"count":21,"href":"https:\/\/aevea.es\/anuario-2022\/wp-json\/wp\/v2\/pages\/845\/revisions"}],"predecessor-version":[{"id":1642,"href":"https:\/\/aevea.es\/anuario-2022\/wp-json\/wp\/v2\/pages\/845\/revisions\/1642"}],"wp:attachment":[{"href":"https:\/\/aevea.es\/anuario-2022\/wp-json\/wp\/v2\/media?parent=845"}],"curies":[{"name":"wp","href":"https:\/\/api.w.org\/{rel}","templated":true}]}}