{"id":1474,"date":"2022-06-29T08:19:59","date_gmt":"2022-06-29T08:19:59","guid":{"rendered":"https:\/\/aevea.es\/anuario-2022\/?page_id=1474"},"modified":"2023-07-13T12:38:34","modified_gmt":"2023-07-13T12:38:34","slug":"los-numeros","status":"publish","type":"page","link":"https:\/\/aevea.es\/anuario-2023\/los-numeros\/","title":{"rendered":"Los n\u00fameros"},"content":{"rendered":"<div id=\"perspectiva\" class=\"tatsu-hfjvn5il7l95zlol tatsu-section  tatsu-parallax tatsu-bg-overlay   tatsu-clearfix\" data-title=\"Perspectiva\"  data-headerscheme=\"background--dark\"><div class = \"tatsu-shape-divider tatsu-top-divider\"><svg xmlns=\"http:\/\/www.w3.org\/2000\/svg\" preserveAspectRatio=\"none\" viewBox=\"0 0 1920 120\">\r\n  <polygon fill-rule=\"evenodd\" points=\"0 0 1920 120 0 120\" transform=\"matrix(1 0 0 -1 0 120)\"\/>\r\n<\/svg>\r\n<\/div><div class='tatsu-section-pad clearfix' data-padding='{\"d\":\"28px 0px 0px 0px\"}' data-padding-top='28px'><div class=\"tatsu-row-wrap  tatsu-wrap tatsu-row-has-one-half tatsu-row-has-two-cols tatsu-medium-gutter tatsu-reg-cols  tatsu-clearfix tatsu-hfjvn5iladd75tkw\" ><style>.tatsu-hfjvn5iladd75tkw.tatsu-row-wrap > .tatsu-row{padding: 0px 120px 0px 120px;}@media only screen and (max-width: 767px) {.tatsu-hfjvn5iladd75tkw.tatsu-row-wrap > .tatsu-row{padding: 0px 20px 0px 20px;}}<\/style><div  class=\"tatsu-row \" ><div  class=\"tatsu-column  tatsu-bg-overlay tatsu-one-half tatsu-column-image-none tatsu-column-effect-none  tatsu-hfjvn5ile6ae62uu\"  data-parallax-speed=\"0\" style=\"\"><div class=\"tatsu-column-inner \" ><div class=\"tatsu-column-pad-wrap\"><div class=\"tatsu-column-pad\" ><div  class=\"tatsu-module tatsu-text-block-wrap tatsu-hfjvn5ilg79y2cz1  \"><div class=\"tatsu-text-inner tatsu-align-center  clearfix\" ><style>.tatsu-hfjvn5ilg79y2cz1.tatsu-text-block-wrap .tatsu-text-inner{width: 100%;text-align: left;}.tatsu-hfjvn5ilg79y2cz1.tatsu-text-block-wrap{margin: 0px 0px 0px 0px;}<\/style>\n<p><span style=\"font-size: 18pt;\"><strong>Contenido patrocinado<\/strong><\/span><\/p>\n<\/div><\/div><div  class=\"tatsu-module tatsu-video tatsu-youtube-wrap tatsu-hfjvn5ili6f2ugut   \" ><style>.tatsu-hfjvn5ili6f2ugut{padding: 16px 0px 0px 0px;}<\/style><div class = \"be-video-embed be-embed-placeholder\"><div class = \"be-youtube-embed\" data-video-id = \"5Fvzz3842hk\" data-autoplay = \"1\" data-loop = \"1\"><\/div><\/div><\/div><\/div><\/div><div class = \"tatsu-column-bg-image-wrap\"><div class = \"tatsu-column-bg-image\" ><\/div><\/div><div class=\"tatsu-overlay tatsu-column-overlay tatsu-animate-none\" ><\/div><\/div><style>.tatsu-row > .tatsu-hfjvn5ile6ae62uu.tatsu-column{width: 50%;}.tatsu-hfjvn5ile6ae62uu.tatsu-column > .tatsu-column-inner > .tatsu-column-overlay{mix-blend-mode: normal;}.tatsu-hfjvn5ile6ae62uu > .tatsu-column-inner > .tatsu-top-divider{z-index: 9999;}.tatsu-hfjvn5ile6ae62uu > .tatsu-column-inner > .tatsu-bottom-divider{z-index: 9999;}.tatsu-hfjvn5ile6ae62uu > .tatsu-column-inner > .tatsu-left-divider{z-index: 9999;}.tatsu-hfjvn5ile6ae62uu > .tatsu-column-inner > .tatsu-right-divider{z-index: 9999;}@media only screen and (max-width:1377px) {.tatsu-row > .tatsu-hfjvn5ile6ae62uu.tatsu-column{width: 50%;}}@media only screen and (min-width:768px) and (max-width: 1024px) {.tatsu-row > .tatsu-hfjvn5ile6ae62uu.tatsu-column{width: 50%;}}@media only screen and (max-width: 767px) {.tatsu-row > .tatsu-hfjvn5ile6ae62uu.tatsu-column{width: 100%;}}<\/style><\/div><div  class=\"tatsu-column  tatsu-bg-overlay tatsu-one-half tatsu-column-image-none tatsu-column-effect-none  tatsu-hfjvn5iljz4q3rg0\"  data-parallax-speed=\"0\" style=\"\"><div class=\"tatsu-column-inner \" ><div class=\"tatsu-column-pad-wrap\"><div class=\"tatsu-column-pad\" ><div  class=\"tatsu-single-image tatsu-module align-center tatsu-image-lazyload tatsu-hfjvn5im7keen3el  \" ><div class=\"tatsu-single-image-inner \" style=\"width : 770px;\" ><div class = \"tatsu-single-image-padding-wrap\" style = \"padding-bottom : 192.46753246753%;\" ><\/div><a href = \"https:\/\/www.ifema.es\/nuestros-espacios?utm_campaign=AEVEA_corp_es_es_espana_brand_congresosyconvenciones_anuario_medios-directos___&utm_medium=medios-directos&utm_source=AEVEA\" target = \"_blank\" ><img class = \"tatsu-gradient-border\" alt = \"\" title = \"Convenciones_770x1482_B2C_groups_archive (1)\" data-src = \"https:\/\/aevea.es\/anuario-2023\/wp-content\/uploads\/2023\/07\/Convenciones_770x1482_B2C_groups_archive-1.gif\" src =\"data:image\/png;base64,iVBORw0KGgoAAAANSUhEUgAAAAEAAAABCAQAAAC1HAwCAAAAC0lEQVR42mNkYAAAAAYAAjCB0C8AAAAASUVORK5CYII=\"  \/><\/a><\/div><style>.tatsu-hfjvn5im7keen3el{margin: 0px 0px 0px 0px;padding: 43px 0px 0px 0px;}.tatsu-hfjvn5im7keen3el .tatsu-single-image-inner{border-style: solid;max-width: 80%;}.tatsu-hfjvn5im7keen3el.tatsu-single-image{transform: translate3d(0px,0px, 0);}<\/style><\/div><\/div><\/div><div class = \"tatsu-column-bg-image-wrap\"><div class = \"tatsu-column-bg-image\" ><\/div><\/div><div class=\"tatsu-overlay tatsu-column-overlay tatsu-animate-none\" ><\/div><\/div><style>.tatsu-row > .tatsu-hfjvn5iljz4q3rg0.tatsu-column{width: 50%;}.tatsu-hfjvn5iljz4q3rg0.tatsu-column > .tatsu-column-inner > .tatsu-column-overlay{mix-blend-mode: normal;}.tatsu-hfjvn5iljz4q3rg0 > .tatsu-column-inner > .tatsu-top-divider{z-index: 9999;}.tatsu-hfjvn5iljz4q3rg0 > .tatsu-column-inner > .tatsu-bottom-divider{z-index: 9999;}.tatsu-hfjvn5iljz4q3rg0 > .tatsu-column-inner > .tatsu-left-divider{z-index: 9999;}.tatsu-hfjvn5iljz4q3rg0 > .tatsu-column-inner > .tatsu-right-divider{z-index: 9999;}@media only screen and (max-width:1377px) {.tatsu-row > .tatsu-hfjvn5iljz4q3rg0.tatsu-column{width: 50%;}}@media only screen and (min-width:768px) and (max-width: 1024px) {.tatsu-row > .tatsu-hfjvn5iljz4q3rg0.tatsu-column{width: 50%;}}@media only screen and (max-width: 767px) {.tatsu-row > .tatsu-hfjvn5iljz4q3rg0.tatsu-column{width: 100%;}}<\/style><\/div><\/div><\/div><\/div><div class=\"tatsu-section-background-wrap tatsu-parallax-element-wrap\"><div class = \"tatsu-section-background tatsu-parallax-element\" ><\/div><\/div><div class=\"tatsu-overlay tatsu-section-overlay\"><\/div><style>.tatsu-hfjvn5il7l95zlol .tatsu-section-background{background-image: url(https:\/\/aevea.es\/anuario-2023\/wp-content\/uploads\/2023\/06\/fondo-perspectivas-1.jpg);background-repeat: no-repeat;background-attachment: scroll;background-position: top left;background-size: initial;}.tatsu-hfjvn5il7l95zlol .tatsu-bg-blur{background-repeat: no-repeat;background-attachment: scroll;background-position: top left;background-size: initial;}.tatsu-hfjvn5il7l95zlol .tatsu-section-pad{padding: 28px 0px 0px 0px;}.tatsu-hfjvn5il7l95zlol .tatsu-section-offset-wrap{transform: translateY(-0px);}.tatsu-hfjvn5il7l95zlol > .tatsu-top-divider{height: 100px;color: rgba(207,0,88,1) ;z-index: 9999;}.tatsu-hfjvn5il7l95zlol > .tatsu-bottom-divider{z-index: 9999;}.tatsu-hfjvn5il7l95zlol .tatsu-section-overlay{background: rgba(255,255,255,0);mix-blend-mode: normal;}<\/style><\/div><div  class=\"tatsu-SJWycM39O2 tatsu-section  tatsu-bg-overlay   tatsu-clearfix\" data-title=\"\"  data-headerscheme=\"background--dark\"><div class='tatsu-section-pad clearfix' data-padding='{\"d\":\"60px 0px 60px 0px\"}' data-padding-top='60px'><div class=\"tatsu-row-wrap  tatsu-wrap tatsu-row-one-col tatsu-row-has-one-cols tatsu-medium-gutter tatsu-reg-cols  tatsu-clearfix tatsu-H1gJ9zhquh\" ><div  class=\"tatsu-row \" ><div  class=\"tatsu-column  tatsu-bg-overlay tatsu-one-col tatsu-column-image-none tatsu-column-effect-none  tatsu-rk19M2cOh\"  data-parallax-speed=\"0\" style=\"\"><div class=\"tatsu-column-inner \" ><div class=\"tatsu-column-pad-wrap\"><div class=\"tatsu-column-pad\" ><div  class=\"tatsu-shortcode-module tatsu-module tatsu-S1ArgdTYh   \"  >\n<p><code><div class=\"addtoany_shortcode\"><div class=\"a2a_kit a2a_kit_size_32 addtoany_list\" data-a2a-url=\"https:\/\/aevea.es\/anuario-2023\/los-numeros\/\" data-a2a-title=\"Los n\u00fameros\"><a class=\"a2a_button_facebook\" href=\"https:\/\/www.addtoany.com\/add_to\/facebook?linkurl=https%3A%2F%2Faevea.es%2Fanuario-2023%2Flos-numeros%2F&amp;linkname=Los%20n%C3%BAmeros\" title=\"Facebook\" rel=\"nofollow noopener\" target=\"_blank\"><\/a><a class=\"a2a_button_twitter\" href=\"https:\/\/www.addtoany.com\/add_to\/twitter?linkurl=https%3A%2F%2Faevea.es%2Fanuario-2023%2Flos-numeros%2F&amp;linkname=Los%20n%C3%BAmeros\" title=\"Twitter\" rel=\"nofollow noopener\" target=\"_blank\"><\/a><a class=\"a2a_button_email\" href=\"https:\/\/www.addtoany.com\/add_to\/email?linkurl=https%3A%2F%2Faevea.es%2Fanuario-2023%2Flos-numeros%2F&amp;linkname=Los%20n%C3%BAmeros\" title=\"Email\" rel=\"nofollow noopener\" target=\"_blank\"><\/a><a class=\"a2a_button_whatsapp\" href=\"https:\/\/www.addtoany.com\/add_to\/whatsapp?linkurl=https%3A%2F%2Faevea.es%2Fanuario-2023%2Flos-numeros%2F&amp;linkname=Los%20n%C3%BAmeros\" title=\"WhatsApp\" rel=\"nofollow noopener\" target=\"_blank\"><\/a><a class=\"a2a_button_linkedin\" href=\"https:\/\/www.addtoany.com\/add_to\/linkedin?linkurl=https%3A%2F%2Faevea.es%2Fanuario-2023%2Flos-numeros%2F&amp;linkname=Los%20n%C3%BAmeros\" title=\"LinkedIn\" rel=\"nofollow noopener\" target=\"_blank\"><\/a><a class=\"a2a_dd addtoany_share_save addtoany_share\" href=\"https:\/\/www.addtoany.com\/share\"><\/a><\/div><\/div><\/code><\/p>\n<\/div><div  class=\"tatsu-module tatsu-text-block-wrap tatsu-rkV9G35O2  \"><div class=\"tatsu-text-inner tatsu-align-center  clearfix\" ><style>.tatsu-rkV9G35O2.tatsu-text-block-wrap .tatsu-text-inner{width: 100%;text-align: left;}<\/style>\n<p><span style=\"font-size: 14pt;\"><strong>INFORME AEVEA PULSE \u2013 NEGOCIO Y TENDENCIAS (2\u00aa EDICI\u00d3N)<\/strong><\/span><\/p>\n<p>\u00a0<\/p>\n<p><strong>Junto a la profesionalizaci\u00f3n, las agencias han destacado el valor y la relevancia de las alianzas estrat\u00e9gicas entre compa\u00f1\u00edas<\/strong><\/p>\n<p>\u00a0<\/p>\n<p><strong>\u00a0<\/strong>Estudio anual que recoge el comportamiento del sector del marketing experiencial durante el pasado a\u00f1o.<\/p>\n<p>En lo referente a la previsi\u00f3n de <strong>cumplimiento de los objetivos financieros<\/strong> marcados a comienzos del pasado a\u00f1o, un <strong>78% de las empresas encuestas reconocen que han mejorado sus expectativas<\/strong> sobre la consecuci\u00f3n de los objetivos en m\u00e1s de un 30% (39% de los encuestados) y un 10% (39% de los encuestados). En paralelo, para el 21% restante, los resultados econ\u00f3micos se han mantenido en la misma l\u00ednea planteada al comienzo del ejercicio 2022. Estos datos responden al buen comportamiento que est\u00e1 teniendo el sector en los \u00faltimos meses, afianzando la senda del crecimiento.<\/p>\n<\/div><\/div><div  class=\"tatsu-single-image tatsu-module align-center tatsu-image-lazyload tatsu-HyVZN29O2  \" ><div class=\"tatsu-single-image-inner \" style=\"width : 1091px;\" ><div class = \"tatsu-single-image-padding-wrap\" style = \"padding-bottom : 50.229147571036%;\" ><\/div><img class = \"tatsu-gradient-border\" alt = \"\" title = \"G1\" data-src = \"https:\/\/aevea.es\/anuario-2023\/wp-content\/uploads\/2023\/06\/G1.png\" src =\"data:image\/png;base64,iVBORw0KGgoAAAANSUhEUgAAAAEAAAABCAQAAAC1HAwCAAAAC0lEQVR42mNkYAAAAAYAAjCB0C8AAAAASUVORK5CYII=\"  \/><\/div><style>.tatsu-HyVZN29O2 .tatsu-single-image-inner{border-style: solid;max-width: 100%;}.tatsu-HyVZN29O2.tatsu-single-image{transform: translate3d(0px,0px, 0);}<\/style><\/div><div  class=\"tatsu-module tatsu-text-block-wrap tatsu-By_E435dh  \"><div class=\"tatsu-text-inner tatsu-align-center  clearfix\" ><style>.tatsu-By_E435dh.tatsu-text-block-wrap .tatsu-text-inner{width: 100%;text-align: left;}<\/style>\n<p>En los \u00faltimos a\u00f1os, el sector ha sabido adaptarse a un entorno cambiante, para el que ha demostrado estar preparado, trazando en un tiempo r\u00e9cord un nuevo modelo de negocio y poniendo de manifiesto la capacidad de transformaci\u00f3n y de adaptaci\u00f3n. Este buen comportamiento se refleja en el <strong>incremento del <\/strong><strong>volumen de negocio de las agencias de eventos y marketing experiencial en 2022<\/strong> frente al obtenido en pre-pandemia (2019). El <strong>45% de las compa\u00f1\u00edas afirman haber aumentado en m\u00e1s de un 10% sus ingresos<\/strong>, mientras que el 36% lo habr\u00edan hecho en un 30%. En cuanto a la horquilla de facturaci\u00f3n, un <strong>21% de las agencias consultadas facturaron por encima de los 20 millones de euros<\/strong>, seguidas de un 24% con facturaciones entre 5 y 10 millones de euros en 2022.<\/p>\n<\/div><\/div><div  class=\"tatsu-single-image tatsu-module align-center tatsu-image-lazyload tatsu-By-HEnqOh  \" ><div class=\"tatsu-single-image-inner \" style=\"width : 1091px;\" ><div class = \"tatsu-single-image-padding-wrap\" style = \"padding-bottom : 50.229147571036%;\" ><\/div><img class = \"tatsu-gradient-border\" alt = \"\" title = \"G2\" data-src = \"https:\/\/aevea.es\/anuario-2023\/wp-content\/uploads\/2023\/06\/G2.png\" src =\"data:image\/png;base64,iVBORw0KGgoAAAANSUhEUgAAAAEAAAABCAQAAAC1HAwCAAAAC0lEQVR42mNkYAAAAAYAAjCB0C8AAAAASUVORK5CYII=\"  \/><\/div><style>.tatsu-By-HEnqOh .tatsu-single-image-inner{border-style: solid;max-width: 100%;}.tatsu-By-HEnqOh.tatsu-single-image{transform: translate3d(0px,0px, 0);}<\/style><\/div><div  class=\"tatsu-module tatsu-text-block-wrap tatsu-BJhtE25u2  \"><div class=\"tatsu-text-inner tatsu-align-center  clearfix\" ><style>.tatsu-BJhtE25u2.tatsu-text-block-wrap .tatsu-text-inner{width: 100%;text-align: left;}<\/style>\n<p><strong>La actividad de las agencias reflejada en n\u00fameros<\/strong><\/p>\n<p>\u00a0<\/p>\n<p>Los resultados econ\u00f3micos son el reflejo del importante volumen de trabajo que han atendido las agencias de eventos en 2022. El pasado a\u00f1o, <strong>un 48,5% declaran haber organizado m\u00e1s de 100 eventos<\/strong>, un 10% m\u00e1s de acciones que en 2021.<\/p>\n<p>Este aumento ha sido posible gracias a la <strong>capacidad de anticipaci\u00f3n de la industria<\/strong>. A lo largo del pasado a\u00f1o, <strong>las agencias han reforzado sus estructuras<\/strong> con el objetivo de dar respuesta al volumen de trabajo creciente que han demandado clientes y marcas.<\/p>\n<\/div><\/div><div  class=\"tatsu-single-image tatsu-module align-center tatsu-image-lazyload tatsu-H1jiVhc_h  \" ><div class=\"tatsu-single-image-inner \" style=\"width : 1224px;\" ><div class = \"tatsu-single-image-padding-wrap\" style = \"padding-bottom : 45.016339869281%;\" ><\/div><img class = \"tatsu-gradient-border\" alt = \"\" title = \"G3\" data-src = \"https:\/\/aevea.es\/anuario-2023\/wp-content\/uploads\/2023\/06\/G3.png\" src =\"data:image\/png;base64,iVBORw0KGgoAAAANSUhEUgAAAAEAAAABCAQAAAC1HAwCAAAAC0lEQVR42mNkYAAAAAYAAjCB0C8AAAAASUVORK5CYII=\"  \/><\/div><style>.tatsu-H1jiVhc_h .tatsu-single-image-inner{border-style: solid;max-width: 100%;}.tatsu-H1jiVhc_h.tatsu-single-image{transform: translate3d(0px,0px, 0);}<\/style><\/div><div  class=\"tatsu-module tatsu-text-block-wrap tatsu-BJN6Nnquh  \"><div class=\"tatsu-text-inner tatsu-align-center  clearfix\" ><style>.tatsu-BJN6Nnquh.tatsu-text-block-wrap .tatsu-text-inner{width: 100%;text-align: left;}<\/style>\n<p>En paralelo a los datos en t\u00e9rminos de n\u00famero de eventos, la transformaci\u00f3n del sector tambi\u00e9n suma nuevas variables cualitativas. En este \u00faltimo a\u00f1o, <strong>m\u00e1s del 60% de las agencias han centrado sus esfuerzos en reforzar perfiles y roles profesionales<\/strong>. Junto a la profesionalizaci\u00f3n, las agencias encuestadas han destacado el valor y la relevancia de las <strong>alianzas estrat\u00e9gicas entre compa\u00f1\u00edas (48%)<\/strong> y la aparici\u00f3n de nuevos perfiles profesionales (48%).<\/p>\n<p>Del mismo modo, esta \u00faltima edici\u00f3n de AEVEA Pulse recoge <strong>la <\/strong><strong>evoluci\u00f3n de los eventos desde el punto de vista de las tendencias<\/strong>. <strong>Destaca de forma exponencial <\/strong><strong>de la sostenibilidad, una palanca que el 72% de las agencias afirman haber acentuado en el \u00faltimo a\u00f1o<\/strong>. Adem\u00e1s de ser una demanda creciente por parte de los clientes, la gesti\u00f3n sostenible es un concepto prioritario para el sector, como parte de la gesti\u00f3n eficiente y respetuosa de su impacto. Junto a la sostenibilidad, otras tendencias de especial relevancia para las agencias encuestadas han sido la importancia del contenido (66%), la creatividad digital (42%) y la medici\u00f3n de los resultados (42%), entre otros. En este sentido, los avances del sector en los temas de medici\u00f3n del impacto, a trav\u00e9s de herramientas como AEVEARoX, son cruciales para hacer tangible el valor de los eventos.<\/p>\n<p>\u00a0<\/p>\n<p><strong>Capital humano: un valor estrat\u00e9gico<\/strong><\/p>\n<p>\u00a0<\/p>\n<p><strong>El 54% de los encuestados han afirmado tener entre sus previsiones aumentar su n\u00famero de trabajadores en m\u00e1s del 10%<\/strong>, pese a que el 55% asegura tener dificultades a la hora de identificar talento, siendo el perfil de Project Manager el m\u00e1s complicado de incorporar.<\/p>\n<\/div><\/div><div  class=\"tatsu-single-image tatsu-module tatsu-image-lazyload tatsu-SJ7brncOh  \" ><div class=\"tatsu-single-image-inner \" style=\"width : 1091px;\" ><div class = \"tatsu-single-image-padding-wrap\" style = \"padding-bottom : 50.229147571036%;\" ><\/div><img class = \"tatsu-gradient-border\" alt = \"\" title = \"G4\" data-src = \"https:\/\/aevea.es\/anuario-2023\/wp-content\/uploads\/2023\/06\/G4.png\" src =\"data:image\/png;base64,iVBORw0KGgoAAAANSUhEUgAAAAEAAAABCAQAAAC1HAwCAAAAC0lEQVR42mNkYAAAAAYAAjCB0C8AAAAASUVORK5CYII=\"  \/><\/div><style>.tatsu-SJ7brncOh .tatsu-single-image-inner{border-style: solid;max-width: 100%;}.tatsu-SJ7brncOh.tatsu-single-image{transform: translate3d(0px,0px, 0);}<\/style><\/div><div  class=\"tatsu-module tatsu-text-block-wrap tatsu-HJCfS25_n  \"><div class=\"tatsu-text-inner tatsu-align-center  clearfix\" ><style>.tatsu-HJCfS25_n.tatsu-text-block-wrap .tatsu-text-inner{width: 100%;text-align: left;}<\/style>\n<p>Contar con especialistas experimentados en cada uno de los \u00e1mbitos de la industria del marketing experiencial se ha vuelto imprescindible. En este sentido, la captaci\u00f3n y retenci\u00f3n del talento, as\u00ed como la formaci\u00f3n permanente, pasan a ser prioridad de los planes de RSC de las compa\u00f1\u00edas.<\/p>\n<p>\u00a0<\/p>\n<p><strong>Un sector resiliente<\/strong><\/p>\n<p>\u00a0<\/p>\n<p>La situaci\u00f3n econom\u00eda mundial se ha reflejado en la industria del marketing experiencial con <strong>un incremento de los costes a lo largo de toda la cadena de valor de los eventos<\/strong>, siendo los servicios de catering los que m\u00e1s se han visto impactados por la subida (33%), seguidos por la producci\u00f3n audiovisual (21%) y el personal auxiliar (18%).<\/p>\n<\/div><\/div><div  class=\"tatsu-single-image tatsu-module align-center tatsu-image-lazyload tatsu-rJ6UvhqO2  \" ><div class=\"tatsu-single-image-inner \" style=\"width : 1224px;\" ><div class = \"tatsu-single-image-padding-wrap\" style = \"padding-bottom : 45.016339869281%;\" ><\/div><img class = \"tatsu-gradient-border\" alt = \"\" title = \"G5\" data-src = \"https:\/\/aevea.es\/anuario-2023\/wp-content\/uploads\/2023\/06\/G5.png\" src =\"data:image\/png;base64,iVBORw0KGgoAAAANSUhEUgAAAAEAAAABCAQAAAC1HAwCAAAAC0lEQVR42mNkYAAAAAYAAjCB0C8AAAAASUVORK5CYII=\"  \/><\/div><style>.tatsu-rJ6UvhqO2 .tatsu-single-image-inner{border-style: solid;max-width: 100%;}.tatsu-rJ6UvhqO2.tatsu-single-image{transform: translate3d(0px,0px, 0);}<\/style><\/div><div  class=\"tatsu-module tatsu-text-block-wrap tatsu-B1pcDh9u2  \"><div class=\"tatsu-text-inner tatsu-align-center  clearfix\" ><style>.tatsu-B1pcDh9u2.tatsu-text-block-wrap .tatsu-text-inner{width: 100%;text-align: left;}<\/style>\n<p>A este respecto, el 34% de las agencias encuestadas consideran que estas subidas de precios impactan de forma directa en su actividad, y las sit\u00faan en torno a un 20% y un 10% superior a los precios del pasado.<\/p>\n<p>En este mismo sentido, este incremento de los costes se ha visto compensado por un cierto incremento de los presupuestos de las marcas. Este aumento supuso una facturaci\u00f3n adicional en torno a un 10%, para el 21% de las agencias encuestadas, y de un 5,5% para el 24%. M\u00e1s de la mitad de los encuestados considera que las marcas han mantenido los presupuesto, a pesar del escenario econ\u00f3mico actual y la presi\u00f3n inflacionista.<\/p>\n<\/div><\/div><div  class=\"tatsu-single-image tatsu-module align-center tatsu-image-lazyload tatsu-SJC3v2qOh  \" ><div class=\"tatsu-single-image-inner \" style=\"width : 1156px;\" ><div class = \"tatsu-single-image-padding-wrap\" style = \"padding-bottom : 45.242214532872%;\" ><\/div><img class = \"tatsu-gradient-border\" alt = \"\" title = \"G6\" data-src = \"https:\/\/aevea.es\/anuario-2023\/wp-content\/uploads\/2023\/06\/G6.png\" src =\"data:image\/png;base64,iVBORw0KGgoAAAANSUhEUgAAAAEAAAABCAQAAAC1HAwCAAAAC0lEQVR42mNkYAAAAAYAAjCB0C8AAAAASUVORK5CYII=\"  \/><\/div><style>.tatsu-SJC3v2qOh .tatsu-single-image-inner{border-style: solid;max-width: 100%;}.tatsu-SJC3v2qOh.tatsu-single-image{transform: translate3d(0px,0px, 0);}<\/style><\/div><div  class=\"tatsu-module tatsu-text-block-wrap tatsu-r1Bkun5dn  \"><div class=\"tatsu-text-inner tatsu-align-center  clearfix\" ><style>.tatsu-r1Bkun5dn.tatsu-text-block-wrap .tatsu-text-inner{width: 100%;text-align: left;}<\/style>\n<p><strong>Automoci\u00f3n, el sector que m\u00e1s eventos realiza<\/strong><\/p>\n<p>Los eventos profesionales (convenciones, lanzamientos de producto, juntas de accionistas, congresos, jornadas, ferias, ruedas de prensa, actos ben\u00e9ficos, exposiciones, inauguraciones, conferencias; entre otros) han crecido mucho en importancia y son hoy una herramienta clave en las estrategias de comunicaci\u00f3n externa e interna, marketing y RSC de las organizaciones.<\/p>\n<p>Como cada a\u00f1o, AEVEA Pulse recoge el <strong>ranking de sectores<\/strong> que m\u00e1s eventos y experiencias han organizado el pasado a\u00f1o. Seg\u00fan el 66% de las agencias encuestadas, <strong>la industria de la automoci\u00f3n ocupa la primera posici\u00f3n (67%), seguida por la farmac\u00e9utica (60%), el segmento lujo y premium (54%) y el sector de alimentaci\u00f3n y bebidas (48%)<\/strong>.<\/p>\n<p>En cuanto a la categorizaci\u00f3n por tipolog\u00eda, las convenciones son los eventos que m\u00e1s representaci\u00f3n tienen, seguidas por las presentaciones de producto y marca (66%) y los congresos (57%).<\/p>\n<\/div><\/div><\/div><\/div><div class = \"tatsu-column-bg-image-wrap\"><div class = \"tatsu-column-bg-image\" ><\/div><\/div><div class=\"tatsu-overlay tatsu-column-overlay tatsu-animate-none\" ><\/div><\/div><style>.tatsu-row > .tatsu-rk19M2cOh.tatsu-column{width: 100%;}.tatsu-rk19M2cOh.tatsu-column > .tatsu-column-inner > .tatsu-column-overlay{mix-blend-mode: normal;}.tatsu-rk19M2cOh > .tatsu-column-inner > .tatsu-top-divider{z-index: 9999;}.tatsu-rk19M2cOh > .tatsu-column-inner > .tatsu-bottom-divider{z-index: 9999;}.tatsu-rk19M2cOh > .tatsu-column-inner > .tatsu-left-divider{z-index: 9999;}.tatsu-rk19M2cOh > .tatsu-column-inner > .tatsu-right-divider{z-index: 9999;}@media only screen and (max-width:1377px) {.tatsu-row > .tatsu-rk19M2cOh.tatsu-column{width: 100%;}}@media only screen and (min-width:768px) and (max-width: 1024px) {.tatsu-row > .tatsu-rk19M2cOh.tatsu-column{width: 100%;}}@media only screen and (max-width: 767px) {.tatsu-row > .tatsu-rk19M2cOh.tatsu-column{width: 100%;}}<\/style><\/div><\/div><\/div><\/div><div class=\"tatsu-section-background-wrap\"><div class = \"tatsu-section-background\" ><\/div><\/div><div class=\"tatsu-overlay tatsu-section-overlay\"><\/div><style>.tatsu-SJWycM39O2 .tatsu-section-pad{padding: 60px 0px 60px 0px;}.tatsu-SJWycM39O2 .tatsu-section-offset-wrap{transform: translateY(-0px);}.tatsu-SJWycM39O2 > .tatsu-bottom-divider{z-index: 9999;}.tatsu-SJWycM39O2 > .tatsu-top-divider{z-index: 9999;}.tatsu-SJWycM39O2 .tatsu-section-overlay{mix-blend-mode: normal;}<\/style><\/div><div id=\"perspectiva\" class=\"tatsu-hfjvo1mm795iz8ov tatsu-section  tatsu-parallax tatsu-bg-overlay   tatsu-clearfix\" data-title=\"Perspectiva\"  data-headerscheme=\"background--dark\"><div class = \"tatsu-shape-divider tatsu-top-divider tatsu-flip-divider\"><svg xmlns=\"http:\/\/www.w3.org\/2000\/svg\" preserveAspectRatio=\"none\" viewBox=\"0 0 1920 120\">\r\n  <polygon fill-rule=\"evenodd\" points=\"0 0 1920 120 0 120\" transform=\"matrix(1 0 0 -1 0 120)\"\/>\r\n<\/svg>\r\n<\/div><div class='tatsu-section-pad clearfix' data-padding='{\"d\":\"0px 0px 60px 0px\"}' data-padding-top='0px'><\/div><div class=\"tatsu-section-background-wrap\"><div class = \"tatsu-section-background\" ><\/div><\/div><div class=\"tatsu-overlay tatsu-section-overlay\"><\/div><div class = \"tatsu-shape-divider tatsu-bottom-divider\"><svg xmlns=\"http:\/\/www.w3.org\/2000\/svg\" preserveAspectRatio=\"none\" viewBox=\"0 0 1920 120\">\r\n  <polygon fill-rule=\"evenodd\" points=\"0 0 1920 120 0 120\"\/>\r\n<\/svg>\r\n<\/div><style>.tatsu-hfjvo1mm795iz8ov .tatsu-section-pad{padding: 0px 0px 60px 0px;}.tatsu-hfjvo1mm795iz8ov .tatsu-section-offset-wrap{transform: translateY(-0px);}.tatsu-hfjvo1mm795iz8ov > .tatsu-top-divider{height: 100px;color: rgba(255,255,255,1) ;z-index: 9999;}.tatsu-hfjvo1mm795iz8ov > .tatsu-bottom-divider{height: 100px;color: rgba(236,110,0,1) ;z-index: 9999;}.tatsu-hfjvo1mm795iz8ov .tatsu-section-overlay{background: rgba(255,255,255,0.58);mix-blend-mode: normal;}<\/style><\/div>\n","protected":false},"excerpt":{"rendered":"<p><a href=\"https:\/\/aevea.es\/anuario-2023\/los-numeros\/\" class=\"more-link style3-button\">Read More<\/a><\/p>","protected":false},"author":1,"featured_media":2393,"parent":0,"menu_order":0,"comment_status":"closed","ping_status":"open","template":"","meta":{"footnotes":""},"class_list":["post-1474","page","type-page","status-publish","has-post-thumbnail","hentry"],"_links":{"self":[{"href":"https:\/\/aevea.es\/anuario-2023\/wp-json\/wp\/v2\/pages\/1474","targetHints":{"allow":["GET"]}}],"collection":[{"href":"https:\/\/aevea.es\/anuario-2023\/wp-json\/wp\/v2\/pages"}],"about":[{"href":"https:\/\/aevea.es\/anuario-2023\/wp-json\/wp\/v2\/types\/page"}],"author":[{"embeddable":true,"href":"https:\/\/aevea.es\/anuario-2023\/wp-json\/wp\/v2\/users\/1"}],"replies":[{"embeddable":true,"href":"https:\/\/aevea.es\/anuario-2023\/wp-json\/wp\/v2\/comments?post=1474"}],"version-history":[{"count":24,"href":"https:\/\/aevea.es\/anuario-2023\/wp-json\/wp\/v2\/pages\/1474\/revisions"}],"predecessor-version":[{"id":2414,"href":"https:\/\/aevea.es\/anuario-2023\/wp-json\/wp\/v2\/pages\/1474\/revisions\/2414"}],"wp:featuredmedia":[{"embeddable":true,"href":"https:\/\/aevea.es\/anuario-2023\/wp-json\/wp\/v2\/media\/2393"}],"wp:attachment":[{"href":"https:\/\/aevea.es\/anuario-2023\/wp-json\/wp\/v2\/media?parent=1474"}],"curies":[{"name":"wp","href":"https:\/\/api.w.org\/{rel}","templated":true}]}}