{"id":1856,"date":"2023-06-22T15:02:35","date_gmt":"2023-06-22T15:02:35","guid":{"rendered":"https:\/\/aevea.es\/anuario-2023\/?page_id=1856"},"modified":"2023-07-14T07:07:28","modified_gmt":"2023-07-14T07:07:28","slug":"juanjo-torres","status":"publish","type":"page","link":"https:\/\/aevea.es\/anuario-2023\/juanjo-torres\/","title":{"rendered":"ART\u00cdCULO Juanjo Torres"},"content":{"rendered":"<div  class=\"tatsu-Sy-vaCE8iu tatsu-section  tatsu-parallax tatsu-bg-overlay   tatsu-clearfix\" data-title=\"\"  data-headerscheme=\"background--dark\"><div class = \"tatsu-shape-divider tatsu-top-divider tatsu-shape-over\"><svg xmlns=\"http:\/\/www.w3.org\/2000\/svg\" preserveAspectRatio=\"none\" viewBox=\"0 0 1920 120\">\r\n  <polygon fill-rule=\"evenodd\" points=\"0 0 1920 120 0 120\" transform=\"matrix(1 0 0 -1 0 120)\"\/>\r\n<\/svg>\r\n<\/div><div class='tatsu-section-pad clearfix' data-padding='{\"d\":\"7px 0px 0px 0px\"}' data-padding-top='7px'><div class=\"tatsu-row-wrap  tatsu-wrap tatsu-row-has-two-cols tatsu-medium-gutter tatsu-reg-cols  tatsu-clearfix tatsu-HkeDAkrIou\" ><style>.tatsu-HkeDAkrIou.tatsu-row-wrap > .tatsu-row{padding: 30px 0px 0px 0px;margin-bottom: 0px;}.tatsu-HkeDAkrIou > .tatsu-row{margin-top: 90px;}<\/style><div  class=\"tatsu-row \" ><div  class=\"tatsu-column  tatsu-bg-overlay tatsu-three-fourth tatsu-column-image-none tatsu-column-effect-none  tatsu-Byt0yBIsd\"  data-parallax-speed=\"0\" style=\"\"><div class=\"tatsu-column-inner \" ><div class=\"tatsu-column-pad-wrap\"><div class=\"tatsu-column-pad\" ><div  class=\"tatsu-single-image tatsu-module tatsu-image-lazyload tatsu-SyYBve0ou  \" ><div class=\"tatsu-single-image-inner \" style=\"width : 1182px;\" ><div class = \"tatsu-single-image-padding-wrap\" style = \"padding-bottom : 45.346869712352%;\" ><\/div><img class = \"tatsu-gradient-border\" alt = \"\" title = \"Juanjo-Torres-articulo\" data-src = \"https:\/\/aevea.es\/anuario-2023\/wp-content\/uploads\/2023\/06\/Juanjo-Torres-articulo.jpg\" src =\"data:image\/png;base64,iVBORw0KGgoAAAANSUhEUgAAAAEAAAABCAQAAAC1HAwCAAAAC0lEQVR42mNkYAAAAAYAAjCB0C8AAAAASUVORK5CYII=\"  \/><\/div><style>.tatsu-SyYBve0ou{margin: 40px 0px 0px 0px;}.tatsu-SyYBve0ou .tatsu-single-image-inner{border-style: solid;max-width: 100%;}.tatsu-SyYBve0ou.tatsu-single-image{transform: translate3d(0px,0px, 0);}<\/style><\/div><div  class=\"tatsu-empty-space  tatsu-SJ7Sxw0sO  \" ><style>.tatsu-SJ7Sxw0sO.tatsu-empty-space{height: 30px;}<\/style><\/div><div  class=\"tatsu-module tatsu-text-block-wrap tatsu-rJZdlb5jd  \"><div class=\"tatsu-text-inner tatsu-align-center  clearfix\" ><style>.tatsu-rJZdlb5jd.tatsu-text-block-wrap .tatsu-text-inner{width: 100%;text-align: left;padding: 0px 0px 30px 0px;}.tatsu-rJZdlb5jd.tatsu-text-block-wrap{margin: 0px 0px 0px 0px;}<\/style>\n<h4>El talento, la clave del \u00e9xito en la organizaci\u00f3n de experiencias<\/h4>\n<p><span style=\"font-size: 14pt;\">En el mundo de la organizaci\u00f3n de eventos hay un elemento que destaca por encima de todo, el talento. Es el ingrediente esencial que impulsa el \u00e9xito y la excelencia en la creaci\u00f3n de experiencias inolvidables. Durante alg\u00fan tiempo, a\u00f1os atr\u00e1s, no se le dio la importancia que requer\u00eda, b\u00e1sicamente por encontrarnos en situaciones de mercado donde los buenos (y talentosos) colaboradores abundaban. En estos tiempos donde cuesta atraer el talento, es donde nos damos cuenta que es sobre ellos sobre los que se construyen los eventos m\u00e1s destacados.<\/span><\/p>\n<p><span style=\"font-size: 14pt;\">Puedes disponer de todos los medios para la realizaci\u00f3n de una experiencia inolvidable: el mejor presupuesto, la tecnolog\u00eda m\u00e1s avanzada y una ubicaci\u00f3n de ensue\u00f1o; pero si no cuentas con un equipo humano de calidad, es dif\u00edcil lograr que un evento sea verdaderamente memorable. El talento se manifiesta en muchas formas dentro de la organizaci\u00f3n de eventos, y cada una de ellas es crucial para el \u00e9xito general.<\/span><\/p>\n<p><span style=\"font-size: 14pt;\">En primer lugar, se encuentra la capacidad creativa. Los organizadores de eventos tienen una habilidad especial para pensar de manera innovadora y generar ideas \u00fanicas que cautivan a los participantes. Ellos son capaces de convertir un espacio vac\u00edo, en muchos casos cuatro paredes, en un escenario deslumbrante, transformando simples materiales en experiencias tangibles y emocionantes. Su creatividad es la base principal que impulsa la magia de un evento.<\/span><\/p>\n<p><span style=\"font-size: 14pt;\">El ingenio organizativo tambi\u00e9n es fundamental. Los organizadores con talento son maestros de operaciones, capaces de coordinar m\u00faltiples tareas y elementos en perfecta armon\u00eda. Desde la gesti\u00f3n de proveedores y el control del presupuesto, hasta la planificaci\u00f3n minuciosa de los horarios y la coordinaci\u00f3n del personal, su habilidad para mantener todos los aspectos del evento perfectamente ordenados es esencial para el \u00e9xito.<\/span><\/p>\n<p><span style=\"font-size: 14pt;\">Adem\u00e1s, la agudeza interpersonal juega un papel crucial en la organizaci\u00f3n de eventos. Los profesionales con talento son expertos en la gesti\u00f3n de relaciones personales, tanto con los clientes como con los proveedores. Son capaces de establecer conexiones s\u00f3lidas, comunicarse de manera efectiva y resolver cualquier conflicto que surja en el camino, de una forma eficiente. Su habilidad para trabajar en equipo y cultivar relaciones fluidas es lo que hace que un evento sea un esfuerzo colaborativo exitoso.<\/span><\/p>\n<p><span style=\"font-size: 14pt;\">Por \u00faltimo, pero no menos importante, est\u00e1 la capacidad para adaptarse a los cambios. Los eventos en vivo pueden ser impredecibles y es crucial tener la capacidad de reaccionar r\u00e1pidamente ante cualquier contratiempo. El papel o el powerpoint lo aguanta todo, pero la realidad es caprichosa y no siempre las situaciones son las esperadas. Es en esas vicisitudes donde los organizadores con talento son flexibles y est\u00e1n preparados para ajustar planes sobre la marcha, encontrar soluciones creativas y mantener la calma en situaciones de presi\u00f3n o tensi\u00f3n. Su capacidad para adaptarse y superar los obst\u00e1culos es lo que garantiza que un evento siempre siga adelante, sin importar las circunstancias.<\/span><\/p>\n<p><span style=\"font-size: 14pt;\">Debemos interiorizar en las empresas que la gesti\u00f3n del talento ha pasado a un plano superior dentro de nuestras prioridades. Sin colaboradores de calidad, bien cuidados, formados y felices dentro de nuestra organizaci\u00f3n va a ser complicado poder seguir manteniendo el pulso a un sector tan exigente como es el de los Eventos.<\/span><\/p>\n<\/div><\/div><div  class=\"tatsu-shortcode-module tatsu-module tatsu-rJ7zaPTY3   \"  >\n<p><code><div class=\"addtoany_shortcode\"><div class=\"a2a_kit a2a_kit_size_32 addtoany_list\" data-a2a-url=\"https:\/\/aevea.es\/anuario-2023\/juanjo-torres\/\" data-a2a-title=\"ART\u00cdCULO Juanjo Torres\"><a class=\"a2a_button_facebook\" href=\"https:\/\/www.addtoany.com\/add_to\/facebook?linkurl=https%3A%2F%2Faevea.es%2Fanuario-2023%2Fjuanjo-torres%2F&amp;linkname=ART%C3%8DCULO%20Juanjo%20Torres\" title=\"Facebook\" rel=\"nofollow noopener\" target=\"_blank\"><\/a><a class=\"a2a_button_twitter\" href=\"https:\/\/www.addtoany.com\/add_to\/twitter?linkurl=https%3A%2F%2Faevea.es%2Fanuario-2023%2Fjuanjo-torres%2F&amp;linkname=ART%C3%8DCULO%20Juanjo%20Torres\" title=\"Twitter\" rel=\"nofollow noopener\" target=\"_blank\"><\/a><a class=\"a2a_button_email\" href=\"https:\/\/www.addtoany.com\/add_to\/email?linkurl=https%3A%2F%2Faevea.es%2Fanuario-2023%2Fjuanjo-torres%2F&amp;linkname=ART%C3%8DCULO%20Juanjo%20Torres\" title=\"Email\" rel=\"nofollow noopener\" target=\"_blank\"><\/a><a class=\"a2a_button_whatsapp\" href=\"https:\/\/www.addtoany.com\/add_to\/whatsapp?linkurl=https%3A%2F%2Faevea.es%2Fanuario-2023%2Fjuanjo-torres%2F&amp;linkname=ART%C3%8DCULO%20Juanjo%20Torres\" title=\"WhatsApp\" rel=\"nofollow noopener\" target=\"_blank\"><\/a><a class=\"a2a_button_linkedin\" href=\"https:\/\/www.addtoany.com\/add_to\/linkedin?linkurl=https%3A%2F%2Faevea.es%2Fanuario-2023%2Fjuanjo-torres%2F&amp;linkname=ART%C3%8DCULO%20Juanjo%20Torres\" title=\"LinkedIn\" rel=\"nofollow noopener\" target=\"_blank\"><\/a><a class=\"a2a_dd addtoany_share_save addtoany_share\" href=\"https:\/\/www.addtoany.com\/share\"><\/a><\/div><\/div><\/code><\/p>\n<\/div><\/div><\/div><div class = \"tatsu-column-bg-image-wrap\"><div class = \"tatsu-column-bg-image\" ><\/div><\/div><div class=\"tatsu-overlay tatsu-column-overlay tatsu-animate-none\" ><\/div><\/div><style>.tatsu-row > .tatsu-Byt0yBIsd.tatsu-column{width: 60%;}.tatsu-Byt0yBIsd.tatsu-column > .tatsu-column-inner > .tatsu-column-overlay{mix-blend-mode: normal;}.tatsu-Byt0yBIsd > .tatsu-column-inner > .tatsu-top-divider{z-index: 9999;}.tatsu-Byt0yBIsd > .tatsu-column-inner > .tatsu-bottom-divider{z-index: 9999;}.tatsu-Byt0yBIsd > .tatsu-column-inner > .tatsu-left-divider{z-index: 9999;}.tatsu-Byt0yBIsd > .tatsu-column-inner > .tatsu-right-divider{z-index: 9999;}@media only screen and (max-width:1377px) {.tatsu-row > .tatsu-Byt0yBIsd.tatsu-column{width: 60%;}}@media only screen and (min-width:768px) and (max-width: 1024px) {.tatsu-row > .tatsu-Byt0yBIsd.tatsu-column{width: 75%;}}@media only screen and (max-width: 767px) {.tatsu-row > .tatsu-Byt0yBIsd.tatsu-column{width: 100%;}}<\/style><\/div><div  class=\"tatsu-column  tatsu-bg-overlay tatsu-one-fourth tatsu-column-image-none tatsu-column-effect-none  tatsu-SJgFR1BIid\"  data-parallax-speed=\"0\" style=\"\"><div class=\"tatsu-column-inner \" ><div class=\"tatsu-column-pad-wrap\"><div class=\"tatsu-column-pad\" ><div  class=\"tatsu-module tatsu-text-block-wrap tatsu-ryTemGP95  \"><div class=\"tatsu-text-inner tatsu-align-center  clearfix\" ><style>.tatsu-ryTemGP95.tatsu-text-block-wrap .tatsu-text-inner{width: 100%;text-align: left;}.tatsu-ryTemGP95.tatsu-text-block-wrap{margin: 0px 0px 0px 0px;}<\/style>\n<p><span style=\"font-size: 18pt;\"><strong>Contenido patrocinado<\/strong><\/span><\/p>\n<\/div><\/div><div  class=\"tatsu-module tatsu-video tatsu-youtube-wrap tatsu-S1UPomCjd   \" ><style>.tatsu-S1UPomCjd{padding: 0px 0px 76px 0px;margin: 20px 0px 0px 0px;}<\/style><div class = \"be-video-embed be-embed-placeholder\"><div class = \"be-youtube-embed\" data-video-id = \"DLs6rkJw5tA\" data-autoplay = \"1\" data-loop = \"1\"><\/div><\/div><\/div><div  class=\"tatsu-single-image tatsu-module align-center tatsu-image-lazyload tatsu-rJ8xeb9ju  \" ><div class=\"tatsu-single-image-inner \" style=\"width : 770px;\" ><div class = \"tatsu-single-image-padding-wrap\" style = \"padding-bottom : 192.46753246753%;\" ><\/div><a href = \"https:\/\/www.gijonomia.es\/es\/septimo-principio.php\" target = \"_blank\" ><img class = \"tatsu-gradient-border\" alt = \"\" title = \"Banner_romanos_770x1482px\" data-src = \"https:\/\/aevea.es\/anuario-2023\/wp-content\/uploads\/2023\/07\/Banner_romanos_770x1482px.jpg\" src =\"data:image\/png;base64,iVBORw0KGgoAAAANSUhEUgAAAAEAAAABCAQAAAC1HAwCAAAAC0lEQVR42mNkYAAAAAYAAjCB0C8AAAAASUVORK5CYII=\"  \/><\/a><\/div><style>.tatsu-rJ8xeb9ju .tatsu-single-image-inner{border-style: solid;max-width: 80%;}.tatsu-rJ8xeb9ju.tatsu-single-image{transform: translate3d(0px,0px, 0);}<\/style><\/div><div  class=\"tatsu-empty-space  tatsu-ByCGhmRju  \" ><style>.tatsu-ByCGhmRju.tatsu-empty-space{height: 30px;}<\/style><\/div><\/div><\/div><div class = \"tatsu-column-bg-image-wrap\"><div class = \"tatsu-column-bg-image\" ><\/div><\/div><div class=\"tatsu-overlay tatsu-column-overlay tatsu-animate-none\" ><\/div><\/div><style>.tatsu-row > .tatsu-SJgFR1BIid.tatsu-column{width: 40%;}.tatsu-SJgFR1BIid.tatsu-column > .tatsu-column-inner > .tatsu-column-overlay{mix-blend-mode: normal;}.tatsu-SJgFR1BIid > .tatsu-column-inner > .tatsu-top-divider{z-index: 9999;}.tatsu-SJgFR1BIid > .tatsu-column-inner > .tatsu-bottom-divider{z-index: 9999;}.tatsu-SJgFR1BIid > .tatsu-column-inner > .tatsu-left-divider{z-index: 9999;}.tatsu-SJgFR1BIid > .tatsu-column-inner > .tatsu-right-divider{z-index: 9999;}@media only screen and (max-width:1377px) {.tatsu-row > .tatsu-SJgFR1BIid.tatsu-column{width: 40%;}}@media only screen and (min-width:768px) and (max-width: 1024px) {.tatsu-row > .tatsu-SJgFR1BIid.tatsu-column{width: 25%;}}@media only screen and (max-width: 767px) {.tatsu-row > .tatsu-SJgFR1BIid.tatsu-column{width: 100%;}}<\/style><\/div><\/div><\/div><\/div><div class=\"tatsu-section-background-wrap\"><div class = \"tatsu-section-background\" ><\/div><\/div><div class=\"tatsu-overlay tatsu-section-overlay\"><\/div><div class = \"tatsu-shape-divider tatsu-bottom-divider tatsu-flip-divider\"><svg xmlns=\"http:\/\/www.w3.org\/2000\/svg\" preserveAspectRatio=\"none\" viewBox=\"0 0 1920 120\">\r\n  <polygon fill-rule=\"evenodd\" points=\"0 0 1920 120 0 120\"\/>\r\n<\/svg>\r\n<\/div><style>.tatsu-Sy-vaCE8iu .tatsu-section-pad{padding: 7px 0px 0px 0px;}.tatsu-Sy-vaCE8iu .tatsu-section-offset-wrap{transform: translateY(-0px);}.tatsu-Sy-vaCE8iu > .tatsu-top-divider{height: 145px;color: rgba(207,0,88,1) ;z-index: 9999;}.tatsu-Sy-vaCE8iu > .tatsu-bottom-divider{height: 145px;color: rgba(255,77,14,1) ;z-index: 9999;}.tatsu-Sy-vaCE8iu .tatsu-section-overlay{mix-blend-mode: normal;}<\/style><\/div>\n","protected":false},"excerpt":{"rendered":"<p><a href=\"https:\/\/aevea.es\/anuario-2023\/juanjo-torres\/\" class=\"more-link style3-button\">Read More<\/a><\/p>","protected":false},"author":2,"featured_media":2421,"parent":0,"menu_order":0,"comment_status":"closed","ping_status":"closed","template":"","meta":{"footnotes":""},"class_list":["post-1856","page","type-page","status-publish","has-post-thumbnail","hentry"],"_links":{"self":[{"href":"https:\/\/aevea.es\/anuario-2023\/wp-json\/wp\/v2\/pages\/1856","targetHints":{"allow":["GET"]}}],"collection":[{"href":"https:\/\/aevea.es\/anuario-2023\/wp-json\/wp\/v2\/pages"}],"about":[{"href":"https:\/\/aevea.es\/anuario-2023\/wp-json\/wp\/v2\/types\/page"}],"author":[{"embeddable":true,"href":"https:\/\/aevea.es\/anuario-2023\/wp-json\/wp\/v2\/users\/2"}],"replies":[{"embeddable":true,"href":"https:\/\/aevea.es\/anuario-2023\/wp-json\/wp\/v2\/comments?post=1856"}],"version-history":[{"count":7,"href":"https:\/\/aevea.es\/anuario-2023\/wp-json\/wp\/v2\/pages\/1856\/revisions"}],"predecessor-version":[{"id":2396,"href":"https:\/\/aevea.es\/anuario-2023\/wp-json\/wp\/v2\/pages\/1856\/revisions\/2396"}],"wp:featuredmedia":[{"embeddable":true,"href":"https:\/\/aevea.es\/anuario-2023\/wp-json\/wp\/v2\/media\/2421"}],"wp:attachment":[{"href":"https:\/\/aevea.es\/anuario-2023\/wp-json\/wp\/v2\/media?parent=1856"}],"curies":[{"name":"wp","href":"https:\/\/api.w.org\/{rel}","templated":true}]}}