{"id":1862,"date":"2023-06-22T15:19:39","date_gmt":"2023-06-22T15:19:39","guid":{"rendered":"https:\/\/aevea.es\/anuario-2023\/?page_id=1862"},"modified":"2023-10-16T14:21:32","modified_gmt":"2023-10-16T14:21:32","slug":"csilla","status":"publish","type":"page","link":"https:\/\/aevea.es\/anuario-2023\/csilla\/","title":{"rendered":"ART\u00cdCULO Csilla Felf\u00f6ldy"},"content":{"rendered":"<div  class=\"tatsu-Sy-vaCE8iu tatsu-section  tatsu-parallax tatsu-bg-overlay   tatsu-clearfix\" data-title=\"\"  data-headerscheme=\"background--dark\"><div class = \"tatsu-shape-divider tatsu-top-divider tatsu-shape-over\"><svg xmlns=\"http:\/\/www.w3.org\/2000\/svg\" preserveAspectRatio=\"none\" viewBox=\"0 0 1920 120\">\r\n  <polygon fill-rule=\"evenodd\" points=\"0 0 1920 120 0 120\" transform=\"matrix(1 0 0 -1 0 120)\"\/>\r\n<\/svg>\r\n<\/div><div class='tatsu-section-pad clearfix' data-padding='{\"d\":\"7px 0px 0px 0px\"}' data-padding-top='7px'><div class=\"tatsu-row-wrap  tatsu-wrap tatsu-row-has-two-cols tatsu-medium-gutter tatsu-reg-cols  tatsu-clearfix tatsu-HkeDAkrIou\" ><style>.tatsu-HkeDAkrIou.tatsu-row-wrap > .tatsu-row{padding: 30px 0px 0px 0px;margin-bottom: 0px;}.tatsu-HkeDAkrIou > .tatsu-row{margin-top: 90px;}<\/style><div  class=\"tatsu-row \" ><div  class=\"tatsu-column  tatsu-bg-overlay tatsu-three-fourth tatsu-column-image-none tatsu-column-effect-none  tatsu-Byt0yBIsd\"  data-parallax-speed=\"0\" style=\"\"><div class=\"tatsu-column-inner \" ><div class=\"tatsu-column-pad-wrap\"><div class=\"tatsu-column-pad\" ><div  class=\"tatsu-single-image tatsu-module tatsu-image-lazyload tatsu-SyYBve0ou  \" ><div class=\"tatsu-single-image-inner \" style=\"width : 1182px;\" ><div class = \"tatsu-single-image-padding-wrap\" style = \"padding-bottom : 47.969543147208%;\" ><\/div><img class = \"tatsu-gradient-border\" alt = \"\" title = \"csillafefefel\" data-src = \"https:\/\/aevea.es\/anuario-2023\/wp-content\/uploads\/2023\/06\/csillafefefel.jpg\" src =\"data:image\/png;base64,iVBORw0KGgoAAAANSUhEUgAAAAEAAAABCAQAAAC1HAwCAAAAC0lEQVR42mNkYAAAAAYAAjCB0C8AAAAASUVORK5CYII=\"  \/><\/div><style>.tatsu-SyYBve0ou{margin: 40px 0px 0px 0px;}.tatsu-SyYBve0ou .tatsu-single-image-inner{border-style: solid;max-width: 100%;}.tatsu-SyYBve0ou.tatsu-single-image{transform: translate3d(0px,0px, 0);}<\/style><\/div><div  class=\"tatsu-empty-space  tatsu-SJ7Sxw0sO  \" ><style>.tatsu-SJ7Sxw0sO.tatsu-empty-space{height: 30px;}<\/style><\/div><div  class=\"tatsu-module tatsu-text-block-wrap tatsu-rJZdlb5jd  \"><div class=\"tatsu-text-inner tatsu-align-center  clearfix\" ><style>.tatsu-rJZdlb5jd.tatsu-text-block-wrap .tatsu-text-inner{width: 100%;text-align: left;padding: 0px 0px 30px 0px;}.tatsu-rJZdlb5jd.tatsu-text-block-wrap{margin: 0px 0px 0px 0px;}<\/style>\n<h4>La formaci\u00f3n especializada como base para profesionalizar la industria de los eventos<\/h4>\n<p><span style=\"font-size: 14pt;\">La industria de los eventos es una industria muy din\u00e1mica que est\u00e1 en constante evoluci\u00f3n. Es bien sabido que todo evento comunica. El mensaje a transmitir, a qui\u00e9n transmitir ese mensaje y con qu\u00e9 objetivos son definidos por el anfitri\u00f3n. La planificaci\u00f3n, organizaci\u00f3n y ejecuci\u00f3n del evento es responsabilidad de los organizadores de eventos, que garantizan que ese mensaje llegue de la manera y objetivos deseados a los receptores, es decir, a los invitados.<\/span><\/p>\n<p><span style=\"font-size: 14pt;\">Un buen profesional de organizaci\u00f3n de eventos debe conocer y entender la sociedad, su forma de comunicaci\u00f3n y de c\u00f3mo se relaciona, pues ello tendr\u00e1 su aplicaci\u00f3n directa en el evento: la forma de comunicaci\u00f3n con los invitados, el dise\u00f1o del programa, actividades propuestas; por mencionar algunos aspectos.<\/span><\/p>\n<p><span style=\"font-size: 14pt;\">Hoy en d\u00eda se busca la perfecci\u00f3n en todo y los eventos tampoco pueden quedar atr\u00e1s. Desde la idea de organizar un evento, de la \u00edndole que sea, hasta su ejecuci\u00f3n hay una larga lista de tareas a realizar. Y, para ello, es necesario crear unos procedimientos que nos gu\u00eden a lo largo de la organizaci\u00f3n y garanticen el \u00e9xito.<\/span><\/p>\n<p><span style=\"font-size: 14pt;\">Tras unos a\u00f1os de par\u00f3n obligatorio, los eventos presenciales han vuelto con fuerza. La necesidad de poder encontrarnos de nuevo en persona, ha hecho que los eventos pongan mucho peso en el factor humano; de crear experiencias \u00fanicas y emocionantes. La creatividad es uno de los elementos fundamentales que hacen que nuestro evento marque la diferencia. Pero sin una perfecta organizaci\u00f3n y ejecuci\u00f3n, la maravillosa idea principal puede terminar en desastre o hacer que no obtengamos los resultados deseados.<\/span><\/p>\n<p><span style=\"font-size: 14pt;\">Es en este punto en el que cobra importancia la formaci\u00f3n en protocolo y organizaci\u00f3n de eventos, para los que ya forman parte o quieren entrar en este sector.<\/span><\/p>\n<p><span style=\"font-size: 14pt;\">Esta formaci\u00f3n especializada dota a los profesionales de los eventos de todas las herramientas necesarias para que, a la hora de tener que dise\u00f1ar, planificar, organizar y ejecutar cualquier tipo de evento, se vean capacitados; teniendo tanto los conocimientos de las normas de protocolo y de comunicaci\u00f3n, como las herramientas de organizaci\u00f3n de cualquier tipo de evento, las habilidades directivas de un equipo de protocolo, saber del proceso de producci\u00f3n, tener conocimientos y pr\u00e1ctica en la utilizaci\u00f3n de las nuevas tecnolog\u00edas aplicadas a los eventos, saber gestionar los imprevistos. En definitiva, todo lo necesario para la toma de decisiones adecuadas en funci\u00f3n de las caracter\u00edsticas y necesidades del evento.<\/span><br \/><span style=\"font-size: 14pt;\">Como toda actividad, la organizaci\u00f3n de eventos requiere de tener una buena base de conocimientos, una formaci\u00f3n espec\u00edfica o la actualizaci\u00f3n de la misma. En el sector, todav\u00eda encontramos un porcentaje bastante alto de profesionales que carecen de una titulaci\u00f3n especializada. Aunque ya se aprecia un ligero cambio en este sentido, pues el abanico de ofertas de formaci\u00f3n especializada en protocolo y organizaci\u00f3n de eventos va ampli\u00e1ndose a\u00f1o tras a\u00f1o y hay cada vez m\u00e1s empresas e instituciones que requieren profesionales titulados, a\u00fan queda mucho camino por recorrer. <\/span><br \/><span style=\"font-size: 14pt;\">Desde la Universidad Europea abogamos por la preparaci\u00f3n especializada de los profesionales de la industria de los eventos y en ello nos acompa\u00f1a Agencias de Eventos Espa\u00f1olas Asociadas (AEVEA), entendiendo la importancia que tiene una buena formaci\u00f3n de todos los que trabajamos y amamos esta profesi\u00f3n y esta industria. Por ello, hemos firmado un convenio para facilitar la incorporaci\u00f3n de nuestros alumnos del m\u00e1ster al sector y de esta manera ofrecer profesionales dotados de los conocimientos especializados en protocolo y organizaci\u00f3n de eventos a las agencias.<\/span><\/p>\n<p><span style=\"font-size: 14pt;\">Creemos que es un camino que tiene mucho futuro, en el que ambos mundos, el de los eventos y el de la formaci\u00f3n deben andar de la mano. Estamos convencidos de que la base de la profesionalizaci\u00f3n de la industria de eventos es la formaci\u00f3n especializada.<\/span><\/p>\n<\/div><\/div><div  class=\"tatsu-shortcode-module tatsu-module tatsu-rJ9HavaKh   \"  >\n<p><code><div class=\"addtoany_shortcode\"><div class=\"a2a_kit a2a_kit_size_32 addtoany_list\" data-a2a-url=\"https:\/\/aevea.es\/anuario-2023\/csilla\/\" data-a2a-title=\"ART\u00cdCULO Csilla Felf\u00f6ldy\"><a class=\"a2a_button_facebook\" href=\"https:\/\/www.addtoany.com\/add_to\/facebook?linkurl=https%3A%2F%2Faevea.es%2Fanuario-2023%2Fcsilla%2F&amp;linkname=ART%C3%8DCULO%20Csilla%20Felf%C3%B6ldy\" title=\"Facebook\" rel=\"nofollow noopener\" target=\"_blank\"><\/a><a class=\"a2a_button_twitter\" href=\"https:\/\/www.addtoany.com\/add_to\/twitter?linkurl=https%3A%2F%2Faevea.es%2Fanuario-2023%2Fcsilla%2F&amp;linkname=ART%C3%8DCULO%20Csilla%20Felf%C3%B6ldy\" title=\"Twitter\" rel=\"nofollow noopener\" target=\"_blank\"><\/a><a class=\"a2a_button_email\" href=\"https:\/\/www.addtoany.com\/add_to\/email?linkurl=https%3A%2F%2Faevea.es%2Fanuario-2023%2Fcsilla%2F&amp;linkname=ART%C3%8DCULO%20Csilla%20Felf%C3%B6ldy\" title=\"Email\" rel=\"nofollow noopener\" target=\"_blank\"><\/a><a class=\"a2a_button_whatsapp\" href=\"https:\/\/www.addtoany.com\/add_to\/whatsapp?linkurl=https%3A%2F%2Faevea.es%2Fanuario-2023%2Fcsilla%2F&amp;linkname=ART%C3%8DCULO%20Csilla%20Felf%C3%B6ldy\" title=\"WhatsApp\" rel=\"nofollow noopener\" target=\"_blank\"><\/a><a class=\"a2a_button_linkedin\" href=\"https:\/\/www.addtoany.com\/add_to\/linkedin?linkurl=https%3A%2F%2Faevea.es%2Fanuario-2023%2Fcsilla%2F&amp;linkname=ART%C3%8DCULO%20Csilla%20Felf%C3%B6ldy\" title=\"LinkedIn\" rel=\"nofollow noopener\" target=\"_blank\"><\/a><a class=\"a2a_dd addtoany_share_save addtoany_share\" href=\"https:\/\/www.addtoany.com\/share\"><\/a><\/div><\/div><\/code><\/p>\n<\/div><\/div><\/div><div class = \"tatsu-column-bg-image-wrap\"><div class = \"tatsu-column-bg-image\" ><\/div><\/div><div class=\"tatsu-overlay tatsu-column-overlay tatsu-animate-none\" ><\/div><\/div><style>.tatsu-row > .tatsu-Byt0yBIsd.tatsu-column{width: 60%;}.tatsu-Byt0yBIsd.tatsu-column > .tatsu-column-inner > .tatsu-column-overlay{mix-blend-mode: normal;}.tatsu-Byt0yBIsd > .tatsu-column-inner > .tatsu-top-divider{z-index: 9999;}.tatsu-Byt0yBIsd > .tatsu-column-inner > .tatsu-bottom-divider{z-index: 9999;}.tatsu-Byt0yBIsd > .tatsu-column-inner > .tatsu-left-divider{z-index: 9999;}.tatsu-Byt0yBIsd > .tatsu-column-inner > .tatsu-right-divider{z-index: 9999;}@media only screen and (max-width:1377px) {.tatsu-row > .tatsu-Byt0yBIsd.tatsu-column{width: 60%;}}@media only screen and (min-width:768px) and (max-width: 1024px) {.tatsu-row > .tatsu-Byt0yBIsd.tatsu-column{width: 75%;}}@media only screen and (max-width: 767px) {.tatsu-row > .tatsu-Byt0yBIsd.tatsu-column{width: 100%;}}<\/style><\/div><div  class=\"tatsu-column  tatsu-bg-overlay tatsu-one-fourth tatsu-column-image-none tatsu-column-effect-none  tatsu-SJgFR1BIid\"  data-parallax-speed=\"0\" style=\"\"><div class=\"tatsu-column-inner \" ><div class=\"tatsu-column-pad-wrap\"><div class=\"tatsu-column-pad\" ><div  class=\"tatsu-module tatsu-text-block-wrap tatsu-ryTemGP95  \"><div class=\"tatsu-text-inner tatsu-align-center  clearfix\" ><style>.tatsu-ryTemGP95.tatsu-text-block-wrap .tatsu-text-inner{width: 100%;text-align: left;}.tatsu-ryTemGP95.tatsu-text-block-wrap{margin: 0px 0px 0px 0px;}<\/style>\n<p><span style=\"font-size: 18pt;\"><strong>Contenido patrocinado<\/strong><\/span><\/p>\n<\/div><\/div><div  class=\"tatsu-module tatsu-video tatsu-youtube-wrap tatsu-S1UPomCjd   \" ><style>.tatsu-S1UPomCjd{padding: 0px 0px 76px 0px;margin: 20px 0px 0px 0px;}<\/style><div class = \"be-video-embed be-embed-placeholder\"><div class = \"be-youtube-embed\" data-video-id = \"GrOerHetC3w\" data-autoplay = \"1\" data-loop = \"1\"><\/div><\/div><\/div><div  class=\"tatsu-single-image tatsu-module align-center tatsu-image-lazyload tatsu-ry3c86cb6  \" ><div class=\"tatsu-single-image-inner \" style=\"width : 770px;\" ><div class = \"tatsu-single-image-padding-wrap\" style = \"padding-bottom : 192.46753246753%;\" ><\/div><a href = \"https:\/\/www.orange.es\/empresas\/grandes-empresas\/big-data\" target = \"_blank\" ><img class = \"tatsu-gradient-border\" alt = \"\" title = \"Banner_Orange_AEVEALab_ok1\" data-src = \"https:\/\/aevea.es\/anuario-2023\/wp-content\/uploads\/2023\/10\/Banner_Orange_AEVEALab_ok1.jpg\" src =\"data:image\/png;base64,iVBORw0KGgoAAAANSUhEUgAAAAEAAAABCAQAAAC1HAwCAAAAC0lEQVR42mNkYAAAAAYAAjCB0C8AAAAASUVORK5CYII=\"  \/><\/a><\/div><style>.tatsu-ry3c86cb6 .tatsu-single-image-inner{border-style: solid;max-width: 80%;}.tatsu-ry3c86cb6.tatsu-single-image{transform: translate3d(0px,0px, 0);}<\/style><\/div><div  class=\"tatsu-single-image tatsu-module align-center tatsu-image-lazyload tatsu-external-image tatsu-rJ8xeb9ju  \" ><div class=\"tatsu-single-image-inner \" style=\"\" ><div class = \"tatsu-single-image-padding-wrap\" style = \"\" ><\/div><img class = \"tatsu-gradient-border\" data-src = \"https:\/\/aevea.es\/anuario-2023\/wp-content\/uploads\/2023\/06\/AAAAAAAKAKAKAKAK.jpg\" alt =\" \"  src =\"data:image\/png;base64,iVBORw0KGgoAAAANSUhEUgAAAAEAAAABCAQAAAC1HAwCAAAAC0lEQVR42mNkYAAAAAYAAjCB0C8AAAAASUVORK5CYII=\"  \/><\/div><style>.tatsu-rJ8xeb9ju .tatsu-single-image-inner{border-style: solid;max-width: 100%;}.tatsu-rJ8xeb9ju.tatsu-single-image{transform: translate3d(0px,0px, 0);}<\/style><\/div><div  class=\"tatsu-empty-space  tatsu-ByCGhmRju  \" ><style>.tatsu-ByCGhmRju.tatsu-empty-space{height: 30px;}<\/style><\/div><\/div><\/div><div class = \"tatsu-column-bg-image-wrap\"><div class = \"tatsu-column-bg-image\" ><\/div><\/div><div class=\"tatsu-overlay tatsu-column-overlay tatsu-animate-none\" ><\/div><\/div><style>.tatsu-row > .tatsu-SJgFR1BIid.tatsu-column{width: 40%;}.tatsu-SJgFR1BIid.tatsu-column > .tatsu-column-inner > .tatsu-column-overlay{mix-blend-mode: normal;}.tatsu-SJgFR1BIid > .tatsu-column-inner > .tatsu-top-divider{z-index: 9999;}.tatsu-SJgFR1BIid > .tatsu-column-inner > .tatsu-bottom-divider{z-index: 9999;}.tatsu-SJgFR1BIid > .tatsu-column-inner > .tatsu-left-divider{z-index: 9999;}.tatsu-SJgFR1BIid > .tatsu-column-inner > .tatsu-right-divider{z-index: 9999;}@media only screen and (max-width:1377px) {.tatsu-row > .tatsu-SJgFR1BIid.tatsu-column{width: 40%;}}@media only screen and (min-width:768px) and (max-width: 1024px) {.tatsu-row > .tatsu-SJgFR1BIid.tatsu-column{width: 25%;}}@media only screen and (max-width: 767px) {.tatsu-row > .tatsu-SJgFR1BIid.tatsu-column{width: 100%;}}<\/style><\/div><\/div><\/div><\/div><div class=\"tatsu-section-background-wrap\"><div class = \"tatsu-section-background\" ><\/div><\/div><div class=\"tatsu-overlay tatsu-section-overlay\"><\/div><div class = \"tatsu-shape-divider tatsu-bottom-divider tatsu-flip-divider\"><svg xmlns=\"http:\/\/www.w3.org\/2000\/svg\" preserveAspectRatio=\"none\" viewBox=\"0 0 1920 120\">\r\n  <polygon fill-rule=\"evenodd\" points=\"0 0 1920 120 0 120\"\/>\r\n<\/svg>\r\n<\/div><style>.tatsu-Sy-vaCE8iu .tatsu-section-pad{padding: 7px 0px 0px 0px;}.tatsu-Sy-vaCE8iu .tatsu-section-offset-wrap{transform: translateY(-0px);}.tatsu-Sy-vaCE8iu > .tatsu-top-divider{height: 145px;color: rgba(207,0,88,1) ;z-index: 9999;}.tatsu-Sy-vaCE8iu > .tatsu-bottom-divider{height: 145px;color: rgba(255,77,14,1) ;z-index: 9999;}.tatsu-Sy-vaCE8iu .tatsu-section-overlay{mix-blend-mode: normal;}<\/style><\/div>\n","protected":false},"excerpt":{"rendered":"<p><a href=\"https:\/\/aevea.es\/anuario-2023\/csilla\/\" class=\"more-link style3-button\">Read More<\/a><\/p>","protected":false},"author":2,"featured_media":0,"parent":0,"menu_order":0,"comment_status":"closed","ping_status":"closed","template":"","meta":{"footnotes":""},"class_list":["post-1862","page","type-page","status-publish","hentry"],"_links":{"self":[{"href":"https:\/\/aevea.es\/anuario-2023\/wp-json\/wp\/v2\/pages\/1862","targetHints":{"allow":["GET"]}}],"collection":[{"href":"https:\/\/aevea.es\/anuario-2023\/wp-json\/wp\/v2\/pages"}],"about":[{"href":"https:\/\/aevea.es\/anuario-2023\/wp-json\/wp\/v2\/types\/page"}],"author":[{"embeddable":true,"href":"https:\/\/aevea.es\/anuario-2023\/wp-json\/wp\/v2\/users\/2"}],"replies":[{"embeddable":true,"href":"https:\/\/aevea.es\/anuario-2023\/wp-json\/wp\/v2\/comments?post=1862"}],"version-history":[{"count":14,"href":"https:\/\/aevea.es\/anuario-2023\/wp-json\/wp\/v2\/pages\/1862\/revisions"}],"predecessor-version":[{"id":2480,"href":"https:\/\/aevea.es\/anuario-2023\/wp-json\/wp\/v2\/pages\/1862\/revisions\/2480"}],"wp:attachment":[{"href":"https:\/\/aevea.es\/anuario-2023\/wp-json\/wp\/v2\/media?parent=1862"}],"curies":[{"name":"wp","href":"https:\/\/api.w.org\/{rel}","templated":true}]}}