{"id":1878,"date":"2023-06-22T15:38:14","date_gmt":"2023-06-22T15:38:14","guid":{"rendered":"https:\/\/aevea.es\/anuario-2023\/?page_id=1878"},"modified":"2023-07-14T16:13:44","modified_gmt":"2023-07-14T16:13:44","slug":"javier-garcia02","status":"publish","type":"page","link":"https:\/\/aevea.es\/anuario-2023\/javier-garcia02\/","title":{"rendered":"ART\u00cdCULO Javier Garc\u00eda"},"content":{"rendered":"<div  class=\"tatsu-Sy-vaCE8iu tatsu-section  tatsu-parallax tatsu-bg-overlay   tatsu-clearfix\" data-title=\"\"  data-headerscheme=\"background--dark\"><div class = \"tatsu-shape-divider tatsu-top-divider tatsu-shape-over\"><svg xmlns=\"http:\/\/www.w3.org\/2000\/svg\" preserveAspectRatio=\"none\" viewBox=\"0 0 1920 120\">\r\n  <polygon fill-rule=\"evenodd\" points=\"0 0 1920 120 0 120\" transform=\"matrix(1 0 0 -1 0 120)\"\/>\r\n<\/svg>\r\n<\/div><div class='tatsu-section-pad clearfix' data-padding='{\"d\":\"7px 0px 0px 0px\"}' data-padding-top='7px'><div class=\"tatsu-row-wrap  tatsu-wrap tatsu-row-has-two-cols tatsu-medium-gutter tatsu-reg-cols  tatsu-clearfix tatsu-HkeDAkrIou\" ><style>.tatsu-HkeDAkrIou.tatsu-row-wrap > .tatsu-row{padding: 30px 0px 0px 0px;margin-bottom: 0px;}.tatsu-HkeDAkrIou > .tatsu-row{margin-top: 90px;}<\/style><div  class=\"tatsu-row \" ><div  class=\"tatsu-column  tatsu-bg-overlay tatsu-three-fourth tatsu-column-image-none tatsu-column-effect-none  tatsu-Byt0yBIsd\"  data-parallax-speed=\"0\" style=\"\"><div class=\"tatsu-column-inner \" ><div class=\"tatsu-column-pad-wrap\"><div class=\"tatsu-column-pad\" ><div  class=\"tatsu-single-image tatsu-module tatsu-image-lazyload tatsu-SyYBve0ou  \" ><div class=\"tatsu-single-image-inner \" style=\"width : 1182px;\" ><div class = \"tatsu-single-image-padding-wrap\" style = \"padding-bottom : 47.969543147208%;\" ><\/div><img class = \"tatsu-gradient-border\" alt = \"\" title = \"kaier-garcia-ARTICULO\" data-src = \"https:\/\/aevea.es\/anuario-2023\/wp-content\/uploads\/2023\/06\/kaier-garcia-ARTICULO-1.jpg\" src =\"data:image\/png;base64,iVBORw0KGgoAAAANSUhEUgAAAAEAAAABCAQAAAC1HAwCAAAAC0lEQVR42mNkYAAAAAYAAjCB0C8AAAAASUVORK5CYII=\"  \/><\/div><style>.tatsu-SyYBve0ou{margin: 40px 0px 0px 0px;}.tatsu-SyYBve0ou .tatsu-single-image-inner{border-style: solid;max-width: 100%;}.tatsu-SyYBve0ou.tatsu-single-image{transform: translate3d(0px,0px, 0);}<\/style><\/div><div  class=\"tatsu-empty-space  tatsu-SJ7Sxw0sO  \" ><style>.tatsu-SJ7Sxw0sO.tatsu-empty-space{height: 30px;}<\/style><\/div><div  class=\"tatsu-module tatsu-text-block-wrap tatsu-rJZdlb5jd  \"><div class=\"tatsu-text-inner tatsu-align-center  clearfix\" ><style>.tatsu-rJZdlb5jd.tatsu-text-block-wrap .tatsu-text-inner{width: 100%;text-align: left;padding: 0px 0px 30px 0px;}.tatsu-rJZdlb5jd.tatsu-text-block-wrap{margin: 0px 0px 0px 0px;}<\/style>\n<h4>Una comunidad que nos hace grandes<\/h4>\n<p><span style=\"font-size: 14pt;\">La historia de nuestra agencia est\u00e1 \u00edntimamente relacionada con la de AEVEA. Tenemos la suerte de pertenecer a esta red de Agencias de Eventos Espa\u00f1ola desde su fundaci\u00f3n, al principio como Box de Ideas y ahora como BIGBOX. Mis 3 socios y yo supimos al momento que era una iniciativa muy necesaria y \u00absana\u00bb para un sector como el nuestro.<\/span><\/p>\n<p><span style=\"font-size: 14pt;\">Para nosotros ser parte de AEVEA significa pertenecer a una comunidad de profesionales que comparten la pasi\u00f3n por lo que hacemos. Algo que va m\u00e1s all\u00e1 de la mera organizaci\u00f3n de eventos y que tiene que ver con el trabajo del d\u00eda a d\u00eda buscando la excelencia e innovando para nuestros clientes.<\/span><\/p>\n<p><span style=\"font-size: 14pt;\">Pero ser parte de AEVEA significa adem\u00e1s representar y visibilizar con orgullo a un colectivo comprometido que trabaja por potenciar la industria de los eventos. Hacemos avanzar el negocio juntos defendiendo los intereses de los asociados y contribuyendo al crecimiento y la profesionalizaci\u00f3n del sector.<\/span><\/p>\n<p><span style=\"font-size: 14pt;\">En el d\u00eda a d\u00eda, todos disfrutamos de los beneficios concretos que nos proporciona ser miembros de AEVEA. Sin duda, pertenecer a esta red de contactos nos aporta innumerables ventajas, tanto pr\u00e1cticas como intangibles. Los recursos que nos acerca la asociaci\u00f3n y la formaci\u00f3n de profesionales son algunas de ellas. Pero las oportunidades de crecimiento que nos abre la asociaci\u00f3n es algo que me gustar\u00eda destacar por encima de todo.<\/span><\/p>\n<p><span style=\"font-size: 14pt;\">Y no estoy hablando s\u00f3lo de un crecimiento a nivel de negocio, que tambi\u00e9n. Los clientes valoran la pertenencia a esta prestigiosa red. Por eso en BIGBOX firmamos con orgullo nuestros mails utilizando el logo de AEVEA. Adem\u00e1s de este crecimiento como compa\u00f1\u00eda, crecemos en lo personal. Ser parte de AEVEA significa aprender, divertirse, celebrar y compartir momentos con otros colegas que entienden lo que significa este mundo tan loco de crear experiencias cuidando hasta el m\u00e1s m\u00ednimo detalle para que todo sea perfecto.<\/span><\/p>\n<p><span style=\"font-size: 14pt;\">AEVEA nos ayuda a ser m\u00e1s grandes. Porque para hacer lo que hacemos, necesitamos estar a la vanguardia y liderar un sector importante para nuestra econom\u00eda. Un sector capaz de salir adelante gracias al esfuerzo y la implicaci\u00f3n de sus profesionales hasta en los momentos m\u00e1s duros, como los vividos durante la pandemia.<\/span><\/p>\n<p><span style=\"font-size: 14pt;\">Por eso, desde aqu\u00ed quiero animar a todos los que a\u00fan no forman parte de AEVEA a que se unan a esta gran comunidad de eventeros. Porque juntos somos m\u00e1s fuertes, m\u00e1s creativos y llegaremos m\u00e1s lejos como sector. Y porque para hacer cosas grandes, hay que estar al lado de gente grande.<\/span><\/p>\n<\/div><\/div><div  class=\"tatsu-shortcode-module tatsu-module tatsu-Hy__Cwpt2   \"  >\n<p><code><div class=\"addtoany_shortcode\"><div class=\"a2a_kit a2a_kit_size_32 addtoany_list\" data-a2a-url=\"https:\/\/aevea.es\/anuario-2023\/javier-garcia02\/\" data-a2a-title=\"ART\u00cdCULO Javier Garc\u00eda\"><a class=\"a2a_button_facebook\" href=\"https:\/\/www.addtoany.com\/add_to\/facebook?linkurl=https%3A%2F%2Faevea.es%2Fanuario-2023%2Fjavier-garcia02%2F&amp;linkname=ART%C3%8DCULO%20Javier%20Garc%C3%ADa\" title=\"Facebook\" rel=\"nofollow noopener\" target=\"_blank\"><\/a><a class=\"a2a_button_twitter\" href=\"https:\/\/www.addtoany.com\/add_to\/twitter?linkurl=https%3A%2F%2Faevea.es%2Fanuario-2023%2Fjavier-garcia02%2F&amp;linkname=ART%C3%8DCULO%20Javier%20Garc%C3%ADa\" title=\"Twitter\" rel=\"nofollow noopener\" target=\"_blank\"><\/a><a class=\"a2a_button_email\" href=\"https:\/\/www.addtoany.com\/add_to\/email?linkurl=https%3A%2F%2Faevea.es%2Fanuario-2023%2Fjavier-garcia02%2F&amp;linkname=ART%C3%8DCULO%20Javier%20Garc%C3%ADa\" title=\"Email\" rel=\"nofollow noopener\" target=\"_blank\"><\/a><a class=\"a2a_button_whatsapp\" href=\"https:\/\/www.addtoany.com\/add_to\/whatsapp?linkurl=https%3A%2F%2Faevea.es%2Fanuario-2023%2Fjavier-garcia02%2F&amp;linkname=ART%C3%8DCULO%20Javier%20Garc%C3%ADa\" title=\"WhatsApp\" rel=\"nofollow noopener\" target=\"_blank\"><\/a><a class=\"a2a_button_linkedin\" href=\"https:\/\/www.addtoany.com\/add_to\/linkedin?linkurl=https%3A%2F%2Faevea.es%2Fanuario-2023%2Fjavier-garcia02%2F&amp;linkname=ART%C3%8DCULO%20Javier%20Garc%C3%ADa\" title=\"LinkedIn\" rel=\"nofollow noopener\" target=\"_blank\"><\/a><a class=\"a2a_dd addtoany_share_save addtoany_share\" href=\"https:\/\/www.addtoany.com\/share\"><\/a><\/div><\/div><\/code><\/p>\n<\/div><\/div><\/div><div class = \"tatsu-column-bg-image-wrap\"><div class = \"tatsu-column-bg-image\" ><\/div><\/div><div class=\"tatsu-overlay tatsu-column-overlay tatsu-animate-none\" ><\/div><\/div><style>.tatsu-row > .tatsu-Byt0yBIsd.tatsu-column{width: 60%;}.tatsu-Byt0yBIsd.tatsu-column > .tatsu-column-inner > .tatsu-column-overlay{mix-blend-mode: normal;}.tatsu-Byt0yBIsd > .tatsu-column-inner > .tatsu-top-divider{z-index: 9999;}.tatsu-Byt0yBIsd > .tatsu-column-inner > .tatsu-bottom-divider{z-index: 9999;}.tatsu-Byt0yBIsd > .tatsu-column-inner > .tatsu-left-divider{z-index: 9999;}.tatsu-Byt0yBIsd > .tatsu-column-inner > .tatsu-right-divider{z-index: 9999;}@media only screen and (max-width:1377px) {.tatsu-row > .tatsu-Byt0yBIsd.tatsu-column{width: 60%;}}@media only screen and (min-width:768px) and (max-width: 1024px) {.tatsu-row > .tatsu-Byt0yBIsd.tatsu-column{width: 75%;}}@media only screen and (max-width: 767px) {.tatsu-row > .tatsu-Byt0yBIsd.tatsu-column{width: 100%;}}<\/style><\/div><div  class=\"tatsu-column  tatsu-bg-overlay tatsu-one-fourth tatsu-column-image-none tatsu-column-effect-none  tatsu-SJgFR1BIid\"  data-parallax-speed=\"0\" style=\"\"><div class=\"tatsu-column-inner \" ><div class=\"tatsu-column-pad-wrap\"><div class=\"tatsu-column-pad\" ><div  class=\"tatsu-module tatsu-text-block-wrap tatsu-ryTemGP95  \"><div class=\"tatsu-text-inner tatsu-align-center  clearfix\" ><style>.tatsu-ryTemGP95.tatsu-text-block-wrap .tatsu-text-inner{width: 100%;text-align: left;}.tatsu-ryTemGP95.tatsu-text-block-wrap{margin: 0px 0px 0px 0px;}<\/style>\n<p><span style=\"font-size: 18pt;\"><strong>Contenido patrocinado<\/strong><\/span><\/p>\n<\/div><\/div><div  class=\"tatsu-module tatsu-video tatsu-youtube-wrap tatsu-S1UPomCjd   \" ><style>.tatsu-S1UPomCjd{padding: 0px 0px 76px 0px;margin: 20px 0px 0px 0px;}<\/style><div class = \"be-video-embed be-embed-placeholder\"><div class = \"be-youtube-embed\" data-video-id = \"H7UfDbwPQW8\" data-autoplay = \"1\" data-loop = \"1\"><\/div><\/div><\/div><div  class=\"tatsu-single-image tatsu-module align-center tatsu-image-lazyload tatsu-rJ8xeb9ju  \" ><div class=\"tatsu-single-image-inner \" style=\"width : 770px;\" ><div class = \"tatsu-single-image-padding-wrap\" style = \"padding-bottom : 192.46753246753%;\" ><\/div><a href = \"https:\/\/www.tstservicios.com\/alquiler-equipos-eventos\/?utm_source=webaevea&utm_medium=banner&utm_term=eventos&utm_content=seccioneventos&utm_campaign=eventoaeveaandco\" target = \"_blank\" ><img class = \"tatsu-gradient-border\" alt = \"\" title = \"Banner-personas-AEVEA-TST-770-x-1482-pixels-\" data-src = \"https:\/\/aevea.es\/anuario-2023\/wp-content\/uploads\/2023\/07\/Banner-personas-AEVEA-TST-770-x-1482-pixels-.jpg\" src =\"data:image\/png;base64,iVBORw0KGgoAAAANSUhEUgAAAAEAAAABCAQAAAC1HAwCAAAAC0lEQVR42mNkYAAAAAYAAjCB0C8AAAAASUVORK5CYII=\"  \/><\/a><\/div><style>.tatsu-rJ8xeb9ju .tatsu-single-image-inner{border-style: solid;max-width: 80%;}.tatsu-rJ8xeb9ju.tatsu-single-image{transform: translate3d(0px,0px, 0);}<\/style><\/div><div  class=\"tatsu-empty-space  tatsu-ByCGhmRju  \" ><style>.tatsu-ByCGhmRju.tatsu-empty-space{height: 30px;}<\/style><\/div><\/div><\/div><div class = \"tatsu-column-bg-image-wrap\"><div class = \"tatsu-column-bg-image\" ><\/div><\/div><div class=\"tatsu-overlay tatsu-column-overlay tatsu-animate-none\" ><\/div><\/div><style>.tatsu-row > .tatsu-SJgFR1BIid.tatsu-column{width: 40%;}.tatsu-SJgFR1BIid.tatsu-column > .tatsu-column-inner > .tatsu-column-overlay{mix-blend-mode: normal;}.tatsu-SJgFR1BIid > .tatsu-column-inner > .tatsu-top-divider{z-index: 9999;}.tatsu-SJgFR1BIid > .tatsu-column-inner > .tatsu-bottom-divider{z-index: 9999;}.tatsu-SJgFR1BIid > .tatsu-column-inner > .tatsu-left-divider{z-index: 9999;}.tatsu-SJgFR1BIid > .tatsu-column-inner > .tatsu-right-divider{z-index: 9999;}@media only screen and (max-width:1377px) {.tatsu-row > .tatsu-SJgFR1BIid.tatsu-column{width: 40%;}}@media only screen and (min-width:768px) and (max-width: 1024px) {.tatsu-row > .tatsu-SJgFR1BIid.tatsu-column{width: 25%;}}@media only screen and (max-width: 767px) {.tatsu-row > .tatsu-SJgFR1BIid.tatsu-column{width: 100%;}}<\/style><\/div><\/div><\/div><\/div><div class=\"tatsu-section-background-wrap\"><div class = \"tatsu-section-background\" ><\/div><\/div><div class=\"tatsu-overlay tatsu-section-overlay\"><\/div><div class = \"tatsu-shape-divider tatsu-bottom-divider tatsu-flip-divider\"><svg xmlns=\"http:\/\/www.w3.org\/2000\/svg\" preserveAspectRatio=\"none\" viewBox=\"0 0 1920 120\">\r\n  <polygon fill-rule=\"evenodd\" points=\"0 0 1920 120 0 120\"\/>\r\n<\/svg>\r\n<\/div><style>.tatsu-Sy-vaCE8iu .tatsu-section-pad{padding: 7px 0px 0px 0px;}.tatsu-Sy-vaCE8iu .tatsu-section-offset-wrap{transform: translateY(-0px);}.tatsu-Sy-vaCE8iu > .tatsu-top-divider{height: 145px;color: rgba(207,0,88,1) ;z-index: 9999;}.tatsu-Sy-vaCE8iu > .tatsu-bottom-divider{height: 145px;color: rgba(255,77,14,1) ;z-index: 9999;}.tatsu-Sy-vaCE8iu .tatsu-section-overlay{mix-blend-mode: normal;}<\/style><\/div>\n","protected":false},"excerpt":{"rendered":"<p><a href=\"https:\/\/aevea.es\/anuario-2023\/javier-garcia02\/\" class=\"more-link style3-button\">Read More<\/a><\/p>","protected":false},"author":2,"featured_media":2422,"parent":0,"menu_order":0,"comment_status":"closed","ping_status":"closed","template":"","meta":{"footnotes":""},"class_list":["post-1878","page","type-page","status-publish","has-post-thumbnail","hentry"],"_links":{"self":[{"href":"https:\/\/aevea.es\/anuario-2023\/wp-json\/wp\/v2\/pages\/1878","targetHints":{"allow":["GET"]}}],"collection":[{"href":"https:\/\/aevea.es\/anuario-2023\/wp-json\/wp\/v2\/pages"}],"about":[{"href":"https:\/\/aevea.es\/anuario-2023\/wp-json\/wp\/v2\/types\/page"}],"author":[{"embeddable":true,"href":"https:\/\/aevea.es\/anuario-2023\/wp-json\/wp\/v2\/users\/2"}],"replies":[{"embeddable":true,"href":"https:\/\/aevea.es\/anuario-2023\/wp-json\/wp\/v2\/comments?post=1878"}],"version-history":[{"count":7,"href":"https:\/\/aevea.es\/anuario-2023\/wp-json\/wp\/v2\/pages\/1878\/revisions"}],"predecessor-version":[{"id":2403,"href":"https:\/\/aevea.es\/anuario-2023\/wp-json\/wp\/v2\/pages\/1878\/revisions\/2403"}],"wp:featuredmedia":[{"embeddable":true,"href":"https:\/\/aevea.es\/anuario-2023\/wp-json\/wp\/v2\/media\/2422"}],"wp:attachment":[{"href":"https:\/\/aevea.es\/anuario-2023\/wp-json\/wp\/v2\/media?parent=1878"}],"curies":[{"name":"wp","href":"https:\/\/api.w.org\/{rel}","templated":true}]}}