{"id":1895,"date":"2023-06-22T16:01:46","date_gmt":"2023-06-22T16:01:46","guid":{"rendered":"https:\/\/aevea.es\/anuario-2023\/?page_id=1895"},"modified":"2023-07-14T09:44:42","modified_gmt":"2023-07-14T09:44:42","slug":"dolores-gonzalez","status":"publish","type":"page","link":"https:\/\/aevea.es\/anuario-2023\/dolores-gonzalez\/","title":{"rendered":"ART\u00cdCULO Dolores Gonz\u00e1lez"},"content":{"rendered":"<div  class=\"tatsu-Sy-vaCE8iu tatsu-section  tatsu-parallax tatsu-bg-overlay   tatsu-clearfix\" data-title=\"\"  data-headerscheme=\"background--dark\"><div class = \"tatsu-shape-divider tatsu-top-divider tatsu-shape-over\"><svg xmlns=\"http:\/\/www.w3.org\/2000\/svg\" preserveAspectRatio=\"none\" viewBox=\"0 0 1920 120\">\r\n  <polygon fill-rule=\"evenodd\" points=\"0 0 1920 120 0 120\" transform=\"matrix(1 0 0 -1 0 120)\"\/>\r\n<\/svg>\r\n<\/div><div class='tatsu-section-pad clearfix' data-padding='{\"d\":\"7px 0px 0px 0px\"}' data-padding-top='7px'><div class=\"tatsu-row-wrap  tatsu-wrap tatsu-row-has-two-cols tatsu-medium-gutter tatsu-reg-cols  tatsu-clearfix tatsu-HkeDAkrIou\" ><style>.tatsu-HkeDAkrIou.tatsu-row-wrap > .tatsu-row{padding: 30px 0px 0px 0px;margin-bottom: 0px;}.tatsu-HkeDAkrIou > .tatsu-row{margin-top: 90px;}<\/style><div  class=\"tatsu-row \" ><div  class=\"tatsu-column  tatsu-bg-overlay tatsu-three-fourth tatsu-column-image-none tatsu-column-effect-none  tatsu-Byt0yBIsd\"  data-parallax-speed=\"0\" style=\"\"><div class=\"tatsu-column-inner \" ><div class=\"tatsu-column-pad-wrap\"><div class=\"tatsu-column-pad\" ><div  class=\"tatsu-single-image tatsu-module tatsu-image-lazyload tatsu-SyYBve0ou  \" ><div class=\"tatsu-single-image-inner \" style=\"width : 1182px;\" ><div class = \"tatsu-single-image-padding-wrap\" style = \"padding-bottom : 52.791878172589%;\" ><\/div><img class = \"tatsu-gradient-border\" alt = \"\" title = \"doloreees-ARTICULO\" data-src = \"https:\/\/aevea.es\/anuario-2023\/wp-content\/uploads\/2023\/07\/doloreees-ARTICULO.jpg\" src =\"data:image\/png;base64,iVBORw0KGgoAAAANSUhEUgAAAAEAAAABCAQAAAC1HAwCAAAAC0lEQVR42mNkYAAAAAYAAjCB0C8AAAAASUVORK5CYII=\"  \/><\/div><style>.tatsu-SyYBve0ou{margin: 40px 0px 0px 0px;}.tatsu-SyYBve0ou .tatsu-single-image-inner{border-style: solid;max-width: 100%;}.tatsu-SyYBve0ou.tatsu-single-image{transform: translate3d(0px,0px, 0);}<\/style><\/div><div  class=\"tatsu-empty-space  tatsu-SJ7Sxw0sO  \" ><style>.tatsu-SJ7Sxw0sO.tatsu-empty-space{height: 30px;}<\/style><\/div><div  class=\"tatsu-module tatsu-text-block-wrap tatsu-rJZdlb5jd  \"><div class=\"tatsu-text-inner tatsu-align-center  clearfix\" ><style>.tatsu-rJZdlb5jd.tatsu-text-block-wrap .tatsu-text-inner{width: 100%;text-align: left;padding: 0px 0px 30px 0px;}.tatsu-rJZdlb5jd.tatsu-text-block-wrap{margin: 0px 0px 0px 0px;}<\/style>\n<h4>2023, el a\u00f1o de la consolidaci\u00f3n<\/h4>\n<p><span style=\"font-size: 14pt;\">Recordaremos 2022 como un a\u00f1o de transici\u00f3n hacia la normalidad que quer\u00edamos, que no era la \u201cnueva normalidad\u201d sino la de siempre, aunque nunca m\u00e1s volvamos a ser los mismos.<\/span><\/p>\n<p><span style=\"font-size: 14pt;\">Nuestras din\u00e1micas sociales, personales y profesionales, cambiaron dr\u00e1sticamente entre 2020 y 2021 y eso trajo consigo el boom de los encuentros digitales, hasta la extenuaci\u00f3n, incluso, pues fueron muchos meses en los que la ventana digital era la \u00fanica posibilidad de encuentro comercial, el \u00fanico escaparate para presentar y promocionar productos y servicios, no hab\u00eda ninguna otra \u00e1gora posible que facilitase intercambiar conocimientos y experiencias profesionales. Los estudios del sector, y nuestra propia experiencia de negocio, confirman que hemos recuperado r\u00e1pidamente el gusto por el reencuentro presencial, por la experiencia sensorial completa, por un anhelo, parad\u00f3jico, entre vivir aqu\u00ed y ahora (tan zen) y la ansiedad (nada zen) de volver a traspasar la imagen plana de las pantallas.<\/span><br \/><span style=\"font-size: 14pt;\">Sin duda, los eventos, como herramienta siempre \u00fatil dentro de los servicios y estrategias de comunicaci\u00f3n, han reflejado fielmente este vaiv\u00e9n de formatos: necesariamente virtuales en pandemia y recuperando aceleradamente la presencialidad en 2022. <\/span><\/p>\n<p><span style=\"font-size: 14pt;\">Sin embargo, no parece que ahora volvamos a tener exactamente los mismos formatos tradicionales de hace siete, diez o veinte a\u00f1os: no podremos prescindir nunca m\u00e1s y totalmente de la experiencia digital. Los eventos, como nosotros mismos, son distintos para siempre. No pueden ya concebirse sin un componente digital, bien como complemento a lo presencial (canales o materiales con contenido alternativo), bien como dinamizador de la participaci\u00f3n (canales integrados o complementarios en el mismo espacio y tiempo, preparatorios, o post evento), bien como parte intr\u00ednseca e indisociable de la experiencia presencial (entornos inmersivos). <\/span><br \/><span style=\"font-size: 14pt;\">Esta hibridaci\u00f3n de formatos genera a muchos profesionales y agencias retos de adaptaci\u00f3n, pero indudables ventajas para todos, proveedores y clientes, a corto y medio plazo. Es un incentivo a la creatividad pues multiplica las posibilidades de experiencia, y tambi\u00e9n obliga a una reestructuraci\u00f3n del coste del evento. Como toda transformaci\u00f3n tiene sus ajustes, y conviene apuntarse a la vanguardia, porque el cliente suele tener la raz\u00f3n.<\/span><\/p>\n<p><span style=\"font-size: 14pt;\">Adem\u00e1s de la hibridaci\u00f3n presencial-digital, existe otra tendencia emergente consecuencia del vaiv\u00e9n post pandemia: \u00bfvolvemos a los eventos preferentemente exclusivos? Quiz\u00e1 esto sea m\u00e1s materia de an\u00e1lisis transcurrido 2023, pero es indudable que el germen podr\u00eda estar tambi\u00e9n en el a\u00f1o de transici\u00f3n que fue 2022: no solo nos reencontramos f\u00edsicamente, tambi\u00e9n apreciamos m\u00e1s el valor de la intimidad, los espacios seguros. Los eventos de grandes audiencias y participantes seguir\u00e1n teniendo sentido para determinados entornos y objetivos; el reto estar\u00e1 en discriminar qu\u00e9 aportar\u00e1 m\u00e1s valor: la calidad o el retorno de un evento puede ser contraintuitivo, como bien conocen y manejan los profesionales y consultoras del sector con una visi\u00f3n estrat\u00e9gica.<\/span><\/p>\n<p><span style=\"font-size: 14pt;\">2022, reconozc\u00e1moslo, ha sido un magn\u00edfico a\u00f1o de transici\u00f3n no solo en t\u00e9rminos de recuperaci\u00f3n de negocio para los profesionales y las agencias de eventos: ha sentado las bases de nuevas din\u00e1micas y nos da pistas para la diversificaci\u00f3n de servicios. Nada ser\u00e1 como antes, pero ahora en 2023 sabemos mucho mejor lo que queremos y c\u00f3mo lo podemos ofrecer.<\/span><\/p>\n<\/div><\/div><div  class=\"tatsu-shortcode-module tatsu-module tatsu-SJupCvTK2   \"  >\n<p><code><div class=\"addtoany_shortcode\"><div class=\"a2a_kit a2a_kit_size_32 addtoany_list\" data-a2a-url=\"https:\/\/aevea.es\/anuario-2023\/dolores-gonzalez\/\" data-a2a-title=\"ART\u00cdCULO Dolores Gonz\u00e1lez\"><a class=\"a2a_button_facebook\" href=\"https:\/\/www.addtoany.com\/add_to\/facebook?linkurl=https%3A%2F%2Faevea.es%2Fanuario-2023%2Fdolores-gonzalez%2F&amp;linkname=ART%C3%8DCULO%20Dolores%20Gonz%C3%A1lez\" title=\"Facebook\" rel=\"nofollow noopener\" target=\"_blank\"><\/a><a class=\"a2a_button_twitter\" href=\"https:\/\/www.addtoany.com\/add_to\/twitter?linkurl=https%3A%2F%2Faevea.es%2Fanuario-2023%2Fdolores-gonzalez%2F&amp;linkname=ART%C3%8DCULO%20Dolores%20Gonz%C3%A1lez\" title=\"Twitter\" rel=\"nofollow noopener\" target=\"_blank\"><\/a><a class=\"a2a_button_email\" href=\"https:\/\/www.addtoany.com\/add_to\/email?linkurl=https%3A%2F%2Faevea.es%2Fanuario-2023%2Fdolores-gonzalez%2F&amp;linkname=ART%C3%8DCULO%20Dolores%20Gonz%C3%A1lez\" title=\"Email\" rel=\"nofollow noopener\" target=\"_blank\"><\/a><a class=\"a2a_button_whatsapp\" href=\"https:\/\/www.addtoany.com\/add_to\/whatsapp?linkurl=https%3A%2F%2Faevea.es%2Fanuario-2023%2Fdolores-gonzalez%2F&amp;linkname=ART%C3%8DCULO%20Dolores%20Gonz%C3%A1lez\" title=\"WhatsApp\" rel=\"nofollow noopener\" target=\"_blank\"><\/a><a class=\"a2a_button_linkedin\" href=\"https:\/\/www.addtoany.com\/add_to\/linkedin?linkurl=https%3A%2F%2Faevea.es%2Fanuario-2023%2Fdolores-gonzalez%2F&amp;linkname=ART%C3%8DCULO%20Dolores%20Gonz%C3%A1lez\" title=\"LinkedIn\" rel=\"nofollow noopener\" target=\"_blank\"><\/a><a class=\"a2a_dd addtoany_share_save addtoany_share\" href=\"https:\/\/www.addtoany.com\/share\"><\/a><\/div><\/div><\/code><\/p>\n<\/div><\/div><\/div><div class = \"tatsu-column-bg-image-wrap\"><div class = \"tatsu-column-bg-image\" ><\/div><\/div><div class=\"tatsu-overlay tatsu-column-overlay tatsu-animate-none\" ><\/div><\/div><style>.tatsu-row > .tatsu-Byt0yBIsd.tatsu-column{width: 60%;}.tatsu-Byt0yBIsd.tatsu-column > .tatsu-column-inner > .tatsu-column-overlay{mix-blend-mode: normal;}.tatsu-Byt0yBIsd > .tatsu-column-inner > .tatsu-top-divider{z-index: 9999;}.tatsu-Byt0yBIsd > .tatsu-column-inner > .tatsu-bottom-divider{z-index: 9999;}.tatsu-Byt0yBIsd > .tatsu-column-inner > .tatsu-left-divider{z-index: 9999;}.tatsu-Byt0yBIsd > .tatsu-column-inner > .tatsu-right-divider{z-index: 9999;}@media only screen and (max-width:1377px) {.tatsu-row > .tatsu-Byt0yBIsd.tatsu-column{width: 60%;}}@media only screen and (min-width:768px) and (max-width: 1024px) {.tatsu-row > .tatsu-Byt0yBIsd.tatsu-column{width: 75%;}}@media only screen and (max-width: 767px) {.tatsu-row > .tatsu-Byt0yBIsd.tatsu-column{width: 100%;}}<\/style><\/div><div  class=\"tatsu-column  tatsu-bg-overlay tatsu-one-fourth tatsu-column-image-none tatsu-column-effect-none  tatsu-SJgFR1BIid\"  data-parallax-speed=\"0\" style=\"\"><div class=\"tatsu-column-inner \" ><div class=\"tatsu-column-pad-wrap\"><div class=\"tatsu-column-pad\" ><div  class=\"tatsu-module tatsu-text-block-wrap tatsu-ryTemGP95  \"><div class=\"tatsu-text-inner tatsu-align-center  clearfix\" ><style>.tatsu-ryTemGP95.tatsu-text-block-wrap .tatsu-text-inner{width: 100%;text-align: left;}.tatsu-ryTemGP95.tatsu-text-block-wrap{margin: 0px 0px 0px 0px;}<\/style>\n<p><span style=\"font-size: 18pt;\"><strong>Contenido patrocinado<\/strong><\/span><\/p>\n<\/div><\/div><div  class=\"tatsu-module tatsu-video tatsu-youtube-wrap tatsu-S1UPomCjd   \" ><style>.tatsu-S1UPomCjd{padding: 0px 0px 76px 0px;margin: 20px 0px 0px 0px;}<\/style><div class = \"be-video-embed be-embed-placeholder\"><div class = \"be-youtube-embed\" data-video-id = \"H5PEc3HmJa4\" data-autoplay = \"1\" data-loop = \"1\"><\/div><\/div><\/div><div  class=\"tatsu-single-image tatsu-module align-center tatsu-image-lazyload tatsu-rJ8xeb9ju  \" ><div class=\"tatsu-single-image-inner \" style=\"width : 770px;\" ><div class = \"tatsu-single-image-padding-wrap\" style = \"padding-bottom : 192.46753246753%;\" ><\/div><a href = \"https:\/\/www.sono.es\/\" target = \"_blank\" ><img class = \"tatsu-gradient-border\" alt = \"\" title = \"GifSonoAnuario\" data-src = \"https:\/\/aevea.es\/anuario-2023\/wp-content\/uploads\/2023\/07\/GifSonoAnuario.gif\" src =\"data:image\/png;base64,iVBORw0KGgoAAAANSUhEUgAAAAEAAAABCAQAAAC1HAwCAAAAC0lEQVR42mNkYAAAAAYAAjCB0C8AAAAASUVORK5CYII=\"  \/><\/a><\/div><style>.tatsu-rJ8xeb9ju .tatsu-single-image-inner{border-style: solid;max-width: 80%;}.tatsu-rJ8xeb9ju.tatsu-single-image{transform: translate3d(0px,0px, 0);}<\/style><\/div><div  class=\"tatsu-empty-space  tatsu-ByCGhmRju  \" ><style>.tatsu-ByCGhmRju.tatsu-empty-space{height: 30px;}<\/style><\/div><\/div><\/div><div class = \"tatsu-column-bg-image-wrap\"><div class = \"tatsu-column-bg-image\" ><\/div><\/div><div class=\"tatsu-overlay tatsu-column-overlay tatsu-animate-none\" ><\/div><\/div><style>.tatsu-row > .tatsu-SJgFR1BIid.tatsu-column{width: 40%;}.tatsu-SJgFR1BIid.tatsu-column > .tatsu-column-inner > .tatsu-column-overlay{mix-blend-mode: normal;}.tatsu-SJgFR1BIid > .tatsu-column-inner > .tatsu-top-divider{z-index: 9999;}.tatsu-SJgFR1BIid > .tatsu-column-inner > .tatsu-bottom-divider{z-index: 9999;}.tatsu-SJgFR1BIid > .tatsu-column-inner > .tatsu-left-divider{z-index: 9999;}.tatsu-SJgFR1BIid > .tatsu-column-inner > .tatsu-right-divider{z-index: 9999;}@media only screen and (max-width:1377px) {.tatsu-row > .tatsu-SJgFR1BIid.tatsu-column{width: 40%;}}@media only screen and (min-width:768px) and (max-width: 1024px) {.tatsu-row > .tatsu-SJgFR1BIid.tatsu-column{width: 25%;}}@media only screen and (max-width: 767px) {.tatsu-row > .tatsu-SJgFR1BIid.tatsu-column{width: 100%;}}<\/style><\/div><\/div><\/div><\/div><div class=\"tatsu-section-background-wrap\"><div class = \"tatsu-section-background\" ><\/div><\/div><div class=\"tatsu-overlay tatsu-section-overlay\"><\/div><div class = \"tatsu-shape-divider tatsu-bottom-divider tatsu-flip-divider\"><svg xmlns=\"http:\/\/www.w3.org\/2000\/svg\" preserveAspectRatio=\"none\" viewBox=\"0 0 1920 120\">\r\n  <polygon fill-rule=\"evenodd\" points=\"0 0 1920 120 0 120\"\/>\r\n<\/svg>\r\n<\/div><style>.tatsu-Sy-vaCE8iu .tatsu-section-pad{padding: 7px 0px 0px 0px;}.tatsu-Sy-vaCE8iu .tatsu-section-offset-wrap{transform: translateY(-0px);}.tatsu-Sy-vaCE8iu > .tatsu-top-divider{height: 145px;color: rgba(207,0,88,1) ;z-index: 9999;}.tatsu-Sy-vaCE8iu > .tatsu-bottom-divider{height: 145px;color: rgba(255,77,14,1) ;z-index: 9999;}.tatsu-Sy-vaCE8iu .tatsu-section-overlay{mix-blend-mode: normal;}<\/style><\/div>\n","protected":false},"excerpt":{"rendered":"<p><a href=\"https:\/\/aevea.es\/anuario-2023\/dolores-gonzalez\/\" class=\"more-link style3-button\">Read More<\/a><\/p>","protected":false},"author":2,"featured_media":2428,"parent":0,"menu_order":0,"comment_status":"closed","ping_status":"closed","template":"","meta":{"footnotes":""},"class_list":["post-1895","page","type-page","status-publish","has-post-thumbnail","hentry"],"_links":{"self":[{"href":"https:\/\/aevea.es\/anuario-2023\/wp-json\/wp\/v2\/pages\/1895","targetHints":{"allow":["GET"]}}],"collection":[{"href":"https:\/\/aevea.es\/anuario-2023\/wp-json\/wp\/v2\/pages"}],"about":[{"href":"https:\/\/aevea.es\/anuario-2023\/wp-json\/wp\/v2\/types\/page"}],"author":[{"embeddable":true,"href":"https:\/\/aevea.es\/anuario-2023\/wp-json\/wp\/v2\/users\/2"}],"replies":[{"embeddable":true,"href":"https:\/\/aevea.es\/anuario-2023\/wp-json\/wp\/v2\/comments?post=1895"}],"version-history":[{"count":7,"href":"https:\/\/aevea.es\/anuario-2023\/wp-json\/wp\/v2\/pages\/1895\/revisions"}],"predecessor-version":[{"id":2405,"href":"https:\/\/aevea.es\/anuario-2023\/wp-json\/wp\/v2\/pages\/1895\/revisions\/2405"}],"wp:featuredmedia":[{"embeddable":true,"href":"https:\/\/aevea.es\/anuario-2023\/wp-json\/wp\/v2\/media\/2428"}],"wp:attachment":[{"href":"https:\/\/aevea.es\/anuario-2023\/wp-json\/wp\/v2\/media?parent=1895"}],"curies":[{"name":"wp","href":"https:\/\/api.w.org\/{rel}","templated":true}]}}