{"id":1906,"date":"2023-06-22T16:11:06","date_gmt":"2023-06-22T16:11:06","guid":{"rendered":"https:\/\/aevea.es\/anuario-2023\/?page_id=1906"},"modified":"2023-07-14T16:05:53","modified_gmt":"2023-07-14T16:05:53","slug":"mariano-rodriguez","status":"publish","type":"page","link":"https:\/\/aevea.es\/anuario-2023\/mariano-rodriguez\/","title":{"rendered":"ART\u00cdCULO Mariano Rodr\u00edguez"},"content":{"rendered":"<div  class=\"tatsu-Sy-vaCE8iu tatsu-section  tatsu-parallax tatsu-bg-overlay   tatsu-clearfix\" data-title=\"\"  data-headerscheme=\"background--dark\"><div class = \"tatsu-shape-divider tatsu-top-divider tatsu-shape-over\"><svg xmlns=\"http:\/\/www.w3.org\/2000\/svg\" preserveAspectRatio=\"none\" viewBox=\"0 0 1920 120\">\r\n  <polygon fill-rule=\"evenodd\" points=\"0 0 1920 120 0 120\" transform=\"matrix(1 0 0 -1 0 120)\"\/>\r\n<\/svg>\r\n<\/div><div class='tatsu-section-pad clearfix' data-padding='{\"d\":\"7px 0px 0px 0px\"}' data-padding-top='7px'><div class=\"tatsu-row-wrap  tatsu-wrap tatsu-row-has-two-cols tatsu-medium-gutter tatsu-reg-cols  tatsu-clearfix tatsu-HkeDAkrIou\" ><style>.tatsu-HkeDAkrIou.tatsu-row-wrap > .tatsu-row{padding: 30px 0px 0px 0px;margin-bottom: 0px;}.tatsu-HkeDAkrIou > .tatsu-row{margin-top: 90px;}<\/style><div  class=\"tatsu-row \" ><div  class=\"tatsu-column  tatsu-bg-overlay tatsu-three-fourth tatsu-column-image-none tatsu-column-effect-none  tatsu-Byt0yBIsd\"  data-parallax-speed=\"0\" style=\"\"><div class=\"tatsu-column-inner \" ><div class=\"tatsu-column-pad-wrap\"><div class=\"tatsu-column-pad\" ><div  class=\"tatsu-single-image tatsu-module tatsu-image-lazyload tatsu-SyYBve0ou  \" ><div class=\"tatsu-single-image-inner \" style=\"width : 1182px;\" ><div class = \"tatsu-single-image-padding-wrap\" style = \"padding-bottom : 52.791878172589%;\" ><\/div><img class = \"tatsu-gradient-border\" alt = \"\" title = \"mariano-rodrigueeez-ARTICULO\" data-src = \"https:\/\/aevea.es\/anuario-2023\/wp-content\/uploads\/2023\/06\/mariano-rodrigueeez-ARTICULO.jpg\" src =\"data:image\/png;base64,iVBORw0KGgoAAAANSUhEUgAAAAEAAAABCAQAAAC1HAwCAAAAC0lEQVR42mNkYAAAAAYAAjCB0C8AAAAASUVORK5CYII=\"  \/><\/div><style>.tatsu-SyYBve0ou{margin: 40px 0px 0px 0px;}.tatsu-SyYBve0ou .tatsu-single-image-inner{border-style: solid;max-width: 100%;}.tatsu-SyYBve0ou.tatsu-single-image{transform: translate3d(0px,0px, 0);}<\/style><\/div><div  class=\"tatsu-empty-space  tatsu-SJ7Sxw0sO  \" ><style>.tatsu-SJ7Sxw0sO.tatsu-empty-space{height: 30px;}<\/style><\/div><div  class=\"tatsu-module tatsu-text-block-wrap tatsu-rJZdlb5jd  \"><div class=\"tatsu-text-inner tatsu-align-center  clearfix\" ><style>.tatsu-rJZdlb5jd.tatsu-text-block-wrap .tatsu-text-inner{width: 100%;text-align: left;padding: 0px 0px 30px 0px;}.tatsu-rJZdlb5jd.tatsu-text-block-wrap{margin: 0px 0px 0px 0px;}<\/style>\n<h4>Amor a una profesi\u00f3n que es mucho m\u00e1s que un simple trabajo<\/h4>\n<p><span style=\"font-size: 14pt;\">En Mediapro Events estamos orgullosos de formar parte de este gran sue\u00f1o que es AEVEA. Quisimos ser miembros desde el inicio porque para nosotros era fundamental el apoyo del sector y la posibilidad de conocer y darnos a conocer dentro de la propia industria. De manera intuitiva entend\u00edamos que la colaboraci\u00f3n con AEVEA era sin duda un punto estrat\u00e9gico para posicionarnos en la industria de los eventos. Posteriormente y gracias a la oportunidad de trabajar desde dentro hemos visto que la intuici\u00f3n era s\u00f3lo el atisbo de un mont\u00f3n de oportunidades maravillosas por aprender, conocer y aportar dentro de este sector.<\/span><\/p>\n<p><span style=\"font-size: 14pt;\">Cuando surgi\u00f3 la ocasi\u00f3n de formar parte de la junta directiva y aportar nuestro trabajo para impulsar el proyecto, no dudamos ni un instante de que era el momento.<\/span><br \/><span style=\"font-size: 14pt;\">Creemos que ahora tenemos entre todos la oportunidad para una industria de los eventos fuerte, aut\u00f3noma y diferenciada; que ocupe el lugar en el panorama econ\u00f3mico y social que le corresponde por su contribuci\u00f3n e influencia; y creemos adem\u00e1s, que consolidar un sector de los eventos fuerte har\u00e1 mejores y m\u00e1s competitivas a todas las empresas de nuestro sector.<\/span><\/p>\n<p><span style=\"font-size: 14pt;\">Para ello, la vuelta de tuerca a la profesionalizaci\u00f3n en la gesti\u00f3n de la asociaci\u00f3n es un pilar b\u00e1sico que nos est\u00e1 dando la oportunidad de acceder a las metas marcadas: un convenio laboral propio, un mapeo del sector completo y exhaustivo, unos acuerdos globales de formaci\u00f3n con los agentes adecuados, unos premios del sector y para el sector, etc.<\/span><\/p>\n<p><span style=\"font-size: 14pt;\">La fortaleza y resiliencia que las empresas de este sector han demostrado en y tras la pandemia, son un ejemplo imborrable de esp\u00edritu de lucha por un sue\u00f1o, de ilusi\u00f3n y de entrega por amor a una profesi\u00f3n que es mucho m\u00e1s que un simple trabajo.<\/span><\/p>\n<p><span style=\"font-size: 14pt;\">Y esa fortaleza del sector, esa resistencia en momentos dur\u00edsimos, debe ser el acicate para trabajar unidos por seguir creciendo, por ser m\u00e1s relevantes y por lograr metas mejores y para todos.<\/span><br \/><span style=\"font-size: 14pt;\">Nos sentimos muy honrados de que nuestros compa\u00f1eros nos hayan dado su confianza y la responsabilidad por seguir impulsando el proyecto de AEVEA es la que nos empuja a trabajar en las distintas l\u00edneas que estamos impulsando.<\/span><\/p>\n<p><span style=\"font-size: 14pt;\">Pero de lo que m\u00e1s orgullosos estamos es de pertenecer a una asociaci\u00f3n que nos permite acceder a empresas y personas tan maravillosas y de las que no dejamos de aprender cada d\u00eda.<\/span><\/p>\n<\/div><\/div><div  class=\"tatsu-shortcode-module tatsu-module tatsu-S1FkJd6Fh   \"  >\n<p><code><div class=\"addtoany_shortcode\"><div class=\"a2a_kit a2a_kit_size_32 addtoany_list\" data-a2a-url=\"https:\/\/aevea.es\/anuario-2023\/mariano-rodriguez\/\" data-a2a-title=\"ART\u00cdCULO Mariano Rodr\u00edguez\"><a class=\"a2a_button_facebook\" href=\"https:\/\/www.addtoany.com\/add_to\/facebook?linkurl=https%3A%2F%2Faevea.es%2Fanuario-2023%2Fmariano-rodriguez%2F&amp;linkname=ART%C3%8DCULO%20Mariano%20Rodr%C3%ADguez\" title=\"Facebook\" rel=\"nofollow noopener\" target=\"_blank\"><\/a><a class=\"a2a_button_twitter\" href=\"https:\/\/www.addtoany.com\/add_to\/twitter?linkurl=https%3A%2F%2Faevea.es%2Fanuario-2023%2Fmariano-rodriguez%2F&amp;linkname=ART%C3%8DCULO%20Mariano%20Rodr%C3%ADguez\" title=\"Twitter\" rel=\"nofollow noopener\" target=\"_blank\"><\/a><a class=\"a2a_button_email\" href=\"https:\/\/www.addtoany.com\/add_to\/email?linkurl=https%3A%2F%2Faevea.es%2Fanuario-2023%2Fmariano-rodriguez%2F&amp;linkname=ART%C3%8DCULO%20Mariano%20Rodr%C3%ADguez\" title=\"Email\" rel=\"nofollow noopener\" target=\"_blank\"><\/a><a class=\"a2a_button_whatsapp\" href=\"https:\/\/www.addtoany.com\/add_to\/whatsapp?linkurl=https%3A%2F%2Faevea.es%2Fanuario-2023%2Fmariano-rodriguez%2F&amp;linkname=ART%C3%8DCULO%20Mariano%20Rodr%C3%ADguez\" title=\"WhatsApp\" rel=\"nofollow noopener\" target=\"_blank\"><\/a><a class=\"a2a_button_linkedin\" href=\"https:\/\/www.addtoany.com\/add_to\/linkedin?linkurl=https%3A%2F%2Faevea.es%2Fanuario-2023%2Fmariano-rodriguez%2F&amp;linkname=ART%C3%8DCULO%20Mariano%20Rodr%C3%ADguez\" title=\"LinkedIn\" rel=\"nofollow noopener\" target=\"_blank\"><\/a><a class=\"a2a_dd addtoany_share_save addtoany_share\" href=\"https:\/\/www.addtoany.com\/share\"><\/a><\/div><\/div><\/code><\/p>\n<\/div><\/div><\/div><div class = \"tatsu-column-bg-image-wrap\"><div class = \"tatsu-column-bg-image\" ><\/div><\/div><div class=\"tatsu-overlay tatsu-column-overlay tatsu-animate-none\" ><\/div><\/div><style>.tatsu-row > .tatsu-Byt0yBIsd.tatsu-column{width: 60%;}.tatsu-Byt0yBIsd.tatsu-column > .tatsu-column-inner > .tatsu-column-overlay{mix-blend-mode: normal;}.tatsu-Byt0yBIsd > .tatsu-column-inner > .tatsu-top-divider{z-index: 9999;}.tatsu-Byt0yBIsd > .tatsu-column-inner > .tatsu-bottom-divider{z-index: 9999;}.tatsu-Byt0yBIsd > .tatsu-column-inner > .tatsu-left-divider{z-index: 9999;}.tatsu-Byt0yBIsd > .tatsu-column-inner > .tatsu-right-divider{z-index: 9999;}@media only screen and (max-width:1377px) {.tatsu-row > .tatsu-Byt0yBIsd.tatsu-column{width: 60%;}}@media only screen and (min-width:768px) and (max-width: 1024px) {.tatsu-row > .tatsu-Byt0yBIsd.tatsu-column{width: 75%;}}@media only screen and (max-width: 767px) {.tatsu-row > .tatsu-Byt0yBIsd.tatsu-column{width: 100%;}}<\/style><\/div><div  class=\"tatsu-column  tatsu-bg-overlay tatsu-one-fourth tatsu-column-image-none tatsu-column-effect-none  tatsu-SJgFR1BIid\"  data-parallax-speed=\"0\" style=\"\"><div class=\"tatsu-column-inner \" ><div class=\"tatsu-column-pad-wrap\"><div class=\"tatsu-column-pad\" ><div  class=\"tatsu-module tatsu-text-block-wrap tatsu-ryTemGP95  \"><div class=\"tatsu-text-inner tatsu-align-center  clearfix\" ><style>.tatsu-ryTemGP95.tatsu-text-block-wrap .tatsu-text-inner{width: 100%;text-align: center;padding: 0px 0px 20px 0px;}.tatsu-ryTemGP95.tatsu-text-block-wrap{margin: 0px 0px 20px 0px;}<\/style>\n<p><span style=\"font-size: 18pt;\"><strong>Contenido patrocinado<\/strong><\/span><\/p>\n<\/div><\/div><div  class=\"tatsu-single-image tatsu-module align-center tatsu-image-lazyload tatsu-rJ8xeb9ju  \" ><div class=\"tatsu-single-image-inner \" style=\"width : 770px;\" ><div class = \"tatsu-single-image-padding-wrap\" style = \"padding-bottom : 192.46753246753%;\" ><\/div><a href = \"https:\/\/www.gijonomia.es\/es\/septimo-principio.php\" target = \"_blank\" ><img class = \"tatsu-gradient-border\" alt = \"\" title = \"Banner_romanos_770x1482px\" data-src = \"https:\/\/aevea.es\/anuario-2023\/wp-content\/uploads\/2023\/07\/Banner_romanos_770x1482px.jpg\" src =\"data:image\/png;base64,iVBORw0KGgoAAAANSUhEUgAAAAEAAAABCAQAAAC1HAwCAAAAC0lEQVR42mNkYAAAAAYAAjCB0C8AAAAASUVORK5CYII=\"  \/><\/a><\/div><style>.tatsu-rJ8xeb9ju{margin: 20px 0px 0px 0px;}.tatsu-rJ8xeb9ju .tatsu-single-image-inner{border-style: solid;max-width: 80%;}.tatsu-rJ8xeb9ju.tatsu-single-image{transform: translate3d(0px,0px, 0);}<\/style><\/div><div  class=\"tatsu-single-image tatsu-module align-center tatsu-image-lazyload tatsu-rkr-P7lt3  \" ><div class=\"tatsu-single-image-inner \" style=\"width : 770px;\" ><div class = \"tatsu-single-image-padding-wrap\" style = \"padding-bottom : 192.46753246753%;\" ><\/div><a href = \"https:\/\/bigprints.es\/?utm_source=aevea&utm_medium=banner&utm_campaign=2023-06-bp-agencias&utm_id=2023-06\" target = \"_blank\" ><img class = \"tatsu-gradient-border\" alt = \"\" title = \"banner_aevea_bprints_770x1482bigPrints\" data-src = \"https:\/\/aevea.es\/anuario-2023\/wp-content\/uploads\/2023\/07\/banner_aevea_bprints_770x1482bigPrints.gif\" src =\"data:image\/png;base64,iVBORw0KGgoAAAANSUhEUgAAAAEAAAABCAQAAAC1HAwCAAAAC0lEQVR42mNkYAAAAAYAAjCB0C8AAAAASUVORK5CYII=\"  \/><\/a><\/div><style>.tatsu-rkr-P7lt3 .tatsu-single-image-inner{border-style: solid;max-width: 80%;}.tatsu-rkr-P7lt3.tatsu-single-image{transform: translate3d(0px,0px, 0);}.tatsu-rkr-P7lt3{padding: 20px 0px 0px 0px;}<\/style><\/div><div  class=\"tatsu-empty-space  tatsu-ByCGhmRju  \" ><style>.tatsu-ByCGhmRju.tatsu-empty-space{height: 30px;}<\/style><\/div><\/div><\/div><div class = \"tatsu-column-bg-image-wrap\"><div class = \"tatsu-column-bg-image\" ><\/div><\/div><div class=\"tatsu-overlay tatsu-column-overlay tatsu-animate-none\" ><\/div><\/div><style>.tatsu-row > .tatsu-SJgFR1BIid.tatsu-column{width: 40%;}.tatsu-SJgFR1BIid.tatsu-column > .tatsu-column-inner > .tatsu-column-overlay{mix-blend-mode: normal;}.tatsu-SJgFR1BIid > .tatsu-column-inner > .tatsu-top-divider{z-index: 9999;}.tatsu-SJgFR1BIid > .tatsu-column-inner > .tatsu-bottom-divider{z-index: 9999;}.tatsu-SJgFR1BIid > .tatsu-column-inner > .tatsu-left-divider{z-index: 9999;}.tatsu-SJgFR1BIid > .tatsu-column-inner > .tatsu-right-divider{z-index: 9999;}@media only screen and (max-width:1377px) {.tatsu-row > .tatsu-SJgFR1BIid.tatsu-column{width: 40%;}}@media only screen and (min-width:768px) and (max-width: 1024px) {.tatsu-row > .tatsu-SJgFR1BIid.tatsu-column{width: 25%;}}@media only screen and (max-width: 767px) {.tatsu-row > .tatsu-SJgFR1BIid.tatsu-column{width: 100%;}}<\/style><\/div><\/div><\/div><\/div><div class=\"tatsu-section-background-wrap\"><div class = \"tatsu-section-background\" ><\/div><\/div><div class=\"tatsu-overlay tatsu-section-overlay\"><\/div><div class = \"tatsu-shape-divider tatsu-bottom-divider tatsu-flip-divider\"><svg xmlns=\"http:\/\/www.w3.org\/2000\/svg\" preserveAspectRatio=\"none\" viewBox=\"0 0 1920 120\">\r\n  <polygon fill-rule=\"evenodd\" points=\"0 0 1920 120 0 120\"\/>\r\n<\/svg>\r\n<\/div><style>.tatsu-Sy-vaCE8iu .tatsu-section-pad{padding: 7px 0px 0px 0px;}.tatsu-Sy-vaCE8iu .tatsu-section-offset-wrap{transform: translateY(-0px);}.tatsu-Sy-vaCE8iu > .tatsu-top-divider{height: 145px;color: rgba(207,0,88,1) ;z-index: 9999;}.tatsu-Sy-vaCE8iu > .tatsu-bottom-divider{height: 145px;color: rgba(255,77,14,1) ;z-index: 9999;}.tatsu-Sy-vaCE8iu .tatsu-section-overlay{mix-blend-mode: normal;}<\/style><\/div>\n","protected":false},"excerpt":{"rendered":"<p><a href=\"https:\/\/aevea.es\/anuario-2023\/mariano-rodriguez\/\" class=\"more-link style3-button\">Read More<\/a><\/p>","protected":false},"author":2,"featured_media":2442,"parent":0,"menu_order":0,"comment_status":"closed","ping_status":"closed","template":"","meta":{"footnotes":""},"class_list":["post-1906","page","type-page","status-publish","has-post-thumbnail","hentry"],"_links":{"self":[{"href":"https:\/\/aevea.es\/anuario-2023\/wp-json\/wp\/v2\/pages\/1906","targetHints":{"allow":["GET"]}}],"collection":[{"href":"https:\/\/aevea.es\/anuario-2023\/wp-json\/wp\/v2\/pages"}],"about":[{"href":"https:\/\/aevea.es\/anuario-2023\/wp-json\/wp\/v2\/types\/page"}],"author":[{"embeddable":true,"href":"https:\/\/aevea.es\/anuario-2023\/wp-json\/wp\/v2\/users\/2"}],"replies":[{"embeddable":true,"href":"https:\/\/aevea.es\/anuario-2023\/wp-json\/wp\/v2\/comments?post=1906"}],"version-history":[{"count":9,"href":"https:\/\/aevea.es\/anuario-2023\/wp-json\/wp\/v2\/pages\/1906\/revisions"}],"predecessor-version":[{"id":2407,"href":"https:\/\/aevea.es\/anuario-2023\/wp-json\/wp\/v2\/pages\/1906\/revisions\/2407"}],"wp:featuredmedia":[{"embeddable":true,"href":"https:\/\/aevea.es\/anuario-2023\/wp-json\/wp\/v2\/media\/2442"}],"wp:attachment":[{"href":"https:\/\/aevea.es\/anuario-2023\/wp-json\/wp\/v2\/media?parent=1906"}],"curies":[{"name":"wp","href":"https:\/\/api.w.org\/{rel}","templated":true}]}}