{"id":2008,"date":"2023-06-26T07:17:45","date_gmt":"2023-06-26T07:17:45","guid":{"rendered":"https:\/\/aevea.es\/anuario-2023\/?page_id=2008"},"modified":"2023-07-14T16:12:38","modified_gmt":"2023-07-14T16:12:38","slug":"gonzalo-barbadillo02","status":"publish","type":"page","link":"https:\/\/aevea.es\/anuario-2023\/gonzalo-barbadillo02\/","title":{"rendered":"ART\u00cdCULO Gonzalo Barbadillo"},"content":{"rendered":"<div  class=\"tatsu-Sy-vaCE8iu tatsu-section  tatsu-parallax tatsu-bg-overlay   tatsu-clearfix\" data-title=\"\"  data-headerscheme=\"background--dark\"><div class = \"tatsu-shape-divider tatsu-top-divider tatsu-shape-over\"><svg xmlns=\"http:\/\/www.w3.org\/2000\/svg\" preserveAspectRatio=\"none\" viewBox=\"0 0 1920 120\">\r\n  <polygon fill-rule=\"evenodd\" points=\"0 0 1920 120 0 120\" transform=\"matrix(1 0 0 -1 0 120)\"\/>\r\n<\/svg>\r\n<\/div><div class='tatsu-section-pad clearfix' data-padding='{\"d\":\"7px 0px 0px 0px\"}' data-padding-top='7px'><div class=\"tatsu-row-wrap  tatsu-wrap tatsu-row-has-two-cols tatsu-medium-gutter tatsu-reg-cols  tatsu-clearfix tatsu-HkeDAkrIou\" ><style>.tatsu-HkeDAkrIou.tatsu-row-wrap > .tatsu-row{padding: 30px 0px 0px 0px;margin-bottom: 0px;}.tatsu-HkeDAkrIou > .tatsu-row{margin-top: 90px;}<\/style><div  class=\"tatsu-row \" ><div  class=\"tatsu-column  tatsu-bg-overlay tatsu-three-fourth tatsu-column-image-none tatsu-column-effect-none  tatsu-Byt0yBIsd\"  data-parallax-speed=\"0\" style=\"\"><div class=\"tatsu-column-inner \" ><div class=\"tatsu-column-pad-wrap\"><div class=\"tatsu-column-pad\" ><div  class=\"tatsu-single-image tatsu-module tatsu-image-lazyload tatsu-SyYBve0ou  \" ><div class=\"tatsu-single-image-inner \" style=\"width : 1184px;\" ><div class = \"tatsu-single-image-padding-wrap\" style = \"padding-bottom : 45.608108108108%;\" ><\/div><img class = \"tatsu-gradient-border\" alt = \"\" title = \"ggoonnzzaallooo-ARTICULO\" data-src = \"https:\/\/aevea.es\/anuario-2023\/wp-content\/uploads\/2023\/07\/ggoonnzzaallooo-ARTICULO.jpg\" src =\"data:image\/png;base64,iVBORw0KGgoAAAANSUhEUgAAAAEAAAABCAQAAAC1HAwCAAAAC0lEQVR42mNkYAAAAAYAAjCB0C8AAAAASUVORK5CYII=\"  \/><\/div><style>.tatsu-SyYBve0ou{margin: 40px 0px 0px 0px;}.tatsu-SyYBve0ou .tatsu-single-image-inner{border-style: solid;max-width: 100%;}.tatsu-SyYBve0ou.tatsu-single-image{transform: translate3d(0px,0px, 0);}<\/style><\/div><div  class=\"tatsu-empty-space  tatsu-SJ7Sxw0sO  \" ><style>.tatsu-SJ7Sxw0sO.tatsu-empty-space{height: 30px;}<\/style><\/div><div  class=\"tatsu-module tatsu-text-block-wrap tatsu-rJZdlb5jd  \"><div class=\"tatsu-text-inner tatsu-align-center  clearfix\" ><style>.tatsu-rJZdlb5jd.tatsu-text-block-wrap .tatsu-text-inner{width: 100%;text-align: left;padding: 0px 0px 30px 0px;}.tatsu-rJZdlb5jd.tatsu-text-block-wrap{margin: 0px 0px 0px 0px;}<\/style>\n<h4>Camino hacia la excelencia, robustez y sostenibilidad de nuestra actividad<\/h4>\n<p><span style=\"font-size: 14pt;\">La industria de los eventos y experiencias de marca es un sector<strong> realmente pujante para la econom\u00eda espa\u00f1ola<\/strong> que cada a\u00f1o constata que nuestro pa\u00eds se est\u00e1 convirtiendo en un referente para el turismo de negocios y nuestras principales sedes para celebrar ferias y congresos no paran de sumar nuevos eventos y reuniones de industrias punteras e innovadoras que eligen nuestro pa\u00eds, entre otras, por las siguientes razones:<\/span><\/p>\n<ul>\n<li><span style=\"font-size: 14pt;\">tenemos una enorme capacidad y vocaci\u00f3n de servicio para acoger eventos,<\/span><\/li>\n<li><span style=\"font-size: 14pt;\">disponemos de las infraestructuras necesarias para mover, celebrar y alojar a mucha gente,<\/span><\/li>\n<li><span style=\"font-size: 14pt;\">disfrutamos de un clima \u00fanico en el mundo.<\/span><\/li>\n<li><span style=\"font-size: 14pt;\">somos unos verdaderos profesionales y nos apasiona dise\u00f1ar y producir experiencias memorables.<\/span><\/li>\n<\/ul>\n<p><span style=\"font-size: 14pt;\"><strong>\u00a0<\/strong><\/span><\/p>\n<p><span style=\"font-size: 14pt;\"><strong>AEVEA<\/strong> es la principal y m\u00e1s relevante asociaci\u00f3n que aglutina las empresas y agencias de todo el territorio nacional y que prestan servicios en el \u00e1mbito del dise\u00f1o, organizaci\u00f3n y producci\u00f3n integral de eventos corporativos. Uno de los principales objetivos como asociaci\u00f3n es que <strong>deseamos que represente a toda la industria<\/strong> y, por ese motivo, necesitamos que se vayan uniendo el mayor n\u00famero de agencias de eventos de toda Espa\u00f1a (incluidos otros gremios pr\u00f3ximos). Si bien es cierto, que la amplia mayor\u00eda de las empresas est\u00e1n localizadas entre Madrid y Barcelona, el universo de agencias de eventos se est\u00e1 ampliando paulatinamente a otras geograf\u00edas.<\/span><\/p>\n<p><span style=\"font-size: 14pt;\">En el caso de nuestra agencia (Multilem Espa\u00f1a) decidimos sumarnos a AEVEA hace ya varios a\u00f1os porque entendimos, entre otras cosas, que era necesaria la uni\u00f3n de todo el sector y que <strong>necesit\u00e1bamos convertir a nuestro gremio en un \u201cbloque\u201d con capacidad y voz entre los diferentes agentes sociales y empresariales<\/strong>.<\/span><\/p>\n<p><span style=\"font-size: 14pt;\">Hoy en d\u00eda, podemos decir con orgullo que estos objetivos van dando los pasos deseados (de hecho, durante la pandemia constatamos que fue importante haber estado asociados) y que seguimos abriendo nuevas iniciativas que nos acercan a\u00fan m\u00e1s a nuestros objetivos. Entre estas \u00faltimas iniciativas y que ponen de manifiesto el <strong>dinamismo y el esp\u00edritu constructivo de la asociaci\u00f3n, <\/strong>merecen especial menci\u00f3n:<\/span><\/p>\n<ul>\n<li><span style=\"font-size: 14pt;\">la elaboraci\u00f3n de un <strong>mapa del sector<\/strong> que nos permitir\u00e1 conocer las magnitudes reales y aportarnos m\u00e1s informaci\u00f3n para la toma de decisiones, as\u00ed como poder medir de una forma m\u00e1s certera el impacto de la industria en la econom\u00eda.<\/span><\/li>\n<li><span style=\"font-size: 14pt;\">el inicio del proceso para disponer de un <strong>convenio colectivo<\/strong> <strong>propio<\/strong> que, sin duda, refleje la especial singularidad de nuestra actividad y nos aporte mas agilidad en la forma de organizarnos.<\/span><\/li>\n<li><span style=\"font-size: 14pt;\">y la creaci\u00f3n de la <strong>bolsa de empleo<\/strong> que servir\u00e1 de palanca para profesionalizar y aportar mas calidad a los servicios que prestamos.<\/span><\/li>\n<\/ul>\n<p><span style=\"font-size: 14pt;\">Por todo ello, nos sentimos realmente orgullosos de pertenecer a AEVEA y asumimos que todos somos partes y podemos aportar en nuestro camino hacia la excelencia, robustez y sostenibilidad de nuestra actividad.<\/span><\/p>\n<\/div><\/div><div  class=\"tatsu-shortcode-module tatsu-module tatsu-rkFSRDaFn   \"  >\n<p><code><div class=\"addtoany_shortcode\"><div class=\"a2a_kit a2a_kit_size_32 addtoany_list\" data-a2a-url=\"https:\/\/aevea.es\/anuario-2023\/gonzalo-barbadillo02\/\" data-a2a-title=\"ART\u00cdCULO Gonzalo Barbadillo\"><a class=\"a2a_button_facebook\" href=\"https:\/\/www.addtoany.com\/add_to\/facebook?linkurl=https%3A%2F%2Faevea.es%2Fanuario-2023%2Fgonzalo-barbadillo02%2F&amp;linkname=ART%C3%8DCULO%20Gonzalo%20Barbadillo\" title=\"Facebook\" rel=\"nofollow noopener\" target=\"_blank\"><\/a><a class=\"a2a_button_twitter\" href=\"https:\/\/www.addtoany.com\/add_to\/twitter?linkurl=https%3A%2F%2Faevea.es%2Fanuario-2023%2Fgonzalo-barbadillo02%2F&amp;linkname=ART%C3%8DCULO%20Gonzalo%20Barbadillo\" title=\"Twitter\" rel=\"nofollow noopener\" target=\"_blank\"><\/a><a class=\"a2a_button_email\" href=\"https:\/\/www.addtoany.com\/add_to\/email?linkurl=https%3A%2F%2Faevea.es%2Fanuario-2023%2Fgonzalo-barbadillo02%2F&amp;linkname=ART%C3%8DCULO%20Gonzalo%20Barbadillo\" title=\"Email\" rel=\"nofollow noopener\" target=\"_blank\"><\/a><a class=\"a2a_button_whatsapp\" href=\"https:\/\/www.addtoany.com\/add_to\/whatsapp?linkurl=https%3A%2F%2Faevea.es%2Fanuario-2023%2Fgonzalo-barbadillo02%2F&amp;linkname=ART%C3%8DCULO%20Gonzalo%20Barbadillo\" title=\"WhatsApp\" rel=\"nofollow noopener\" target=\"_blank\"><\/a><a class=\"a2a_button_linkedin\" href=\"https:\/\/www.addtoany.com\/add_to\/linkedin?linkurl=https%3A%2F%2Faevea.es%2Fanuario-2023%2Fgonzalo-barbadillo02%2F&amp;linkname=ART%C3%8DCULO%20Gonzalo%20Barbadillo\" title=\"LinkedIn\" rel=\"nofollow noopener\" target=\"_blank\"><\/a><a class=\"a2a_dd addtoany_share_save addtoany_share\" href=\"https:\/\/www.addtoany.com\/share\"><\/a><\/div><\/div><\/code><\/p>\n<\/div><\/div><\/div><div class = \"tatsu-column-bg-image-wrap\"><div class = \"tatsu-column-bg-image\" ><\/div><\/div><div class=\"tatsu-overlay tatsu-column-overlay tatsu-animate-none\" ><\/div><\/div><style>.tatsu-row > .tatsu-Byt0yBIsd.tatsu-column{width: 60%;}.tatsu-Byt0yBIsd.tatsu-column > .tatsu-column-inner > .tatsu-column-overlay{mix-blend-mode: normal;}.tatsu-Byt0yBIsd > .tatsu-column-inner > .tatsu-top-divider{z-index: 9999;}.tatsu-Byt0yBIsd > .tatsu-column-inner > .tatsu-bottom-divider{z-index: 9999;}.tatsu-Byt0yBIsd > .tatsu-column-inner > .tatsu-left-divider{z-index: 9999;}.tatsu-Byt0yBIsd > .tatsu-column-inner > .tatsu-right-divider{z-index: 9999;}@media only screen and (max-width:1377px) {.tatsu-row > .tatsu-Byt0yBIsd.tatsu-column{width: 60%;}}@media only screen and (min-width:768px) and (max-width: 1024px) {.tatsu-row > .tatsu-Byt0yBIsd.tatsu-column{width: 75%;}}@media only screen and (max-width: 767px) {.tatsu-row > .tatsu-Byt0yBIsd.tatsu-column{width: 100%;}}<\/style><\/div><div  class=\"tatsu-column  tatsu-bg-overlay tatsu-one-fourth tatsu-column-image-none tatsu-column-effect-none  tatsu-SJgFR1BIid\"  data-parallax-speed=\"0\" style=\"\"><div class=\"tatsu-column-inner \" ><div class=\"tatsu-column-pad-wrap\"><div class=\"tatsu-column-pad\" ><div  class=\"tatsu-module tatsu-text-block-wrap tatsu-ryTemGP95  \"><div class=\"tatsu-text-inner tatsu-align-center  clearfix\" ><style>.tatsu-ryTemGP95.tatsu-text-block-wrap .tatsu-text-inner{width: 100%;text-align: left;}.tatsu-ryTemGP95.tatsu-text-block-wrap{margin: 0px 0px 0px 0px;}<\/style>\n<p><span style=\"font-size: 18pt;\"><strong>Contenido patrocinado<\/strong><\/span><\/p>\n<\/div><\/div><div  class=\"tatsu-module tatsu-video tatsu-youtube-wrap tatsu-S1UPomCjd   \" ><style>.tatsu-S1UPomCjd{padding: 0px 0px 76px 0px;margin: 20px 0px 0px 0px;}<\/style><div class = \"be-video-embed be-embed-placeholder\"><div class = \"be-youtube-embed\" data-video-id = \"2QFHEQ6ZHu4\" data-autoplay = \"1\" data-loop = \"1\"><\/div><\/div><\/div><div  class=\"tatsu-single-image tatsu-module align-center tatsu-image-lazyload tatsu-rJ8xeb9ju  \" ><div class=\"tatsu-single-image-inner \" style=\"width : 770px;\" ><div class = \"tatsu-single-image-padding-wrap\" style = \"padding-bottom : 192.46753246753%;\" ><\/div><a href = \"https:\/\/bigprints.es\/?utm_source=aevea&utm_medium=banner&utm_campaign=2023-06-bp-agencias&utm_id=2023-06\" target = \"_blank\" ><img class = \"tatsu-gradient-border\" alt = \"\" title = \"banner_aevea_bprints_770x1482bigPrints\" data-src = \"https:\/\/aevea.es\/anuario-2023\/wp-content\/uploads\/2023\/07\/banner_aevea_bprints_770x1482bigPrints.gif\" src =\"data:image\/png;base64,iVBORw0KGgoAAAANSUhEUgAAAAEAAAABCAQAAAC1HAwCAAAAC0lEQVR42mNkYAAAAAYAAjCB0C8AAAAASUVORK5CYII=\"  \/><\/a><\/div><style>.tatsu-rJ8xeb9ju .tatsu-single-image-inner{border-style: solid;max-width: 80%;}.tatsu-rJ8xeb9ju.tatsu-single-image{transform: translate3d(0px,0px, 0);}<\/style><\/div><div  class=\"tatsu-empty-space  tatsu-ByCGhmRju  \" ><style>.tatsu-ByCGhmRju.tatsu-empty-space{height: 30px;}<\/style><\/div><\/div><\/div><div class = \"tatsu-column-bg-image-wrap\"><div class = \"tatsu-column-bg-image\" ><\/div><\/div><div class=\"tatsu-overlay tatsu-column-overlay tatsu-animate-none\" ><\/div><\/div><style>.tatsu-row > .tatsu-SJgFR1BIid.tatsu-column{width: 40%;}.tatsu-SJgFR1BIid.tatsu-column > .tatsu-column-inner > .tatsu-column-overlay{mix-blend-mode: normal;}.tatsu-SJgFR1BIid > .tatsu-column-inner > .tatsu-top-divider{z-index: 9999;}.tatsu-SJgFR1BIid > .tatsu-column-inner > .tatsu-bottom-divider{z-index: 9999;}.tatsu-SJgFR1BIid > .tatsu-column-inner > .tatsu-left-divider{z-index: 9999;}.tatsu-SJgFR1BIid > .tatsu-column-inner > .tatsu-right-divider{z-index: 9999;}@media only screen and (max-width:1377px) {.tatsu-row > .tatsu-SJgFR1BIid.tatsu-column{width: 40%;}}@media only screen and (min-width:768px) and (max-width: 1024px) {.tatsu-row > .tatsu-SJgFR1BIid.tatsu-column{width: 25%;}}@media only screen and (max-width: 767px) {.tatsu-row > .tatsu-SJgFR1BIid.tatsu-column{width: 100%;}}<\/style><\/div><\/div><\/div><\/div><div class=\"tatsu-section-background-wrap\"><div class = \"tatsu-section-background\" ><\/div><\/div><div class=\"tatsu-overlay tatsu-section-overlay\"><\/div><div class = \"tatsu-shape-divider tatsu-bottom-divider tatsu-flip-divider\"><svg xmlns=\"http:\/\/www.w3.org\/2000\/svg\" preserveAspectRatio=\"none\" viewBox=\"0 0 1920 120\">\r\n  <polygon fill-rule=\"evenodd\" points=\"0 0 1920 120 0 120\"\/>\r\n<\/svg>\r\n<\/div><style>.tatsu-Sy-vaCE8iu .tatsu-section-pad{padding: 7px 0px 0px 0px;}.tatsu-Sy-vaCE8iu .tatsu-section-offset-wrap{transform: translateY(-0px);}.tatsu-Sy-vaCE8iu > .tatsu-top-divider{height: 145px;color: rgba(207,0,88,1) ;z-index: 9999;}.tatsu-Sy-vaCE8iu > .tatsu-bottom-divider{height: 145px;color: rgba(255,77,14,1) ;z-index: 9999;}.tatsu-Sy-vaCE8iu .tatsu-section-overlay{mix-blend-mode: normal;}<\/style><\/div>\n","protected":false},"excerpt":{"rendered":"<p><a href=\"https:\/\/aevea.es\/anuario-2023\/gonzalo-barbadillo02\/\" class=\"more-link style3-button\">Read More<\/a><\/p>","protected":false},"author":2,"featured_media":2429,"parent":0,"menu_order":0,"comment_status":"closed","ping_status":"closed","template":"","meta":{"footnotes":""},"class_list":["post-2008","page","type-page","status-publish","has-post-thumbnail","hentry"],"_links":{"self":[{"href":"https:\/\/aevea.es\/anuario-2023\/wp-json\/wp\/v2\/pages\/2008","targetHints":{"allow":["GET"]}}],"collection":[{"href":"https:\/\/aevea.es\/anuario-2023\/wp-json\/wp\/v2\/pages"}],"about":[{"href":"https:\/\/aevea.es\/anuario-2023\/wp-json\/wp\/v2\/types\/page"}],"author":[{"embeddable":true,"href":"https:\/\/aevea.es\/anuario-2023\/wp-json\/wp\/v2\/users\/2"}],"replies":[{"embeddable":true,"href":"https:\/\/aevea.es\/anuario-2023\/wp-json\/wp\/v2\/comments?post=2008"}],"version-history":[{"count":8,"href":"https:\/\/aevea.es\/anuario-2023\/wp-json\/wp\/v2\/pages\/2008\/revisions"}],"predecessor-version":[{"id":2402,"href":"https:\/\/aevea.es\/anuario-2023\/wp-json\/wp\/v2\/pages\/2008\/revisions\/2402"}],"wp:featuredmedia":[{"embeddable":true,"href":"https:\/\/aevea.es\/anuario-2023\/wp-json\/wp\/v2\/media\/2429"}],"wp:attachment":[{"href":"https:\/\/aevea.es\/anuario-2023\/wp-json\/wp\/v2\/media?parent=2008"}],"curies":[{"name":"wp","href":"https:\/\/api.w.org\/{rel}","templated":true}]}}