{"id":2139,"date":"2023-07-03T06:28:38","date_gmt":"2023-07-03T06:28:38","guid":{"rendered":"https:\/\/aevea.es\/anuario-2023\/?page_id=2139"},"modified":"2023-07-14T11:00:28","modified_gmt":"2023-07-14T11:00:28","slug":"belen-mann","status":"publish","type":"page","link":"https:\/\/aevea.es\/anuario-2023\/belen-mann\/","title":{"rendered":"ART\u00cdCULO Bel\u00e9n Mann"},"content":{"rendered":"<div  class=\"tatsu-Sy-vaCE8iu tatsu-section  tatsu-parallax tatsu-bg-overlay   tatsu-clearfix\" data-title=\"\"  data-headerscheme=\"background--dark\"><div class = \"tatsu-shape-divider tatsu-top-divider tatsu-shape-over\"><svg xmlns=\"http:\/\/www.w3.org\/2000\/svg\" preserveAspectRatio=\"none\" viewBox=\"0 0 1920 120\">\r\n  <polygon fill-rule=\"evenodd\" points=\"0 0 1920 120 0 120\" transform=\"matrix(1 0 0 -1 0 120)\"\/>\r\n<\/svg>\r\n<\/div><div class='tatsu-section-pad clearfix' data-padding='{\"d\":\"7px 0px 0px 0px\"}' data-padding-top='7px'><div class=\"tatsu-row-wrap  tatsu-wrap tatsu-row-has-two-cols tatsu-medium-gutter tatsu-reg-cols  tatsu-clearfix tatsu-HkeDAkrIou\" ><style>.tatsu-HkeDAkrIou.tatsu-row-wrap > .tatsu-row{padding: 30px 0px 0px 0px;margin-bottom: 0px;}.tatsu-HkeDAkrIou > .tatsu-row{margin-top: 90px;}<\/style><div  class=\"tatsu-row \" ><div  class=\"tatsu-column  tatsu-bg-overlay tatsu-three-fourth tatsu-column-image-none tatsu-column-effect-none  tatsu-Byt0yBIsd\"  data-parallax-speed=\"0\" style=\"\"><div class=\"tatsu-column-inner \" ><div class=\"tatsu-column-pad-wrap\"><div class=\"tatsu-column-pad\" ><div  class=\"tatsu-single-image tatsu-module tatsu-image-lazyload tatsu-SyYBve0ou  \" ><div class=\"tatsu-single-image-inner \" style=\"width : 1182px;\" ><div class = \"tatsu-single-image-padding-wrap\" style = \"padding-bottom : 52.791878172589%;\" ><\/div><img class = \"tatsu-gradient-border\" alt = \"\" title = \"bmann-articulo\" data-src = \"https:\/\/aevea.es\/anuario-2023\/wp-content\/uploads\/2023\/07\/bmann-articulo.jpg\" src =\"data:image\/png;base64,iVBORw0KGgoAAAANSUhEUgAAAAEAAAABCAQAAAC1HAwCAAAAC0lEQVR42mNkYAAAAAYAAjCB0C8AAAAASUVORK5CYII=\"  \/><\/div><style>.tatsu-SyYBve0ou{margin: 40px 0px 0px 0px;}.tatsu-SyYBve0ou .tatsu-single-image-inner{border-style: solid;max-width: 100%;}.tatsu-SyYBve0ou.tatsu-single-image{transform: translate3d(0px,0px, 0);}<\/style><\/div><div  class=\"tatsu-empty-space  tatsu-SJ7Sxw0sO  \" ><style>.tatsu-SJ7Sxw0sO.tatsu-empty-space{height: 30px;}<\/style><\/div><div  class=\"tatsu-module tatsu-text-block-wrap tatsu-rJZdlb5jd  \"><div class=\"tatsu-text-inner tatsu-align-center  clearfix\" ><style>.tatsu-rJZdlb5jd.tatsu-text-block-wrap .tatsu-text-inner{width: 100%;text-align: left;padding: 0px 0px 30px 0px;}.tatsu-rJZdlb5jd.tatsu-text-block-wrap{margin: 0px 0px 0px 0px;}<\/style>\n<h4><span style=\"color: #ff4d0e;\">Los grandes eventos internacionales se celebran en IFEMA MADRID<\/span><\/h4>\n<p><span style=\"font-size: 14pt;\">\u201c\u2026el reconocimiento de IFEMA MADRID como el Mejor Centro de Convenciones de Europa, \u2026ha apoyado tambi\u00e9n el posicionamiento de Madrid como uno de los mejores destinos MICE del mundo.\u201d<\/span><\/p>\n<p><span style=\"font-size: 14pt;\">La organizaci\u00f3n y la producci\u00f3n de ferias profesionales representa el coraz\u00f3n del negocio de IFEMA MADRID, un sector donde se ha posicionado como el primer operador de Espa\u00f1a y uno de los grandes de la industria ferial de Europa. No obstante, en los \u00faltimos a\u00f1os ha puesto el foco en un nuevo eje estrat\u00e9gico, como es la diversificaci\u00f3n desarrollando nuevas l\u00edneas de actividad orientadas al gran p\u00fablico como son eventos de ocio, espect\u00e1culos y festivales. Una apuesta que nos ha consolidado como uno de los m\u00e1s destacados focos culturales y de ocio en Madrid.<\/span><\/p>\n<p><span style=\"font-size: 14pt;\">A ello se suma otro gran pilar del negocio de IFEMA MADRID como es la gesti\u00f3n de nuestros espacios e infraestructuras para la organizaci\u00f3n de eventos externos, as\u00ed como la producci\u00f3n de <strong>grandes proyectos internacionales que cada vez m\u00e1s eligen nuestros recintos y nuestro <em>know-how<\/em><\/strong>. En ese contexto, cabe destacar como IFEMA MADRID ha sido en los \u00faltimos a\u00f1os un punto de inter\u00e9s internacional con la celebraci\u00f3n de eventos tan importantes de alcance mundial, como la reciente <strong>Cumbre de la OTAN en 2022, la Cumbre del Clima de la ONU en 2019<\/strong>, y pr\u00f3ximamente algunos de los encuentros previstos en el marco de la Presidencia Espa\u00f1ola de la Uni\u00f3n Europea.<\/span><\/p>\n<p><span style=\"font-size: 14pt;\">Para ello contamos con \u00e1reas y equipos especializados en todos los \u00e1mbitos que requiere el proceso de producci\u00f3n, que se coordinan de manera similar a los procesos que requiere la organizaci\u00f3n de un evento propio. La capacidad y versatilidad que ofrece nuestro <strong>Recinto Ferial y Palacio Municipal permiten que se pueda llevar a cabo en IFEMA MADRID pr\u00e1cticamente cualquier tipo de evento<\/strong>, de cualquier dimensi\u00f3n y bajo las exigencias m\u00e1s altas, garantizando seguridad, las mejores condiciones de acceso y estancia, m\u00e1s de 14 mil plazas de parking, y, en definitiva, todos los componentes que conduzcan al \u00e9xito. Todo ello hace que IFEMA MADRID sea una de las plazas que m\u00e1s congresos nacionales e internacionales acoge en todo el mundo, lo que le ha llevado a ganar un especial posicionamiento y muy concretamente en el \u00e1mbito m\u00e9dico cient\u00edfico, siendo actualmente <strong>sede de los m\u00e1s importantes congresos europeos y mundiales de las diferentes especialidades m\u00e9dicas<\/strong>. Todo ello lo ha confirmado en los \u00faltimos a\u00f1os el reconocimiento de IFEMA MADRID como el Mejor Centro de Convenciones de Europa, lo que ha apoyado tambi\u00e9n el posicionamiento de Madrid como uno de los mejores destinos MICE del mundo.<\/span><\/p>\n<p><span style=\"font-size: 14pt;\">En este contexto, seguimos sumando confirmaciones de grandes congresos internacionales que se celebrar\u00e1n pr\u00f3ximamente en IFEMA MADRID. El \u00faltimo en hacerlo ha sido la <strong>Asociaci\u00f3n Europea de Hematolog\u00eda, EHA<\/strong>, que celebra su pr\u00f3ximo encuentro en del 13 al 16 de junio de 2024 en el Recinto Ferial.<\/span><\/p>\n<p><span style=\"font-size: 14pt;\">As\u00ed mismo, este mes de junio, hemos acogido importantes eventos para el sector MICE, como el <strong>33\u00ba Congreso Nacional SEMES<\/strong>, de la Sociedad Espa\u00f1ola de Medicina de Urgencias y Emergencias, con cerca de 2.000 participantes durante 3 d\u00edas consecutivos; o la reuni\u00f3n anual para el sector de la Terapia de Part\u00edculas, <strong>61<sup>st<\/sup> Annual PTCOG Conference<\/strong>, con 2.000 asistentes durante 5 d\u00edas de celebraci\u00f3n. Una peque\u00f1a muestra de los 10 grandes congresos que se han celebrado en IFEMA MADRID durante el primer semestre del a\u00f1o.<\/span><\/p>\n<p><span style=\"font-size: 14pt;\">Pero, sin duda, lo mejor est\u00e1 por venir. Del 19 al 24 de octubre, <strong>ESMO Congress 2023<\/strong> ocupar\u00e1 pr\u00e1cticamente la totalidad del Recinto Ferial de IFEMA MADRID, adem\u00e1s del Palacio Municipal. La plataforma oncol\u00f3gica m\u00e1s influyente para cl\u00ednicos, investigadores, defensores de los pacientes, periodistas y representantes de la industria sanitaria de todo el mundo, celebra su encuentro anual en IFEMA MADRID, con una participaci\u00f3n prevista de 22.000 profesionales de todo el mundo.<\/span><\/p>\n<p><span style=\"font-size: 14pt;\">Toda una carrera de fondo que est\u00e1 contribuyendo decididamente a la marca Madrid como <strong>sede de grandes eventos internacionales<\/strong>, uno de los objetivos clave de IFEMA MADRID.<\/span><\/p>\n<\/div><\/div><div  class=\"tatsu-shortcode-module tatsu-module tatsu-BJFG0DTY2   \"  >\n<p><code><div class=\"addtoany_shortcode\"><div class=\"a2a_kit a2a_kit_size_32 addtoany_list\" data-a2a-url=\"https:\/\/aevea.es\/anuario-2023\/belen-mann\/\" data-a2a-title=\"ART\u00cdCULO Bel\u00e9n Mann\"><a class=\"a2a_button_facebook\" href=\"https:\/\/www.addtoany.com\/add_to\/facebook?linkurl=https%3A%2F%2Faevea.es%2Fanuario-2023%2Fbelen-mann%2F&amp;linkname=ART%C3%8DCULO%20Bel%C3%A9n%20Mann\" title=\"Facebook\" rel=\"nofollow noopener\" target=\"_blank\"><\/a><a class=\"a2a_button_twitter\" href=\"https:\/\/www.addtoany.com\/add_to\/twitter?linkurl=https%3A%2F%2Faevea.es%2Fanuario-2023%2Fbelen-mann%2F&amp;linkname=ART%C3%8DCULO%20Bel%C3%A9n%20Mann\" title=\"Twitter\" rel=\"nofollow noopener\" target=\"_blank\"><\/a><a class=\"a2a_button_email\" href=\"https:\/\/www.addtoany.com\/add_to\/email?linkurl=https%3A%2F%2Faevea.es%2Fanuario-2023%2Fbelen-mann%2F&amp;linkname=ART%C3%8DCULO%20Bel%C3%A9n%20Mann\" title=\"Email\" rel=\"nofollow noopener\" target=\"_blank\"><\/a><a class=\"a2a_button_whatsapp\" href=\"https:\/\/www.addtoany.com\/add_to\/whatsapp?linkurl=https%3A%2F%2Faevea.es%2Fanuario-2023%2Fbelen-mann%2F&amp;linkname=ART%C3%8DCULO%20Bel%C3%A9n%20Mann\" title=\"WhatsApp\" rel=\"nofollow noopener\" target=\"_blank\"><\/a><a class=\"a2a_button_linkedin\" href=\"https:\/\/www.addtoany.com\/add_to\/linkedin?linkurl=https%3A%2F%2Faevea.es%2Fanuario-2023%2Fbelen-mann%2F&amp;linkname=ART%C3%8DCULO%20Bel%C3%A9n%20Mann\" title=\"LinkedIn\" rel=\"nofollow noopener\" target=\"_blank\"><\/a><a class=\"a2a_dd addtoany_share_save addtoany_share\" href=\"https:\/\/www.addtoany.com\/share\"><\/a><\/div><\/div><\/code><\/p>\n<\/div><\/div><\/div><div class = \"tatsu-column-bg-image-wrap\"><div class = \"tatsu-column-bg-image\" ><\/div><\/div><div class=\"tatsu-overlay tatsu-column-overlay tatsu-animate-none\" ><\/div><\/div><style>.tatsu-row > .tatsu-Byt0yBIsd.tatsu-column{width: 60%;}.tatsu-Byt0yBIsd.tatsu-column > .tatsu-column-inner > .tatsu-column-overlay{mix-blend-mode: normal;}.tatsu-Byt0yBIsd > .tatsu-column-inner > .tatsu-top-divider{z-index: 9999;}.tatsu-Byt0yBIsd > .tatsu-column-inner > .tatsu-bottom-divider{z-index: 9999;}.tatsu-Byt0yBIsd > .tatsu-column-inner > .tatsu-left-divider{z-index: 9999;}.tatsu-Byt0yBIsd > .tatsu-column-inner > .tatsu-right-divider{z-index: 9999;}@media only screen and (max-width:1377px) {.tatsu-row > .tatsu-Byt0yBIsd.tatsu-column{width: 60%;}}@media only screen and (min-width:768px) and (max-width: 1024px) {.tatsu-row > .tatsu-Byt0yBIsd.tatsu-column{width: 75%;}}@media only screen and (max-width: 767px) {.tatsu-row > .tatsu-Byt0yBIsd.tatsu-column{width: 100%;}}<\/style><\/div><div  class=\"tatsu-column  tatsu-bg-overlay tatsu-one-fourth tatsu-column-image-none tatsu-column-effect-none  tatsu-SJgFR1BIid\"  data-parallax-speed=\"0\" style=\"\"><div class=\"tatsu-column-inner \" ><div class=\"tatsu-column-pad-wrap\"><div class=\"tatsu-column-pad\" ><div  class=\"tatsu-module tatsu-text-block-wrap tatsu-ryTemGP95  \"><div class=\"tatsu-text-inner tatsu-align-center  clearfix\" ><style>.tatsu-ryTemGP95.tatsu-text-block-wrap .tatsu-text-inner{width: 100%;text-align: left;}.tatsu-ryTemGP95.tatsu-text-block-wrap{margin: 0px 0px 0px 0px;}<\/style>\n<p><span style=\"font-size: 18pt;\"><strong>Contenido patrocinado<\/strong><\/span><\/p>\n<\/div><\/div><div  class=\"tatsu-module tatsu-video tatsu-youtube-wrap tatsu-S1UPomCjd   \" ><style>.tatsu-S1UPomCjd{padding: 0px 0px 76px 0px;margin: 20px 0px 0px 0px;}<\/style><div class = \"be-video-embed be-embed-placeholder\"><div class = \"be-youtube-embed\" data-video-id = \"PD8eU20TO_I\" data-autoplay = \"1\" data-loop = \"1\"><\/div><\/div><\/div><div  class=\"tatsu-empty-space  tatsu-ByCGhmRju  \" ><style>.tatsu-ByCGhmRju.tatsu-empty-space{height: 30px;}<\/style><\/div><\/div><\/div><div class = \"tatsu-column-bg-image-wrap\"><div class = \"tatsu-column-bg-image\" ><\/div><\/div><div class=\"tatsu-overlay tatsu-column-overlay tatsu-animate-none\" ><\/div><\/div><style>.tatsu-row > .tatsu-SJgFR1BIid.tatsu-column{width: 40%;}.tatsu-SJgFR1BIid.tatsu-column > .tatsu-column-inner > .tatsu-column-overlay{mix-blend-mode: normal;}.tatsu-SJgFR1BIid > .tatsu-column-inner > .tatsu-top-divider{z-index: 9999;}.tatsu-SJgFR1BIid > .tatsu-column-inner > .tatsu-bottom-divider{z-index: 9999;}.tatsu-SJgFR1BIid > .tatsu-column-inner > .tatsu-left-divider{z-index: 9999;}.tatsu-SJgFR1BIid > .tatsu-column-inner > .tatsu-right-divider{z-index: 9999;}@media only screen and (max-width:1377px) {.tatsu-row > .tatsu-SJgFR1BIid.tatsu-column{width: 40%;}}@media only screen and (min-width:768px) and (max-width: 1024px) {.tatsu-row > .tatsu-SJgFR1BIid.tatsu-column{width: 25%;}}@media only screen and (max-width: 767px) {.tatsu-row > .tatsu-SJgFR1BIid.tatsu-column{width: 100%;}}<\/style><\/div><\/div><\/div><\/div><div class=\"tatsu-section-background-wrap\"><div class = \"tatsu-section-background\" ><\/div><\/div><div class=\"tatsu-overlay tatsu-section-overlay\"><\/div><div class = \"tatsu-shape-divider tatsu-bottom-divider tatsu-flip-divider\"><svg xmlns=\"http:\/\/www.w3.org\/2000\/svg\" preserveAspectRatio=\"none\" viewBox=\"0 0 1920 120\">\r\n  <polygon fill-rule=\"evenodd\" points=\"0 0 1920 120 0 120\"\/>\r\n<\/svg>\r\n<\/div><style>.tatsu-Sy-vaCE8iu .tatsu-section-pad{padding: 7px 0px 0px 0px;}.tatsu-Sy-vaCE8iu .tatsu-section-offset-wrap{transform: translateY(-0px);}.tatsu-Sy-vaCE8iu > .tatsu-top-divider{height: 145px;color: rgba(207,0,88,1) ;z-index: 9999;}.tatsu-Sy-vaCE8iu > .tatsu-bottom-divider{height: 145px;color: rgba(255,77,14,1) ;z-index: 9999;}.tatsu-Sy-vaCE8iu .tatsu-section-overlay{mix-blend-mode: normal;}<\/style><\/div>\n","protected":false},"excerpt":{"rendered":"<p><a href=\"https:\/\/aevea.es\/anuario-2023\/belen-mann\/\" class=\"more-link style3-button\">Read More<\/a><\/p>","protected":false},"author":2,"featured_media":2443,"parent":0,"menu_order":0,"comment_status":"closed","ping_status":"closed","template":"","meta":{"footnotes":""},"class_list":["post-2139","page","type-page","status-publish","has-post-thumbnail","hentry"],"_links":{"self":[{"href":"https:\/\/aevea.es\/anuario-2023\/wp-json\/wp\/v2\/pages\/2139","targetHints":{"allow":["GET"]}}],"collection":[{"href":"https:\/\/aevea.es\/anuario-2023\/wp-json\/wp\/v2\/pages"}],"about":[{"href":"https:\/\/aevea.es\/anuario-2023\/wp-json\/wp\/v2\/types\/page"}],"author":[{"embeddable":true,"href":"https:\/\/aevea.es\/anuario-2023\/wp-json\/wp\/v2\/users\/2"}],"replies":[{"embeddable":true,"href":"https:\/\/aevea.es\/anuario-2023\/wp-json\/wp\/v2\/comments?post=2139"}],"version-history":[{"count":8,"href":"https:\/\/aevea.es\/anuario-2023\/wp-json\/wp\/v2\/pages\/2139\/revisions"}],"predecessor-version":[{"id":2401,"href":"https:\/\/aevea.es\/anuario-2023\/wp-json\/wp\/v2\/pages\/2139\/revisions\/2401"}],"wp:featuredmedia":[{"embeddable":true,"href":"https:\/\/aevea.es\/anuario-2023\/wp-json\/wp\/v2\/media\/2443"}],"wp:attachment":[{"href":"https:\/\/aevea.es\/anuario-2023\/wp-json\/wp\/v2\/media?parent=2139"}],"curies":[{"name":"wp","href":"https:\/\/api.w.org\/{rel}","templated":true}]}}