{"id":436,"date":"2021-06-21T06:34:26","date_gmt":"2021-06-21T06:34:26","guid":{"rendered":"https:\/\/www.aevea.es\/anuario-2021\/?page_id=436"},"modified":"2021-06-21T06:34:50","modified_gmt":"2021-06-21T06:34:50","slug":"politica-de-privacidad","status":"publish","type":"page","link":"https:\/\/aevea.es\/anuario-2023\/politica-de-privacidad\/","title":{"rendered":"Pol\u00edtica de privacidad"},"content":{"rendered":"<p>En cumplimiento al REGLAMENTO (UE) 2016\/679 DEL PARLAMENTO EUROPEO Y DEL CONSEJO de 27 de abril de 2016 relativo a la protecci\u00f3n de las personas f\u00edsicas en lo que respecta al tratamiento de datos personales y a la libre circulaci\u00f3n de estos datos y por el que se deroga la Directiva 95\/46\/CE (Reglamento general de protecci\u00f3n de datos), le indicamos que los datos personales que Ud. nos facilita de forma voluntaria, por cualquiera de nuestros medios de recogida de informaci\u00f3n, van a ser incorporados a tratamientos\u00a0 automatizados de datos de car\u00e1cter personal.<\/p>\n<ol>\n<li>\n<h2><strong>Responsable del tratamiento<\/strong><\/h2>\n<\/li>\n<\/ol>\n<p>AGENCIAS DE EVENTOS ESPA\u00d1OLAS ASOCIADAS<br \/>\nLEGANITOS, 47 \u2013 7\u00ba<br \/>\n28013 MADRID<br \/>\nG87228508<br \/>\n<a href=\"mailto:bgq@aevea.es\">bgq@aevea.es<\/a><\/p>\n<ol start=\"2\">\n<li>\n<h2><strong>Finalidad del tratamiento<\/strong><\/h2>\n<\/li>\n<\/ol>\n<p><strong>\u00a0<\/strong>AGENCIAS DE EVENTOS ESPA\u00d1OLAS ASOCIADAS trata la informaci\u00f3n que se le facilita con la finalidad de gestionar la relaci\u00f3n contractual que les une, gestionar el env\u00edo de la informaci\u00f3n que solicita, informaci\u00f3n sobre actividades y servicios de inter\u00e9s\u00a0 a los que Ud. presta su consentimiento, y que, por cualquier medio, pudieran llevar a cabo entes colaboradores del Responsable del tratamiento y el propio Responsable del tratamiento.<\/p>\n<p>Esta autorizaci\u00f3n se hace efectiva de forma retroactiva a cualquier tratamiento de datos hechos ya por parte del Responsable del tratamiento, siempre y cuando la finalidad fuese la anteriormente indicada. Tambi\u00e9n se hace efectiva para cualquier otro tratamiento necesario para la prestaci\u00f3n de servicios de reciente o nueva contrataci\u00f3n.<\/p>\n<ol start=\"3\">\n<li>\n<h2><strong>Duraci\u00f3n del tratamiento<\/strong><\/h2>\n<\/li>\n<\/ol>\n<p><strong>\u00a0<\/strong>Sus datos, ser\u00e1n conservados el tiempo m\u00ednimo necesario para la correcta prestaci\u00f3n del servicio ofrecido as\u00ed como para atender las responsabilidades que se pudieran derivar del mismo y de cualquier otra exigencia legal.<\/p>\n<ol start=\"4\">\n<li>\n<h2><strong>Legitimaci\u00f3n para tratamiento<\/strong><\/h2>\n<\/li>\n<\/ol>\n<p><strong>\u00a0<\/strong>La base legal para el tratamiento de sus datos personales puede ser la ejecuci\u00f3n de una relaci\u00f3n contractual potencial y\/o suscrita, el inter\u00e9s leg\u00edtimo, la habilitaci\u00f3n legal y\/o el consentimiento del propio interesado. Los datos que le solicitamos son adecuados, pertinentes y estrictamente necesarios y en ning\u00fan caso est\u00e1 obligado a facilit\u00e1rnoslos, pero su no comunicaci\u00f3n podr\u00e1 afectar a la finalidad del servicio o la imposibilidad de prestarlo.<strong>\u00a0<\/strong><\/p>\n<ol start=\"5\">\n<li>\n<h2><strong>Destinatarios del tratamiento<\/strong><\/h2>\n<\/li>\n<\/ol>\n<p><strong>\u00a0<\/strong>AGENCIAS DE EVENTOS ESPA\u00d1OLAS ASOCIADAS para la realizaci\u00f3n de la gesti\u00f3n antes mencionada puede ser necesario que se cedan los datos a encargados de tratamiento y administraciones p\u00fablicas.<\/p>\n<ol start=\"6\">\n<li>\n<h2><strong>Ejercicio de derechos<\/strong><\/h2>\n<\/li>\n<\/ol>\n<p><strong>\u00a0<\/strong>Los derechos de protecci\u00f3n de datos de los que son titulares los interesados son:<\/p>\n<ul>\n<li>Derecho a solicitar el acceso a los datos personales relativos al interesado<\/li>\n<li>Derecho de rectificaci\u00f3n o supresi\u00f3n<\/li>\n<li>Derecho de oposici\u00f3n<\/li>\n<li>Derecho a solicitar la limitaci\u00f3n de su tratamiento<\/li>\n<li>Derecho a la portabilidad de los datos<\/li>\n<\/ul>\n<p>Los titulares de los datos personales obtenidos, podr\u00e1n ejercer sus derechos de protecci\u00f3n de datos personales dirigiendo una comunicaci\u00f3n por escrito al domicilio social de AGENCIAS DE EVENTOS ESPA\u00d1OLAS ASOCIADAS o al correo electr\u00f3nico habilitado a tal efecto,\u00a0<a href=\"mailto:bgq@aevea.es\">bgq@aevea.es<\/a>\u00a0, (acreditando su identidad).<\/p>\n<p>Modelos, formularios y m\u00e1s informaci\u00f3n disponible sobre sus derechos en la p\u00e1gina web de la autoridad de control nacional, Agencia Espa\u00f1ola de Protecci\u00f3n de Datos, en adelante, AEPD,\u00a0<a href=\"http:\/\/www.agpd.es\/\">www.agpd.es<\/a>.<\/p>\n<ol start=\"7\">\n<li>\n<h2><strong>Consentimiento para tratamiento<\/strong><\/h2>\n<\/li>\n<\/ol>\n<p><strong>\u00a0<\/strong>Usted tiene la posibilidad y el derecho a retirar el consentimiento para cualquiera finalidad espec\u00edfica otorgada en su momento, sin que ello afecte a la licitud del tratamiento basado en el consentimiento previo a su retirada.<\/p>\n<ol start=\"8\">\n<li>\n<h2><strong>Reclamaciones<\/strong><\/h2>\n<\/li>\n<\/ol>\n<p><strong>\u00a0<\/strong>Si alg\u00fan interesado considera que sus datos no son tratados correctamente por AGENCIAS DE EVENTOS ESPA\u00d1OLAS ASOCIADAS puede dirigir sus reclamaciones al correo\u00a0<a href=\"mailto:bgq@aevea.es\">bgq@aevea.es<\/a>\u00a0 o a la autoridad de protecci\u00f3n de datos que corresponda, siendo la AEPD la indicada en el territorio nacional,\u00a0<a href=\"http:\/\/www.agpd.es\/\">www.agpd.es<\/a><\/p>\n<ol start=\"9\">\n<li>\n<h2><strong>Seguridad y actualizaci\u00f3n<\/strong><\/h2>\n<\/li>\n<\/ol>\n<p><strong>\u00a0<\/strong>Con el objetivo de salvaguardar la seguridad de sus datos personales, le informamos que AGENCIAS DE EVENTOS ESPA\u00d1OLAS ASOCIADAS ha adoptado todas las medidas de \u00edndole t\u00e9cnica y organizativa necesarias para garantizar la seguridad de los datos personales suministrados. Todo ello para evitar su alteraci\u00f3n, p\u00e9rdida, y\/o tratamientos o accesos no autorizados, tal como exige la normativa, si bien la seguridad absoluta no existe.<\/p>\n<p>Para que la informaci\u00f3n que contienen nuestros tratamientos est\u00e9 siempre actualizada y no contenga errores pedimos a nuestros clientes y usuarios que nos comuniquen, a la mayor brevedad posible, las modificaciones y rectificaciones de sus datos de car\u00e1cter personal.<\/p>\n<ol start=\"10\">\n<li>\n<h2><strong>Confidencialidad<\/strong><\/h2>\n<\/li>\n<\/ol>\n<p><strong>\u00a0<\/strong>AGENCIAS DE EVENTOS ESPA\u00d1OLAS ASOCIADAS le informa que sus datos ser\u00e1n tratados con el m\u00e1ximo celo y confidencialidad por todo el personal que intervenga en cualquiera de las fases del tratamiento. No cederemos ni comunicaremos a ning\u00fan tercero sus datos, excepto en los casos legalmente previstos, o salvo que el interesado nos hubiera autorizado expresamente.<\/p>\n","protected":false},"excerpt":{"rendered":"<p>En cumplimiento al REGLAMENTO (UE) 2016\/679 DEL PARLAMENTO EUROPEO Y DEL CONSEJO de 27 de abril de 2016 relativo a la protecci\u00f3n de las personas f\u00edsicas en lo que respecta [&hellip;]<\/p>\n<p><a href=\"https:\/\/aevea.es\/anuario-2023\/politica-de-privacidad\/\" class=\"more-link style3-button\">Read More<\/a><\/p>","protected":false},"author":1,"featured_media":0,"parent":0,"menu_order":0,"comment_status":"closed","ping_status":"closed","template":"","meta":{"footnotes":""},"class_list":["post-436","page","type-page","status-publish","hentry"],"_links":{"self":[{"href":"https:\/\/aevea.es\/anuario-2023\/wp-json\/wp\/v2\/pages\/436","targetHints":{"allow":["GET"]}}],"collection":[{"href":"https:\/\/aevea.es\/anuario-2023\/wp-json\/wp\/v2\/pages"}],"about":[{"href":"https:\/\/aevea.es\/anuario-2023\/wp-json\/wp\/v2\/types\/page"}],"author":[{"embeddable":true,"href":"https:\/\/aevea.es\/anuario-2023\/wp-json\/wp\/v2\/users\/1"}],"replies":[{"embeddable":true,"href":"https:\/\/aevea.es\/anuario-2023\/wp-json\/wp\/v2\/comments?post=436"}],"version-history":[{"count":2,"href":"https:\/\/aevea.es\/anuario-2023\/wp-json\/wp\/v2\/pages\/436\/revisions"}],"predecessor-version":[{"id":438,"href":"https:\/\/aevea.es\/anuario-2023\/wp-json\/wp\/v2\/pages\/436\/revisions\/438"}],"wp:attachment":[{"href":"https:\/\/aevea.es\/anuario-2023\/wp-json\/wp\/v2\/media?parent=436"}],"curies":[{"name":"wp","href":"https:\/\/api.w.org\/{rel}","templated":true}]}}