{"id":175,"date":"2024-06-21T17:21:52","date_gmt":"2024-06-21T15:21:52","guid":{"rendered":"https:\/\/aevea.es\/anuario-2024\/?page_id=175"},"modified":"2024-07-10T11:39:23","modified_gmt":"2024-07-10T09:39:23","slug":"articulo-arantxa-roca","status":"publish","type":"page","link":"https:\/\/aevea.es\/anuario-2024\/articulo-arantxa-roca\/","title":{"rendered":"ART\u00cdCULO Arantxa Roca"},"content":{"rendered":"<div  class=\"tatsu-BkWyda0ASR tatsu-section  tatsu-bg-overlay   tatsu-clearfix\" data-title=\"\"  data-headerscheme=\"background--dark\"><div class='tatsu-section-pad clearfix' data-padding='{\"d\":\"0px 0px 0px 0px\"}' data-padding-top='0px'><div class=\"tatsu-row-wrap  tatsu-row-full-width tatsu-row-one-col tatsu-row-has-one-cols tatsu-medium-gutter tatsu-reg-cols  tatsu-clearfix tatsu-Skly_6RABC\" ><div  class=\"tatsu-row \" ><div  class=\"tatsu-column  tatsu-bg-overlay tatsu-one-col tatsu-column-image-none tatsu-column-effect-none  tatsu-Bkk_pARrA\"  data-parallax-speed=\"0\" style=\"\"><div class=\"tatsu-column-inner \" ><div class=\"tatsu-column-pad-wrap\"><div class=\"tatsu-column-pad\" ><div  class=\"tatsu-single-image tatsu-module tatsu-image-lazyload tatsu-hqto6vwo0q5m1q17  \" ><div class=\"tatsu-single-image-inner \" style=\"width : 1920px;\" ><div class = \"tatsu-single-image-padding-wrap\" style = \"padding-bottom : 9.5833333333333%;\" ><\/div><img class = \"tatsu-gradient-border\" alt = \"\" title = \"banner-superior-02-1\" data-src = \"https:\/\/aevea.es\/anuario-2024\/wp-content\/uploads\/2024\/06\/banner-superior-02-1.jpg\" src =\"data:image\/png;base64,iVBORw0KGgoAAAANSUhEUgAAAAEAAAABCAQAAAC1HAwCAAAAC0lEQVR42mNkYAAAAAYAAjCB0C8AAAAASUVORK5CYII=\"  \/><\/div><style>.tatsu-hqto6vwo0q5m1q17{margin: 0px 0px 0px 0px;}.tatsu-hqto6vwo0q5m1q17 .tatsu-single-image-inner{border-style: solid;max-width: 100%;}.tatsu-hqto6vwo0q5m1q17.tatsu-single-image{transform: translate3d(0px,0px, 0);}<\/style><\/div><\/div><\/div><div class = \"tatsu-column-bg-image-wrap\"><div class = \"tatsu-column-bg-image\" ><\/div><\/div><div class=\"tatsu-overlay tatsu-column-overlay tatsu-animate-none\" ><\/div><\/div><style>.tatsu-row > .tatsu-Bkk_pARrA.tatsu-column{width: 100%;}.tatsu-Bkk_pARrA.tatsu-column > .tatsu-column-inner > .tatsu-column-overlay{mix-blend-mode: normal;}.tatsu-Bkk_pARrA > .tatsu-column-inner > .tatsu-top-divider{z-index: 9999;}.tatsu-Bkk_pARrA > .tatsu-column-inner > .tatsu-bottom-divider{z-index: 9999;}.tatsu-Bkk_pARrA > .tatsu-column-inner > .tatsu-left-divider{z-index: 9999;}.tatsu-Bkk_pARrA > .tatsu-column-inner > .tatsu-right-divider{z-index: 9999;}@media only screen and (max-width:1377px) {.tatsu-row > .tatsu-Bkk_pARrA.tatsu-column{width: 100%;}}@media only screen and (min-width:768px) and (max-width: 1024px) {.tatsu-row > .tatsu-Bkk_pARrA.tatsu-column{width: 100%;}}@media only screen and (max-width: 767px) {.tatsu-row > .tatsu-Bkk_pARrA.tatsu-column{width: 100%;}}<\/style><\/div><\/div><\/div><\/div><div class=\"tatsu-section-background-wrap\"><div class = \"tatsu-section-background\" ><\/div><\/div><div class=\"tatsu-overlay tatsu-section-overlay\"><\/div><style>.tatsu-BkWyda0ASR .tatsu-section-offset-wrap{transform: translateY(-0px);}.tatsu-BkWyda0ASR > .tatsu-bottom-divider{z-index: 9999;}.tatsu-BkWyda0ASR > .tatsu-top-divider{z-index: 9999;}.tatsu-BkWyda0ASR .tatsu-section-overlay{mix-blend-mode: normal;}<\/style><\/div><div  class=\"tatsu-Sy-vaCE8iu tatsu-section  tatsu-parallax tatsu-bg-overlay   tatsu-clearfix\" data-title=\"\"  data-headerscheme=\"background--dark\"><div class='tatsu-section-pad clearfix' data-padding='{\"d\":\"7px 0px 0px 0px\"}' data-padding-top='7px'><div class=\"tatsu-row-wrap  tatsu-wrap tatsu-row-has-two-cols tatsu-medium-gutter tatsu-reg-cols  tatsu-clearfix tatsu-HkeDAkrIou\" ><style>.tatsu-HkeDAkrIou.tatsu-row-wrap > .tatsu-row{padding: 30px 0px 0px 0px;margin-bottom: 0px;}.tatsu-HkeDAkrIou > .tatsu-row{margin-top: 90px;}<\/style><div  class=\"tatsu-row \" ><div  class=\"tatsu-column  tatsu-bg-overlay tatsu-three-fourth tatsu-column-image-none tatsu-column-effect-none  tatsu-Byt0yBIsd\"  data-parallax-speed=\"0\" style=\"\"><div class=\"tatsu-column-inner \" ><div class=\"tatsu-column-pad-wrap\"><div class=\"tatsu-column-pad\" ><div  class=\"tatsu-single-image tatsu-module tatsu-image-lazyload tatsu-SyYBve0ou  \" ><div class=\"tatsu-single-image-inner \" style=\"width : 1182px;\" ><div class = \"tatsu-single-image-padding-wrap\" style = \"padding-bottom : 52.791878172589%;\" ><\/div><img class = \"tatsu-gradient-border\" alt = \"\" title = \"aracgh-destacado\" data-src = \"https:\/\/aevea.es\/anuario-2024\/wp-content\/uploads\/2024\/06\/aracgh-destacado-1.jpg\" src =\"data:image\/png;base64,iVBORw0KGgoAAAANSUhEUgAAAAEAAAABCAQAAAC1HAwCAAAAC0lEQVR42mNkYAAAAAYAAjCB0C8AAAAASUVORK5CYII=\"  \/><\/div><style>.tatsu-SyYBve0ou{margin: 40px 0px 0px 0px;}.tatsu-SyYBve0ou .tatsu-single-image-inner{border-style: solid;max-width: 100%;}.tatsu-SyYBve0ou.tatsu-single-image{transform: translate3d(0px,0px, 0);}<\/style><\/div><div  class=\"tatsu-empty-space  tatsu-SJ7Sxw0sO  \" ><style>.tatsu-SJ7Sxw0sO.tatsu-empty-space{height: 30px;}<\/style><\/div><div  class=\"tatsu-module tatsu-text-block-wrap tatsu-rJZdlb5jd  \"><div class=\"tatsu-text-inner tatsu-align-center  clearfix\" ><style>.tatsu-rJZdlb5jd.tatsu-text-block-wrap .tatsu-text-inner{width: 100%;text-align: left;padding: 0px 0px 30px 0px;}.tatsu-rJZdlb5jd.tatsu-text-block-wrap{margin: 0px 0px 0px 0px;}<\/style>\n<h4><span style=\"color: #ff4d0e;\">VEINTE A\u00d1OS APORTANDO SOLUCIONES PARA EVENTOS<\/span><\/h4>\n<p><span style=\"font-size: 14pt;\">Todos los profesionales que trabajamos en el sector de los eventos, conocemos lo din\u00e1mica que es esta industria y la cantidad de tiempo y energ\u00eda que puede llegar a demandarnos a diario, por eso estoy convencida de que solo aquellas personas que sienten verdadera pasi\u00f3n por este \u00abmundo\u00bb, permanecen en \u00e9l.<\/span><\/p>\n<p><span style=\"font-size: 14pt;\">Hoy en d\u00eda, conocer empresas que cumplen 20 a\u00f1os es un hito importante, motivo de celebraci\u00f3n y, a\u00fan m\u00e1s si cabe, si adem\u00e1s pertenecen al sector de los eventos. Un sector que actualmente vive un momento excelente, pero no olvidemos que tambi\u00e9n ha sido testigo de \u00e9pocas no tan buenas en el pasado.<\/span><\/p>\n<p><span style=\"font-size: 14pt;\">Desde mi punto de vista \u00abmarketiniano\u00bb, est\u00e1 claro que hay que conocer las necesidades del cliente, anticiparnos si es posible, y ofrecerle la mejor soluci\u00f3n a trav\u00e9s de nuestro producto o servicio, ya que, como dir\u00eda Philip Kotler \u00abLa mejor publicidad no es la que se compra, sino la que se comparte.\u00bb Sin embargo, desde mi experiencia personal y profesional, tras una amplia carrera dirigiendo el departamento de Marketing del grupo WORKOUT, formado por tres empresas especializadas en la profesionalizaci\u00f3n del personal y la gesti\u00f3n del talento, puedo afirmar que existen muchos otros factores cruciales que pueden dar ese valor diferencial que todos buscamos. Es esencial que dichos valores formen parte del adn de la empresa y, tambi\u00e9n que todos los trabajadores de la empresa, conozcan y apliquen esta cultura en todo momento.<\/span><\/p>\n<p><span style=\"font-size: 14pt;\">Recordemos que vivimos en un entorno de cambios constantes, donde debemos adaptarnos a nuevas normas y procedimientos, donde la especializaci\u00f3n y el detalle cobran protagonismo para ofrecer siempre las mejores experiencias. Nos preocupamos por el medioambiente, promovemos la inclusi\u00f3n, utilizamos tecnolog\u00eda avanzada y gestionamos la comunicaci\u00f3n y la informaci\u00f3n a una velocidad incre\u00edble. Por todo ello, permanecemos en un continuo estado de aprendizaje.<\/span><\/p>\n<p><span style=\"font-size: 14pt;\">Sin embargo, hay que tener en cuenta lo m\u00e1s importante en cualquier organizaci\u00f3n: el componente humano. Porque realmente el factor humano es esencial, es el motor que, con su disposici\u00f3n y habilidades, hace posible alcanzar el \u00e9xito en cada acci\u00f3n.<\/span><\/p>\n<p><span style=\"font-size: 14pt;\">En la actualidad, miramos al futuro con optimismo, porque seguimos viendo numerosas oportunidades y desaf\u00edos en el sector. En Workout, nos apasiona lo que hacemos y queremos seguir creciendo, sumando experiencia y adquiriendo nuevos conocimientos, para seguir ofreciendo soluciones innovadoras a nuestros clientes. Por ello, continuaremos trabajando en la gesti\u00f3n del talento y en la mejora de nuestros procesos con el fin de alcanzar la excelencia en nuestros servicios.<\/span><\/p>\n<p><span style=\"font-size: 14pt;\">Adem\u00e1s, reforzaremos nuestra apuesta por el uso de recursos y pr\u00e1cticas sostenibles y, sobre todo, seguiremos promoviendo la contrataci\u00f3n de personal altamente cualificado.<br \/>Celebrar 20 a\u00f1os aportando soluciones para eventos nos llena de verdadero orgullo. Estamos muy motivados y comprometidos a seguir siendo vuestro partner de confianza, dedicados a superar vuestras expectativas y a continuar siendo una parte imprescindible de nuestro sector.<\/span><\/p>\n<p><span style=\"font-size: 14pt;\">\u00a1Gracias por confiar en nosotros y permitirnos ser parte de vuestros \u00e9xitos!<br \/><\/span><\/p>\n<\/div><\/div><div  class=\"tatsu-shortcode-module tatsu-module tatsu-HyI1CDaFh   \"  >\n<p><code><div class=\"addtoany_shortcode\"><div class=\"a2a_kit a2a_kit_size_32 addtoany_list\" data-a2a-url=\"https:\/\/aevea.es\/anuario-2024\/articulo-arantxa-roca\/\" data-a2a-title=\"ART\u00cdCULO Arantxa Roca\"><a class=\"a2a_button_facebook\" href=\"https:\/\/www.addtoany.com\/add_to\/facebook?linkurl=https%3A%2F%2Faevea.es%2Fanuario-2024%2Farticulo-arantxa-roca%2F&amp;linkname=ART%C3%8DCULO%20Arantxa%20Roca\" title=\"Facebook\" rel=\"nofollow noopener\" target=\"_blank\"><\/a><a class=\"a2a_button_x\" href=\"https:\/\/www.addtoany.com\/add_to\/x?linkurl=https%3A%2F%2Faevea.es%2Fanuario-2024%2Farticulo-arantxa-roca%2F&amp;linkname=ART%C3%8DCULO%20Arantxa%20Roca\" title=\"X\" rel=\"nofollow noopener\" target=\"_blank\"><\/a><a class=\"a2a_button_email\" href=\"https:\/\/www.addtoany.com\/add_to\/email?linkurl=https%3A%2F%2Faevea.es%2Fanuario-2024%2Farticulo-arantxa-roca%2F&amp;linkname=ART%C3%8DCULO%20Arantxa%20Roca\" title=\"Email\" rel=\"nofollow noopener\" target=\"_blank\"><\/a><a class=\"a2a_button_whatsapp\" href=\"https:\/\/www.addtoany.com\/add_to\/whatsapp?linkurl=https%3A%2F%2Faevea.es%2Fanuario-2024%2Farticulo-arantxa-roca%2F&amp;linkname=ART%C3%8DCULO%20Arantxa%20Roca\" title=\"WhatsApp\" rel=\"nofollow noopener\" target=\"_blank\"><\/a><a class=\"a2a_button_linkedin\" href=\"https:\/\/www.addtoany.com\/add_to\/linkedin?linkurl=https%3A%2F%2Faevea.es%2Fanuario-2024%2Farticulo-arantxa-roca%2F&amp;linkname=ART%C3%8DCULO%20Arantxa%20Roca\" title=\"LinkedIn\" rel=\"nofollow noopener\" target=\"_blank\"><\/a><a class=\"a2a_dd addtoany_share_save addtoany_share\" href=\"https:\/\/www.addtoany.com\/share\"><\/a><\/div><\/div><\/code><\/p>\n<\/div><\/div><\/div><div class = \"tatsu-column-bg-image-wrap\"><div class = \"tatsu-column-bg-image\" ><\/div><\/div><div class=\"tatsu-overlay tatsu-column-overlay tatsu-animate-none\" ><\/div><\/div><style>.tatsu-row > .tatsu-Byt0yBIsd.tatsu-column{width: 60%;}.tatsu-Byt0yBIsd.tatsu-column > .tatsu-column-inner > .tatsu-column-overlay{mix-blend-mode: normal;}.tatsu-Byt0yBIsd > .tatsu-column-inner > .tatsu-top-divider{z-index: 9999;}.tatsu-Byt0yBIsd > .tatsu-column-inner > .tatsu-bottom-divider{z-index: 9999;}.tatsu-Byt0yBIsd > .tatsu-column-inner > .tatsu-left-divider{z-index: 9999;}.tatsu-Byt0yBIsd > .tatsu-column-inner > .tatsu-right-divider{z-index: 9999;}@media only screen and (max-width:1377px) {.tatsu-row > .tatsu-Byt0yBIsd.tatsu-column{width: 60%;}}@media only screen and (min-width:768px) and (max-width: 1024px) {.tatsu-row > .tatsu-Byt0yBIsd.tatsu-column{width: 75%;}}@media only screen and (max-width: 767px) {.tatsu-row > .tatsu-Byt0yBIsd.tatsu-column{width: 100%;}}<\/style><\/div><div  class=\"tatsu-column  tatsu-bg-overlay tatsu-one-fourth tatsu-column-image-none tatsu-column-effect-none  tatsu-SJgFR1BIid\"  data-parallax-speed=\"0\" style=\"\"><div class=\"tatsu-column-inner \" ><div class=\"tatsu-column-pad-wrap\"><div class=\"tatsu-column-pad\" ><div  class=\"tatsu-module tatsu-text-block-wrap tatsu-ryTemGP95  \"><div class=\"tatsu-text-inner tatsu-align-center  clearfix\" ><style>.tatsu-ryTemGP95.tatsu-text-block-wrap .tatsu-text-inner{width: 100%;text-align: left;}.tatsu-ryTemGP95.tatsu-text-block-wrap{margin: 0px 0px 0px 0px;}<\/style>\n<p><span style=\"font-size: 18pt;\"><strong>Contenido patrocinado<\/strong><\/span><\/p>\n<\/div><\/div><div  class=\"tatsu-module tatsu-video tatsu-youtube-wrap tatsu-S1UPomCjd   \" ><style>.tatsu-S1UPomCjd{padding: 0px 0px 76px 0px;margin: 20px 0px 0px 0px;}<\/style><div class = \"be-video-embed be-embed-placeholder\"><div class = \"be-youtube-embed\" data-video-id = \"6iP2RYW22Sw\" data-autoplay = \"1\" data-loop = \"1\"><\/div><\/div><\/div><div  class=\"tatsu-single-image tatsu-module align-center tatsu-image-lazyload tatsu-Sk_7CGkLA  \" ><div class=\"tatsu-single-image-inner \" style=\"width : 770px;\" ><div class = \"tatsu-single-image-padding-wrap\" style = \"padding-bottom : 192.46753246753%;\" ><\/div><a href = \"https:\/\/workout-events.com\/\" ><img class = \"tatsu-gradient-border\" alt = \"\" title = \"WorkOut-banner-770&#215;1482 AEVEA\" data-src = \"https:\/\/aevea.es\/anuario-2024\/wp-content\/uploads\/2024\/07\/WorkOut-banner-770x1482-AEVEA.gif\" src =\"data:image\/png;base64,iVBORw0KGgoAAAANSUhEUgAAAAEAAAABCAQAAAC1HAwCAAAAC0lEQVR42mNkYAAAAAYAAjCB0C8AAAAASUVORK5CYII=\"  \/><\/a><\/div><style>.tatsu-Sk_7CGkLA .tatsu-single-image-inner{border-style: solid;max-width: 80%;}.tatsu-Sk_7CGkLA.tatsu-single-image{transform: translate3d(0px,0px, 0);}<\/style><\/div><\/div><\/div><div class = \"tatsu-column-bg-image-wrap\"><div class = \"tatsu-column-bg-image\" ><\/div><\/div><div class=\"tatsu-overlay tatsu-column-overlay tatsu-animate-none\" ><\/div><\/div><style>.tatsu-row > .tatsu-SJgFR1BIid.tatsu-column{width: 40%;}.tatsu-SJgFR1BIid.tatsu-column > .tatsu-column-inner > .tatsu-column-overlay{mix-blend-mode: normal;}.tatsu-SJgFR1BIid > .tatsu-column-inner > .tatsu-top-divider{z-index: 9999;}.tatsu-SJgFR1BIid > .tatsu-column-inner > .tatsu-bottom-divider{z-index: 9999;}.tatsu-SJgFR1BIid > .tatsu-column-inner > .tatsu-left-divider{z-index: 9999;}.tatsu-SJgFR1BIid > .tatsu-column-inner > .tatsu-right-divider{z-index: 9999;}@media only screen and (max-width:1377px) {.tatsu-row > .tatsu-SJgFR1BIid.tatsu-column{width: 40%;}}@media only screen and (min-width:768px) and (max-width: 1024px) {.tatsu-row > .tatsu-SJgFR1BIid.tatsu-column{width: 25%;}}@media only screen and (max-width: 767px) {.tatsu-row > .tatsu-SJgFR1BIid.tatsu-column{width: 100%;}}<\/style><\/div><\/div><\/div><\/div><div class=\"tatsu-section-background-wrap\"><div class = \"tatsu-section-background\" ><\/div><\/div><div class=\"tatsu-overlay tatsu-section-overlay\"><\/div><style>.tatsu-Sy-vaCE8iu .tatsu-section-pad{padding: 7px 0px 0px 0px;}.tatsu-Sy-vaCE8iu .tatsu-section-offset-wrap{transform: translateY(-0px);}.tatsu-Sy-vaCE8iu > .tatsu-bottom-divider{z-index: 9999;}.tatsu-Sy-vaCE8iu > .tatsu-top-divider{z-index: 9999;}.tatsu-Sy-vaCE8iu .tatsu-section-overlay{mix-blend-mode: normal;}<\/style><\/div><div  class=\"tatsu-BkNQ0RAB0 tatsu-section  tatsu-bg-overlay   tatsu-clearfix\" data-title=\"\"  data-headerscheme=\"background--dark\"><div class='tatsu-section-pad clearfix' data-padding='{\"d\":\"0px 0px 0px 0px\"}' data-padding-top='0px'><div class=\"tatsu-row-wrap  tatsu-row-full-width tatsu-row-one-col tatsu-row-has-one-cols tatsu-medium-gutter tatsu-reg-cols  tatsu-clearfix tatsu-BJgV7RC0SR\" ><div  class=\"tatsu-row \" ><div  class=\"tatsu-column  tatsu-bg-overlay tatsu-one-col tatsu-column-image-none tatsu-column-effect-none  tatsu-S1-VXRR0BC\"  data-parallax-speed=\"0\" style=\"\"><div class=\"tatsu-column-inner \" ><div class=\"tatsu-column-pad-wrap\"><div class=\"tatsu-column-pad\" ><div  class=\"tatsu-single-image tatsu-module tatsu-image-lazyload tatsu-hqtoa0mdoh9hyxen  \" ><div class=\"tatsu-single-image-inner \" style=\"width : 1920px;\" ><div class = \"tatsu-single-image-padding-wrap\" style = \"padding-bottom : 4.5833333333333%;\" ><\/div><img class = \"tatsu-gradient-border\" alt = \"\" title = \"pie-new\" data-src = \"https:\/\/aevea.es\/anuario-2024\/wp-content\/uploads\/2024\/06\/pie-new.jpg\" src =\"data:image\/png;base64,iVBORw0KGgoAAAANSUhEUgAAAAEAAAABCAQAAAC1HAwCAAAAC0lEQVR42mNkYAAAAAYAAjCB0C8AAAAASUVORK5CYII=\"  \/><\/div><style>.tatsu-hqtoa0mdoh9hyxen{margin: 0px 0px 0px 0px;padding: 40px 0px 0px 0px;}.tatsu-hqtoa0mdoh9hyxen .tatsu-single-image-inner{border-style: solid;max-width: 100%;}.tatsu-hqtoa0mdoh9hyxen.tatsu-single-image{transform: translate3d(0px,0px, 0);}<\/style><\/div><\/div><\/div><div class = \"tatsu-column-bg-image-wrap\"><div class = \"tatsu-column-bg-image\" ><\/div><\/div><div class=\"tatsu-overlay tatsu-column-overlay tatsu-animate-none\" ><\/div><\/div><style>.tatsu-row > .tatsu-S1-VXRR0BC.tatsu-column{width: 100%;}.tatsu-S1-VXRR0BC.tatsu-column > .tatsu-column-inner > .tatsu-column-overlay{mix-blend-mode: normal;}.tatsu-S1-VXRR0BC > .tatsu-column-inner > .tatsu-top-divider{z-index: 9999;}.tatsu-S1-VXRR0BC > .tatsu-column-inner > .tatsu-bottom-divider{z-index: 9999;}.tatsu-S1-VXRR0BC > .tatsu-column-inner > .tatsu-left-divider{z-index: 9999;}.tatsu-S1-VXRR0BC > .tatsu-column-inner > .tatsu-right-divider{z-index: 9999;}@media only screen and (max-width:1377px) {.tatsu-row > .tatsu-S1-VXRR0BC.tatsu-column{width: 100%;}}@media only screen and (min-width:768px) and (max-width: 1024px) {.tatsu-row > .tatsu-S1-VXRR0BC.tatsu-column{width: 100%;}}@media only screen and (max-width: 767px) {.tatsu-row > .tatsu-S1-VXRR0BC.tatsu-column{width: 100%;}}<\/style><\/div><\/div><\/div><\/div><div class=\"tatsu-section-background-wrap\"><div class = \"tatsu-section-background\" ><\/div><\/div><div class=\"tatsu-overlay tatsu-section-overlay\"><\/div><style>.tatsu-BkNQ0RAB0 .tatsu-section-offset-wrap{transform: translateY(-0px);}.tatsu-BkNQ0RAB0 > .tatsu-bottom-divider{z-index: 9999;}.tatsu-BkNQ0RAB0 > .tatsu-top-divider{z-index: 9999;}.tatsu-BkNQ0RAB0 .tatsu-section-overlay{mix-blend-mode: normal;}<\/style><\/div>\n","protected":false},"excerpt":{"rendered":"<p><a href=\"https:\/\/aevea.es\/anuario-2024\/articulo-arantxa-roca\/\" class=\"more-link style3-button\">Read More<\/a><\/p>","protected":false},"author":2,"featured_media":0,"parent":0,"menu_order":0,"comment_status":"closed","ping_status":"closed","template":"","meta":{"footnotes":""},"class_list":["post-175","page","type-page","status-publish","hentry"],"_links":{"self":[{"href":"https:\/\/aevea.es\/anuario-2024\/wp-json\/wp\/v2\/pages\/175","targetHints":{"allow":["GET"]}}],"collection":[{"href":"https:\/\/aevea.es\/anuario-2024\/wp-json\/wp\/v2\/pages"}],"about":[{"href":"https:\/\/aevea.es\/anuario-2024\/wp-json\/wp\/v2\/types\/page"}],"author":[{"embeddable":true,"href":"https:\/\/aevea.es\/anuario-2024\/wp-json\/wp\/v2\/users\/2"}],"replies":[{"embeddable":true,"href":"https:\/\/aevea.es\/anuario-2024\/wp-json\/wp\/v2\/comments?post=175"}],"version-history":[{"count":6,"href":"https:\/\/aevea.es\/anuario-2024\/wp-json\/wp\/v2\/pages\/175\/revisions"}],"predecessor-version":[{"id":520,"href":"https:\/\/aevea.es\/anuario-2024\/wp-json\/wp\/v2\/pages\/175\/revisions\/520"}],"wp:attachment":[{"href":"https:\/\/aevea.es\/anuario-2024\/wp-json\/wp\/v2\/media?parent=175"}],"curies":[{"name":"wp","href":"https:\/\/api.w.org\/{rel}","templated":true}]}}