{"id":210,"date":"2024-06-21T17:44:55","date_gmt":"2024-06-21T15:44:55","guid":{"rendered":"https:\/\/aevea.es\/anuario-2024\/?page_id=210"},"modified":"2024-07-10T12:45:24","modified_gmt":"2024-07-10T10:45:24","slug":"articulo-juan-mendez","status":"publish","type":"page","link":"https:\/\/aevea.es\/anuario-2024\/articulo-juan-mendez\/","title":{"rendered":"ART\u00cdCULO Juan M\u00e9ndez"},"content":{"rendered":"<div  class=\"tatsu-BkWyda0ASR tatsu-section  tatsu-bg-overlay   tatsu-clearfix\" data-title=\"\"  data-headerscheme=\"background--dark\"><div class='tatsu-section-pad clearfix' data-padding='{\"d\":\"0px 0px 0px 0px\"}' data-padding-top='0px'><div class=\"tatsu-row-wrap  tatsu-row-full-width tatsu-row-one-col tatsu-row-has-one-cols tatsu-medium-gutter tatsu-reg-cols  tatsu-clearfix tatsu-Skly_6RABC\" ><div  class=\"tatsu-row \" ><div  class=\"tatsu-column  tatsu-bg-overlay tatsu-one-col tatsu-column-image-none tatsu-column-effect-none  tatsu-Bkk_pARrA\"  data-parallax-speed=\"0\" style=\"\"><div class=\"tatsu-column-inner \" ><div class=\"tatsu-column-pad-wrap\"><div class=\"tatsu-column-pad\" ><div  class=\"tatsu-single-image tatsu-module tatsu-image-lazyload tatsu-hqto6vwo0q5m1q17  \" ><div class=\"tatsu-single-image-inner \" style=\"width : 1920px;\" ><div class = \"tatsu-single-image-padding-wrap\" style = \"padding-bottom : 9.5833333333333%;\" ><\/div><img class = \"tatsu-gradient-border\" alt = \"\" title = \"banner-superior-02-1\" data-src = \"https:\/\/aevea.es\/anuario-2024\/wp-content\/uploads\/2024\/06\/banner-superior-02-1.jpg\" src =\"data:image\/png;base64,iVBORw0KGgoAAAANSUhEUgAAAAEAAAABCAQAAAC1HAwCAAAAC0lEQVR42mNkYAAAAAYAAjCB0C8AAAAASUVORK5CYII=\"  \/><\/div><style>.tatsu-hqto6vwo0q5m1q17{margin: 0px 0px 0px 0px;}.tatsu-hqto6vwo0q5m1q17 .tatsu-single-image-inner{border-style: solid;max-width: 100%;}.tatsu-hqto6vwo0q5m1q17.tatsu-single-image{transform: translate3d(0px,0px, 0);}<\/style><\/div><\/div><\/div><div class = \"tatsu-column-bg-image-wrap\"><div class = \"tatsu-column-bg-image\" ><\/div><\/div><div class=\"tatsu-overlay tatsu-column-overlay tatsu-animate-none\" ><\/div><\/div><style>.tatsu-row > .tatsu-Bkk_pARrA.tatsu-column{width: 100%;}.tatsu-Bkk_pARrA.tatsu-column > .tatsu-column-inner > .tatsu-column-overlay{mix-blend-mode: normal;}.tatsu-Bkk_pARrA > .tatsu-column-inner > .tatsu-top-divider{z-index: 9999;}.tatsu-Bkk_pARrA > .tatsu-column-inner > .tatsu-bottom-divider{z-index: 9999;}.tatsu-Bkk_pARrA > .tatsu-column-inner > .tatsu-left-divider{z-index: 9999;}.tatsu-Bkk_pARrA > .tatsu-column-inner > .tatsu-right-divider{z-index: 9999;}@media only screen and (max-width:1377px) {.tatsu-row > .tatsu-Bkk_pARrA.tatsu-column{width: 100%;}}@media only screen and (min-width:768px) and (max-width: 1024px) {.tatsu-row > .tatsu-Bkk_pARrA.tatsu-column{width: 100%;}}@media only screen and (max-width: 767px) {.tatsu-row > .tatsu-Bkk_pARrA.tatsu-column{width: 100%;}}<\/style><\/div><\/div><\/div><\/div><div class=\"tatsu-section-background-wrap\"><div class = \"tatsu-section-background\" ><\/div><\/div><div class=\"tatsu-overlay tatsu-section-overlay\"><\/div><style>.tatsu-BkWyda0ASR .tatsu-section-offset-wrap{transform: translateY(-0px);}.tatsu-BkWyda0ASR > .tatsu-bottom-divider{z-index: 9999;}.tatsu-BkWyda0ASR > .tatsu-top-divider{z-index: 9999;}.tatsu-BkWyda0ASR .tatsu-section-overlay{mix-blend-mode: normal;}<\/style><\/div><div  class=\"tatsu-Sy-vaCE8iu tatsu-section  tatsu-parallax tatsu-bg-overlay   tatsu-clearfix\" data-title=\"\"  data-headerscheme=\"background--dark\"><div class='tatsu-section-pad clearfix' data-padding='{\"d\":\"7px 0px 0px 0px\"}' data-padding-top='7px'><div class=\"tatsu-row-wrap  tatsu-wrap tatsu-row-has-two-cols tatsu-medium-gutter tatsu-reg-cols  tatsu-clearfix tatsu-HkeDAkrIou\" ><style>.tatsu-HkeDAkrIou.tatsu-row-wrap > .tatsu-row{padding: 30px 0px 0px 0px;margin-bottom: 0px;}.tatsu-HkeDAkrIou > .tatsu-row{margin-top: 90px;}<\/style><div  class=\"tatsu-row \" ><div  class=\"tatsu-column  tatsu-bg-overlay tatsu-three-fourth tatsu-column-image-none tatsu-column-effect-none  tatsu-Byt0yBIsd\"  data-parallax-speed=\"0\" style=\"\"><div class=\"tatsu-column-inner \" ><div class=\"tatsu-column-pad-wrap\"><div class=\"tatsu-column-pad\" ><div  class=\"tatsu-single-image tatsu-module tatsu-image-lazyload tatsu-SyYBve0ou  \" ><div class=\"tatsu-single-image-inner \" style=\"width : 1182px;\" ><div class = \"tatsu-single-image-padding-wrap\" style = \"padding-bottom : 52.791878172589%;\" ><\/div><img class = \"tatsu-gradient-border\" alt = \"\" title = \"juanjose-dest\" data-src = \"https:\/\/aevea.es\/anuario-2024\/wp-content\/uploads\/2024\/06\/juanjose-dest.jpg\" src =\"data:image\/png;base64,iVBORw0KGgoAAAANSUhEUgAAAAEAAAABCAQAAAC1HAwCAAAAC0lEQVR42mNkYAAAAAYAAjCB0C8AAAAASUVORK5CYII=\"  \/><\/div><style>.tatsu-SyYBve0ou{margin: 40px 0px 0px 0px;}.tatsu-SyYBve0ou .tatsu-single-image-inner{border-style: solid;max-width: 100%;}.tatsu-SyYBve0ou.tatsu-single-image{transform: translate3d(0px,0px, 0);}<\/style><\/div><div  class=\"tatsu-empty-space  tatsu-SJ7Sxw0sO  \" ><style>.tatsu-SJ7Sxw0sO.tatsu-empty-space{height: 30px;}<\/style><\/div><div  class=\"tatsu-module tatsu-text-block-wrap tatsu-rJZdlb5jd  \"><div class=\"tatsu-text-inner tatsu-align-center  clearfix\" ><style>.tatsu-rJZdlb5jd.tatsu-text-block-wrap .tatsu-text-inner{width: 100%;text-align: left;padding: 0px 0px 30px 0px;}.tatsu-rJZdlb5jd.tatsu-text-block-wrap{margin: 0px 0px 0px 0px;}<\/style>\n<h4><span style=\"color: #ff4d0e;\">AEVEA o la imprescindible fuerza del trabajo coral<\/span><\/h4>\n<p><span style=\"font-size: 14pt;\">Cuando una agencia se enfrenta al duro reto de sumergirse en el mercado, hay muchas aristas que convierten este recorrido en un viaje que a veces resulta sinuoso y complejo. En Madison siempre hemos cre\u00eddo con firmeza en las virtudes del movimiento asociativo, aunque no en todas las entidades se optimiza la fuerza del grupo. AEVEA ha conseguido precisamente eso, aunar esfuerzos y engrasar los distintos ejes de actuaci\u00f3n y las iniciativas bajo un hilo conductor muy concreto, el apoyo a todas las agencias que formamos parte de esta gran familia.<\/span><\/p>\n<p><span style=\"font-size: 14pt;\">En AEVEA no importa el tama\u00f1o ni la ubicaci\u00f3n. Por eso hablamos de la asociaci\u00f3n como una gran familia, un entorno en el que el trabajo coral se impone por encima de cualquier circunstancia individual. Eso permite que el sentimiento de pertenencia se transforme en un denominador com\u00fan, algo indispensable para que una entidad como AEVEA mire al futuro con un profundo optimismo.<\/span><\/p>\n<p><span style=\"font-size: 14pt;\">El trabajo en una agencia es diametralmente opuesto al de cualquier compa\u00f1\u00eda que opere en otro sector. Las jornadas y la temporalidad de nuestros servicios nos obligan a disponer de unas condiciones laborales muy espec\u00edficas y un convenio colectivo adaptado a nuestro principal activo, que son los eventos. Esto hace que tengamos que buscar un modelo en el que empresa y trabajador est\u00e9n protegidos. En este contexto, AEVEA tambi\u00e9n est\u00e1 construyendo un legado muy importante al buscar convenios singulares que nos ayudan a mantener y retener un bien tan preciado como el talento.<\/span><\/p>\n<p><span style=\"font-size: 14pt;\">Otro de los valores que encierra la labor de AEVEA dentro del sector reside en la difusi\u00f3n, la visibilidad y la promoci\u00f3n de los eventos. Tres vectores fundamentales para la adaptaci\u00f3n de las agencias a entornos tan cambiantes como los que nos rodean. Es fundamental la protecci\u00f3n y luchar contra el intrusismo y la competencia desleal. Por eso, el papel de la asociaci\u00f3n matriz representa un plus innegociable para la sostenibilidad econ\u00f3mica del sector. Estamos en un ecosistema en el que, poco a poco, se va minimizando el exceso de competidores y va primando la importancia de la propuesta t\u00e9cnica sobre la econ\u00f3mica. Es una labor que est\u00e1 en proceso pero, como la uni\u00f3n hace la fuerza, estoy seguro de que entre todos lo vamos a conseguir y la competencia solo tendr\u00e1 una vertiente, la positiva.<\/span><\/p>\n<p><span style=\"font-size: 14pt;\">Precisamente el aspecto competitivo y el cambio de filosof\u00eda entre todas las agencias que formamos parte de AEVEA resulta indispensable para transformar el concepto de rivales en compa\u00f1eros y el de contrincantes en complementarios. No solo porque nos refuerza para luchar en pos de objetivos comunes, sino porque estrecha las relaciones entre empresas del sector. Las alianzas son un elemento diferencial que nos permite llegar en conjunto donde nunca llegar\u00edamos en solitario. Nos ayuda a fabricar eventos y experiencias que, sin la fuerza del colectivo, quedar\u00edan para siempre en nuestra imaginaci\u00f3n y nunca se convertir\u00edan en realidad. Desde Madison compartimos valores de calidad y servicio, vinculados a un trabajo com\u00fan que alise el futuro del sector.<\/span><\/p>\n<\/div><\/div><div  class=\"tatsu-shortcode-module tatsu-module tatsu-HyI1CDaFh   \"  >\n<p><code><div class=\"addtoany_shortcode\"><div class=\"a2a_kit a2a_kit_size_32 addtoany_list\" data-a2a-url=\"https:\/\/aevea.es\/anuario-2024\/articulo-juan-mendez\/\" data-a2a-title=\"ART\u00cdCULO Juan M\u00e9ndez\"><a class=\"a2a_button_facebook\" href=\"https:\/\/www.addtoany.com\/add_to\/facebook?linkurl=https%3A%2F%2Faevea.es%2Fanuario-2024%2Farticulo-juan-mendez%2F&amp;linkname=ART%C3%8DCULO%20Juan%20M%C3%A9ndez\" title=\"Facebook\" rel=\"nofollow noopener\" target=\"_blank\"><\/a><a class=\"a2a_button_x\" href=\"https:\/\/www.addtoany.com\/add_to\/x?linkurl=https%3A%2F%2Faevea.es%2Fanuario-2024%2Farticulo-juan-mendez%2F&amp;linkname=ART%C3%8DCULO%20Juan%20M%C3%A9ndez\" title=\"X\" rel=\"nofollow noopener\" target=\"_blank\"><\/a><a class=\"a2a_button_email\" href=\"https:\/\/www.addtoany.com\/add_to\/email?linkurl=https%3A%2F%2Faevea.es%2Fanuario-2024%2Farticulo-juan-mendez%2F&amp;linkname=ART%C3%8DCULO%20Juan%20M%C3%A9ndez\" title=\"Email\" rel=\"nofollow noopener\" target=\"_blank\"><\/a><a class=\"a2a_button_whatsapp\" href=\"https:\/\/www.addtoany.com\/add_to\/whatsapp?linkurl=https%3A%2F%2Faevea.es%2Fanuario-2024%2Farticulo-juan-mendez%2F&amp;linkname=ART%C3%8DCULO%20Juan%20M%C3%A9ndez\" title=\"WhatsApp\" rel=\"nofollow noopener\" target=\"_blank\"><\/a><a class=\"a2a_button_linkedin\" href=\"https:\/\/www.addtoany.com\/add_to\/linkedin?linkurl=https%3A%2F%2Faevea.es%2Fanuario-2024%2Farticulo-juan-mendez%2F&amp;linkname=ART%C3%8DCULO%20Juan%20M%C3%A9ndez\" title=\"LinkedIn\" rel=\"nofollow noopener\" target=\"_blank\"><\/a><a class=\"a2a_dd addtoany_share_save addtoany_share\" href=\"https:\/\/www.addtoany.com\/share\"><\/a><\/div><\/div><\/code><\/p>\n<\/div><\/div><\/div><div class = \"tatsu-column-bg-image-wrap\"><div class = \"tatsu-column-bg-image\" ><\/div><\/div><div class=\"tatsu-overlay tatsu-column-overlay tatsu-animate-none\" ><\/div><\/div><style>.tatsu-row > .tatsu-Byt0yBIsd.tatsu-column{width: 60%;}.tatsu-Byt0yBIsd.tatsu-column > .tatsu-column-inner > .tatsu-column-overlay{mix-blend-mode: normal;}.tatsu-Byt0yBIsd > .tatsu-column-inner > .tatsu-top-divider{z-index: 9999;}.tatsu-Byt0yBIsd > .tatsu-column-inner > .tatsu-bottom-divider{z-index: 9999;}.tatsu-Byt0yBIsd > .tatsu-column-inner > .tatsu-left-divider{z-index: 9999;}.tatsu-Byt0yBIsd > .tatsu-column-inner > .tatsu-right-divider{z-index: 9999;}@media only screen and (max-width:1377px) {.tatsu-row > .tatsu-Byt0yBIsd.tatsu-column{width: 60%;}}@media only screen and (min-width:768px) and (max-width: 1024px) {.tatsu-row > .tatsu-Byt0yBIsd.tatsu-column{width: 75%;}}@media only screen and (max-width: 767px) {.tatsu-row > .tatsu-Byt0yBIsd.tatsu-column{width: 100%;}}<\/style><\/div><div  class=\"tatsu-column  tatsu-bg-overlay tatsu-one-fourth tatsu-column-image-none tatsu-column-effect-none  tatsu-SJgFR1BIid\"  data-parallax-speed=\"0\" style=\"\"><div class=\"tatsu-column-inner \" ><div class=\"tatsu-column-pad-wrap\"><div class=\"tatsu-column-pad\" ><div  class=\"tatsu-module tatsu-text-block-wrap tatsu-ryTemGP95  \"><div class=\"tatsu-text-inner tatsu-align-center  clearfix\" ><style>.tatsu-ryTemGP95.tatsu-text-block-wrap .tatsu-text-inner{width: 100%;text-align: left;}.tatsu-ryTemGP95.tatsu-text-block-wrap{margin: 0px 0px 0px 0px;}<\/style>\n<p><span style=\"font-size: 18pt;\"><strong>Contenido patrocinado<\/strong><\/span><\/p>\n<\/div><\/div><div  class=\"tatsu-module tatsu-video tatsu-youtube-wrap tatsu-S1UPomCjd   \" ><style>.tatsu-S1UPomCjd{padding: 0px 0px 76px 0px;margin: 20px 0px 0px 0px;}<\/style><div class = \"be-video-embed be-embed-placeholder\"><div class = \"be-youtube-embed\" data-video-id = \"Xs-aOp-bIuk\" data-autoplay = \"1\" data-loop = \"1\"><\/div><\/div><\/div><div  class=\"tatsu-single-image tatsu-module align-center tatsu-image-lazyload tatsu-Sk_7CGkLA  \" ><div class=\"tatsu-single-image-inner \" style=\"width : 770px;\" ><div class = \"tatsu-single-image-padding-wrap\" style = \"padding-bottom : 192.46753246753%;\" ><\/div><a href = \"https:\/\/www.turismodecordoba.org\/manual-de-congresos\" ><img class = \"tatsu-gradient-border\" alt = \"\" title = \"CORDOBA-ES-MICE-770-x-1482\" data-src = \"https:\/\/aevea.es\/anuario-2024\/wp-content\/uploads\/2024\/07\/CORDOBA-ES-MICE-770-x-1482.gif\" src =\"data:image\/png;base64,iVBORw0KGgoAAAANSUhEUgAAAAEAAAABCAQAAAC1HAwCAAAAC0lEQVR42mNkYAAAAAYAAjCB0C8AAAAASUVORK5CYII=\"  \/><\/a><\/div><style>.tatsu-Sk_7CGkLA .tatsu-single-image-inner{border-style: solid;max-width: 80%;}.tatsu-Sk_7CGkLA.tatsu-single-image{transform: translate3d(0px,0px, 0);}<\/style><\/div><\/div><\/div><div class = \"tatsu-column-bg-image-wrap\"><div class = \"tatsu-column-bg-image\" ><\/div><\/div><div class=\"tatsu-overlay tatsu-column-overlay tatsu-animate-none\" ><\/div><\/div><style>.tatsu-row > .tatsu-SJgFR1BIid.tatsu-column{width: 40%;}.tatsu-SJgFR1BIid.tatsu-column > .tatsu-column-inner > .tatsu-column-overlay{mix-blend-mode: normal;}.tatsu-SJgFR1BIid > .tatsu-column-inner > .tatsu-top-divider{z-index: 9999;}.tatsu-SJgFR1BIid > .tatsu-column-inner > .tatsu-bottom-divider{z-index: 9999;}.tatsu-SJgFR1BIid > .tatsu-column-inner > .tatsu-left-divider{z-index: 9999;}.tatsu-SJgFR1BIid > .tatsu-column-inner > .tatsu-right-divider{z-index: 9999;}@media only screen and (max-width:1377px) {.tatsu-row > .tatsu-SJgFR1BIid.tatsu-column{width: 40%;}}@media only screen and (min-width:768px) and (max-width: 1024px) {.tatsu-row > .tatsu-SJgFR1BIid.tatsu-column{width: 25%;}}@media only screen and (max-width: 767px) {.tatsu-row > .tatsu-SJgFR1BIid.tatsu-column{width: 100%;}}<\/style><\/div><\/div><\/div><\/div><div class=\"tatsu-section-background-wrap\"><div class = \"tatsu-section-background\" ><\/div><\/div><div class=\"tatsu-overlay tatsu-section-overlay\"><\/div><style>.tatsu-Sy-vaCE8iu .tatsu-section-pad{padding: 7px 0px 0px 0px;}.tatsu-Sy-vaCE8iu .tatsu-section-offset-wrap{transform: translateY(-0px);}.tatsu-Sy-vaCE8iu > .tatsu-bottom-divider{z-index: 9999;}.tatsu-Sy-vaCE8iu > .tatsu-top-divider{z-index: 9999;}.tatsu-Sy-vaCE8iu .tatsu-section-overlay{mix-blend-mode: normal;}<\/style><\/div><div  class=\"tatsu-BkNQ0RAB0 tatsu-section  tatsu-bg-overlay   tatsu-clearfix\" data-title=\"\"  data-headerscheme=\"background--dark\"><div class='tatsu-section-pad clearfix' data-padding='{\"d\":\"0px 0px 0px 0px\"}' data-padding-top='0px'><div class=\"tatsu-row-wrap  tatsu-row-full-width tatsu-row-one-col tatsu-row-has-one-cols tatsu-medium-gutter tatsu-reg-cols  tatsu-clearfix tatsu-BJgV7RC0SR\" ><div  class=\"tatsu-row \" ><div  class=\"tatsu-column  tatsu-bg-overlay tatsu-one-col tatsu-column-image-none tatsu-column-effect-none  tatsu-S1-VXRR0BC\"  data-parallax-speed=\"0\" style=\"\"><div class=\"tatsu-column-inner \" ><div class=\"tatsu-column-pad-wrap\"><div class=\"tatsu-column-pad\" ><div  class=\"tatsu-single-image tatsu-module tatsu-image-lazyload tatsu-hqtoa0mdoh9hyxen  \" ><div class=\"tatsu-single-image-inner \" style=\"width : 1920px;\" ><div class = \"tatsu-single-image-padding-wrap\" style = \"padding-bottom : 4.5833333333333%;\" ><\/div><img class = \"tatsu-gradient-border\" alt = \"\" title = \"pie-new\" data-src = \"https:\/\/aevea.es\/anuario-2024\/wp-content\/uploads\/2024\/06\/pie-new.jpg\" src =\"data:image\/png;base64,iVBORw0KGgoAAAANSUhEUgAAAAEAAAABCAQAAAC1HAwCAAAAC0lEQVR42mNkYAAAAAYAAjCB0C8AAAAASUVORK5CYII=\"  \/><\/div><style>.tatsu-hqtoa0mdoh9hyxen{margin: 0px 0px 0px 0px;padding: 40px 0px 0px 0px;}.tatsu-hqtoa0mdoh9hyxen .tatsu-single-image-inner{border-style: solid;max-width: 100%;}.tatsu-hqtoa0mdoh9hyxen.tatsu-single-image{transform: translate3d(0px,0px, 0);}<\/style><\/div><\/div><\/div><div class = \"tatsu-column-bg-image-wrap\"><div class = \"tatsu-column-bg-image\" ><\/div><\/div><div class=\"tatsu-overlay tatsu-column-overlay tatsu-animate-none\" ><\/div><\/div><style>.tatsu-row > .tatsu-S1-VXRR0BC.tatsu-column{width: 100%;}.tatsu-S1-VXRR0BC.tatsu-column > .tatsu-column-inner > .tatsu-column-overlay{mix-blend-mode: normal;}.tatsu-S1-VXRR0BC > .tatsu-column-inner > .tatsu-top-divider{z-index: 9999;}.tatsu-S1-VXRR0BC > .tatsu-column-inner > .tatsu-bottom-divider{z-index: 9999;}.tatsu-S1-VXRR0BC > .tatsu-column-inner > .tatsu-left-divider{z-index: 9999;}.tatsu-S1-VXRR0BC > .tatsu-column-inner > .tatsu-right-divider{z-index: 9999;}@media only screen and (max-width:1377px) {.tatsu-row > .tatsu-S1-VXRR0BC.tatsu-column{width: 100%;}}@media only screen and (min-width:768px) and (max-width: 1024px) {.tatsu-row > .tatsu-S1-VXRR0BC.tatsu-column{width: 100%;}}@media only screen and (max-width: 767px) {.tatsu-row > .tatsu-S1-VXRR0BC.tatsu-column{width: 100%;}}<\/style><\/div><\/div><\/div><\/div><div class=\"tatsu-section-background-wrap\"><div class = \"tatsu-section-background\" ><\/div><\/div><div class=\"tatsu-overlay tatsu-section-overlay\"><\/div><style>.tatsu-BkNQ0RAB0 .tatsu-section-offset-wrap{transform: translateY(-0px);}.tatsu-BkNQ0RAB0 > .tatsu-bottom-divider{z-index: 9999;}.tatsu-BkNQ0RAB0 > .tatsu-top-divider{z-index: 9999;}.tatsu-BkNQ0RAB0 .tatsu-section-overlay{mix-blend-mode: normal;}<\/style><\/div>\n","protected":false},"excerpt":{"rendered":"<p><a href=\"https:\/\/aevea.es\/anuario-2024\/articulo-juan-mendez\/\" class=\"more-link style3-button\">Read More<\/a><\/p>","protected":false},"author":2,"featured_media":0,"parent":0,"menu_order":0,"comment_status":"closed","ping_status":"closed","template":"","meta":{"footnotes":""},"class_list":["post-210","page","type-page","status-publish","hentry"],"_links":{"self":[{"href":"https:\/\/aevea.es\/anuario-2024\/wp-json\/wp\/v2\/pages\/210","targetHints":{"allow":["GET"]}}],"collection":[{"href":"https:\/\/aevea.es\/anuario-2024\/wp-json\/wp\/v2\/pages"}],"about":[{"href":"https:\/\/aevea.es\/anuario-2024\/wp-json\/wp\/v2\/types\/page"}],"author":[{"embeddable":true,"href":"https:\/\/aevea.es\/anuario-2024\/wp-json\/wp\/v2\/users\/2"}],"replies":[{"embeddable":true,"href":"https:\/\/aevea.es\/anuario-2024\/wp-json\/wp\/v2\/comments?post=210"}],"version-history":[{"count":5,"href":"https:\/\/aevea.es\/anuario-2024\/wp-json\/wp\/v2\/pages\/210\/revisions"}],"predecessor-version":[{"id":537,"href":"https:\/\/aevea.es\/anuario-2024\/wp-json\/wp\/v2\/pages\/210\/revisions\/537"}],"wp:attachment":[{"href":"https:\/\/aevea.es\/anuario-2024\/wp-json\/wp\/v2\/media?parent=210"}],"curies":[{"name":"wp","href":"https:\/\/api.w.org\/{rel}","templated":true}]}}