{"id":405,"date":"2024-06-25T16:33:54","date_gmt":"2024-06-25T14:33:54","guid":{"rendered":"https:\/\/aevea.es\/anuario-2024\/?page_id=405"},"modified":"2024-07-11T11:36:54","modified_gmt":"2024-07-11T09:36:54","slug":"los-numeros","status":"publish","type":"page","link":"https:\/\/aevea.es\/anuario-2024\/los-numeros\/","title":{"rendered":"los n\u00fameros"},"content":{"rendered":"<div  class=\"tatsu-hriyo0yfjr9ndgvm tatsu-section  tatsu-parallax tatsu-bg-overlay   tatsu-clearfix\" data-title=\"\"  data-headerscheme=\"background--dark\"><div class='tatsu-section-pad clearfix' data-padding='{\"d\":\"28px 0px 0px 0px\"}' data-padding-top='28px'><div class=\"tatsu-row-wrap  tatsu-wrap tatsu-row-has-one-half tatsu-row-has-two-cols tatsu-medium-gutter tatsu-reg-cols  tatsu-clearfix tatsu-hriyo0yfns9wte8\" ><style>.tatsu-hriyo0yfns9wte8.tatsu-row-wrap > .tatsu-row{padding: 0px 120px 0px 120px;}@media only screen and (max-width: 767px) {.tatsu-hriyo0yfns9wte8.tatsu-row-wrap > .tatsu-row{padding: 0px 20px 0px 20px;}}<\/style><div  class=\"tatsu-row \" ><div  class=\"tatsu-column  tatsu-bg-overlay tatsu-one-half tatsu-column-image-none tatsu-column-effect-none  tatsu-hriyo0yfumdn5k9n\"  data-parallax-speed=\"0\" style=\"\"><div class=\"tatsu-column-inner \" ><div class=\"tatsu-column-pad-wrap\"><div class=\"tatsu-column-pad\" ><div  class=\"tatsu-module tatsu-text-block-wrap tatsu-hriyo0yfxk6x2cqp  \"><div class=\"tatsu-text-inner tatsu-align-center  clearfix\" ><style>.tatsu-hriyo0yfxk6x2cqp.tatsu-text-block-wrap .tatsu-text-inner{width: 100%;text-align: left;}.tatsu-hriyo0yfxk6x2cqp.tatsu-text-block-wrap{margin: 0px 0px 0px 0px;}<\/style>\n<p><span style=\"font-size: 18pt;\"><strong>Contenido patrocinado<\/strong><\/span><\/p>\n<\/div><\/div><div  class=\"tatsu-module tatsu-video tatsu-youtube-wrap tatsu-hriyo0yg0jclxfib   \" ><style>.tatsu-hriyo0yg0jclxfib{padding: 16px 0px 0px 0px;}<\/style><div class = \"be-video-embed be-embed-placeholder\"><div class = \"be-youtube-embed\" data-video-id = \"Xs-aOp-bIuk\" data-autoplay = \"1\" data-loop = \"1\"><\/div><\/div><\/div><\/div><\/div><div class = \"tatsu-column-bg-image-wrap\"><div class = \"tatsu-column-bg-image\" ><\/div><\/div><div class=\"tatsu-overlay tatsu-column-overlay tatsu-animate-none\" ><\/div><\/div><style>.tatsu-row > .tatsu-hriyo0yfumdn5k9n.tatsu-column{width: 50%;}.tatsu-hriyo0yfumdn5k9n.tatsu-column > .tatsu-column-inner > .tatsu-column-overlay{mix-blend-mode: normal;}.tatsu-hriyo0yfumdn5k9n > .tatsu-column-inner > .tatsu-top-divider{z-index: 9999;}.tatsu-hriyo0yfumdn5k9n > .tatsu-column-inner > .tatsu-bottom-divider{z-index: 9999;}.tatsu-hriyo0yfumdn5k9n > .tatsu-column-inner > .tatsu-left-divider{z-index: 9999;}.tatsu-hriyo0yfumdn5k9n > .tatsu-column-inner > .tatsu-right-divider{z-index: 9999;}@media only screen and (max-width:1377px) {.tatsu-row > .tatsu-hriyo0yfumdn5k9n.tatsu-column{width: 50%;}}@media only screen and (min-width:768px) and (max-width: 1024px) {.tatsu-row > .tatsu-hriyo0yfumdn5k9n.tatsu-column{width: 50%;}}@media only screen and (max-width: 767px) {.tatsu-row > .tatsu-hriyo0yfumdn5k9n.tatsu-column{width: 100%;}}<\/style><\/div><div  class=\"tatsu-column  tatsu-bg-overlay tatsu-one-half tatsu-column-image-none tatsu-column-effect-none  tatsu-hriyo0yg3fdohy4l\"  data-parallax-speed=\"0\" style=\"\"><div class=\"tatsu-column-inner \" ><div class=\"tatsu-column-pad-wrap\"><div class=\"tatsu-column-pad\" ><div  class=\"tatsu-single-image tatsu-module align-center tatsu-image-lazyload tatsu-hriyo0ygso9ssroy  \" ><div class=\"tatsu-single-image-inner \" style=\"width : 770px;\" ><div class = \"tatsu-single-image-padding-wrap\" style = \"padding-bottom : 192.46753246753%;\" ><\/div><a href = \"https:\/\/www.tufabricadeventos.com\/index.php\/inicio\" target = \"_blank\" ><img class = \"tatsu-gradient-border\" alt = \"\" title = \"TFE-BANNER-aevea-2024\" data-src = \"https:\/\/aevea.es\/anuario-2024\/wp-content\/uploads\/2024\/07\/TFE-BANNER-aevea-2024.jpg\" src =\"data:image\/png;base64,iVBORw0KGgoAAAANSUhEUgAAAAEAAAABCAQAAAC1HAwCAAAAC0lEQVR42mNkYAAAAAYAAjCB0C8AAAAASUVORK5CYII=\"  \/><\/a><\/div><style>.tatsu-hriyo0ygso9ssroy{margin: 0px 0px 0px 0px;padding: 43px 0px 0px 0px;}.tatsu-hriyo0ygso9ssroy .tatsu-single-image-inner{border-style: solid;max-width: 80%;}.tatsu-hriyo0ygso9ssroy.tatsu-single-image{transform: translate3d(0px,0px, 0);}<\/style><\/div><\/div><\/div><div class = \"tatsu-column-bg-image-wrap\"><div class = \"tatsu-column-bg-image\" ><\/div><\/div><div class=\"tatsu-overlay tatsu-column-overlay tatsu-animate-none\" ><\/div><\/div><style>.tatsu-row > .tatsu-hriyo0yg3fdohy4l.tatsu-column{width: 50%;}.tatsu-hriyo0yg3fdohy4l.tatsu-column > .tatsu-column-inner > .tatsu-column-overlay{mix-blend-mode: normal;}.tatsu-hriyo0yg3fdohy4l > .tatsu-column-inner > .tatsu-top-divider{z-index: 9999;}.tatsu-hriyo0yg3fdohy4l > .tatsu-column-inner > .tatsu-bottom-divider{z-index: 9999;}.tatsu-hriyo0yg3fdohy4l > .tatsu-column-inner > .tatsu-left-divider{z-index: 9999;}.tatsu-hriyo0yg3fdohy4l > .tatsu-column-inner > .tatsu-right-divider{z-index: 9999;}@media only screen and (max-width:1377px) {.tatsu-row > .tatsu-hriyo0yg3fdohy4l.tatsu-column{width: 50%;}}@media only screen and (min-width:768px) and (max-width: 1024px) {.tatsu-row > .tatsu-hriyo0yg3fdohy4l.tatsu-column{width: 50%;}}@media only screen and (max-width: 767px) {.tatsu-row > .tatsu-hriyo0yg3fdohy4l.tatsu-column{width: 100%;}}<\/style><\/div><\/div><\/div><\/div><div class=\"tatsu-section-background-wrap tatsu-parallax-element-wrap\"><div class = \"tatsu-section-background tatsu-parallax-element\" ><\/div><\/div><div class=\"tatsu-overlay tatsu-section-overlay\"><\/div><style>.tatsu-hriyo0yfjr9ndgvm .tatsu-section-background{background-image: url(https:\/\/aevea.es\/anuario-2024\/wp-content\/uploads\/2024\/07\/aaaa-fagua.jpg);background-repeat: no-repeat;background-attachment: scroll;background-position: top left;background-size: initial;}.tatsu-hriyo0yfjr9ndgvm .tatsu-bg-blur{background-repeat: no-repeat;background-attachment: scroll;background-position: top left;background-size: initial;}.tatsu-hriyo0yfjr9ndgvm .tatsu-section-pad{padding: 28px 0px 0px 0px;}.tatsu-hriyo0yfjr9ndgvm .tatsu-section-offset-wrap{transform: translateY(-0px);}.tatsu-hriyo0yfjr9ndgvm > .tatsu-bottom-divider{z-index: 9999;}.tatsu-hriyo0yfjr9ndgvm > .tatsu-top-divider{z-index: 9999;}.tatsu-hriyo0yfjr9ndgvm .tatsu-section-overlay{background: rgba(255,255,255,0);mix-blend-mode: normal;}<\/style><\/div><div id=\"numeros\" class=\"tatsu-hqwzwrq2ovdkxdh1 tatsu-section  tatsu-bg-overlay   tatsu-clearfix\" data-title=\"Numeros\"  data-headerscheme=\"background--dark\"><div class='tatsu-section-pad clearfix' data-padding='{\"d\":\"70px 0px 40px 0px\"}' data-padding-top='70px'><div class=\"tatsu-row-wrap  tatsu-wrap tatsu-row-one-col tatsu-row-has-one-cols tatsu-medium-gutter tatsu-reg-cols  tatsu-clearfix tatsu-hqwzwrq2st6h37w6\" ><div  class=\"tatsu-row \" ><div  class=\"tatsu-column  tatsu-bg-overlay tatsu-one-col tatsu-column-image-none tatsu-column-effect-none  tatsu-hqwzwrq2x9ao57ww\"  data-parallax-speed=\"0\" style=\"\"><div class=\"tatsu-column-inner \" ><div class=\"tatsu-column-pad-wrap\"><div class=\"tatsu-column-pad\" ><div  class=\"tatsu-module tatsu-text-block-wrap tatsu-hqwzwrq30u9dmjhw  \"><div class=\"tatsu-text-inner tatsu-align-center  clearfix\" ><style>.tatsu-hqwzwrq30u9dmjhw.tatsu-text-block-wrap .tatsu-text-inner{width: 100%;text-align: left;}<\/style>\n<p style=\"text-align: left;\"><strong><span style=\"color: #000000; font-size: 24pt;\">LOS N\u00daMEROS<\/span><\/strong><\/p>\n<\/div><\/div><div  class=\"tatsu-single-image tatsu-module align-left tatsu-image-lazyload tatsu-external-image tatsu-SyzeDmQI0  \" ><div class=\"tatsu-single-image-inner \" style=\"\" ><div class = \"tatsu-single-image-padding-wrap\" style = \"\" ><\/div><img class = \"tatsu-gradient-border\" data-src = \"https:\/\/aevea.es\/anuario-2022\/wp-content\/uploads\/2022\/06\/00-filete.png\" alt =\" \"  src =\"data:image\/png;base64,iVBORw0KGgoAAAANSUhEUgAAAAEAAAABCAQAAAC1HAwCAAAAC0lEQVR42mNkYAAAAAYAAjCB0C8AAAAASUVORK5CYII=\"  \/><\/div><style>.tatsu-SyzeDmQI0 .tatsu-single-image-inner{border-style: solid;max-width: 100%;}.tatsu-SyzeDmQI0.tatsu-single-image{transform: translate3d(0px,0px, 0);}<\/style><\/div><div  class=\"tatsu-module tatsu-text-block-wrap tatsu-hqwzwrq35pdkrejm  \"><div class=\"tatsu-text-inner tatsu-align-center  clearfix\" ><style>.tatsu-hqwzwrq35pdkrejm.tatsu-text-block-wrap .tatsu-text-inner{width: 100%;text-align: left;}<\/style>\n<p><strong>Impacto de la industria del Turismo de Reuniones y Eventos en Espa\u00f1a<\/strong><\/p>\n<\/div><\/div><\/div><\/div><div class = \"tatsu-column-bg-image-wrap\"><div class = \"tatsu-column-bg-image\" ><\/div><\/div><div class=\"tatsu-overlay tatsu-column-overlay tatsu-animate-none\" ><\/div><\/div><style>.tatsu-row > .tatsu-hqwzwrq2x9ao57ww.tatsu-column{width: 100%;}.tatsu-hqwzwrq2x9ao57ww.tatsu-column > .tatsu-column-inner > .tatsu-column-overlay{mix-blend-mode: normal;}.tatsu-hqwzwrq2x9ao57ww > .tatsu-column-inner > .tatsu-top-divider{z-index: 9999;}.tatsu-hqwzwrq2x9ao57ww > .tatsu-column-inner > .tatsu-bottom-divider{z-index: 9999;}.tatsu-hqwzwrq2x9ao57ww > .tatsu-column-inner > .tatsu-left-divider{z-index: 9999;}.tatsu-hqwzwrq2x9ao57ww > .tatsu-column-inner > .tatsu-right-divider{z-index: 9999;}@media only screen and (max-width:1377px) {.tatsu-row > .tatsu-hqwzwrq2x9ao57ww.tatsu-column{width: 100%;}}@media only screen and (min-width:768px) and (max-width: 1024px) {.tatsu-row > .tatsu-hqwzwrq2x9ao57ww.tatsu-column{width: 100%;}}@media only screen and (max-width: 767px) {.tatsu-row > .tatsu-hqwzwrq2x9ao57ww.tatsu-column{width: 100%;}}<\/style><\/div><\/div><\/div><div class=\"tatsu-row-wrap  tatsu-wrap tatsu-row-has-four-cols tatsu-tiny-gutter tatsu-reg-cols  tatsu-clearfix tatsu-S1hU3sf8A\" ><div  class=\"tatsu-row \" ><div  class=\"tatsu-column  tatsu-bg-overlay tatsu-one-fourth tatsu-column-image-none tatsu-column-effect-none  tatsu-BJxnLnsMLC\"  data-parallax-speed=\"0\" style=\"\"><div class=\"tatsu-column-inner \" ><div class=\"tatsu-column-pad-wrap\"><div class=\"tatsu-column-pad\" ><div  class=\"tatsu-module tatsu-an-wrap align-center tatsu-BJ-h8hjf8R   \"  ><style>.tatsu-BJ-h8hjf8R .tatsu-an-prefix{font-size: 15px;}.tatsu-BJ-h8hjf8R .tatsu-an-suffix{font-size: 22px;color: rgba(255,77,14,1) ;}.tatsu-BJ-h8hjf8R .tatsu-an{font-size: 45px;color: rgba(255,77,14,1) ;}.tatsu-BJ-h8hjf8R .tatsu-an-caption{font-size: 23px;color: #141414 ;}<\/style><div class = \"tatsu-an-prefix-suffix-wrap\"><div class=\"tatsu-an animate\" data-number=\"13367\"><\/div><div class = \"tatsu-an-suffix\">Millones<\/div><\/div><h6><span class=\"tatsu-an-caption\" >Impacto (+8,55%)<\/span><\/h6><\/div><\/div><\/div><div class = \"tatsu-column-bg-image-wrap\"><div class = \"tatsu-column-bg-image\" ><\/div><\/div><div class=\"tatsu-overlay tatsu-column-overlay tatsu-animate-none\" ><\/div><\/div><style>.tatsu-row > .tatsu-BJxnLnsMLC.tatsu-column{width: 25%;}.tatsu-BJxnLnsMLC.tatsu-column > .tatsu-column-inner > .tatsu-column-overlay{mix-blend-mode: normal;}.tatsu-BJxnLnsMLC > .tatsu-column-inner > .tatsu-top-divider{z-index: 9999;}.tatsu-BJxnLnsMLC > .tatsu-column-inner > .tatsu-bottom-divider{z-index: 9999;}.tatsu-BJxnLnsMLC > .tatsu-column-inner > .tatsu-left-divider{z-index: 9999;}.tatsu-BJxnLnsMLC > .tatsu-column-inner > .tatsu-right-divider{z-index: 9999;}@media only screen and (max-width:1377px) {.tatsu-row > .tatsu-BJxnLnsMLC.tatsu-column{width: 25%;}}@media only screen and (min-width:768px) and (max-width: 1024px) {.tatsu-row > .tatsu-BJxnLnsMLC.tatsu-column{width: 25%;}}@media only screen and (max-width: 767px) {.tatsu-row > .tatsu-BJxnLnsMLC.tatsu-column{width: 100%;}}<\/style><\/div><div  class=\"tatsu-column  tatsu-bg-overlay tatsu-one-fourth tatsu-column-image-none tatsu-column-effect-none  tatsu-Syfh8nszU0\"  data-parallax-speed=\"0\" style=\"\"><div class=\"tatsu-column-inner \" ><div class=\"tatsu-column-pad-wrap\"><div class=\"tatsu-column-pad\" ><div  class=\"tatsu-module tatsu-an-wrap align-center tatsu-H1Qh8niGL0   \"  ><style>.tatsu-H1Qh8niGL0 .tatsu-an-prefix{font-size: 15px;}.tatsu-H1Qh8niGL0 .tatsu-an-suffix{font-size: 22px;color: rgba(255,77,14,1) ;}.tatsu-H1Qh8niGL0 .tatsu-an{font-size: 45px;color: rgba(255,77,14,1) ;}.tatsu-H1Qh8niGL0 .tatsu-an-caption{font-size: 23px;color: #141414 ;}<\/style><div class = \"tatsu-an-prefix-suffix-wrap\"><div class=\"tatsu-an animate\" data-number=\"87000\"><\/div><div class = \"tatsu-an-suffix\">Mil<\/div><\/div><h6><span class=\"tatsu-an-caption\" >Profesionales<\/span><\/h6><\/div><\/div><\/div><div class = \"tatsu-column-bg-image-wrap\"><div class = \"tatsu-column-bg-image\" ><\/div><\/div><div class=\"tatsu-overlay tatsu-column-overlay tatsu-animate-none\" ><\/div><\/div><style>.tatsu-row > .tatsu-Syfh8nszU0.tatsu-column{width: 25%;}.tatsu-Syfh8nszU0.tatsu-column > .tatsu-column-inner > .tatsu-column-overlay{mix-blend-mode: normal;}.tatsu-Syfh8nszU0 > .tatsu-column-inner > .tatsu-top-divider{z-index: 9999;}.tatsu-Syfh8nszU0 > .tatsu-column-inner > .tatsu-bottom-divider{z-index: 9999;}.tatsu-Syfh8nszU0 > .tatsu-column-inner > .tatsu-left-divider{z-index: 9999;}.tatsu-Syfh8nszU0 > .tatsu-column-inner > .tatsu-right-divider{z-index: 9999;}@media only screen and (max-width:1377px) {.tatsu-row > .tatsu-Syfh8nszU0.tatsu-column{width: 25%;}}@media only screen and (min-width:768px) and (max-width: 1024px) {.tatsu-row > .tatsu-Syfh8nszU0.tatsu-column{width: 25%;}}@media only screen and (max-width: 767px) {.tatsu-row > .tatsu-Syfh8nszU0.tatsu-column{width: 100%;}}<\/style><\/div><div  class=\"tatsu-column  tatsu-bg-overlay tatsu-one-fourth tatsu-column-image-none tatsu-column-effect-none  tatsu-HyVnUnjGI0\"  data-parallax-speed=\"0\" style=\"\"><div class=\"tatsu-column-inner \" ><div class=\"tatsu-column-pad-wrap\"><div class=\"tatsu-column-pad\" ><div  class=\"tatsu-module tatsu-an-wrap align-center tatsu-HkH3I3jf80   \"  ><style>.tatsu-HkH3I3jf80 .tatsu-an-prefix{font-size: 15px;}.tatsu-HkH3I3jf80 .tatsu-an-suffix{font-size: 22px;color: rgba(255,77,14,1) ;}.tatsu-HkH3I3jf80 .tatsu-an{font-size: 45px;color: rgba(255,77,14,1) ;}.tatsu-HkH3I3jf80 .tatsu-an-caption{font-size: 23px;color: #141414 ;}<\/style><div class = \"tatsu-an-prefix-suffix-wrap\"><div class=\"tatsu-an animate\" data-number=\"10\"><\/div><div class = \"tatsu-an-suffix\">Millones<\/div><\/div><h6><span class=\"tatsu-an-caption\" >Participantes<\/span><\/h6><\/div><\/div><\/div><div class = \"tatsu-column-bg-image-wrap\"><div class = \"tatsu-column-bg-image\" ><\/div><\/div><div class=\"tatsu-overlay tatsu-column-overlay tatsu-animate-none\" ><\/div><\/div><style>.tatsu-row > .tatsu-HyVnUnjGI0.tatsu-column{width: 25%;}.tatsu-HyVnUnjGI0.tatsu-column > .tatsu-column-inner > .tatsu-column-overlay{mix-blend-mode: normal;}.tatsu-HyVnUnjGI0 > .tatsu-column-inner > .tatsu-top-divider{z-index: 9999;}.tatsu-HyVnUnjGI0 > .tatsu-column-inner > .tatsu-bottom-divider{z-index: 9999;}.tatsu-HyVnUnjGI0 > .tatsu-column-inner > .tatsu-left-divider{z-index: 9999;}.tatsu-HyVnUnjGI0 > .tatsu-column-inner > .tatsu-right-divider{z-index: 9999;}@media only screen and (max-width:1377px) {.tatsu-row > .tatsu-HyVnUnjGI0.tatsu-column{width: 25%;}}@media only screen and (min-width:768px) and (max-width: 1024px) {.tatsu-row > .tatsu-HyVnUnjGI0.tatsu-column{width: 25%;}}@media only screen and (max-width: 767px) {.tatsu-row > .tatsu-HyVnUnjGI0.tatsu-column{width: 100%;}}<\/style><\/div><div  class=\"tatsu-column  tatsu-bg-overlay tatsu-one-fourth tatsu-column-image-none tatsu-column-effect-none  tatsu-S18hL3iMLR\"  data-parallax-speed=\"0\" style=\"\"><div class=\"tatsu-column-inner \" ><div class=\"tatsu-column-pad-wrap\"><div class=\"tatsu-column-pad\" ><div  class=\"tatsu-module tatsu-an-wrap align-center tatsu-rJDhUhifLA   \"  ><style>.tatsu-rJDhUhifLA .tatsu-an-prefix{font-size: 15px;}.tatsu-rJDhUhifLA .tatsu-an-suffix{font-size: 22px;color: rgba(255,77,14,1) ;}.tatsu-rJDhUhifLA .tatsu-an{font-size: 45px;color: rgba(255,77,14,1) ;}.tatsu-rJDhUhifLA .tatsu-an-caption{font-size: 23px;color: #141414 ;}<\/style><div class = \"tatsu-an-prefix-suffix-wrap\"><div class=\"tatsu-an animate\" data-number=\"352\"><\/div><div class = \"tatsu-an-suffix\">\u20ac<\/div><\/div><h6><span class=\"tatsu-an-caption\" >Gasto por participante<\/span><\/h6><\/div><\/div><\/div><div class = \"tatsu-column-bg-image-wrap\"><div class = \"tatsu-column-bg-image\" ><\/div><\/div><div class=\"tatsu-overlay tatsu-column-overlay tatsu-animate-none\" ><\/div><\/div><style>.tatsu-row > .tatsu-S18hL3iMLR.tatsu-column{width: 25%;}.tatsu-S18hL3iMLR.tatsu-column > .tatsu-column-inner > .tatsu-column-overlay{mix-blend-mode: normal;}.tatsu-S18hL3iMLR > .tatsu-column-inner > .tatsu-top-divider{z-index: 9999;}.tatsu-S18hL3iMLR > .tatsu-column-inner > .tatsu-bottom-divider{z-index: 9999;}.tatsu-S18hL3iMLR > .tatsu-column-inner > .tatsu-left-divider{z-index: 9999;}.tatsu-S18hL3iMLR > .tatsu-column-inner > .tatsu-right-divider{z-index: 9999;}@media only screen and (max-width:1377px) {.tatsu-row > .tatsu-S18hL3iMLR.tatsu-column{width: 25%;}}@media only screen and (min-width:768px) and (max-width: 1024px) {.tatsu-row > .tatsu-S18hL3iMLR.tatsu-column{width: 25%;}}@media only screen and (max-width: 767px) {.tatsu-row > .tatsu-S18hL3iMLR.tatsu-column{width: 100%;}}<\/style><\/div><\/div><\/div><div class=\"tatsu-row-wrap  tatsu-wrap tatsu-row-one-col tatsu-row-has-one-cols tatsu-medium-gutter tatsu-reg-cols  tatsu-clearfix tatsu-hqwzwrq3x2cn8ros\" ><div  class=\"tatsu-row \" ><div  class=\"tatsu-column  tatsu-bg-overlay tatsu-one-col tatsu-column-image-none tatsu-column-effect-none  tatsu-hqwzwrq416ds57h4\"  data-parallax-speed=\"0\" style=\"\"><div class=\"tatsu-column-inner \" ><div class=\"tatsu-column-pad-wrap\"><div class=\"tatsu-column-pad\" ><div  class=\"tatsu-single-image tatsu-module tatsu-image-lazyload tatsu-Bkp4OmmU0  \" ><div class=\"tatsu-single-image-inner \" style=\"width : 1649px;\" ><div class = \"tatsu-single-image-padding-wrap\" style = \"padding-bottom : 56.579745300182%;\" ><\/div><img class = \"tatsu-gradient-border\" alt = \"\" title = \"Captura de pantalla 2024-06-21 a las 18.19.38\" data-src = \"https:\/\/aevea.es\/anuario-2024\/wp-content\/uploads\/2024\/06\/Captura-de-pantalla-2024-06-21-a-las-18.19.38.png\" src =\"data:image\/png;base64,iVBORw0KGgoAAAANSUhEUgAAAAEAAAABCAQAAAC1HAwCAAAAC0lEQVR42mNkYAAAAAYAAjCB0C8AAAAASUVORK5CYII=\"  \/><\/div><style>.tatsu-Bkp4OmmU0 .tatsu-single-image-inner{border-style: solid;max-width: 100%;}.tatsu-Bkp4OmmU0.tatsu-single-image{transform: translate3d(0px,0px, 0);}<\/style><\/div><div  class=\"tatsu-module tatsu-animated-heading-wrap anime_flip_in  tatsu-hqwzwrq43x66r9wn   \"  data-anime-type=\"anime_flip_in\" data-anime-duration=\"20\" ><h6 class=\"tatsu-animated-heading-inner\">*Estudio Spain Convention Bureau 2023<\/h6><style>.tatsu-hqwzwrq43x66r9wn.tatsu-animated-heading-wrap{text-align: left;}.tatsu-hqwzwrq43x66r9wn .tatsu-animated-heading-inner{color: rgba(255,77,14,1) ;}.tatsu-hqwzwrq43x66r9wn .tatsu-animated-heading-line{background: rgba(255,77,14,1);}.tatsu-hqwzwrq43x66r9wn{padding: 0px 0px 10px 0px;margin: 0px 0px 10px 0px;}<\/style><\/div><div  class=\"tatsu-module tatsu-text-block-wrap tatsu-HkPGisfL0  \"><div class=\"tatsu-text-inner tatsu-align-center  clearfix\" ><style>.tatsu-HkPGisfL0.tatsu-text-block-wrap .tatsu-text-inner{width: 100%;text-align: left;}<\/style>\n<p>En un contexto de crecimiento de la econom\u00eda espa\u00f1ola y de vuelta a la normalidad de los eventos presenciales, la recuperaci\u00f3n de la industria de reuniones en Espa\u00f1a se ha consolidado en 2023, superando las cifras de 2019 en un +8,55%, hasta alcanzar un volumen de negocio de 13.367 millones de \u20ac. Las previsiones apuntan a que la industria siga creciendo a buen ritmo en 2024 y 2025, aunque la incertidumbre sobre la evoluci\u00f3n de las tensiones geopol\u00edticas y su impacto en la econom\u00eda espa\u00f1ola puede afectar a estas previsiones.<\/p>\n<\/div><\/div><div  class=\"tatsu-module tatsu-normal-button tatsu-button-wrap align-block block-center  tatsu-hfdznkp27u8z2a8d   \"><a class=\"tatsu-shortcode largebtn tatsu-button left-icon rounded   bg-animation-none  \" href=\"https:\/\/aevea.es\/anuario-2024\/add\/Inf_EVOLUCION_DE_LA_INDUSTRIA_MICE_2023.pdf\" style= \"\"  aria-label=\"ESTUDIO COMPLETO\" data-gdpr-atts={} target=\"_blank\">ESTUDIO COMPLETO<\/a><style>.tatsu-hfdznkp27u8z2a8d .tatsu-button{background-color: rgba(255,77,14,1);color: #ffffff ;}.tatsu-hfdznkp27u8z2a8d.tatsu-normal-button{margin: 30px 0px 0px 0px;}<\/style><\/div><\/div><\/div><div class = \"tatsu-column-bg-image-wrap\"><div class = \"tatsu-column-bg-image\" ><\/div><\/div><div class=\"tatsu-overlay tatsu-column-overlay tatsu-animate-none\" ><\/div><\/div><style>.tatsu-row > .tatsu-hqwzwrq416ds57h4.tatsu-column{width: 100%;}.tatsu-hqwzwrq416ds57h4.tatsu-column > .tatsu-column-inner > .tatsu-column-overlay{mix-blend-mode: normal;}.tatsu-hqwzwrq416ds57h4 > .tatsu-column-inner > .tatsu-top-divider{z-index: 9999;}.tatsu-hqwzwrq416ds57h4 > .tatsu-column-inner > .tatsu-bottom-divider{z-index: 9999;}.tatsu-hqwzwrq416ds57h4 > .tatsu-column-inner > .tatsu-left-divider{z-index: 9999;}.tatsu-hqwzwrq416ds57h4 > .tatsu-column-inner > .tatsu-right-divider{z-index: 9999;}@media only screen and (max-width:1377px) {.tatsu-row > .tatsu-hqwzwrq416ds57h4.tatsu-column{width: 100%;}}@media only screen and (min-width:768px) and (max-width: 1024px) {.tatsu-row > .tatsu-hqwzwrq416ds57h4.tatsu-column{width: 100%;}}@media only screen and (max-width: 767px) {.tatsu-row > .tatsu-hqwzwrq416ds57h4.tatsu-column{width: 100%;}}<\/style><\/div><\/div><\/div><\/div><div class=\"tatsu-section-background-wrap\"><div class = \"tatsu-section-background\" ><\/div><\/div><div class=\"tatsu-overlay tatsu-section-overlay\"><\/div><style>.tatsu-hqwzwrq2ovdkxdh1 .tatsu-section-pad{padding: 70px 0px 40px 0px;}.tatsu-hqwzwrq2ovdkxdh1 .tatsu-section-offset-wrap{transform: translateY(-0px);}.tatsu-hqwzwrq2ovdkxdh1 > .tatsu-bottom-divider{z-index: 9999;}.tatsu-hqwzwrq2ovdkxdh1 > .tatsu-top-divider{z-index: 9999;}.tatsu-hqwzwrq2ovdkxdh1 .tatsu-section-overlay{mix-blend-mode: normal;}<\/style><\/div><div  class=\"tatsu-HJZKLMVkIC tatsu-section  tatsu-bg-overlay   tatsu-clearfix\" data-title=\"\"  data-headerscheme=\"background--dark\"><div class='tatsu-section-pad clearfix' data-padding='{\"d\":\"0px 0px 0px 0px\"}' data-padding-top='0px'><div class=\"tatsu-row-wrap  tatsu-row-full-width tatsu-row-one-col tatsu-row-has-one-cols tatsu-medium-gutter tatsu-reg-cols  tatsu-clearfix tatsu-HJeFIfVy8C\" ><div  class=\"tatsu-row \" ><div  class=\"tatsu-column  tatsu-bg-overlay tatsu-one-col tatsu-column-image-none tatsu-column-effect-none  tatsu-rJt8zNyL0\"  data-parallax-speed=\"0\" style=\"\"><div class=\"tatsu-column-inner \" ><div class=\"tatsu-column-pad-wrap\"><div class=\"tatsu-column-pad\" ><div  class=\"tatsu-single-image tatsu-module tatsu-image-lazyload tatsu-hqtyo4b9xz5a6ht  \" ><div class=\"tatsu-single-image-inner \" style=\"width : 1920px;\" ><div class = \"tatsu-single-image-padding-wrap\" style = \"padding-bottom : 4.5833333333333%;\" ><\/div><img class = \"tatsu-gradient-border\" alt = \"\" title = \"pie-new\" data-src = \"https:\/\/aevea.es\/anuario-2024\/wp-content\/uploads\/2024\/06\/pie-new.jpg\" src =\"data:image\/png;base64,iVBORw0KGgoAAAANSUhEUgAAAAEAAAABCAQAAAC1HAwCAAAAC0lEQVR42mNkYAAAAAYAAjCB0C8AAAAASUVORK5CYII=\"  \/><\/div><style>.tatsu-hqtyo4b9xz5a6ht{margin: 0px 0px -13px 0px;padding: 0px 0px 4px 0px;}.tatsu-hqtyo4b9xz5a6ht .tatsu-single-image-inner{border-style: solid;max-width: 100%;}.tatsu-hqtyo4b9xz5a6ht.tatsu-single-image{transform: translate3d(0px,0px, 0);}<\/style><\/div><\/div><\/div><div class = \"tatsu-column-bg-image-wrap\"><div class = \"tatsu-column-bg-image\" ><\/div><\/div><div class=\"tatsu-overlay tatsu-column-overlay tatsu-animate-none\" ><\/div><\/div><style>.tatsu-row > .tatsu-rJt8zNyL0.tatsu-column{width: 100%;}.tatsu-rJt8zNyL0.tatsu-column > .tatsu-column-inner > .tatsu-column-overlay{mix-blend-mode: normal;}.tatsu-rJt8zNyL0 > .tatsu-column-inner > .tatsu-top-divider{z-index: 9999;}.tatsu-rJt8zNyL0 > .tatsu-column-inner > .tatsu-bottom-divider{z-index: 9999;}.tatsu-rJt8zNyL0 > .tatsu-column-inner > .tatsu-left-divider{z-index: 9999;}.tatsu-rJt8zNyL0 > .tatsu-column-inner > .tatsu-right-divider{z-index: 9999;}@media only screen and (max-width:1377px) {.tatsu-row > .tatsu-rJt8zNyL0.tatsu-column{width: 100%;}}@media only screen and (min-width:768px) and (max-width: 1024px) {.tatsu-row > .tatsu-rJt8zNyL0.tatsu-column{width: 100%;}}@media only screen and (max-width: 767px) {.tatsu-row > .tatsu-rJt8zNyL0.tatsu-column{width: 100%;}}<\/style><\/div><\/div><\/div><\/div><div class=\"tatsu-section-background-wrap\"><div class = \"tatsu-section-background\" ><\/div><\/div><div class=\"tatsu-overlay tatsu-section-overlay\"><\/div><style>.tatsu-HJZKLMVkIC .tatsu-section-offset-wrap{transform: translateY(-0px);}.tatsu-HJZKLMVkIC > .tatsu-bottom-divider{z-index: 9999;}.tatsu-HJZKLMVkIC > .tatsu-top-divider{z-index: 9999;}.tatsu-HJZKLMVkIC .tatsu-section-overlay{mix-blend-mode: normal;}<\/style><\/div>\n","protected":false},"excerpt":{"rendered":"<p><a href=\"https:\/\/aevea.es\/anuario-2024\/los-numeros\/\" class=\"more-link style3-button\">Read More<\/a><\/p>","protected":false},"author":3,"featured_media":0,"parent":0,"menu_order":0,"comment_status":"closed","ping_status":"closed","template":"","meta":{"footnotes":""},"class_list":["post-405","page","type-page","status-publish","hentry"],"_links":{"self":[{"href":"https:\/\/aevea.es\/anuario-2024\/wp-json\/wp\/v2\/pages\/405","targetHints":{"allow":["GET"]}}],"collection":[{"href":"https:\/\/aevea.es\/anuario-2024\/wp-json\/wp\/v2\/pages"}],"about":[{"href":"https:\/\/aevea.es\/anuario-2024\/wp-json\/wp\/v2\/types\/page"}],"author":[{"embeddable":true,"href":"https:\/\/aevea.es\/anuario-2024\/wp-json\/wp\/v2\/users\/3"}],"replies":[{"embeddable":true,"href":"https:\/\/aevea.es\/anuario-2024\/wp-json\/wp\/v2\/comments?post=405"}],"version-history":[{"count":7,"href":"https:\/\/aevea.es\/anuario-2024\/wp-json\/wp\/v2\/pages\/405\/revisions"}],"predecessor-version":[{"id":562,"href":"https:\/\/aevea.es\/anuario-2024\/wp-json\/wp\/v2\/pages\/405\/revisions\/562"}],"wp:attachment":[{"href":"https:\/\/aevea.es\/anuario-2024\/wp-json\/wp\/v2\/media?parent=405"}],"curies":[{"name":"wp","href":"https:\/\/api.w.org\/{rel}","templated":true}]}}