{"id":80,"date":"2024-06-20T13:40:20","date_gmt":"2024-06-20T11:40:20","guid":{"rendered":"https:\/\/aevea.es\/anuario-2024-new\/?page_id=80"},"modified":"2024-06-20T13:40:20","modified_gmt":"2024-06-20T11:40:20","slug":"aviso-legal","status":"publish","type":"page","link":"https:\/\/aevea.es\/anuario-2024\/aviso-legal\/","title":{"rendered":"Aviso legal"},"content":{"rendered":"<p>Que el dominio www.aevea.es, a partir de ahora website est\u00e1 registrado a nombre de AGENCIAS DE EVENTOS ESPA\u00d1OLAS ASOCIADAS.<\/p>\n<p>&nbsp;<\/p>\n<p><u>Datos del propietario del website:<\/u><\/p>\n<p>AGENCIAS DE EVENTOS ESPA\u00d1OLAS ASOCIADAS<br \/>\nLEGANITOS, 47 \u2013 7\u00ba<br \/>\n28013 MADRID<br \/>\nG87228508<br \/>\n<a href=\"mailto:bgq@aevea.es\">bgq@aevea.es<\/a><\/p>\n<p>Datos de registro nacional de asociaciones:<\/p>\n<p>GRUPO 1\u00ba\u00a0\u00a0 SECCION\u00a0 1\u00ba\u00a0 \u00a0\u00a0\u00a0N\u00ba NACIONAL 607864<\/p>\n<p>El acceso al website y a la informaci\u00f3n relativa a cualquiera de los productos y servicios contenidos en el mismo comporta la aceptaci\u00f3n de las condiciones previstas en el presente Aviso Legal. Por ello le recomendamos que lea atentamente su contenido si usted desea acceder y hacer uso de la informaci\u00f3n y los servicios ofrecidos desde el mismo.<\/p>\n<p>Es posible que en alg\u00fan momento alguna de las p\u00e1ginas del website\u00a0 disponga de cookies, que son peque\u00f1os ficheros de datos que se generan en el ordenador del usuario o cliente y que permiten a nuestros sistemas recordar el idioma y el portal escogidos, as\u00ed como otras caracter\u00edsticas o preferencias de navegaci\u00f3n del usuario en su primera sesi\u00f3n. Estas \u201ccookies\u201d no son invasivas, ni nocivas, ni contienen datos de car\u00e1cter personal, ya que su \u00fanica funci\u00f3n es personalizar su navegaci\u00f3n en la forma antes expresada.<\/p>\n<ol>\n<li><strong>Estatus de usuario y usos permitidos y prohibidos:\u00a0\u00a0<\/strong><\/li>\n<\/ol>\n<p>El acceso a y\/o uso del sitio web reflejado como website\u00a0 (o cualquier otro mencionado en el apartado 1 de este aviso) atribuye a quien lo realiza la condici\u00f3n de usuario, aceptando, desde ese mismo momento, plenamente y sin reservas alguna, las presentes condiciones generales, as\u00ed como las condiciones particulares que, en su caso, complementen, modifiquen o sustituyan las condiciones generales en relaci\u00f3n con determinados servicios y contenidos del sitio web.<\/p>\n<p>El usuario se compromete a utilizar el sitio Web y sus servicios y contenidos sin contravenir la legislaci\u00f3n vigente, la buena fe, los usos generalmente aceptados y el orden p\u00fablico.<\/p>\n<p>As\u00ed mismo, queda prohibido, el uso del Web con fines il\u00edcitos o lesivos contra la raz\u00f3n social propietaria del website o cualquier tercero, o que, de cualquier forma, puedan causar perjuicio o impedir el normal funcionamiento del sitio Web.<\/p>\n<ol start=\"2\">\n<li><strong>Propiedad intelectual e industrial:<\/strong><\/li>\n<\/ol>\n<p>Respecto de los contenidos (informaciones, textos, gr\u00e1ficos, archivos de sonido y\/o imagen, fotograf\u00edas, dise\u00f1os, etc.), se proh\u00edbe:<\/p>\n<p>Su reproducci\u00f3n, distribuci\u00f3n o modificaci\u00f3n, a menos que se cuente con la autorizaci\u00f3n de sus leg\u00edtimos titulares o resulte legalmente permitido.<\/p>\n<p>Cualquier vulneraci\u00f3n de los derechos de propietario del website o de sus leg\u00edtimos titulares sobre los mismos.<\/p>\n<p>Su utilizaci\u00f3n para todo tipo de fines comerciales o publicitarios, distintos de los estrictamente permitidos.<\/p>\n<p>Cualquier intento de obtener los contenidos del sitio Web por cualquier medio distinto de los que se pongan a disposici\u00f3n de los usuarios as\u00ed como de los que habitualmente se empleen en la red, siempre que no causen perjuicio alguno al sitio Web.<\/p>\n<p>El propietario del website no otorga ninguna garant\u00eda ni se hace responsable, en ning\u00fan caso, de los da\u00f1os y perjuicios de cualquier naturaleza que pudieran traer causa de:<\/p>\n<ol>\n<li>La falta disponibilidad, mantenimiento y efectivo funcionamiento del Web y\/o de sus servicios o contenidos.<\/li>\n<li>La falta de utilidad, adecuaci\u00f3n o validez del Web y\/o de sus servicios o contenidos para satisfacer necesidades, actividades o resultados concretos o expectativas de los usuarios.<\/li>\n<li>La existencia de virus, programas maliciosos o lesivos en los contenidos.<\/li>\n<li>La recepci\u00f3n, obtenci\u00f3n, almacenamiento, difusi\u00f3n o transmisi\u00f3n, por parte de los usuarios, de los contenidos.<\/li>\n<li>El uso il\u00edcito, negligente, fraudulento, contrario a las presentes Condiciones Generales, a la buena fe, a los usos generalmente aceptados o al orden p\u00fablico, del sitio Web, sus servicios o contenidos, por parte de los usuarios.<\/li>\n<li>La falta de licitud, calidad, fiabilidad, utilidad y disponibilidad de los servicios prestados por terceros y puestos a disposici\u00f3n de los usuarios en el sitio Web.<\/li>\n<li>El incumplimiento por parte de terceros de sus obligaciones o compromisos en relaci\u00f3n con los servicios prestados a los usuarios a trav\u00e9s del sitio Web.<\/li>\n<\/ol>\n<p>A los efectos de preservar los posibles derechos de propiedad intelectual, en el caso de que cualquier usuario o un tercero considere que se ha producido una violaci\u00f3n de sus leg\u00edtimos derechos por la introducci\u00f3n de un determinado contenido en el Web, deber\u00e1 notificar dicha circunstancia a AGENCIAS DE EVENTOS ESPA\u00d1OLAS ASOCIADAS, indicando:<\/p>\n<ol>\n<li>Datos personales del interesado titular de los derechos presuntamente infringidos. Si la reclamaci\u00f3n la presenta un tercero distinto del interesado, deber\u00e1 indicar la representaci\u00f3n con la que act\u00faa.<\/li>\n<li>Indicaci\u00f3n de los contenidos protegidos por los derechos de propiedad intelectual y su ubicaci\u00f3n en el Web.<\/li>\n<li>Acreditaci\u00f3n de los citados derechos de propiedad intelectual.<\/li>\n<li>Declaraci\u00f3n expresa en la que el interesado se responsabiliza de la veracidad de las informaciones facilitadas en la notificaci\u00f3n.<\/li>\n<\/ol>\n<p>La legitimidad de los derechos de propiedad intelectual o industrial correspondientes a los contenidos aportados por terceros es de la exclusiva responsabilidad de los mismos.<\/p>\n<p>El establecimiento de cualquier \u201chiperenlace\u201d entre una p\u00e1gina web y cualquiera de las p\u00e1ginas web del website estar\u00e1 sometido a las siguientes condiciones:<\/p>\n<ol>\n<li>No se permite la reproducci\u00f3n ni total ni parcial de ninguno de los servicios ni contenidos del website.*<\/li>\n<li>La p\u00e1gina web en la que se establezca el hiperenlace no contendr\u00e1 ninguna marca, nombre comercial, r\u00f3tulo de establecimiento, denominaci\u00f3n, logotipo, eslogan u otros signos distintivos pertenecientes al website.<\/li>\n<li>Bajo ninguna circunstancia, el propietario del website ser\u00e1 responsable de los contenidos o servicios puestos a disposici\u00f3n del p\u00fablico en la p\u00e1gina web desde la que se realice el \u201chiperenlace\u201d ni de las informaciones y manifestaciones incluidas en las mismas.<\/li>\n<\/ol>\n<ol start=\"3\">\n<li><strong>Duraci\u00f3n y modificaciones:<\/strong><\/li>\n<\/ol>\n<p>La duraci\u00f3n de la prestaci\u00f3n del servicio del sitio Web y de los servicios es de car\u00e1cter indefinido.<\/p>\n<p>Sin perjuicio de lo anterior, el propietario del website se reserva el derecho para, interrumpir, suspender o terminar la prestaci\u00f3n del servicio del Web o de cualquiera de los servicios que lo integran, en los mismos t\u00e9rminos que se recogen en la condici\u00f3n tercera.<\/p>\n<p>Se podr\u00e1 modificar unilateralmente y sin previo aviso, siempre que lo considere oportuno, la estructura y dise\u00f1o del sitio Web, as\u00ed como modificar o eliminar, los servicios, los contenidos y las condiciones de acceso y\/o uso del sitio Web.<\/p>\n<ol start=\"4\">\n<li><strong>Legislaci\u00f3n aplicable y Jurisdicci\u00f3n;<\/strong><\/li>\n<\/ol>\n<p>Las presentes Condiciones Generales se regir\u00e1n por la legislaci\u00f3n espa\u00f1ola.<\/p>\n<p>El propietario del website y el usuario, con renuncia expresa a cualquier otro fuero que pudiera corresponderles, se someten a la Jurisdicci\u00f3n de los Juzgados y Tribunales del domicilio del usuario para cuantas cuestiones pudieran suscitarse o acciones ejercitarse derivadas de la prestaci\u00f3n del servicio del Web y de sus servicios y contenidos y sobre la interpretaci\u00f3n, aplicaci\u00f3n, cumplimiento o incumplimiento de lo aqu\u00ed establecido.<\/p>\n<p>En el supuesto de que el Usuario tenga su domicilio fuera de Espa\u00f1a, el propietario del website y el Usuario, con renuncia expresa a cualquier otro fuero que pudiera corresponderles, se someten<\/p>\n","protected":false},"excerpt":{"rendered":"<p>Que el dominio www.aevea.es, a partir de ahora website est\u00e1 registrado a nombre de AGENCIAS DE EVENTOS ESPA\u00d1OLAS ASOCIADAS. &nbsp; Datos del propietario del website: AGENCIAS DE EVENTOS ESPA\u00d1OLAS ASOCIADAS [&hellip;]<\/p>\n<p><a href=\"https:\/\/aevea.es\/anuario-2024\/aviso-legal\/\" class=\"more-link style3-button\">Read More<\/a><\/p>","protected":false},"author":1,"featured_media":0,"parent":0,"menu_order":0,"comment_status":"closed","ping_status":"closed","template":"","meta":{"footnotes":""},"class_list":["post-80","page","type-page","status-publish","hentry"],"_links":{"self":[{"href":"https:\/\/aevea.es\/anuario-2024\/wp-json\/wp\/v2\/pages\/80","targetHints":{"allow":["GET"]}}],"collection":[{"href":"https:\/\/aevea.es\/anuario-2024\/wp-json\/wp\/v2\/pages"}],"about":[{"href":"https:\/\/aevea.es\/anuario-2024\/wp-json\/wp\/v2\/types\/page"}],"author":[{"embeddable":true,"href":"https:\/\/aevea.es\/anuario-2024\/wp-json\/wp\/v2\/users\/1"}],"replies":[{"embeddable":true,"href":"https:\/\/aevea.es\/anuario-2024\/wp-json\/wp\/v2\/comments?post=80"}],"version-history":[{"count":1,"href":"https:\/\/aevea.es\/anuario-2024\/wp-json\/wp\/v2\/pages\/80\/revisions"}],"predecessor-version":[{"id":81,"href":"https:\/\/aevea.es\/anuario-2024\/wp-json\/wp\/v2\/pages\/80\/revisions\/81"}],"wp:attachment":[{"href":"https:\/\/aevea.es\/anuario-2024\/wp-json\/wp\/v2\/media?parent=80"}],"curies":[{"name":"wp","href":"https:\/\/api.w.org\/{rel}","templated":true}]}}