{"id":1002,"date":"2025-07-04T12:27:58","date_gmt":"2025-07-04T10:27:58","guid":{"rendered":"https:\/\/aevea.es\/anuario-2025\/?page_id=1002"},"modified":"2025-07-16T07:44:12","modified_gmt":"2025-07-16T05:44:12","slug":"articulo-ander-bilbao","status":"publish","type":"page","link":"https:\/\/aevea.es\/anuario-2025\/articulo-ander-bilbao\/","title":{"rendered":"ART\u00cdCULO Ander Bilbao"},"content":{"rendered":"<div  class=\"tatsu-BkWyda0ASR tatsu-section  tatsu-bg-overlay   tatsu-clearfix\" data-title=\"\"  data-headerscheme=\"background--dark\"><div class='tatsu-section-pad clearfix' data-padding='{\"d\":\"0px 0px 0px 0px\"}' data-padding-top='0px'><div class=\"tatsu-row-wrap  tatsu-row-full-width tatsu-row-one-col tatsu-row-has-one-cols tatsu-medium-gutter tatsu-reg-cols  tatsu-clearfix tatsu-Skly_6RABC\" ><div  class=\"tatsu-row \" ><div  class=\"tatsu-column  tatsu-bg-overlay tatsu-one-col tatsu-column-image-none tatsu-column-effect-none  tatsu-Bkk_pARrA\"  data-parallax-speed=\"0\" style=\"\"><div class=\"tatsu-column-inner \" ><div class=\"tatsu-column-pad-wrap\"><div class=\"tatsu-column-pad\" ><div  class=\"tatsu-single-image tatsu-module tatsu-image-lazyload tatsu-hqto6vwo0q5m1q17  \" ><div class=\"tatsu-single-image-inner \" style=\"width : 1920px;\" ><div class = \"tatsu-single-image-padding-wrap\" style = \"padding-bottom : 14.739583333333%;\" ><\/div><img class = \"tatsu-gradient-border\" alt = \"\" title = \"CABECERA-ART\" data-src = \"https:\/\/aevea.es\/anuario-2025\/wp-content\/uploads\/2025\/05\/CABECERA-ART.jpg\" src =\"data:image\/png;base64,iVBORw0KGgoAAAANSUhEUgAAAAEAAAABCAQAAAC1HAwCAAAAC0lEQVR42mNkYAAAAAYAAjCB0C8AAAAASUVORK5CYII=\"  \/><\/div><style>.tatsu-hqto6vwo0q5m1q17{margin: 0px 0px 0px 0px;}.tatsu-hqto6vwo0q5m1q17 .tatsu-single-image-inner{border-style: solid;max-width: 100%;}.tatsu-hqto6vwo0q5m1q17.tatsu-single-image{transform: translate3d(0px,0px, 0);}<\/style><\/div><\/div><\/div><div class = \"tatsu-column-bg-image-wrap\"><div class = \"tatsu-column-bg-image\" ><\/div><\/div><div class=\"tatsu-overlay tatsu-column-overlay tatsu-animate-none\" ><\/div><\/div><style>.tatsu-row > .tatsu-Bkk_pARrA.tatsu-column{width: 100%;}.tatsu-Bkk_pARrA.tatsu-column > .tatsu-column-inner > .tatsu-column-overlay{mix-blend-mode: normal;}.tatsu-Bkk_pARrA > .tatsu-column-inner > .tatsu-top-divider{z-index: 9999;}.tatsu-Bkk_pARrA > .tatsu-column-inner > .tatsu-bottom-divider{z-index: 9999;}.tatsu-Bkk_pARrA > .tatsu-column-inner > .tatsu-left-divider{z-index: 9999;}.tatsu-Bkk_pARrA > .tatsu-column-inner > .tatsu-right-divider{z-index: 9999;}@media only screen and (max-width:1377px) {.tatsu-row > .tatsu-Bkk_pARrA.tatsu-column{width: 100%;}}@media only screen and (min-width:768px) and (max-width: 1024px) {.tatsu-row > .tatsu-Bkk_pARrA.tatsu-column{width: 100%;}}@media only screen and (max-width: 767px) {.tatsu-row > .tatsu-Bkk_pARrA.tatsu-column{width: 100%;}}<\/style><\/div><\/div><\/div><\/div><div class=\"tatsu-section-background-wrap\"><div class = \"tatsu-section-background\" ><\/div><\/div><div class=\"tatsu-overlay tatsu-section-overlay\"><\/div><style>.tatsu-BkWyda0ASR .tatsu-section-offset-wrap{transform: translateY(-0px);}.tatsu-BkWyda0ASR > .tatsu-bottom-divider{z-index: 9999;}.tatsu-BkWyda0ASR > .tatsu-top-divider{z-index: 9999;}.tatsu-BkWyda0ASR .tatsu-section-overlay{mix-blend-mode: normal;}<\/style><\/div><div  class=\"tatsu-Sy-vaCE8iu tatsu-section  tatsu-parallax tatsu-bg-overlay   tatsu-clearfix\" data-title=\"\"  data-headerscheme=\"background--dark\"><div class='tatsu-section-pad clearfix' data-padding='{\"d\":\"7px 0px 0px 0px\"}' data-padding-top='7px'><div class=\"tatsu-row-wrap  tatsu-wrap tatsu-row-has-two-cols tatsu-medium-gutter tatsu-reg-cols  tatsu-clearfix tatsu-HkeDAkrIou\" ><style>.tatsu-HkeDAkrIou.tatsu-row-wrap > .tatsu-row{padding: 30px 0px 0px 0px;margin-bottom: 0px;}.tatsu-HkeDAkrIou > .tatsu-row{margin-top: 90px;}<\/style><div  class=\"tatsu-row \" ><div  class=\"tatsu-column  tatsu-bg-overlay tatsu-three-fourth tatsu-column-image-none tatsu-column-effect-none  tatsu-Byt0yBIsd\"  data-parallax-speed=\"0\" style=\"\"><div class=\"tatsu-column-inner \" ><div class=\"tatsu-column-pad-wrap\"><div class=\"tatsu-column-pad\" ><div  class=\"tatsu-single-image tatsu-module tatsu-image-lazyload tatsu-SyYBve0ou  \" ><div class=\"tatsu-single-image-inner \" style=\"width : 1182px;\" ><div class = \"tatsu-single-image-padding-wrap\" style = \"padding-bottom : 52.791878172589%;\" ><\/div><img class = \"tatsu-gradient-border\" alt = \"\" title = \"ander\" data-src = \"https:\/\/aevea.es\/anuario-2025\/wp-content\/uploads\/2025\/07\/ander.jpg\" src =\"data:image\/png;base64,iVBORw0KGgoAAAANSUhEUgAAAAEAAAABCAQAAAC1HAwCAAAAC0lEQVR42mNkYAAAAAYAAjCB0C8AAAAASUVORK5CYII=\"  \/><\/div><style>.tatsu-SyYBve0ou{margin: 40px 0px 0px 0px;}.tatsu-SyYBve0ou .tatsu-single-image-inner{border-style: solid;max-width: 100%;}.tatsu-SyYBve0ou.tatsu-single-image{transform: translate3d(0px,0px, 0);}<\/style><\/div><div  class=\"tatsu-empty-space  tatsu-SJ7Sxw0sO  \" ><style>.tatsu-SJ7Sxw0sO.tatsu-empty-space{height: 30px;}<\/style><\/div><div  class=\"tatsu-module tatsu-text-block-wrap tatsu-rJZdlb5jd  \"><div class=\"tatsu-text-inner tatsu-align-center  clearfix\" ><style>.tatsu-rJZdlb5jd.tatsu-text-block-wrap .tatsu-text-inner{width: 100%;text-align: left;padding: 0px 0px 30px 0px;}.tatsu-rJZdlb5jd.tatsu-text-block-wrap{margin: 0px 0px 0px 0px;}<\/style>\n<h4><span style=\"color: #ff4d0e;\">Saber que formas parte de algo m\u00e1s grande que t\u00fa <\/span><\/h4>\n<p><span style=\"font-size: 14pt;\">\u201cPara aquellos que peinamos canas, hemos de remontarnos en el conocido estilo de \u201cAbuelo cebolleta\u201d al siglo pasado para encontrar una Asociaci\u00f3n relacionada con eventos. La primera fue <strong>MPI<\/strong> pero que estaba constituida por una amalgama de profesionales de MICE o pensada para personas, no para empresas. En el a\u00f1o 2000\u00a0 se cre\u00f3 la primera asociaci\u00f3n de eventos que se llamaba <strong>Asociaci\u00f3n Espa\u00f1ola de Empresas de Servicios para Eventos (AEESE)<\/strong> y que naci\u00f3 incorporando\u00a0 a todas las empresas locas, que entonces nos dedic\u00e1bamos a \u201ceso de eventos corporativos\u201d y que quiz\u00e1s no sobrevivi\u00f3 porque bajo ese paraguas est\u00e1bamos adem\u00e1s de unas pocas agencias, todo tipo de proveedores reaccionados con lo que hoy hemos llamado MICE, as\u00ed que\u00a0 la primera asociaci\u00f3n de agencias, tendr\u00eda que esperar a que <strong>Ferm\u00edn P\u00e9rez<\/strong> nos llamase\u00a0 por tel\u00e9fono a varios empresarios\u00a0 para en un caf\u00e9, \u00a0hablar del \u201cintrusismo del sector\u201d y aquello desembocara el 2008 en \u00a0el primer intento de asociarse entre agencias\u00a0 que llamar\u00edamos <strong>\u00abEl club para la excelencia en eventos\u00bb<\/strong>\u00a0 donde ya apareci\u00f3 una imprescindible \u00a0figura del sector, <strong>Beatriz Gonz\u00e1lez-Quevedo<\/strong>, para capitanearnos, en aquel gallinero de \u00a0peleones gallos, donde yo tuve el honor de ser su primer presidente. Mas tarde mi admirado y valeroso <strong>Dar\u00edo Regattieri<\/strong> se ech\u00f3 la responsabilidad encima, d\u00e1ndose cuenta que el sector hab\u00eda crecido y que necesit\u00e1bamos la fuerza de ser m\u00e1s y puso todos los recursos necesarios para poder constituir legalmente <strong>AEVEA<\/strong> y dar cabida a todas las agencias y establecer los primeros c\u00f3digos. Hoy AEVEA ya tiene 10 a\u00f1os, ha creado un convenio, unos premios propios, realizado infinidad de formaciones y ha conseguido lo que inici\u00f3 el esp\u00edritu de \u201cFerm\u00edn\u201d y es que adem\u00e1s de ser competidores en el terreno de juego seamos colaboradores, amigos, compa\u00f1eros, y defensores de nuestros negocios y nuestra industria desde la uni\u00f3n.<\/span><\/p>\n<p><span style=\"font-size: 14pt;\">As\u00ed que cuando hablo de orgullo de pertenencia, no hablo de un orgullo vac\u00edo, autom\u00e1tico, como el que se expresa con un logo en una web o una frase de cortes\u00eda. Hablo de ese orgullo que nace de saber que formas parte de algo m\u00e1s grande que t\u00fa. De una comunidad profesional que no solo comparte un oficio, sino que colaboran, se respetan, se ayudan y no solo miran a su negocio, tambi\u00e9n comparten \u00a0una visi\u00f3n y unos principios.<\/span><\/p>\n<p><span style=\"font-size: 14pt;\">En un sector como el nuestro, tan expuesto al brillo como a la precariedad, es f\u00e1cil olvidar que la verdadera fortaleza no est\u00e1 en competir sin tregua, sino en construir juntos. AEVEA no es solo unas siglas. Es una forma de entender esta profesi\u00f3n. De darle dignidad. De proteger su valor. Y tambi\u00e9n de protegernos entre nosotros.<\/span><\/p>\n<p><span style=\"font-size: 14pt;\">Pertenecer a AEVEA implica sentir que no est\u00e1s solo, cuando decides hacer las cosas bien. Que hay otros \u2014muchos otros\u2014 que tambi\u00e9n creen que el camino hacia un sector m\u00e1s justo, m\u00e1s s\u00f3lido, m\u00e1s creativo no puede hacerse a cualquier precio. Que la profesionalidad se defiende con hechos, y tambi\u00e9n con l\u00edmites. Con compromiso. Con coherencia y con principios.<\/span><\/p>\n<p><span style=\"font-size: 14pt;\">Ese orgullo del que hablo no se impone, se gana. Se construye a base de decisiones peque\u00f1as y grandes, a veces f\u00e1ciles y otras muy inc\u00f3modas. Pero siempre necesarias. Porque una asociaci\u00f3n no es una estructura, es un espejo de quienes la formamos.<\/span><\/p>\n<p><span style=\"font-size: 14pt;\">Desde beon, ese orgullo lo sentimos cada vez que nos reunimos con otros socios y vemos en sus ojos la misma pasi\u00f3n por este trabajo. Lo sentimos cuando compartimos aprendizajes, retos, avances. Y tambi\u00e9n cuando asumimos compromisos que, aunque no siempre sean f\u00e1ciles, s\u00ed nos recuerdan qui\u00e9nes somos y por qu\u00e9 estamos aqu\u00ed.<\/span><\/p>\n<p><span style=\"font-size: 14pt;\">Estamos en AEVEA para hacer m\u00e1s grande nuestro sector en base a unos principios que nos hemos dado y en un entorno que nos permite dialogar, evolucionar, disfrutar, compartir y visibilizar lo que hacemos construyendo un futuro m\u00e1s s\u00f3lido para todos.<\/span><\/p>\n<p><span style=\"font-size: 14pt;\">Pertenecer a AEVEA, no es solo un privilegio, <strong>es un compromiso<\/strong>.<\/span><\/p>\n<p>\u00a0<\/p>\n<p>\u00a0<\/p>\n<\/div><\/div><div  class=\"tatsu-shortcode-module tatsu-module tatsu-HyI1CDaFh   \"  >\n<p><code><div class=\"addtoany_shortcode\"><div class=\"a2a_kit a2a_kit_size_32 addtoany_list\" data-a2a-url=\"https:\/\/aevea.es\/anuario-2025\/articulo-ander-bilbao\/\" data-a2a-title=\"ART\u00cdCULO Ander Bilbao\"><a class=\"a2a_button_facebook\" href=\"https:\/\/www.addtoany.com\/add_to\/facebook?linkurl=https%3A%2F%2Faevea.es%2Fanuario-2025%2Farticulo-ander-bilbao%2F&amp;linkname=ART%C3%8DCULO%20Ander%20Bilbao\" title=\"Facebook\" rel=\"nofollow noopener\" target=\"_blank\"><\/a><a class=\"a2a_button_x\" href=\"https:\/\/www.addtoany.com\/add_to\/x?linkurl=https%3A%2F%2Faevea.es%2Fanuario-2025%2Farticulo-ander-bilbao%2F&amp;linkname=ART%C3%8DCULO%20Ander%20Bilbao\" title=\"X\" rel=\"nofollow noopener\" target=\"_blank\"><\/a><a class=\"a2a_button_email\" href=\"https:\/\/www.addtoany.com\/add_to\/email?linkurl=https%3A%2F%2Faevea.es%2Fanuario-2025%2Farticulo-ander-bilbao%2F&amp;linkname=ART%C3%8DCULO%20Ander%20Bilbao\" title=\"Email\" rel=\"nofollow noopener\" target=\"_blank\"><\/a><a class=\"a2a_button_whatsapp\" href=\"https:\/\/www.addtoany.com\/add_to\/whatsapp?linkurl=https%3A%2F%2Faevea.es%2Fanuario-2025%2Farticulo-ander-bilbao%2F&amp;linkname=ART%C3%8DCULO%20Ander%20Bilbao\" title=\"WhatsApp\" rel=\"nofollow noopener\" target=\"_blank\"><\/a><a class=\"a2a_button_linkedin\" href=\"https:\/\/www.addtoany.com\/add_to\/linkedin?linkurl=https%3A%2F%2Faevea.es%2Fanuario-2025%2Farticulo-ander-bilbao%2F&amp;linkname=ART%C3%8DCULO%20Ander%20Bilbao\" title=\"LinkedIn\" rel=\"nofollow noopener\" target=\"_blank\"><\/a><a class=\"a2a_dd addtoany_share_save addtoany_share\" href=\"https:\/\/www.addtoany.com\/share\"><\/a><\/div><\/div><\/code><\/p>\n<style>.tatsu-HyI1CDaFh{margin: 50px 0 0 0;}<\/style><\/div><\/div><\/div><div class = \"tatsu-column-bg-image-wrap\"><div class = \"tatsu-column-bg-image\" ><\/div><\/div><div class=\"tatsu-overlay tatsu-column-overlay tatsu-animate-none\" ><\/div><\/div><style>.tatsu-row > .tatsu-Byt0yBIsd.tatsu-column{width: 60%;}.tatsu-Byt0yBIsd.tatsu-column > .tatsu-column-inner > .tatsu-column-overlay{mix-blend-mode: normal;}.tatsu-Byt0yBIsd > .tatsu-column-inner > .tatsu-top-divider{z-index: 9999;}.tatsu-Byt0yBIsd > .tatsu-column-inner > .tatsu-bottom-divider{z-index: 9999;}.tatsu-Byt0yBIsd > .tatsu-column-inner > .tatsu-left-divider{z-index: 9999;}.tatsu-Byt0yBIsd > .tatsu-column-inner > .tatsu-right-divider{z-index: 9999;}@media only screen and (max-width:1377px) {.tatsu-row > .tatsu-Byt0yBIsd.tatsu-column{width: 60%;}}@media only screen and (min-width:768px) and (max-width: 1024px) {.tatsu-row > .tatsu-Byt0yBIsd.tatsu-column{width: 75%;}}@media only screen and (max-width: 767px) {.tatsu-row > .tatsu-Byt0yBIsd.tatsu-column{width: 100%;}}<\/style><\/div><div  class=\"tatsu-column  tatsu-bg-overlay tatsu-one-fourth tatsu-column-image-none tatsu-column-effect-none  tatsu-SJgFR1BIid\"  data-parallax-speed=\"0\" style=\"\"><div class=\"tatsu-column-inner \" ><div class=\"tatsu-column-pad-wrap\"><div class=\"tatsu-column-pad\" ><div  class=\"tatsu-module tatsu-text-block-wrap tatsu-ryTemGP95  \"><div class=\"tatsu-text-inner tatsu-align-center  clearfix\" ><style>.tatsu-ryTemGP95.tatsu-text-block-wrap .tatsu-text-inner{width: 100%;text-align: left;}.tatsu-ryTemGP95.tatsu-text-block-wrap{margin: 0px 0px 0px 0px;}<\/style>\n<p><span style=\"font-size: 18pt;\"><strong>Contenido patrocinado<\/strong><\/span><\/p>\n<\/div><\/div><div  class=\"tatsu-module tatsu-video tatsu-youtube-wrap tatsu-S1UPomCjd   \" ><style>.tatsu-S1UPomCjd{padding: 0px 0px 76px 0px;margin: 20px 0px 0px 0px;}<\/style><div class = \"be-video-embed be-embed-placeholder\"><div class = \"be-youtube-embed\" data-video-id = \"5CxA_OtzG74\" data-autoplay = \"1\" data-loop = \"1\"><\/div><\/div><\/div><div  class=\"tatsu-single-image tatsu-module align-center tatsu-image-lazyload tatsu-Sk_7CGkLA  \" ><div class=\"tatsu-single-image-inner \" style=\"width : 770px;\" ><div class = \"tatsu-single-image-padding-wrap\" style = \"padding-bottom : 192.46753246753%;\" ><\/div><a href = \"https:\/\/www.youtube.com\/watch?v=G0lCsAxKEhQ\" target = \"_blank\" ><img class = \"tatsu-gradient-border\" alt = \"\" title = \"Banner Gijon Bru\u0301jula 770 x 1482 pixels\" data-src = \"https:\/\/aevea.es\/anuario-2025\/wp-content\/uploads\/2025\/07\/Banner-Gijon-Brujula-770-x-1482-pixels.jpg\" src =\"data:image\/png;base64,iVBORw0KGgoAAAANSUhEUgAAAAEAAAABCAQAAAC1HAwCAAAAC0lEQVR42mNkYAAAAAYAAjCB0C8AAAAASUVORK5CYII=\"  \/><\/a><\/div><style>.tatsu-Sk_7CGkLA .tatsu-single-image-inner{border-style: solid;max-width: 80%;}.tatsu-Sk_7CGkLA.tatsu-single-image{transform: translate3d(0px,0px, 0);}<\/style><\/div><\/div><\/div><div class = \"tatsu-column-bg-image-wrap\"><div class = \"tatsu-column-bg-image\" ><\/div><\/div><div class=\"tatsu-overlay tatsu-column-overlay tatsu-animate-none\" ><\/div><\/div><style>.tatsu-row > .tatsu-SJgFR1BIid.tatsu-column{width: 40%;}.tatsu-SJgFR1BIid.tatsu-column > .tatsu-column-inner > .tatsu-column-overlay{mix-blend-mode: normal;}.tatsu-SJgFR1BIid > .tatsu-column-inner > .tatsu-top-divider{z-index: 9999;}.tatsu-SJgFR1BIid > .tatsu-column-inner > .tatsu-bottom-divider{z-index: 9999;}.tatsu-SJgFR1BIid > .tatsu-column-inner > .tatsu-left-divider{z-index: 9999;}.tatsu-SJgFR1BIid > .tatsu-column-inner > .tatsu-right-divider{z-index: 9999;}@media only screen and (max-width:1377px) {.tatsu-row > .tatsu-SJgFR1BIid.tatsu-column{width: 40%;}}@media only screen and (min-width:768px) and (max-width: 1024px) {.tatsu-row > .tatsu-SJgFR1BIid.tatsu-column{width: 25%;}}@media only screen and (max-width: 767px) {.tatsu-row > .tatsu-SJgFR1BIid.tatsu-column{width: 100%;}}<\/style><\/div><\/div><\/div><\/div><div class=\"tatsu-section-background-wrap\"><div class = \"tatsu-section-background\" ><\/div><\/div><div class=\"tatsu-overlay tatsu-section-overlay\"><\/div><style>.tatsu-Sy-vaCE8iu .tatsu-section-pad{padding: 7px 0px 0px 0px;}.tatsu-Sy-vaCE8iu .tatsu-section-offset-wrap{transform: translateY(-0px);}.tatsu-Sy-vaCE8iu > .tatsu-bottom-divider{z-index: 9999;}.tatsu-Sy-vaCE8iu > .tatsu-top-divider{z-index: 9999;}.tatsu-Sy-vaCE8iu .tatsu-section-overlay{mix-blend-mode: normal;}<\/style><\/div><div  class=\"tatsu-BkNQ0RAB0 tatsu-section  tatsu-bg-overlay   tatsu-clearfix\" data-title=\"\"  data-headerscheme=\"background--dark\"><div class='tatsu-section-pad clearfix' data-padding='{\"d\":\"0px 0px 0px 0px\"}' data-padding-top='0px'><div class=\"tatsu-row-wrap  tatsu-row-full-width tatsu-row-one-col tatsu-row-has-one-cols tatsu-medium-gutter tatsu-reg-cols  tatsu-clearfix tatsu-BJgV7RC0SR\" ><div  class=\"tatsu-row \" ><div  class=\"tatsu-column  tatsu-bg-overlay tatsu-one-col tatsu-column-image-none tatsu-column-effect-none  tatsu-S1-VXRR0BC\"  data-parallax-speed=\"0\" style=\"\"><div class=\"tatsu-column-inner \" ><div class=\"tatsu-column-pad-wrap\"><div class=\"tatsu-column-pad\" ><div  class=\"tatsu-single-image tatsu-module tatsu-image-lazyload tatsu-i1wh306wh16irsm  \" ><div class=\"tatsu-single-image-inner \" style=\"width : 1920px;\" ><div class = \"tatsu-single-image-padding-wrap\" style = \"padding-bottom : 4.5833333333333%;\" ><\/div><img class = \"tatsu-gradient-border\" alt = \"\" title = \"pie-new\" data-src = \"https:\/\/aevea.es\/anuario-2025\/wp-content\/uploads\/2025\/05\/pie-new.jpg\" src =\"data:image\/png;base64,iVBORw0KGgoAAAANSUhEUgAAAAEAAAABCAQAAAC1HAwCAAAAC0lEQVR42mNkYAAAAAYAAjCB0C8AAAAASUVORK5CYII=\"  \/><\/div><style>.tatsu-i1wh306wh16irsm .tatsu-single-image-inner{border-style: solid;max-width: 100%;}.tatsu-i1wh306wh16irsm.tatsu-single-image{transform: translate3d(0px,0px, 0);}.tatsu-i1wh306wh16irsm{padding: 20px 0px 0px 0px;}<\/style><\/div><\/div><\/div><div class = \"tatsu-column-bg-image-wrap\"><div class = \"tatsu-column-bg-image\" ><\/div><\/div><div class=\"tatsu-overlay tatsu-column-overlay tatsu-animate-none\" ><\/div><\/div><style>.tatsu-row > .tatsu-S1-VXRR0BC.tatsu-column{width: 100%;}.tatsu-S1-VXRR0BC.tatsu-column > .tatsu-column-inner > .tatsu-column-overlay{mix-blend-mode: normal;}.tatsu-S1-VXRR0BC > .tatsu-column-inner > .tatsu-top-divider{z-index: 9999;}.tatsu-S1-VXRR0BC > .tatsu-column-inner > .tatsu-bottom-divider{z-index: 9999;}.tatsu-S1-VXRR0BC > .tatsu-column-inner > .tatsu-left-divider{z-index: 9999;}.tatsu-S1-VXRR0BC > .tatsu-column-inner > .tatsu-right-divider{z-index: 9999;}@media only screen and (max-width:1377px) {.tatsu-row > .tatsu-S1-VXRR0BC.tatsu-column{width: 100%;}}@media only screen and (min-width:768px) and (max-width: 1024px) {.tatsu-row > .tatsu-S1-VXRR0BC.tatsu-column{width: 100%;}}@media only screen and (max-width: 767px) {.tatsu-row > .tatsu-S1-VXRR0BC.tatsu-column{width: 100%;}}<\/style><\/div><\/div><\/div><\/div><div class=\"tatsu-section-background-wrap\"><div class = \"tatsu-section-background\" ><\/div><\/div><div class=\"tatsu-overlay tatsu-section-overlay\"><\/div><style>.tatsu-BkNQ0RAB0 .tatsu-section-offset-wrap{transform: translateY(-0px);}.tatsu-BkNQ0RAB0 > .tatsu-bottom-divider{z-index: 9999;}.tatsu-BkNQ0RAB0 > .tatsu-top-divider{z-index: 9999;}.tatsu-BkNQ0RAB0 .tatsu-section-overlay{mix-blend-mode: normal;}<\/style><\/div>\n","protected":false},"excerpt":{"rendered":"<p><a href=\"https:\/\/aevea.es\/anuario-2025\/articulo-ander-bilbao\/\" class=\"more-link style3-button\">Read More<\/a><\/p>","protected":false},"author":5,"featured_media":0,"parent":0,"menu_order":0,"comment_status":"closed","ping_status":"closed","template":"","meta":{"footnotes":""},"class_list":["post-1002","page","type-page","status-publish","hentry"],"_links":{"self":[{"href":"https:\/\/aevea.es\/anuario-2025\/wp-json\/wp\/v2\/pages\/1002","targetHints":{"allow":["GET"]}}],"collection":[{"href":"https:\/\/aevea.es\/anuario-2025\/wp-json\/wp\/v2\/pages"}],"about":[{"href":"https:\/\/aevea.es\/anuario-2025\/wp-json\/wp\/v2\/types\/page"}],"author":[{"embeddable":true,"href":"https:\/\/aevea.es\/anuario-2025\/wp-json\/wp\/v2\/users\/5"}],"replies":[{"embeddable":true,"href":"https:\/\/aevea.es\/anuario-2025\/wp-json\/wp\/v2\/comments?post=1002"}],"version-history":[{"count":7,"href":"https:\/\/aevea.es\/anuario-2025\/wp-json\/wp\/v2\/pages\/1002\/revisions"}],"predecessor-version":[{"id":1179,"href":"https:\/\/aevea.es\/anuario-2025\/wp-json\/wp\/v2\/pages\/1002\/revisions\/1179"}],"wp:attachment":[{"href":"https:\/\/aevea.es\/anuario-2025\/wp-json\/wp\/v2\/media?parent=1002"}],"curies":[{"name":"wp","href":"https:\/\/api.w.org\/{rel}","templated":true}]}}