{"id":92,"date":"2024-06-20T16:26:02","date_gmt":"2024-06-20T14:26:02","guid":{"rendered":"https:\/\/aevea.es\/anuario-2024-new\/?page_id=92"},"modified":"2025-07-10T09:53:07","modified_gmt":"2025-07-10T07:53:07","slug":"articulo-marian-aguilar","status":"publish","type":"page","link":"https:\/\/aevea.es\/anuario-2025\/articulo-marian-aguilar\/","title":{"rendered":"ART\u00cdCULO Marian Aguilar"},"content":{"rendered":"<div  class=\"tatsu-BkWyda0ASR tatsu-section  tatsu-bg-overlay   tatsu-clearfix\" data-title=\"\"  data-headerscheme=\"background--dark\"><div class='tatsu-section-pad clearfix' data-padding='{\"d\":\"0px 0px 0px 0px\"}' data-padding-top='0px'><div class=\"tatsu-row-wrap  tatsu-row-full-width tatsu-row-one-col tatsu-row-has-one-cols tatsu-medium-gutter tatsu-reg-cols  tatsu-clearfix tatsu-Skly_6RABC\" ><div  class=\"tatsu-row \" ><div  class=\"tatsu-column  tatsu-bg-overlay tatsu-one-col tatsu-column-image-none tatsu-column-effect-none  tatsu-Bkk_pARrA\"  data-parallax-speed=\"0\" style=\"\"><div class=\"tatsu-column-inner \" ><div class=\"tatsu-column-pad-wrap\"><div class=\"tatsu-column-pad\" ><div  class=\"tatsu-single-image tatsu-module tatsu-image-lazyload tatsu-hqto6vwo0q5m1q17  \" ><div class=\"tatsu-single-image-inner \" style=\"width : 1920px;\" ><div class = \"tatsu-single-image-padding-wrap\" style = \"padding-bottom : 14.739583333333%;\" ><\/div><img class = \"tatsu-gradient-border\" alt = \"\" title = \"CABECERA-ART\" data-src = \"https:\/\/aevea.es\/anuario-2025\/wp-content\/uploads\/2025\/05\/CABECERA-ART.jpg\" src =\"data:image\/png;base64,iVBORw0KGgoAAAANSUhEUgAAAAEAAAABCAQAAAC1HAwCAAAAC0lEQVR42mNkYAAAAAYAAjCB0C8AAAAASUVORK5CYII=\"  \/><\/div><style>.tatsu-hqto6vwo0q5m1q17{margin: 0px 0px 0px 0px;}.tatsu-hqto6vwo0q5m1q17 .tatsu-single-image-inner{border-style: solid;max-width: 100%;}.tatsu-hqto6vwo0q5m1q17.tatsu-single-image{transform: translate3d(0px,0px, 0);}<\/style><\/div><\/div><\/div><div class = \"tatsu-column-bg-image-wrap\"><div class = \"tatsu-column-bg-image\" ><\/div><\/div><div class=\"tatsu-overlay tatsu-column-overlay tatsu-animate-none\" ><\/div><\/div><style>.tatsu-row > .tatsu-Bkk_pARrA.tatsu-column{width: 100%;}.tatsu-Bkk_pARrA.tatsu-column > .tatsu-column-inner > .tatsu-column-overlay{mix-blend-mode: normal;}.tatsu-Bkk_pARrA > .tatsu-column-inner > .tatsu-top-divider{z-index: 9999;}.tatsu-Bkk_pARrA > .tatsu-column-inner > .tatsu-bottom-divider{z-index: 9999;}.tatsu-Bkk_pARrA > .tatsu-column-inner > .tatsu-left-divider{z-index: 9999;}.tatsu-Bkk_pARrA > .tatsu-column-inner > .tatsu-right-divider{z-index: 9999;}@media only screen and (max-width:1377px) {.tatsu-row > .tatsu-Bkk_pARrA.tatsu-column{width: 100%;}}@media only screen and (min-width:768px) and (max-width: 1024px) {.tatsu-row > .tatsu-Bkk_pARrA.tatsu-column{width: 100%;}}@media only screen and (max-width: 767px) {.tatsu-row > .tatsu-Bkk_pARrA.tatsu-column{width: 100%;}}<\/style><\/div><\/div><\/div><\/div><div class=\"tatsu-section-background-wrap\"><div class = \"tatsu-section-background\" ><\/div><\/div><div class=\"tatsu-overlay tatsu-section-overlay\"><\/div><style>.tatsu-BkWyda0ASR .tatsu-section-offset-wrap{transform: translateY(-0px);}.tatsu-BkWyda0ASR > .tatsu-bottom-divider{z-index: 9999;}.tatsu-BkWyda0ASR > .tatsu-top-divider{z-index: 9999;}.tatsu-BkWyda0ASR .tatsu-section-overlay{mix-blend-mode: normal;}<\/style><\/div><div  class=\"tatsu-Sy-vaCE8iu tatsu-section  tatsu-parallax tatsu-bg-overlay   tatsu-clearfix\" data-title=\"\"  data-headerscheme=\"background--dark\"><div class='tatsu-section-pad clearfix' data-padding='{\"d\":\"7px 0px 0px 0px\"}' data-padding-top='7px'><div class=\"tatsu-row-wrap  tatsu-wrap tatsu-row-has-two-cols tatsu-medium-gutter tatsu-reg-cols  tatsu-clearfix tatsu-HkeDAkrIou\" ><style>.tatsu-HkeDAkrIou.tatsu-row-wrap > .tatsu-row{padding: 30px 0px 0px 0px;margin-bottom: 0px;}.tatsu-HkeDAkrIou > .tatsu-row{margin-top: 90px;}<\/style><div  class=\"tatsu-row \" ><div  class=\"tatsu-column  tatsu-bg-overlay tatsu-three-fourth tatsu-column-image-none tatsu-column-effect-none  tatsu-Byt0yBIsd\"  data-parallax-speed=\"0\" style=\"\"><div class=\"tatsu-column-inner \" ><div class=\"tatsu-column-pad-wrap\"><div class=\"tatsu-column-pad\" ><div  class=\"tatsu-single-image tatsu-module tatsu-image-lazyload tatsu-SyYBve0ou  \" ><div class=\"tatsu-single-image-inner \" style=\"width : 1182px;\" ><div class = \"tatsu-single-image-padding-wrap\" style = \"padding-bottom : 52.791878172589%;\" ><\/div><img class = \"tatsu-gradient-border\" alt = \"\" title = \"mariannnn\" data-src = \"https:\/\/aevea.es\/anuario-2025\/wp-content\/uploads\/2025\/06\/mariannnn.jpg\" src =\"data:image\/png;base64,iVBORw0KGgoAAAANSUhEUgAAAAEAAAABCAQAAAC1HAwCAAAAC0lEQVR42mNkYAAAAAYAAjCB0C8AAAAASUVORK5CYII=\"  \/><\/div><style>.tatsu-SyYBve0ou{margin: 40px 0px 0px 0px;}.tatsu-SyYBve0ou .tatsu-single-image-inner{border-style: solid;max-width: 100%;}.tatsu-SyYBve0ou.tatsu-single-image{transform: translate3d(0px,0px, 0);}<\/style><\/div><div  class=\"tatsu-empty-space  tatsu-SJ7Sxw0sO  \" ><style>.tatsu-SJ7Sxw0sO.tatsu-empty-space{height: 30px;}<\/style><\/div><div  class=\"tatsu-module tatsu-text-block-wrap tatsu-rJZdlb5jd  \"><div class=\"tatsu-text-inner tatsu-align-center  clearfix\" ><style>.tatsu-rJZdlb5jd.tatsu-text-block-wrap .tatsu-text-inner{width: 100%;text-align: left;padding: 0px 0px 30px 0px;}.tatsu-rJZdlb5jd.tatsu-text-block-wrap{margin: 0px 0px 0px 0px;}<\/style>\n<h4><span style=\"color: #ff4d0e;\">La importancia de profesionalizar el sector MICE <\/span><\/h4>\n<p><span style=\"font-size: 14pt;\"><strong>\u201c<\/strong>Profesionalizar significa marcar unos est\u00e1ndares de calidad, asegurarse de que los equipos est\u00e9n bien formados y fomentar una colaboraci\u00f3n real entre lo p\u00fablico y lo privado\u201d<\/span><\/p>\n<p><span style=\"font-size: 14pt;\">El sector MICE es uno de los motores m\u00e1s potentes para el desarrollo econ\u00f3mico y la proyecci\u00f3n, tanto a nivel nacional como internacional, de los destinos. Va mucho m\u00e1s all\u00e1 del turismo: tiene que ver con conocimiento, innovaci\u00f3n, negocio y reputaci\u00f3n. Pero para que ese potencial realmente se note y tenga un efecto duradero, es fundamental profesionalizar el sector.<\/span><\/p>\n<p><span style=\"font-size: 14pt;\">Profesionalizar significa marcar unos est\u00e1ndares de calidad, asegurarse de que los equipos est\u00e9n bien formados y fomentar una colaboraci\u00f3n real entre lo p\u00fablico y lo privado. Tambi\u00e9n implica entender que organizar un evento profesional no es lo mismo que preparar una comida entre amigos: se necesita estrategia, conocimiento t\u00e9cnico, sensibilidad cultural, manejo de herramientas digitales y, sobre todo, una visi\u00f3n global del negocio.<\/span><\/p>\n<p><span style=\"font-size: 14pt;\">Uno de los grandes desaf\u00edos del sector MICE es la falta de unidad. A menudo, los eventos se organizan de forma improvisada o con equipos poco especializados, lo que afecta la experiencia de los asistentes y la imagen del destino. En este sentido, la profesionalizaci\u00f3n es clave: mejora la calidad, hace que seamos m\u00e1s competitivos y garantiza que cada evento \u2014sea un congreso, una convenci\u00f3n o un incentivo\u2014 se convierta en una oportunidad real de crecimiento econ\u00f3mico y social.<\/span><\/p>\n<p><span style=\"font-size: 14pt;\">En esta l\u00ednea, ciudades como <strong>C\u00f3rdoba <\/strong>est\u00e1n dando pasos firmes para posicionarse como referentes del sector MICE a trav\u00e9s de una apuesta decidida por la profesionalizaci\u00f3n. Desde el Ayuntamiento, y de forma m\u00e1s espec\u00edfica a trav\u00e9s del <strong>Instituto Municipal de Turismo (IMTUR<\/strong>), se est\u00e1n impulsando programas de formaci\u00f3n especializada, encuentros con profesionales del sector y una estrategia clara de atracci\u00f3n de eventos con valor a\u00f1adido. Esta visi\u00f3n de largo plazo no solo mejora la capacidad operativa del destino, sino que tambi\u00e9n fortalece su imagen como ciudad preparada para acoger eventos de alto nivel.<\/span><\/p>\n<p><span style=\"font-size: 14pt;\">Las agencias de eventos tienen un papel central en este proceso. Son quienes hacen posible que las ideas se transformen en experiencias. Pero para que puedan hacerlo bien, necesitan contar con respaldo institucional, normativas claras y formaci\u00f3n especializada. Apostar por su profesionalizaci\u00f3n es, en definitiva, apostar por el futuro del sector.<\/span><\/p>\n<p><span style=\"font-size: 14pt;\">Adem\u00e1s, la digitalizaci\u00f3n ha tra\u00eddo nuevos retos. Hoy en d\u00eda, los eventos h\u00edbridos, la medici\u00f3n de impacto, el cuidado del medioambiente o la ciberseguridad requieren habilidades espec\u00edficas. Profesionalizar el MICE tambi\u00e9n significa incorporar estas cuestiones de manera responsable y con criterio. <strong>C\u00f3rdoba, <\/strong>consciente de esta transformaci\u00f3n, est\u00e1 incorporando estos elementos en sus acciones promocionales y formativas, alineando su oferta con las nuevas exigencias del mercado global.<\/span><\/p>\n<p><span style=\"font-size: 14pt;\">Por \u00faltimo, hay un aspecto estrat\u00e9gico que no podemos olvidar: el MICE es una herramienta poderosa para atraer talento, inversi\u00f3n y visibilidad internacional. Pero para que funcione, es necesario contar con estructuras profesionales que entiendan el mercado global y construyan experiencias memorables con resultados medibles.<\/span><\/p>\n<p><span style=\"font-size: 14pt;\">En resumen, profesionalizar el sector MICE no es algo opcional. Es la base para convertirlo en un pilar del desarrollo econ\u00f3mico, social y reputacional de los destinos. La excelencia no aparece sola: se consigue con formaci\u00f3n, m\u00e9todo y una visi\u00f3n clara de futuro<strong>. C\u00f3rdoba <\/strong>ha entendido este mensaje, y con el impulso del <strong>IMTUR, <\/strong>est\u00e1 construyendo un modelo de ciudad que mira al futuro de los eventos con ambici\u00f3n y criterio.<\/span><\/p>\n<\/div><\/div><div  class=\"tatsu-shortcode-module tatsu-module tatsu-HyI1CDaFh   \"  >\n<p><code><div class=\"addtoany_shortcode\"><div class=\"a2a_kit a2a_kit_size_32 addtoany_list\" data-a2a-url=\"https:\/\/aevea.es\/anuario-2025\/articulo-marian-aguilar\/\" data-a2a-title=\"ART\u00cdCULO Marian Aguilar\"><a class=\"a2a_button_facebook\" href=\"https:\/\/www.addtoany.com\/add_to\/facebook?linkurl=https%3A%2F%2Faevea.es%2Fanuario-2025%2Farticulo-marian-aguilar%2F&amp;linkname=ART%C3%8DCULO%20Marian%20Aguilar\" title=\"Facebook\" rel=\"nofollow noopener\" target=\"_blank\"><\/a><a class=\"a2a_button_x\" href=\"https:\/\/www.addtoany.com\/add_to\/x?linkurl=https%3A%2F%2Faevea.es%2Fanuario-2025%2Farticulo-marian-aguilar%2F&amp;linkname=ART%C3%8DCULO%20Marian%20Aguilar\" title=\"X\" rel=\"nofollow noopener\" target=\"_blank\"><\/a><a class=\"a2a_button_email\" href=\"https:\/\/www.addtoany.com\/add_to\/email?linkurl=https%3A%2F%2Faevea.es%2Fanuario-2025%2Farticulo-marian-aguilar%2F&amp;linkname=ART%C3%8DCULO%20Marian%20Aguilar\" title=\"Email\" rel=\"nofollow noopener\" target=\"_blank\"><\/a><a class=\"a2a_button_whatsapp\" href=\"https:\/\/www.addtoany.com\/add_to\/whatsapp?linkurl=https%3A%2F%2Faevea.es%2Fanuario-2025%2Farticulo-marian-aguilar%2F&amp;linkname=ART%C3%8DCULO%20Marian%20Aguilar\" title=\"WhatsApp\" rel=\"nofollow noopener\" target=\"_blank\"><\/a><a class=\"a2a_button_linkedin\" href=\"https:\/\/www.addtoany.com\/add_to\/linkedin?linkurl=https%3A%2F%2Faevea.es%2Fanuario-2025%2Farticulo-marian-aguilar%2F&amp;linkname=ART%C3%8DCULO%20Marian%20Aguilar\" title=\"LinkedIn\" rel=\"nofollow noopener\" target=\"_blank\"><\/a><a class=\"a2a_dd addtoany_share_save addtoany_share\" href=\"https:\/\/www.addtoany.com\/share\"><\/a><\/div><\/div><\/code><\/p>\n<style>.tatsu-HyI1CDaFh{margin: 50px 0 0 0;}<\/style><\/div><\/div><\/div><div class = \"tatsu-column-bg-image-wrap\"><div class = \"tatsu-column-bg-image\" ><\/div><\/div><div class=\"tatsu-overlay tatsu-column-overlay tatsu-animate-none\" ><\/div><\/div><style>.tatsu-row > .tatsu-Byt0yBIsd.tatsu-column{width: 60%;}.tatsu-Byt0yBIsd.tatsu-column > .tatsu-column-inner > .tatsu-column-overlay{mix-blend-mode: normal;}.tatsu-Byt0yBIsd > .tatsu-column-inner > .tatsu-top-divider{z-index: 9999;}.tatsu-Byt0yBIsd > .tatsu-column-inner > .tatsu-bottom-divider{z-index: 9999;}.tatsu-Byt0yBIsd > .tatsu-column-inner > .tatsu-left-divider{z-index: 9999;}.tatsu-Byt0yBIsd > .tatsu-column-inner > .tatsu-right-divider{z-index: 9999;}@media only screen and (max-width:1377px) {.tatsu-row > .tatsu-Byt0yBIsd.tatsu-column{width: 60%;}}@media only screen and (min-width:768px) and (max-width: 1024px) {.tatsu-row > .tatsu-Byt0yBIsd.tatsu-column{width: 75%;}}@media only screen and (max-width: 767px) {.tatsu-row > .tatsu-Byt0yBIsd.tatsu-column{width: 100%;}}<\/style><\/div><div  class=\"tatsu-column  tatsu-bg-overlay tatsu-one-fourth tatsu-column-image-none tatsu-column-effect-none  tatsu-SJgFR1BIid\"  data-parallax-speed=\"0\" style=\"\"><div class=\"tatsu-column-inner \" ><div class=\"tatsu-column-pad-wrap\"><div class=\"tatsu-column-pad\" ><div  class=\"tatsu-module tatsu-text-block-wrap tatsu-ryTemGP95  \"><div class=\"tatsu-text-inner tatsu-align-center  clearfix\" ><style>.tatsu-ryTemGP95.tatsu-text-block-wrap .tatsu-text-inner{width: 100%;text-align: left;}.tatsu-ryTemGP95.tatsu-text-block-wrap{margin: 0px 0px 0px 0px;}<\/style>\n<p><span style=\"font-size: 18pt;\"><strong>Contenido patrocinado<\/strong><\/span><\/p>\n<\/div><\/div><div  class=\"tatsu-module tatsu-video tatsu-youtube-wrap tatsu-S1UPomCjd   \" ><style>.tatsu-S1UPomCjd{padding: 0px 0px 76px 0px;margin: 20px 0px 0px 0px;}<\/style><div class = \"be-video-embed be-embed-placeholder\"><div class = \"be-youtube-embed\" data-video-id = \"_-rZZhcS1ec\" data-autoplay = \"1\" data-loop = \"1\"><\/div><\/div><\/div><div  class=\"tatsu-single-image tatsu-module align-center tatsu-image-lazyload tatsu-Sk_7CGkLA  \" ><div class=\"tatsu-single-image-inner \" style=\"width : 770px;\" ><div class = \"tatsu-single-image-padding-wrap\" style = \"padding-bottom : 192.46753246753%;\" ><\/div><a href = \"https:\/\/www.turismodecordoba.org\/manual-de-congresos \" target = \"_blank\" ><img class = \"tatsu-gradient-border\" alt = \"\" title = \"Banner-de-Co\u0301rdoba-es-MICE-2025-AF\" data-src = \"https:\/\/aevea.es\/anuario-2025\/wp-content\/uploads\/2025\/07\/Banner-de-Cordoba-es-MICE-2025-AF.gif\" src =\"data:image\/png;base64,iVBORw0KGgoAAAANSUhEUgAAAAEAAAABCAQAAAC1HAwCAAAAC0lEQVR42mNkYAAAAAYAAjCB0C8AAAAASUVORK5CYII=\"  \/><\/a><\/div><style>.tatsu-Sk_7CGkLA .tatsu-single-image-inner{border-style: solid;max-width: 80%;}.tatsu-Sk_7CGkLA.tatsu-single-image{transform: translate3d(0px,0px, 0);}<\/style><\/div><\/div><\/div><div class = \"tatsu-column-bg-image-wrap\"><div class = \"tatsu-column-bg-image\" ><\/div><\/div><div class=\"tatsu-overlay tatsu-column-overlay tatsu-animate-none\" ><\/div><\/div><style>.tatsu-row > .tatsu-SJgFR1BIid.tatsu-column{width: 40%;}.tatsu-SJgFR1BIid.tatsu-column > .tatsu-column-inner > .tatsu-column-overlay{mix-blend-mode: normal;}.tatsu-SJgFR1BIid > .tatsu-column-inner > .tatsu-top-divider{z-index: 9999;}.tatsu-SJgFR1BIid > .tatsu-column-inner > .tatsu-bottom-divider{z-index: 9999;}.tatsu-SJgFR1BIid > .tatsu-column-inner > .tatsu-left-divider{z-index: 9999;}.tatsu-SJgFR1BIid > .tatsu-column-inner > .tatsu-right-divider{z-index: 9999;}@media only screen and (max-width:1377px) {.tatsu-row > .tatsu-SJgFR1BIid.tatsu-column{width: 40%;}}@media only screen and (min-width:768px) and (max-width: 1024px) {.tatsu-row > .tatsu-SJgFR1BIid.tatsu-column{width: 25%;}}@media only screen and (max-width: 767px) {.tatsu-row > .tatsu-SJgFR1BIid.tatsu-column{width: 100%;}}<\/style><\/div><\/div><\/div><\/div><div class=\"tatsu-section-background-wrap\"><div class = \"tatsu-section-background\" ><\/div><\/div><div class=\"tatsu-overlay tatsu-section-overlay\"><\/div><style>.tatsu-Sy-vaCE8iu .tatsu-section-pad{padding: 7px 0px 0px 0px;}.tatsu-Sy-vaCE8iu .tatsu-section-offset-wrap{transform: translateY(-0px);}.tatsu-Sy-vaCE8iu > .tatsu-bottom-divider{z-index: 9999;}.tatsu-Sy-vaCE8iu > .tatsu-top-divider{z-index: 9999;}.tatsu-Sy-vaCE8iu .tatsu-section-overlay{mix-blend-mode: normal;}<\/style><\/div><div  class=\"tatsu-BkNQ0RAB0 tatsu-section  tatsu-bg-overlay   tatsu-clearfix\" data-title=\"\"  data-headerscheme=\"background--dark\"><div class='tatsu-section-pad clearfix' data-padding='{\"d\":\"0px 0px 0px 0px\"}' data-padding-top='0px'><div class=\"tatsu-row-wrap  tatsu-row-full-width tatsu-row-one-col tatsu-row-has-one-cols tatsu-medium-gutter tatsu-reg-cols  tatsu-clearfix tatsu-BJgV7RC0SR\" ><div  class=\"tatsu-row \" ><div  class=\"tatsu-column  tatsu-bg-overlay tatsu-one-col tatsu-column-image-none tatsu-column-effect-none  tatsu-S1-VXRR0BC\"  data-parallax-speed=\"0\" style=\"\"><div class=\"tatsu-column-inner \" ><div class=\"tatsu-column-pad-wrap\"><div class=\"tatsu-column-pad\" ><div  class=\"tatsu-single-image tatsu-module tatsu-image-lazyload tatsu-i1wh306wh16irsm  \" ><div class=\"tatsu-single-image-inner \" style=\"width : 1920px;\" ><div class = \"tatsu-single-image-padding-wrap\" style = \"padding-bottom : 4.5833333333333%;\" ><\/div><img class = \"tatsu-gradient-border\" alt = \"\" title = \"pie-new\" data-src = \"https:\/\/aevea.es\/anuario-2025\/wp-content\/uploads\/2025\/05\/pie-new.jpg\" src =\"data:image\/png;base64,iVBORw0KGgoAAAANSUhEUgAAAAEAAAABCAQAAAC1HAwCAAAAC0lEQVR42mNkYAAAAAYAAjCB0C8AAAAASUVORK5CYII=\"  \/><\/div><style>.tatsu-i1wh306wh16irsm .tatsu-single-image-inner{border-style: solid;max-width: 100%;}.tatsu-i1wh306wh16irsm.tatsu-single-image{transform: translate3d(0px,0px, 0);}.tatsu-i1wh306wh16irsm{padding: 20px 0px 0px 0px;}<\/style><\/div><\/div><\/div><div class = \"tatsu-column-bg-image-wrap\"><div class = \"tatsu-column-bg-image\" ><\/div><\/div><div class=\"tatsu-overlay tatsu-column-overlay tatsu-animate-none\" ><\/div><\/div><style>.tatsu-row > .tatsu-S1-VXRR0BC.tatsu-column{width: 100%;}.tatsu-S1-VXRR0BC.tatsu-column > .tatsu-column-inner > .tatsu-column-overlay{mix-blend-mode: normal;}.tatsu-S1-VXRR0BC > .tatsu-column-inner > .tatsu-top-divider{z-index: 9999;}.tatsu-S1-VXRR0BC > .tatsu-column-inner > .tatsu-bottom-divider{z-index: 9999;}.tatsu-S1-VXRR0BC > .tatsu-column-inner > .tatsu-left-divider{z-index: 9999;}.tatsu-S1-VXRR0BC > .tatsu-column-inner > .tatsu-right-divider{z-index: 9999;}@media only screen and (max-width:1377px) {.tatsu-row > .tatsu-S1-VXRR0BC.tatsu-column{width: 100%;}}@media only screen and (min-width:768px) and (max-width: 1024px) {.tatsu-row > .tatsu-S1-VXRR0BC.tatsu-column{width: 100%;}}@media only screen and (max-width: 767px) {.tatsu-row > .tatsu-S1-VXRR0BC.tatsu-column{width: 100%;}}<\/style><\/div><\/div><\/div><\/div><div class=\"tatsu-section-background-wrap\"><div class = \"tatsu-section-background\" ><\/div><\/div><div class=\"tatsu-overlay tatsu-section-overlay\"><\/div><style>.tatsu-BkNQ0RAB0 .tatsu-section-offset-wrap{transform: translateY(-0px);}.tatsu-BkNQ0RAB0 > .tatsu-bottom-divider{z-index: 9999;}.tatsu-BkNQ0RAB0 > .tatsu-top-divider{z-index: 9999;}.tatsu-BkNQ0RAB0 .tatsu-section-overlay{mix-blend-mode: normal;}<\/style><\/div>\n","protected":false},"excerpt":{"rendered":"<p><a href=\"https:\/\/aevea.es\/anuario-2025\/articulo-marian-aguilar\/\" class=\"more-link style3-button\">Read More<\/a><\/p>","protected":false},"author":1,"featured_media":0,"parent":0,"menu_order":0,"comment_status":"closed","ping_status":"closed","template":"","meta":{"footnotes":""},"class_list":["post-92","page","type-page","status-publish","hentry"],"_links":{"self":[{"href":"https:\/\/aevea.es\/anuario-2025\/wp-json\/wp\/v2\/pages\/92","targetHints":{"allow":["GET"]}}],"collection":[{"href":"https:\/\/aevea.es\/anuario-2025\/wp-json\/wp\/v2\/pages"}],"about":[{"href":"https:\/\/aevea.es\/anuario-2025\/wp-json\/wp\/v2\/types\/page"}],"author":[{"embeddable":true,"href":"https:\/\/aevea.es\/anuario-2025\/wp-json\/wp\/v2\/users\/1"}],"replies":[{"embeddable":true,"href":"https:\/\/aevea.es\/anuario-2025\/wp-json\/wp\/v2\/comments?post=92"}],"version-history":[{"count":16,"href":"https:\/\/aevea.es\/anuario-2025\/wp-json\/wp\/v2\/pages\/92\/revisions"}],"predecessor-version":[{"id":1084,"href":"https:\/\/aevea.es\/anuario-2025\/wp-json\/wp\/v2\/pages\/92\/revisions\/1084"}],"wp:attachment":[{"href":"https:\/\/aevea.es\/anuario-2025\/wp-json\/wp\/v2\/media?parent=92"}],"curies":[{"name":"wp","href":"https:\/\/api.w.org\/{rel}","templated":true}]}}