{"id":921,"date":"2025-06-27T13:47:08","date_gmt":"2025-06-27T11:47:08","guid":{"rendered":"https:\/\/aevea.es\/anuario-2025\/?page_id=921"},"modified":"2025-07-10T09:48:48","modified_gmt":"2025-07-10T07:48:48","slug":"articulo-nacho-gomez","status":"publish","type":"page","link":"https:\/\/aevea.es\/anuario-2025\/articulo-nacho-gomez\/","title":{"rendered":"ART\u00cdCULO Nacho G\u00f3mez"},"content":{"rendered":"<div  class=\"tatsu-BkWyda0ASR tatsu-section  tatsu-bg-overlay   tatsu-clearfix\" data-title=\"\"  data-headerscheme=\"background--dark\"><div class='tatsu-section-pad clearfix' data-padding='{\"d\":\"0px 0px 0px 0px\"}' data-padding-top='0px'><div class=\"tatsu-row-wrap  tatsu-row-full-width tatsu-row-one-col tatsu-row-has-one-cols tatsu-medium-gutter tatsu-reg-cols  tatsu-clearfix tatsu-Skly_6RABC\" ><div  class=\"tatsu-row \" ><div  class=\"tatsu-column  tatsu-bg-overlay tatsu-one-col tatsu-column-image-none tatsu-column-effect-none  tatsu-Bkk_pARrA\"  data-parallax-speed=\"0\" style=\"\"><div class=\"tatsu-column-inner \" ><div class=\"tatsu-column-pad-wrap\"><div class=\"tatsu-column-pad\" ><div  class=\"tatsu-single-image tatsu-module tatsu-image-lazyload tatsu-hqto6vwo0q5m1q17  \" ><div class=\"tatsu-single-image-inner \" style=\"width : 1920px;\" ><div class = \"tatsu-single-image-padding-wrap\" style = \"padding-bottom : 14.739583333333%;\" ><\/div><img class = \"tatsu-gradient-border\" alt = \"\" title = \"CABECERA-ART\" data-src = \"https:\/\/aevea.es\/anuario-2025\/wp-content\/uploads\/2025\/05\/CABECERA-ART.jpg\" src =\"data:image\/png;base64,iVBORw0KGgoAAAANSUhEUgAAAAEAAAABCAQAAAC1HAwCAAAAC0lEQVR42mNkYAAAAAYAAjCB0C8AAAAASUVORK5CYII=\"  \/><\/div><style>.tatsu-hqto6vwo0q5m1q17{margin: 0px 0px 0px 0px;}.tatsu-hqto6vwo0q5m1q17 .tatsu-single-image-inner{border-style: solid;max-width: 100%;}.tatsu-hqto6vwo0q5m1q17.tatsu-single-image{transform: translate3d(0px,0px, 0);}<\/style><\/div><\/div><\/div><div class = \"tatsu-column-bg-image-wrap\"><div class = \"tatsu-column-bg-image\" ><\/div><\/div><div class=\"tatsu-overlay tatsu-column-overlay tatsu-animate-none\" ><\/div><\/div><style>.tatsu-row > .tatsu-Bkk_pARrA.tatsu-column{width: 100%;}.tatsu-Bkk_pARrA.tatsu-column > .tatsu-column-inner > .tatsu-column-overlay{mix-blend-mode: normal;}.tatsu-Bkk_pARrA > .tatsu-column-inner > .tatsu-top-divider{z-index: 9999;}.tatsu-Bkk_pARrA > .tatsu-column-inner > .tatsu-bottom-divider{z-index: 9999;}.tatsu-Bkk_pARrA > .tatsu-column-inner > .tatsu-left-divider{z-index: 9999;}.tatsu-Bkk_pARrA > .tatsu-column-inner > .tatsu-right-divider{z-index: 9999;}@media only screen and (max-width:1377px) {.tatsu-row > .tatsu-Bkk_pARrA.tatsu-column{width: 100%;}}@media only screen and (min-width:768px) and (max-width: 1024px) {.tatsu-row > .tatsu-Bkk_pARrA.tatsu-column{width: 100%;}}@media only screen and (max-width: 767px) {.tatsu-row > .tatsu-Bkk_pARrA.tatsu-column{width: 100%;}}<\/style><\/div><\/div><\/div><\/div><div class=\"tatsu-section-background-wrap\"><div class = \"tatsu-section-background\" ><\/div><\/div><div class=\"tatsu-overlay tatsu-section-overlay\"><\/div><style>.tatsu-BkWyda0ASR .tatsu-section-offset-wrap{transform: translateY(-0px);}.tatsu-BkWyda0ASR > .tatsu-bottom-divider{z-index: 9999;}.tatsu-BkWyda0ASR > .tatsu-top-divider{z-index: 9999;}.tatsu-BkWyda0ASR .tatsu-section-overlay{mix-blend-mode: normal;}<\/style><\/div><div  class=\"tatsu-Sy-vaCE8iu tatsu-section  tatsu-parallax tatsu-bg-overlay   tatsu-clearfix\" data-title=\"\"  data-headerscheme=\"background--dark\"><div class='tatsu-section-pad clearfix' data-padding='{\"d\":\"7px 0px 0px 0px\"}' data-padding-top='7px'><div class=\"tatsu-row-wrap  tatsu-wrap tatsu-row-has-two-cols tatsu-medium-gutter tatsu-reg-cols  tatsu-clearfix tatsu-HkeDAkrIou\" ><style>.tatsu-HkeDAkrIou.tatsu-row-wrap > .tatsu-row{padding: 30px 0px 0px 0px;margin-bottom: 0px;}.tatsu-HkeDAkrIou > .tatsu-row{margin-top: 90px;}<\/style><div  class=\"tatsu-row \" ><div  class=\"tatsu-column  tatsu-bg-overlay tatsu-three-fourth tatsu-column-image-none tatsu-column-effect-none  tatsu-Byt0yBIsd\"  data-parallax-speed=\"0\" style=\"\"><div class=\"tatsu-column-inner \" ><div class=\"tatsu-column-pad-wrap\"><div class=\"tatsu-column-pad\" ><div  class=\"tatsu-single-image tatsu-module tatsu-image-lazyload tatsu-SyYBve0ou  \" ><div class=\"tatsu-single-image-inner \" style=\"width : 1182px;\" ><div class = \"tatsu-single-image-padding-wrap\" style = \"padding-bottom : 52.791878172589%;\" ><\/div><img class = \"tatsu-gradient-border\" alt = \"\" title = \"nachoo\" data-src = \"https:\/\/aevea.es\/anuario-2025\/wp-content\/uploads\/2025\/06\/nachoo.jpg\" src =\"data:image\/png;base64,iVBORw0KGgoAAAANSUhEUgAAAAEAAAABCAQAAAC1HAwCAAAAC0lEQVR42mNkYAAAAAYAAjCB0C8AAAAASUVORK5CYII=\"  \/><\/div><style>.tatsu-SyYBve0ou{margin: 40px 0px 0px 0px;}.tatsu-SyYBve0ou .tatsu-single-image-inner{border-style: solid;max-width: 100%;}.tatsu-SyYBve0ou.tatsu-single-image{transform: translate3d(0px,0px, 0);}<\/style><\/div><div  class=\"tatsu-empty-space  tatsu-SJ7Sxw0sO  \" ><style>.tatsu-SJ7Sxw0sO.tatsu-empty-space{height: 30px;}<\/style><\/div><div  class=\"tatsu-module tatsu-text-block-wrap tatsu-rJZdlb5jd  \"><div class=\"tatsu-text-inner tatsu-align-center  clearfix\" ><style>.tatsu-rJZdlb5jd.tatsu-text-block-wrap .tatsu-text-inner{width: 100%;text-align: left;padding: 0px 0px 30px 0px;}.tatsu-rJZdlb5jd.tatsu-text-block-wrap{margin: 0px 0px 0px 0px;}<\/style>\n<h4><span style=\"color: #ff4d0e;\">Literalmente, como en casa <\/span><\/h4>\n<p style=\"margin: 10.0pt 0cm .0001pt 0cm;\"><span style=\"font-size: 14pt; font-family: Arial, sans-serif;\">Hace apenas dos a\u00f1os que MUT tuvo el honor de incorporarse a AEVEA. Confesamos que, en su momento, alberg\u00e1bamos ciertas dudas, nacidas de experiencias previas con otras asociaciones que, siendo honestos, no resultaron todo lo enriquecedoras que esper\u00e1bamos.<\/span><\/p>\n<p style=\"margin: 0cm; margin-bottom: .0001pt;\"><span style=\"font-size: 14pt; font-family: Arial, sans-serif;\">Sin embargo, desde el primer contacto con AEVEA supimos que est\u00e1bamos ante una iniciativa distinta. Nos hemos sentido acogidos, escuchados y representados desde el primer momento. Literalmente, como en casa.<\/span><\/p>\n<p style=\"margin: 10.0pt 0cm 10.0pt 0cm;\"><span style=\"font-size: 14pt; font-family: Arial, sans-serif;\">AEVEA representa un modelo de asociaci\u00f3n transparente, donde todas las agencias \u2014independientemente de su tama\u00f1o o especializaci\u00f3n\u2014 tienen voz y voto. Un espacio colaborativo donde compartir inquietudes, alegr\u00edas y tambi\u00e9n dificultades. En estos foros, en MUT hemos encontrado comprensi\u00f3n, apoyo y un aprendizaje constante de la mano de compa\u00f1eras y compa\u00f1eros \u2014s\u00ed, tambi\u00e9n de nuestra competencia\u2014 con los que compartimos mucho m\u00e1s que proyectos: compartimos visi\u00f3n.<\/span><\/p>\n<p style=\"margin: 10.0pt 0cm 10.0pt 0cm;\"><span style=\"font-size: 14pt; font-family: Arial, sans-serif;\">Y si nos sentimos como en casa, es porque compartimos VALORES.<\/span><\/p>\n<p style=\"margin: 10.0pt 0cm 10.0pt 0cm;\"><span style=\"font-size: 14pt; font-family: Arial, sans-serif;\">En MUT somos una agencia orientada al servicio, que ha cultivado un ecosistema creativo e innovador con un profundo respeto por las personas y el planeta. Nos entregamos con ilusi\u00f3n a cada cliente, a cada proyecto, siempre con una sonrisa. Y en AEVEA encontramos ese mismo esp\u00edritu: un equipo extraordinario, liderado por una Junta comprometida, accesible y con un talento desbordante que gestiona con solvencia la complejidad del d\u00eda a d\u00eda del sector.<\/span><\/p>\n<p style=\"margin: 10.0pt 0cm 10.0pt 0cm;\"><span style=\"font-size: 14pt; font-family: Arial, sans-serif;\">Nuestro compromiso con la asociaci\u00f3n es tal que asumimos con orgullo el liderazgo de la Comisi\u00f3n de Sostenibilidad, una de las grandes asignaturas pendientes de la industria.\u00a0<\/span><\/p>\n<p style=\"margin: 0cm 0cm 10.0pt 0cm;\"><span style=\"font-size: 14pt; font-family: Arial, sans-serif;\">Por todo ello, en MUT estamos profundamente orgullosos de formar parte de AEVEA y de aportar nuestras experiencias y conocimiento en pos de una industria m\u00e1s fuerte y unida. Animamos a todas las agencias a unirse a esta comunidad con visi\u00f3n de futuro. Porque nuestro sector no s\u00f3lo est\u00e1 creciendo mucho\u2026 tambi\u00e9n puede \u2014y debe\u2014 crecer mejor.<\/span><\/p>\n<\/div><\/div><div  class=\"tatsu-shortcode-module tatsu-module tatsu-HyI1CDaFh   \"  >\n<p><code><div class=\"addtoany_shortcode\"><div class=\"a2a_kit a2a_kit_size_32 addtoany_list\" data-a2a-url=\"https:\/\/aevea.es\/anuario-2025\/articulo-nacho-gomez\/\" data-a2a-title=\"ART\u00cdCULO Nacho G\u00f3mez\"><a class=\"a2a_button_facebook\" href=\"https:\/\/www.addtoany.com\/add_to\/facebook?linkurl=https%3A%2F%2Faevea.es%2Fanuario-2025%2Farticulo-nacho-gomez%2F&amp;linkname=ART%C3%8DCULO%20Nacho%20G%C3%B3mez\" title=\"Facebook\" rel=\"nofollow noopener\" target=\"_blank\"><\/a><a class=\"a2a_button_x\" href=\"https:\/\/www.addtoany.com\/add_to\/x?linkurl=https%3A%2F%2Faevea.es%2Fanuario-2025%2Farticulo-nacho-gomez%2F&amp;linkname=ART%C3%8DCULO%20Nacho%20G%C3%B3mez\" title=\"X\" rel=\"nofollow noopener\" target=\"_blank\"><\/a><a class=\"a2a_button_email\" href=\"https:\/\/www.addtoany.com\/add_to\/email?linkurl=https%3A%2F%2Faevea.es%2Fanuario-2025%2Farticulo-nacho-gomez%2F&amp;linkname=ART%C3%8DCULO%20Nacho%20G%C3%B3mez\" title=\"Email\" rel=\"nofollow noopener\" target=\"_blank\"><\/a><a class=\"a2a_button_whatsapp\" href=\"https:\/\/www.addtoany.com\/add_to\/whatsapp?linkurl=https%3A%2F%2Faevea.es%2Fanuario-2025%2Farticulo-nacho-gomez%2F&amp;linkname=ART%C3%8DCULO%20Nacho%20G%C3%B3mez\" title=\"WhatsApp\" rel=\"nofollow noopener\" target=\"_blank\"><\/a><a class=\"a2a_button_linkedin\" href=\"https:\/\/www.addtoany.com\/add_to\/linkedin?linkurl=https%3A%2F%2Faevea.es%2Fanuario-2025%2Farticulo-nacho-gomez%2F&amp;linkname=ART%C3%8DCULO%20Nacho%20G%C3%B3mez\" title=\"LinkedIn\" rel=\"nofollow noopener\" target=\"_blank\"><\/a><a class=\"a2a_dd addtoany_share_save addtoany_share\" href=\"https:\/\/www.addtoany.com\/share\"><\/a><\/div><\/div><\/code><\/p>\n<style>.tatsu-HyI1CDaFh{margin: 50px 0 0 0;}<\/style><\/div><\/div><\/div><div class = \"tatsu-column-bg-image-wrap\"><div class = \"tatsu-column-bg-image\" ><\/div><\/div><div class=\"tatsu-overlay tatsu-column-overlay tatsu-animate-none\" ><\/div><\/div><style>.tatsu-row > .tatsu-Byt0yBIsd.tatsu-column{width: 60%;}.tatsu-Byt0yBIsd.tatsu-column > .tatsu-column-inner > .tatsu-column-overlay{mix-blend-mode: normal;}.tatsu-Byt0yBIsd > .tatsu-column-inner > .tatsu-top-divider{z-index: 9999;}.tatsu-Byt0yBIsd > .tatsu-column-inner > .tatsu-bottom-divider{z-index: 9999;}.tatsu-Byt0yBIsd > .tatsu-column-inner > .tatsu-left-divider{z-index: 9999;}.tatsu-Byt0yBIsd > .tatsu-column-inner > .tatsu-right-divider{z-index: 9999;}@media only screen and (max-width:1377px) {.tatsu-row > .tatsu-Byt0yBIsd.tatsu-column{width: 60%;}}@media only screen and (min-width:768px) and (max-width: 1024px) {.tatsu-row > .tatsu-Byt0yBIsd.tatsu-column{width: 75%;}}@media only screen and (max-width: 767px) {.tatsu-row > .tatsu-Byt0yBIsd.tatsu-column{width: 100%;}}<\/style><\/div><div  class=\"tatsu-column  tatsu-bg-overlay tatsu-one-fourth tatsu-column-image-none tatsu-column-effect-none  tatsu-SJgFR1BIid\"  data-parallax-speed=\"0\" style=\"\"><div class=\"tatsu-column-inner \" ><div class=\"tatsu-column-pad-wrap\"><div class=\"tatsu-column-pad\" ><div  class=\"tatsu-module tatsu-text-block-wrap tatsu-ryTemGP95  \"><div class=\"tatsu-text-inner tatsu-align-center  clearfix\" ><style>.tatsu-ryTemGP95.tatsu-text-block-wrap .tatsu-text-inner{width: 100%;text-align: left;}.tatsu-ryTemGP95.tatsu-text-block-wrap{margin: 0px 0px 0px 0px;}<\/style>\n<p><span style=\"font-size: 18pt;\"><strong>Contenido patrocinado<\/strong><\/span><\/p>\n<\/div><\/div><div  class=\"tatsu-single-image tatsu-module align-center tatsu-image-lazyload tatsu-Sk_7CGkLA  \" ><div class=\"tatsu-single-image-inner \" style=\"width : 770px;\" ><div class = \"tatsu-single-image-padding-wrap\" style = \"padding-bottom : 192.46753246753%;\" ><\/div><a href = \"https:\/\/grupobcc.com\/\" target = \"_blank\" ><img class = \"tatsu-gradient-border\" alt = \"\" title = \"AEVEA &#8211; 770 x 1482px-BCC\" data-src = \"https:\/\/aevea.es\/anuario-2025\/wp-content\/uploads\/2025\/07\/AEVEA-770-x-1482px-BCC.jpg\" src =\"data:image\/png;base64,iVBORw0KGgoAAAANSUhEUgAAAAEAAAABCAQAAAC1HAwCAAAAC0lEQVR42mNkYAAAAAYAAjCB0C8AAAAASUVORK5CYII=\"  \/><\/a><\/div><style>.tatsu-Sk_7CGkLA{margin: 20px 0px 0px 0px;padding: 0px 0px 76px 0px;}.tatsu-Sk_7CGkLA .tatsu-single-image-inner{border-style: solid;max-width: 80%;}.tatsu-Sk_7CGkLA.tatsu-single-image{transform: translate3d(0px,0px, 0);}<\/style><\/div><div  class=\"tatsu-single-image tatsu-module align-center tatsu-image-lazyload tatsu-HyMc6C2Hgl  \" ><div class=\"tatsu-single-image-inner \" style=\"width : 770px;\" ><div class = \"tatsu-single-image-padding-wrap\" style = \"padding-bottom : 192.46753246753%;\" ><\/div><a href = \"https:\/\/www.youtube.com\/watch?v=XQVhus-kYVw\" target = \"_blank\" ><img class = \"tatsu-gradient-border\" alt = \"\" title = \"banner-parques-reunidosv2\" data-src = \"https:\/\/aevea.es\/anuario-2025\/wp-content\/uploads\/2025\/07\/banner-parques-reunidosv2.gif\" src =\"data:image\/png;base64,iVBORw0KGgoAAAANSUhEUgAAAAEAAAABCAQAAAC1HAwCAAAAC0lEQVR42mNkYAAAAAYAAjCB0C8AAAAASUVORK5CYII=\"  \/><\/a><\/div><style>.tatsu-HyMc6C2Hgl .tatsu-single-image-inner{border-style: solid;max-width: 80%;}.tatsu-HyMc6C2Hgl.tatsu-single-image{transform: translate3d(0px,0px, 0);}<\/style><\/div><\/div><\/div><div class = \"tatsu-column-bg-image-wrap\"><div class = \"tatsu-column-bg-image\" ><\/div><\/div><div class=\"tatsu-overlay tatsu-column-overlay tatsu-animate-none\" ><\/div><\/div><style>.tatsu-row > .tatsu-SJgFR1BIid.tatsu-column{width: 40%;}.tatsu-SJgFR1BIid.tatsu-column > .tatsu-column-inner > .tatsu-column-overlay{mix-blend-mode: normal;}.tatsu-SJgFR1BIid > .tatsu-column-inner > .tatsu-top-divider{z-index: 9999;}.tatsu-SJgFR1BIid > .tatsu-column-inner > .tatsu-bottom-divider{z-index: 9999;}.tatsu-SJgFR1BIid > .tatsu-column-inner > .tatsu-left-divider{z-index: 9999;}.tatsu-SJgFR1BIid > .tatsu-column-inner > .tatsu-right-divider{z-index: 9999;}@media only screen and (max-width:1377px) {.tatsu-row > .tatsu-SJgFR1BIid.tatsu-column{width: 40%;}}@media only screen and (min-width:768px) and (max-width: 1024px) {.tatsu-row > .tatsu-SJgFR1BIid.tatsu-column{width: 25%;}}@media only screen and (max-width: 767px) {.tatsu-row > .tatsu-SJgFR1BIid.tatsu-column{width: 100%;}}<\/style><\/div><\/div><\/div><\/div><div class=\"tatsu-section-background-wrap\"><div class = \"tatsu-section-background\" ><\/div><\/div><div class=\"tatsu-overlay tatsu-section-overlay\"><\/div><style>.tatsu-Sy-vaCE8iu .tatsu-section-pad{padding: 7px 0px 0px 0px;}.tatsu-Sy-vaCE8iu .tatsu-section-offset-wrap{transform: translateY(-0px);}.tatsu-Sy-vaCE8iu > .tatsu-bottom-divider{z-index: 9999;}.tatsu-Sy-vaCE8iu > .tatsu-top-divider{z-index: 9999;}.tatsu-Sy-vaCE8iu .tatsu-section-overlay{mix-blend-mode: normal;}<\/style><\/div><div  class=\"tatsu-BkNQ0RAB0 tatsu-section  tatsu-bg-overlay   tatsu-clearfix\" data-title=\"\"  data-headerscheme=\"background--dark\"><div class='tatsu-section-pad clearfix' data-padding='{\"d\":\"0px 0px 0px 0px\"}' data-padding-top='0px'><div class=\"tatsu-row-wrap  tatsu-row-full-width tatsu-row-one-col tatsu-row-has-one-cols tatsu-medium-gutter tatsu-reg-cols  tatsu-clearfix tatsu-BJgV7RC0SR\" ><div  class=\"tatsu-row \" ><div  class=\"tatsu-column  tatsu-bg-overlay tatsu-one-col tatsu-column-image-none tatsu-column-effect-none  tatsu-S1-VXRR0BC\"  data-parallax-speed=\"0\" style=\"\"><div class=\"tatsu-column-inner \" ><div class=\"tatsu-column-pad-wrap\"><div class=\"tatsu-column-pad\" ><div  class=\"tatsu-single-image tatsu-module tatsu-image-lazyload tatsu-i1wh306wh16irsm  \" ><div class=\"tatsu-single-image-inner \" style=\"width : 1920px;\" ><div class = \"tatsu-single-image-padding-wrap\" style = \"padding-bottom : 4.5833333333333%;\" ><\/div><img class = \"tatsu-gradient-border\" alt = \"\" title = \"pie-new\" data-src = \"https:\/\/aevea.es\/anuario-2025\/wp-content\/uploads\/2025\/05\/pie-new.jpg\" src =\"data:image\/png;base64,iVBORw0KGgoAAAANSUhEUgAAAAEAAAABCAQAAAC1HAwCAAAAC0lEQVR42mNkYAAAAAYAAjCB0C8AAAAASUVORK5CYII=\"  \/><\/div><style>.tatsu-i1wh306wh16irsm .tatsu-single-image-inner{border-style: solid;max-width: 100%;}.tatsu-i1wh306wh16irsm.tatsu-single-image{transform: translate3d(0px,0px, 0);}.tatsu-i1wh306wh16irsm{padding: 20px 0px 0px 0px;}<\/style><\/div><\/div><\/div><div class = \"tatsu-column-bg-image-wrap\"><div class = \"tatsu-column-bg-image\" ><\/div><\/div><div class=\"tatsu-overlay tatsu-column-overlay tatsu-animate-none\" ><\/div><\/div><style>.tatsu-row > .tatsu-S1-VXRR0BC.tatsu-column{width: 100%;}.tatsu-S1-VXRR0BC.tatsu-column > .tatsu-column-inner > .tatsu-column-overlay{mix-blend-mode: normal;}.tatsu-S1-VXRR0BC > .tatsu-column-inner > .tatsu-top-divider{z-index: 9999;}.tatsu-S1-VXRR0BC > .tatsu-column-inner > .tatsu-bottom-divider{z-index: 9999;}.tatsu-S1-VXRR0BC > .tatsu-column-inner > .tatsu-left-divider{z-index: 9999;}.tatsu-S1-VXRR0BC > .tatsu-column-inner > .tatsu-right-divider{z-index: 9999;}@media only screen and (max-width:1377px) {.tatsu-row > .tatsu-S1-VXRR0BC.tatsu-column{width: 100%;}}@media only screen and (min-width:768px) and (max-width: 1024px) {.tatsu-row > .tatsu-S1-VXRR0BC.tatsu-column{width: 100%;}}@media only screen and (max-width: 767px) {.tatsu-row > .tatsu-S1-VXRR0BC.tatsu-column{width: 100%;}}<\/style><\/div><\/div><\/div><\/div><div class=\"tatsu-section-background-wrap\"><div class = \"tatsu-section-background\" ><\/div><\/div><div class=\"tatsu-overlay tatsu-section-overlay\"><\/div><style>.tatsu-BkNQ0RAB0 .tatsu-section-offset-wrap{transform: translateY(-0px);}.tatsu-BkNQ0RAB0 > .tatsu-bottom-divider{z-index: 9999;}.tatsu-BkNQ0RAB0 > .tatsu-top-divider{z-index: 9999;}.tatsu-BkNQ0RAB0 .tatsu-section-overlay{mix-blend-mode: normal;}<\/style><\/div>\n","protected":false},"excerpt":{"rendered":"<p><a href=\"https:\/\/aevea.es\/anuario-2025\/articulo-nacho-gomez\/\" class=\"more-link style3-button\">Read More<\/a><\/p>","protected":false},"author":5,"featured_media":0,"parent":0,"menu_order":0,"comment_status":"closed","ping_status":"closed","template":"","meta":{"footnotes":""},"class_list":["post-921","page","type-page","status-publish","hentry"],"_links":{"self":[{"href":"https:\/\/aevea.es\/anuario-2025\/wp-json\/wp\/v2\/pages\/921","targetHints":{"allow":["GET"]}}],"collection":[{"href":"https:\/\/aevea.es\/anuario-2025\/wp-json\/wp\/v2\/pages"}],"about":[{"href":"https:\/\/aevea.es\/anuario-2025\/wp-json\/wp\/v2\/types\/page"}],"author":[{"embeddable":true,"href":"https:\/\/aevea.es\/anuario-2025\/wp-json\/wp\/v2\/users\/5"}],"replies":[{"embeddable":true,"href":"https:\/\/aevea.es\/anuario-2025\/wp-json\/wp\/v2\/comments?post=921"}],"version-history":[{"count":5,"href":"https:\/\/aevea.es\/anuario-2025\/wp-json\/wp\/v2\/pages\/921\/revisions"}],"predecessor-version":[{"id":1080,"href":"https:\/\/aevea.es\/anuario-2025\/wp-json\/wp\/v2\/pages\/921\/revisions\/1080"}],"wp:attachment":[{"href":"https:\/\/aevea.es\/anuario-2025\/wp-json\/wp\/v2\/media?parent=921"}],"curies":[{"name":"wp","href":"https:\/\/api.w.org\/{rel}","templated":true}]}}