{"id":951,"date":"2025-06-30T10:31:33","date_gmt":"2025-06-30T08:31:33","guid":{"rendered":"https:\/\/aevea.es\/anuario-2025\/?page_id=951"},"modified":"2025-07-21T11:59:12","modified_gmt":"2025-07-21T09:59:12","slug":"articulo-maite-rodriguez","status":"publish","type":"page","link":"https:\/\/aevea.es\/anuario-2025\/articulo-maite-rodriguez\/","title":{"rendered":"ART\u00cdCULO Maite Rodr\u00edguez"},"content":{"rendered":"<div  class=\"tatsu-BkWyda0ASR tatsu-section  tatsu-bg-overlay   tatsu-clearfix\" data-title=\"\"  data-headerscheme=\"background--dark\"><div class='tatsu-section-pad clearfix' data-padding='{\"d\":\"0px 0px 0px 0px\"}' data-padding-top='0px'><div class=\"tatsu-row-wrap  tatsu-row-full-width tatsu-row-one-col tatsu-row-has-one-cols tatsu-medium-gutter tatsu-reg-cols  tatsu-clearfix tatsu-Skly_6RABC\" ><div  class=\"tatsu-row \" ><div  class=\"tatsu-column  tatsu-bg-overlay tatsu-one-col tatsu-column-image-none tatsu-column-effect-none  tatsu-Bkk_pARrA\"  data-parallax-speed=\"0\" style=\"\"><div class=\"tatsu-column-inner \" ><div class=\"tatsu-column-pad-wrap\"><div class=\"tatsu-column-pad\" ><div  class=\"tatsu-single-image tatsu-module tatsu-image-lazyload tatsu-hqto6vwo0q5m1q17  \" ><div class=\"tatsu-single-image-inner \" style=\"width : 1920px;\" ><div class = \"tatsu-single-image-padding-wrap\" style = \"padding-bottom : 14.739583333333%;\" ><\/div><img class = \"tatsu-gradient-border\" alt = \"\" title = \"CABECERA-ART\" data-src = \"https:\/\/aevea.es\/anuario-2025\/wp-content\/uploads\/2025\/05\/CABECERA-ART.jpg\" src =\"data:image\/png;base64,iVBORw0KGgoAAAANSUhEUgAAAAEAAAABCAQAAAC1HAwCAAAAC0lEQVR42mNkYAAAAAYAAjCB0C8AAAAASUVORK5CYII=\"  \/><\/div><style>.tatsu-hqto6vwo0q5m1q17{margin: 0px 0px 0px 0px;}.tatsu-hqto6vwo0q5m1q17 .tatsu-single-image-inner{border-style: solid;max-width: 100%;}.tatsu-hqto6vwo0q5m1q17.tatsu-single-image{transform: translate3d(0px,0px, 0);}<\/style><\/div><\/div><\/div><div class = \"tatsu-column-bg-image-wrap\"><div class = \"tatsu-column-bg-image\" ><\/div><\/div><div class=\"tatsu-overlay tatsu-column-overlay tatsu-animate-none\" ><\/div><\/div><style>.tatsu-row > .tatsu-Bkk_pARrA.tatsu-column{width: 100%;}.tatsu-Bkk_pARrA.tatsu-column > .tatsu-column-inner > .tatsu-column-overlay{mix-blend-mode: normal;}.tatsu-Bkk_pARrA > .tatsu-column-inner > .tatsu-top-divider{z-index: 9999;}.tatsu-Bkk_pARrA > .tatsu-column-inner > .tatsu-bottom-divider{z-index: 9999;}.tatsu-Bkk_pARrA > .tatsu-column-inner > .tatsu-left-divider{z-index: 9999;}.tatsu-Bkk_pARrA > .tatsu-column-inner > .tatsu-right-divider{z-index: 9999;}@media only screen and (max-width:1377px) {.tatsu-row > .tatsu-Bkk_pARrA.tatsu-column{width: 100%;}}@media only screen and (min-width:768px) and (max-width: 1024px) {.tatsu-row > .tatsu-Bkk_pARrA.tatsu-column{width: 100%;}}@media only screen and (max-width: 767px) {.tatsu-row > .tatsu-Bkk_pARrA.tatsu-column{width: 100%;}}<\/style><\/div><\/div><\/div><\/div><div class=\"tatsu-section-background-wrap\"><div class = \"tatsu-section-background\" ><\/div><\/div><div class=\"tatsu-overlay tatsu-section-overlay\"><\/div><style>.tatsu-BkWyda0ASR .tatsu-section-offset-wrap{transform: translateY(-0px);}.tatsu-BkWyda0ASR > .tatsu-bottom-divider{z-index: 9999;}.tatsu-BkWyda0ASR > .tatsu-top-divider{z-index: 9999;}.tatsu-BkWyda0ASR .tatsu-section-overlay{mix-blend-mode: normal;}<\/style><\/div><div  class=\"tatsu-i391d0rqnf9a767r tatsu-section  tatsu-parallax tatsu-bg-overlay   tatsu-clearfix\" data-title=\"\"  data-headerscheme=\"background--dark\"><div class='tatsu-section-pad clearfix' data-padding='{\"d\":\"7px 0px 0px 0px\"}' data-padding-top='7px'><div class=\"tatsu-row-wrap  tatsu-wrap tatsu-row-has-two-cols tatsu-medium-gutter tatsu-reg-cols  tatsu-clearfix tatsu-i391d0rqte123729\" ><style>.tatsu-i391d0rqte123729 > .tatsu-row{margin-top: 90px;}.tatsu-i391d0rqte123729.tatsu-row-wrap > .tatsu-row{margin-bottom: 0px;}<\/style><div  class=\"tatsu-row \" ><div  class=\"tatsu-column  tatsu-bg-overlay tatsu-three-fourth tatsu-column-image-none tatsu-column-effect-none  tatsu-i391d0rr12669trb\"  data-parallax-speed=\"0\" style=\"\"><div class=\"tatsu-column-inner \" ><div class=\"tatsu-column-pad-wrap\"><div class=\"tatsu-column-pad\" ><div  class=\"tatsu-single-image tatsu-module tatsu-image-lazyload tatsu-i391d0rscrfweq4n  \" ><div class=\"tatsu-single-image-inner \" style=\"width : 1182px;\" ><div class = \"tatsu-single-image-padding-wrap\" style = \"padding-bottom : 52.791878172589%;\" ><\/div><img class = \"tatsu-gradient-border\" alt = \"\" title = \"aaa-maite-dest\" data-src = \"https:\/\/aevea.es\/anuario-2025\/wp-content\/uploads\/2025\/06\/aaa-maite-dest.jpg\" src =\"data:image\/png;base64,iVBORw0KGgoAAAANSUhEUgAAAAEAAAABCAQAAAC1HAwCAAAAC0lEQVR42mNkYAAAAAYAAjCB0C8AAAAASUVORK5CYII=\"  \/><\/div><style>.tatsu-i391d0rscrfweq4n{margin: 40px 0px 0px 0px;}.tatsu-i391d0rscrfweq4n .tatsu-single-image-inner{border-style: solid;max-width: 100%;}.tatsu-i391d0rscrfweq4n.tatsu-single-image{transform: translate3d(0px,0px, 0);}<\/style><\/div><\/div><\/div><div class = \"tatsu-column-bg-image-wrap\"><div class = \"tatsu-column-bg-image\" ><\/div><\/div><div class=\"tatsu-overlay tatsu-column-overlay tatsu-animate-none\" ><\/div><\/div><style>.tatsu-row > .tatsu-i391d0rr12669trb.tatsu-column{width: 60%;}.tatsu-i391d0rr12669trb.tatsu-column > .tatsu-column-inner > .tatsu-column-overlay{mix-blend-mode: normal;}.tatsu-i391d0rr12669trb > .tatsu-column-inner > .tatsu-top-divider{z-index: 9999;}.tatsu-i391d0rr12669trb > .tatsu-column-inner > .tatsu-bottom-divider{z-index: 9999;}.tatsu-i391d0rr12669trb > .tatsu-column-inner > .tatsu-left-divider{z-index: 9999;}.tatsu-i391d0rr12669trb > .tatsu-column-inner > .tatsu-right-divider{z-index: 9999;}@media only screen and (max-width:1377px) {.tatsu-row > .tatsu-i391d0rr12669trb.tatsu-column{width: 60%;}}@media only screen and (min-width:768px) and (max-width: 1024px) {.tatsu-row > .tatsu-i391d0rr12669trb.tatsu-column{width: 75%;}}@media only screen and (max-width: 767px) {.tatsu-row > .tatsu-i391d0rr12669trb.tatsu-column{width: 100%;}}<\/style><\/div><div  class=\"tatsu-column  tatsu-bg-overlay tatsu-one-fourth tatsu-column-image-none tatsu-column-effect-none  tatsu-i391d0rshqciy2cl\"  data-parallax-speed=\"0\" style=\"\"><div class=\"tatsu-column-inner \" ><div class=\"tatsu-column-pad-wrap\"><div class=\"tatsu-column-pad\" ><div  class=\"tatsu-module tatsu-text-block-wrap tatsu-i391d0rsnz49o046  \"><div class=\"tatsu-text-inner tatsu-align-center  clearfix\" ><style>.tatsu-i391d0rsnz49o046.tatsu-text-block-wrap .tatsu-text-inner{width: 100%;text-align: left;}.tatsu-i391d0rsnz49o046.tatsu-text-block-wrap{margin: 0px 0px 0px 0px;}<\/style>\n<p><span style=\"font-size: 18pt;\"><strong>Contenido patrocinado<\/strong><\/span><\/p>\n<\/div><\/div><div  class=\"tatsu-module tatsu-video tatsu-youtube-wrap tatsu-i391d0rss6d77nfg   \" ><style>.tatsu-i391d0rss6d77nfg{padding: 0px 0px 76px 0px;margin: 20px 0px 0px 0px;}<\/style><div class = \"be-video-embed be-embed-placeholder\"><div class = \"be-youtube-embed\" data-video-id = \"PrSNpI_wfEY\" data-autoplay = \"1\" data-loop = \"1\"><\/div><\/div><\/div><\/div><\/div><div class = \"tatsu-column-bg-image-wrap\"><div class = \"tatsu-column-bg-image\" ><\/div><\/div><div class=\"tatsu-overlay tatsu-column-overlay tatsu-animate-none\" ><\/div><\/div><style>.tatsu-row > .tatsu-i391d0rshqciy2cl.tatsu-column{width: 40%;}.tatsu-i391d0rshqciy2cl.tatsu-column > .tatsu-column-inner > .tatsu-column-overlay{mix-blend-mode: normal;}.tatsu-i391d0rshqciy2cl > .tatsu-column-inner > .tatsu-top-divider{z-index: 9999;}.tatsu-i391d0rshqciy2cl > .tatsu-column-inner > .tatsu-bottom-divider{z-index: 9999;}.tatsu-i391d0rshqciy2cl > .tatsu-column-inner > .tatsu-left-divider{z-index: 9999;}.tatsu-i391d0rshqciy2cl > .tatsu-column-inner > .tatsu-right-divider{z-index: 9999;}@media only screen and (max-width:1377px) {.tatsu-row > .tatsu-i391d0rshqciy2cl.tatsu-column{width: 40%;}}@media only screen and (min-width:768px) and (max-width: 1024px) {.tatsu-row > .tatsu-i391d0rshqciy2cl.tatsu-column{width: 25%;}}@media only screen and (max-width: 767px) {.tatsu-row > .tatsu-i391d0rshqciy2cl.tatsu-column{width: 100%;}}<\/style><\/div><\/div><\/div><div class=\"tatsu-row-wrap  tatsu-wrap tatsu-row-has-two-cols tatsu-medium-gutter tatsu-reg-cols  tatsu-clearfix tatsu-i391d0rsw3132z6u\" ><style>.tatsu-i391d0rsw3132z6u.tatsu-row-wrap > .tatsu-row{padding: 30px 0px 0px 0px;}<\/style><div  class=\"tatsu-row \" ><div  class=\"tatsu-column  tatsu-bg-overlay tatsu-three-fourth tatsu-column-image-none tatsu-column-effect-none  tatsu-i391d0rt4jdklowk\"  data-parallax-speed=\"0\" style=\"\"><div class=\"tatsu-column-inner \" ><div class=\"tatsu-column-pad-wrap\"><div class=\"tatsu-column-pad\" ><div  class=\"tatsu-module tatsu-text-block-wrap tatsu-i391d0rt9c5ovag6  \"><div class=\"tatsu-text-inner tatsu-align-center  clearfix\" ><style>.tatsu-i391d0rt9c5ovag6.tatsu-text-block-wrap .tatsu-text-inner{width: 100%;text-align: left;padding: 0px 0px 30px 0px;}.tatsu-i391d0rt9c5ovag6.tatsu-text-block-wrap{margin: 0px 0px 0px 0px;}<\/style>\n<h4><span style=\"color: #ff4d0e;\">El arte de comunicar, la ciencia para profesionalizar<\/span><\/h4>\n<p><span style=\"font-size: 14pt;\">El marketing y la comunicaci\u00f3n son, ante todo, un arte que conectan personas, marcas y emociones. Pero para que ese arte tenga impacto sostenido, necesita de una base s\u00f3lida y profesional. En un entorno cada vez m\u00e1s exigente, cambiante y tecnol\u00f3gicamente avanzado, profesionalizar ya no es una opci\u00f3n: es la \u00fanica v\u00eda para asegurar el futuro del sector, su reconocimiento y su valor estrat\u00e9gico.<\/span> <span style=\"font-size: 14pt;\">En el caso del marketing de eventos, esta necesidad se vuelve a\u00fan m\u00e1s evidente. La comunicaci\u00f3n en vivo es emoci\u00f3n, experiencia y creatividad, pero tambi\u00e9n requiere procesos rigurosos, integraci\u00f3n en la estrategia, planificaci\u00f3n experta, medici\u00f3n de resultados, aporte de tecnol\u00f3gica y gesti\u00f3n responsable. Pasar del \u201cevento espectacular\u201d al \u201cevento estrat\u00e9gico\u201d es una evoluci\u00f3n que solo puede hacerse con estructura, formaci\u00f3n y visi\u00f3n de industria.<\/span> <span style=\"font-size: 14pt;\">En este proceso, entiendo que AEVEA ha sido un actor clave. La asociaci\u00f3n trabaja desde hace a\u00f1os para impulsar la profesionalizaci\u00f3n del sector, no solo a trav\u00e9s de la defensa de buenas pr\u00e1cticas, sino tambi\u00e9n del di\u00e1logo institucional, la formaci\u00f3n, y la creaci\u00f3n de marcos de trabajo comunes entre agencias.<\/span> <span style=\"font-size: 14pt;\">Esa labor la hemos conocido un poco m\u00e1s el a\u00f1o pasado, pues desde 2024 desde La FEDE tenemos un acuerdo de colaboraci\u00f3n con AEVEA, una alianza que refuerza el posicionamiento del marketing de eventos dentro del ecosistema global del marketing. Esta colaboraci\u00f3n estrat\u00e9gica permite a las agencias estar presentes en los grandes debates del sector: desde la regulaci\u00f3n laboral o la captaci\u00f3n de talento, hasta la sostenibilidad o la transformaci\u00f3n digital.<\/span> <span style=\"font-size: 14pt;\">Porque profesionalizar no es burocratizar, sino dignificar. Es poner en valor lo que hacemos, atraer perfiles diversos, establecer criterios comunes de calidad y hacer que el marketing y la comunicaci\u00f3n sean percibidos no solo como creativos, sino como imprescindibles para el desarrollo empresarial y social.<\/span> <span style=\"font-size: 14pt;\">El arte de comunicar seguir\u00e1 siendo el alma de nuestro trabajo. Pero para que ese arte perdure, necesita el soporte de una industria profesional, unida y comprometida. Ese es el reto y tambi\u00e9n la oportunidad que tenemos por delante.<\/span> <span style=\"font-size: 14pt;\">Desde La FEDE, seguimos construyendo ese futuro con visi\u00f3n estrat\u00e9gica, colaboraci\u00f3n y b\u00fasqueda de la excelencia.<\/span><\/p>\n<\/div><\/div><div  class=\"tatsu-shortcode-module tatsu-module tatsu-i391d0rthu4nhqcg   \"  >\n<p><code><div class=\"addtoany_shortcode\"><div class=\"a2a_kit a2a_kit_size_32 addtoany_list\" data-a2a-url=\"https:\/\/aevea.es\/anuario-2025\/articulo-maite-rodriguez\/\" data-a2a-title=\"ART\u00cdCULO Maite Rodr\u00edguez\"><a class=\"a2a_button_facebook\" href=\"https:\/\/www.addtoany.com\/add_to\/facebook?linkurl=https%3A%2F%2Faevea.es%2Fanuario-2025%2Farticulo-maite-rodriguez%2F&amp;linkname=ART%C3%8DCULO%20Maite%20Rodr%C3%ADguez\" title=\"Facebook\" rel=\"nofollow noopener\" target=\"_blank\"><\/a><a class=\"a2a_button_x\" href=\"https:\/\/www.addtoany.com\/add_to\/x?linkurl=https%3A%2F%2Faevea.es%2Fanuario-2025%2Farticulo-maite-rodriguez%2F&amp;linkname=ART%C3%8DCULO%20Maite%20Rodr%C3%ADguez\" title=\"X\" rel=\"nofollow noopener\" target=\"_blank\"><\/a><a class=\"a2a_button_email\" href=\"https:\/\/www.addtoany.com\/add_to\/email?linkurl=https%3A%2F%2Faevea.es%2Fanuario-2025%2Farticulo-maite-rodriguez%2F&amp;linkname=ART%C3%8DCULO%20Maite%20Rodr%C3%ADguez\" title=\"Email\" rel=\"nofollow noopener\" target=\"_blank\"><\/a><a class=\"a2a_button_whatsapp\" href=\"https:\/\/www.addtoany.com\/add_to\/whatsapp?linkurl=https%3A%2F%2Faevea.es%2Fanuario-2025%2Farticulo-maite-rodriguez%2F&amp;linkname=ART%C3%8DCULO%20Maite%20Rodr%C3%ADguez\" title=\"WhatsApp\" rel=\"nofollow noopener\" target=\"_blank\"><\/a><a class=\"a2a_button_linkedin\" href=\"https:\/\/www.addtoany.com\/add_to\/linkedin?linkurl=https%3A%2F%2Faevea.es%2Fanuario-2025%2Farticulo-maite-rodriguez%2F&amp;linkname=ART%C3%8DCULO%20Maite%20Rodr%C3%ADguez\" title=\"LinkedIn\" rel=\"nofollow noopener\" target=\"_blank\"><\/a><a class=\"a2a_dd addtoany_share_save addtoany_share\" href=\"https:\/\/www.addtoany.com\/share\"><\/a><\/div><\/div><\/code><\/p>\n<style>.tatsu-i391d0rthu4nhqcg{margin: 50px 0 0 0;}<\/style><\/div><\/div><\/div><div class = \"tatsu-column-bg-image-wrap\"><div class = \"tatsu-column-bg-image\" ><\/div><\/div><div class=\"tatsu-overlay tatsu-column-overlay tatsu-animate-none\" ><\/div><\/div><style>.tatsu-row > .tatsu-i391d0rt4jdklowk.tatsu-column{width: 60%;}.tatsu-i391d0rt4jdklowk.tatsu-column > .tatsu-column-inner > .tatsu-column-overlay{mix-blend-mode: normal;}.tatsu-i391d0rt4jdklowk > .tatsu-column-inner > .tatsu-top-divider{z-index: 9999;}.tatsu-i391d0rt4jdklowk > .tatsu-column-inner > .tatsu-bottom-divider{z-index: 9999;}.tatsu-i391d0rt4jdklowk > .tatsu-column-inner > .tatsu-left-divider{z-index: 9999;}.tatsu-i391d0rt4jdklowk > .tatsu-column-inner > .tatsu-right-divider{z-index: 9999;}@media only screen and (max-width:1377px) {.tatsu-row > .tatsu-i391d0rt4jdklowk.tatsu-column{width: 60%;}}@media only screen and (min-width:768px) and (max-width: 1024px) {.tatsu-row > .tatsu-i391d0rt4jdklowk.tatsu-column{width: 75%;}}@media only screen and (max-width: 767px) {.tatsu-row > .tatsu-i391d0rt4jdklowk.tatsu-column{width: 100%;}}<\/style><\/div><div  class=\"tatsu-column  tatsu-bg-overlay tatsu-one-fourth tatsu-column-image-none tatsu-column-effect-none  tatsu-i391d0rx6g1yl5cn\"  data-parallax-speed=\"0\" style=\"\"><div class=\"tatsu-column-inner \" ><div class=\"tatsu-column-pad-wrap\"><div class=\"tatsu-column-pad\" ><div  class=\"tatsu-single-image tatsu-module tatsu-image-lazyload tatsu-i3ip1frunzboonb3  \" ><div class=\"tatsu-single-image-inner \" style=\"width : 770px;\" ><div class = \"tatsu-single-image-padding-wrap\" style = \"padding-bottom : 192.46753246753%;\" ><\/div><a href = \"https:\/\/workout-events.com\/ \" target = \"_blank\" ><img class = \"tatsu-gradient-border\" alt = \"\" title = \"WO-baner-770&#215;1482-v2-AEVEA\" data-src = \"https:\/\/aevea.es\/anuario-2025\/wp-content\/uploads\/2025\/07\/WO-baner-770x1482-v2-AEVEA-1.gif\" src =\"data:image\/png;base64,iVBORw0KGgoAAAANSUhEUgAAAAEAAAABCAQAAAC1HAwCAAAAC0lEQVR42mNkYAAAAAYAAjCB0C8AAAAASUVORK5CYII=\"  \/><\/a><\/div><style>.tatsu-i3ip1frunzboonb3 .tatsu-single-image-inner{border-style: solid;max-width: 100%;}.tatsu-i3ip1frunzboonb3.tatsu-single-image{transform: translate3d(0px,0px, 0);}<\/style><\/div><\/div><\/div><div class = \"tatsu-column-bg-image-wrap\"><div class = \"tatsu-column-bg-image\" ><\/div><\/div><div class=\"tatsu-overlay tatsu-column-overlay tatsu-animate-none\" ><\/div><\/div><style>.tatsu-row > .tatsu-i391d0rx6g1yl5cn.tatsu-column{width: 40%;}.tatsu-i391d0rx6g1yl5cn.tatsu-column > .tatsu-column-inner > .tatsu-column-overlay{mix-blend-mode: normal;}.tatsu-i391d0rx6g1yl5cn > .tatsu-column-inner > .tatsu-top-divider{z-index: 9999;}.tatsu-i391d0rx6g1yl5cn > .tatsu-column-inner > .tatsu-bottom-divider{z-index: 9999;}.tatsu-i391d0rx6g1yl5cn > .tatsu-column-inner > .tatsu-left-divider{z-index: 9999;}.tatsu-i391d0rx6g1yl5cn > .tatsu-column-inner > .tatsu-right-divider{z-index: 9999;}@media only screen and (max-width:1377px) {.tatsu-row > .tatsu-i391d0rx6g1yl5cn.tatsu-column{width: 40%;}}@media only screen and (min-width:768px) and (max-width: 1024px) {.tatsu-row > .tatsu-i391d0rx6g1yl5cn.tatsu-column{width: 25%;}}@media only screen and (max-width: 767px) {.tatsu-row > .tatsu-i391d0rx6g1yl5cn.tatsu-column{width: 100%;}}<\/style><\/div><\/div><\/div><\/div><div class=\"tatsu-section-background-wrap\"><div class = \"tatsu-section-background\" ><\/div><\/div><div class=\"tatsu-overlay tatsu-section-overlay\"><\/div><style>.tatsu-i391d0rqnf9a767r .tatsu-section-pad{padding: 7px 0px 0px 0px;}.tatsu-i391d0rqnf9a767r .tatsu-section-offset-wrap{transform: translateY(-0px);}.tatsu-i391d0rqnf9a767r > .tatsu-bottom-divider{z-index: 9999;}.tatsu-i391d0rqnf9a767r > .tatsu-top-divider{z-index: 9999;}.tatsu-i391d0rqnf9a767r .tatsu-section-overlay{mix-blend-mode: normal;}<\/style><\/div><div  class=\"tatsu-BkNQ0RAB0 tatsu-section  tatsu-bg-overlay   tatsu-clearfix\" data-title=\"\"  data-headerscheme=\"background--dark\"><div class='tatsu-section-pad clearfix' data-padding='{\"d\":\"0px 0px 0px 0px\"}' data-padding-top='0px'><div class=\"tatsu-row-wrap  tatsu-row-full-width tatsu-row-one-col tatsu-row-has-one-cols tatsu-medium-gutter tatsu-reg-cols  tatsu-clearfix tatsu-BJgV7RC0SR\" ><div  class=\"tatsu-row \" ><div  class=\"tatsu-column  tatsu-bg-overlay tatsu-one-col tatsu-column-image-none tatsu-column-effect-none  tatsu-S1-VXRR0BC\"  data-parallax-speed=\"0\" style=\"\"><div class=\"tatsu-column-inner \" ><div class=\"tatsu-column-pad-wrap\"><div class=\"tatsu-column-pad\" ><div  class=\"tatsu-single-image tatsu-module tatsu-image-lazyload tatsu-i1wh306wh16irsm  \" ><div class=\"tatsu-single-image-inner \" style=\"width : 1920px;\" ><div class = \"tatsu-single-image-padding-wrap\" style = \"padding-bottom : 4.5833333333333%;\" ><\/div><img class = \"tatsu-gradient-border\" alt = \"\" title = \"pie-new\" data-src = \"https:\/\/aevea.es\/anuario-2025\/wp-content\/uploads\/2025\/05\/pie-new.jpg\" src =\"data:image\/png;base64,iVBORw0KGgoAAAANSUhEUgAAAAEAAAABCAQAAAC1HAwCAAAAC0lEQVR42mNkYAAAAAYAAjCB0C8AAAAASUVORK5CYII=\"  \/><\/div><style>.tatsu-i1wh306wh16irsm .tatsu-single-image-inner{border-style: solid;max-width: 100%;}.tatsu-i1wh306wh16irsm.tatsu-single-image{transform: translate3d(0px,0px, 0);}.tatsu-i1wh306wh16irsm{padding: 20px 0px 0px 0px;}<\/style><\/div><\/div><\/div><div class = \"tatsu-column-bg-image-wrap\"><div class = \"tatsu-column-bg-image\" ><\/div><\/div><div class=\"tatsu-overlay tatsu-column-overlay tatsu-animate-none\" ><\/div><\/div><style>.tatsu-row > .tatsu-S1-VXRR0BC.tatsu-column{width: 100%;}.tatsu-S1-VXRR0BC.tatsu-column > .tatsu-column-inner > .tatsu-column-overlay{mix-blend-mode: normal;}.tatsu-S1-VXRR0BC > .tatsu-column-inner > .tatsu-top-divider{z-index: 9999;}.tatsu-S1-VXRR0BC > .tatsu-column-inner > .tatsu-bottom-divider{z-index: 9999;}.tatsu-S1-VXRR0BC > .tatsu-column-inner > .tatsu-left-divider{z-index: 9999;}.tatsu-S1-VXRR0BC > .tatsu-column-inner > .tatsu-right-divider{z-index: 9999;}@media only screen and (max-width:1377px) {.tatsu-row > .tatsu-S1-VXRR0BC.tatsu-column{width: 100%;}}@media only screen and (min-width:768px) and (max-width: 1024px) {.tatsu-row > .tatsu-S1-VXRR0BC.tatsu-column{width: 100%;}}@media only screen and (max-width: 767px) {.tatsu-row > .tatsu-S1-VXRR0BC.tatsu-column{width: 100%;}}<\/style><\/div><\/div><\/div><\/div><div class=\"tatsu-section-background-wrap\"><div class = \"tatsu-section-background\" ><\/div><\/div><div class=\"tatsu-overlay tatsu-section-overlay\"><\/div><style>.tatsu-BkNQ0RAB0 .tatsu-section-offset-wrap{transform: translateY(-0px);}.tatsu-BkNQ0RAB0 > .tatsu-bottom-divider{z-index: 9999;}.tatsu-BkNQ0RAB0 > .tatsu-top-divider{z-index: 9999;}.tatsu-BkNQ0RAB0 .tatsu-section-overlay{mix-blend-mode: normal;}<\/style><\/div>\n","protected":false},"excerpt":{"rendered":"<p><a href=\"https:\/\/aevea.es\/anuario-2025\/articulo-maite-rodriguez\/\" class=\"more-link style3-button\">Read More<\/a><\/p>","protected":false},"author":5,"featured_media":0,"parent":0,"menu_order":0,"comment_status":"closed","ping_status":"closed","template":"","meta":{"footnotes":""},"class_list":["post-951","page","type-page","status-publish","hentry"],"_links":{"self":[{"href":"https:\/\/aevea.es\/anuario-2025\/wp-json\/wp\/v2\/pages\/951","targetHints":{"allow":["GET"]}}],"collection":[{"href":"https:\/\/aevea.es\/anuario-2025\/wp-json\/wp\/v2\/pages"}],"about":[{"href":"https:\/\/aevea.es\/anuario-2025\/wp-json\/wp\/v2\/types\/page"}],"author":[{"embeddable":true,"href":"https:\/\/aevea.es\/anuario-2025\/wp-json\/wp\/v2\/users\/5"}],"replies":[{"embeddable":true,"href":"https:\/\/aevea.es\/anuario-2025\/wp-json\/wp\/v2\/comments?post=951"}],"version-history":[{"count":8,"href":"https:\/\/aevea.es\/anuario-2025\/wp-json\/wp\/v2\/pages\/951\/revisions"}],"predecessor-version":[{"id":1221,"href":"https:\/\/aevea.es\/anuario-2025\/wp-json\/wp\/v2\/pages\/951\/revisions\/1221"}],"wp:attachment":[{"href":"https:\/\/aevea.es\/anuario-2025\/wp-json\/wp\/v2\/media?parent=951"}],"curies":[{"name":"wp","href":"https:\/\/api.w.org\/{rel}","templated":true}]}}