{"id":988,"date":"2025-07-02T08:44:32","date_gmt":"2025-07-02T06:44:32","guid":{"rendered":"https:\/\/aevea.es\/anuario-2025\/?page_id=988"},"modified":"2025-07-10T14:48:06","modified_gmt":"2025-07-10T12:48:06","slug":"carlos-fuente","status":"publish","type":"page","link":"https:\/\/aevea.es\/anuario-2025\/carlos-fuente\/","title":{"rendered":"ART\u00cdCULO Carlos Fuente"},"content":{"rendered":"<div  class=\"tatsu-BkWyda0ASR tatsu-section  tatsu-bg-overlay   tatsu-clearfix\" data-title=\"\"  data-headerscheme=\"background--dark\"><div class='tatsu-section-pad clearfix' data-padding='{\"d\":\"0px 0px 0px 0px\"}' data-padding-top='0px'><div class=\"tatsu-row-wrap  tatsu-row-full-width tatsu-row-one-col tatsu-row-has-one-cols tatsu-medium-gutter tatsu-reg-cols  tatsu-clearfix tatsu-Skly_6RABC\" ><div  class=\"tatsu-row \" ><div  class=\"tatsu-column  tatsu-bg-overlay tatsu-one-col tatsu-column-image-none tatsu-column-effect-none  tatsu-Bkk_pARrA\"  data-parallax-speed=\"0\" style=\"\"><div class=\"tatsu-column-inner \" ><div class=\"tatsu-column-pad-wrap\"><div class=\"tatsu-column-pad\" ><div  class=\"tatsu-single-image tatsu-module tatsu-image-lazyload tatsu-hqto6vwo0q5m1q17  \" ><div class=\"tatsu-single-image-inner \" style=\"width : 1920px;\" ><div class = \"tatsu-single-image-padding-wrap\" style = \"padding-bottom : 14.739583333333%;\" ><\/div><img class = \"tatsu-gradient-border\" alt = \"\" title = \"CABECERA-ART\" data-src = \"https:\/\/aevea.es\/anuario-2025\/wp-content\/uploads\/2025\/05\/CABECERA-ART.jpg\" src =\"data:image\/png;base64,iVBORw0KGgoAAAANSUhEUgAAAAEAAAABCAQAAAC1HAwCAAAAC0lEQVR42mNkYAAAAAYAAjCB0C8AAAAASUVORK5CYII=\"  \/><\/div><style>.tatsu-hqto6vwo0q5m1q17{margin: 0px 0px 0px 0px;}.tatsu-hqto6vwo0q5m1q17 .tatsu-single-image-inner{border-style: solid;max-width: 100%;}.tatsu-hqto6vwo0q5m1q17.tatsu-single-image{transform: translate3d(0px,0px, 0);}<\/style><\/div><\/div><\/div><div class = \"tatsu-column-bg-image-wrap\"><div class = \"tatsu-column-bg-image\" ><\/div><\/div><div class=\"tatsu-overlay tatsu-column-overlay tatsu-animate-none\" ><\/div><\/div><style>.tatsu-row > .tatsu-Bkk_pARrA.tatsu-column{width: 100%;}.tatsu-Bkk_pARrA.tatsu-column > .tatsu-column-inner > .tatsu-column-overlay{mix-blend-mode: normal;}.tatsu-Bkk_pARrA > .tatsu-column-inner > .tatsu-top-divider{z-index: 9999;}.tatsu-Bkk_pARrA > .tatsu-column-inner > .tatsu-bottom-divider{z-index: 9999;}.tatsu-Bkk_pARrA > .tatsu-column-inner > .tatsu-left-divider{z-index: 9999;}.tatsu-Bkk_pARrA > .tatsu-column-inner > .tatsu-right-divider{z-index: 9999;}@media only screen and (max-width:1377px) {.tatsu-row > .tatsu-Bkk_pARrA.tatsu-column{width: 100%;}}@media only screen and (min-width:768px) and (max-width: 1024px) {.tatsu-row > .tatsu-Bkk_pARrA.tatsu-column{width: 100%;}}@media only screen and (max-width: 767px) {.tatsu-row > .tatsu-Bkk_pARrA.tatsu-column{width: 100%;}}<\/style><\/div><\/div><\/div><\/div><div class=\"tatsu-section-background-wrap\"><div class = \"tatsu-section-background\" ><\/div><\/div><div class=\"tatsu-overlay tatsu-section-overlay\"><\/div><style>.tatsu-BkWyda0ASR .tatsu-section-offset-wrap{transform: translateY(-0px);}.tatsu-BkWyda0ASR > .tatsu-bottom-divider{z-index: 9999;}.tatsu-BkWyda0ASR > .tatsu-top-divider{z-index: 9999;}.tatsu-BkWyda0ASR .tatsu-section-overlay{mix-blend-mode: normal;}<\/style><\/div><div  class=\"tatsu-Sy-vaCE8iu tatsu-section  tatsu-parallax tatsu-bg-overlay   tatsu-clearfix\" data-title=\"\"  data-headerscheme=\"background--dark\"><div class='tatsu-section-pad clearfix' data-padding='{\"d\":\"7px 0px 0px 0px\"}' data-padding-top='7px'><div class=\"tatsu-row-wrap  tatsu-wrap tatsu-row-has-two-cols tatsu-medium-gutter tatsu-reg-cols  tatsu-clearfix tatsu-HkeDAkrIou\" ><style>.tatsu-HkeDAkrIou.tatsu-row-wrap > .tatsu-row{padding: 30px 0px 0px 0px;margin-bottom: 0px;}.tatsu-HkeDAkrIou > .tatsu-row{margin-top: 90px;}<\/style><div  class=\"tatsu-row \" ><div  class=\"tatsu-column  tatsu-bg-overlay tatsu-three-fourth tatsu-column-image-none tatsu-column-effect-none  tatsu-Byt0yBIsd\"  data-parallax-speed=\"0\" style=\"\"><div class=\"tatsu-column-inner \" ><div class=\"tatsu-column-pad-wrap\"><div class=\"tatsu-column-pad\" ><div  class=\"tatsu-single-image tatsu-module tatsu-image-lazyload tatsu-SyYBve0ou  \" ><div class=\"tatsu-single-image-inner \" style=\"width : 1182px;\" ><div class = \"tatsu-single-image-padding-wrap\" style = \"padding-bottom : 52.791878172589%;\" ><\/div><img class = \"tatsu-gradient-border\" alt = \"\" title = \"carlos-des\" data-src = \"https:\/\/aevea.es\/anuario-2025\/wp-content\/uploads\/2025\/07\/carlos-des.jpg\" src =\"data:image\/png;base64,iVBORw0KGgoAAAANSUhEUgAAAAEAAAABCAQAAAC1HAwCAAAAC0lEQVR42mNkYAAAAAYAAjCB0C8AAAAASUVORK5CYII=\"  \/><\/div><style>.tatsu-SyYBve0ou{margin: 40px 0px 0px 0px;}.tatsu-SyYBve0ou .tatsu-single-image-inner{border-style: solid;max-width: 100%;}.tatsu-SyYBve0ou.tatsu-single-image{transform: translate3d(0px,0px, 0);}<\/style><\/div><div  class=\"tatsu-empty-space  tatsu-SJ7Sxw0sO  \" ><style>.tatsu-SJ7Sxw0sO.tatsu-empty-space{height: 30px;}<\/style><\/div><div  class=\"tatsu-module tatsu-text-block-wrap tatsu-rJZdlb5jd  \"><div class=\"tatsu-text-inner tatsu-align-center  clearfix\" ><style>.tatsu-rJZdlb5jd.tatsu-text-block-wrap .tatsu-text-inner{width: 100%;text-align: left;padding: 0px 0px 30px 0px;}.tatsu-rJZdlb5jd.tatsu-text-block-wrap{margin: 0px 0px 0px 0px;}<\/style>\n<h4><span style=\"color: #ff4d0e;\">La formaci\u00f3n, un pilar fundamental para la industria de eventos y protocolo <\/span><\/h4>\n<p><span style=\"font-size: 14pt;\">Para cualquier profesi\u00f3n hay que formarse y prepararse. Eso es sabido por todos. Pero en el \u00e1mbito de algunas empresas e instituciones de protocolo y eventos \u00bfpor qu\u00e9 esta cuesti\u00f3n alguien la pone en duda? S\u00ed, se plantea esta duda porque es evidente que en ocasiones la formaci\u00f3n pasa a un segundo plano a la hora de contratar, validando en ocasiones otras cuestiones que son menos relevantes. Desgraciadamente algunos profesionales de los eventos han puesto en duda la relevancia de la formaci\u00f3n, en una grave equivocaci\u00f3n que el tiempo terminar\u00e1 por demostrar.<\/span><\/p>\n<p><span style=\"font-size: 14pt;\">El sector de los eventos se ha complicado mucho en su creatividad, planificaci\u00f3n, ejecuci\u00f3n y resultados porque empresas e instituciones contratadoras exigen cada d\u00eda m\u00e1s. No vale cualquier persona que solo desarrolle habilidades directivas o de comunicaci\u00f3n, ni que tenga dotes para las relaciones p\u00fablicas o institucionales, ni que domine idiomas o sepa trabajar en equipo.\u00a0 Estas cuestiones se suponen que son necesarias para cualquier profesi\u00f3n, pero en protocolo y eventos no es suficiente.<\/span><\/p>\n<p><span style=\"font-size: 14pt;\">Resulta fundamental tener una formaci\u00f3n transversal en otros aspectos que son fundamentales para ejercer en este campo. \u00bfC\u00f3mo puedes generar una idea? \u00bfC\u00f3mo puedes estructurarla? \u00bfC\u00f3mo la planificas o la llevas a un proyecto? \u00bfC\u00f3mo planteas un presupuesto razonable? \u00bfC\u00f3mo garantizas la seguridad? \u00bfC\u00f3mo utilizas las tecnolog\u00edas y la Inteligencia Artificial? \u00bfC\u00f3mo mides el ROI? \u00bfC\u00f3mo sabes que un ministro va antes que un presidente de una comunidad o al rev\u00e9s? \u00bfC\u00f3mo ordenas las banderas en un acto internacional o nacional? C\u00f3mo, c\u00f3mo, c\u00f3mo\u2026 Son tantas preguntas las que se pueden plantear. Y las respuestas a ellas no salen de la t\u00edpica respuesta \u201ceso ya se aprender\u00e1\u201d. Error grave. \u201cDame candidatos adaptables para trabajar y ya se adaptar\u00e1n a la empresa en funci\u00f3n de la vocaci\u00f3n de esta\u201d, dicen algunos. Otro error.<\/span><\/p>\n<p><span style=\"font-size: 14pt;\">Formar en eventos y protocolo es importante para el sector, aunque todos somos conscientes de que un estudiante que sale con un grado en el tema necesita pasar por la segunda escuela que ofrece la empresa o la instituci\u00f3n. Por supuesto, como en todo. Un abogado sale te\u00f3ricamente preparado (o un juez, o un ingeniero, o un periodista, por citar algo), pero debe tener buena base s\u00f3lida de conocimientos en la materia. Es fundamental esta cuesti\u00f3n. Y la experiencia docente demuestra que esto es una realidad.<\/span><\/p>\n<p><span style=\"font-size: 14pt;\">Se debe hacer una llamada a los contratadores para que piensen en estas cuestiones y apoyen la formaci\u00f3n previa, m\u00e1ximo cuando en Espa\u00f1a desde 2010 existe un grado universitario en Protocolo y Eventos, como el que oferta la Universidad Camilo Jos\u00e9 Cela, primera universidad en Espa\u00f1a en ponerlo en marcha hace 15 a\u00f1os. Salen alumnos muy bien preparados y dispuestos a adaptarse a la realidad profesional. Se puede dar fe de los exitosos estudios por el alto grado de inserci\u00f3n laboral que en el caso de la UCJC supera el 90 por ciento.<\/span><\/p>\n<p><span style=\"font-size: 14pt;\">Es conveniente recordar el peligroso mundo de los t\u00edtulos propios que ofrecen algunos centros p\u00fablicos y privados, en los que no hay control alguno sobre estos estudios en los que prevalece m\u00e1s pagar que aprender. T\u00edtulos propios que no se reconocen en la administraci\u00f3n, ni que los afectados pueden exigir en sus categor\u00edas profesionales. Tampoco les permite crecer profesionalmente y contra esas situaciones conviene poner coto. Personalmente he sufrido muchos casos de alumnos procedentes de t\u00edtulos propios que buscan la oficialidad de forma r\u00e1pida y es imposible. Debemos comprometernos a poner l\u00edneas rojas en este sentido y el sector debe ser consciente de ello en beneficio de la profesi\u00f3n.<\/span><\/p>\n<p><span style=\"font-size: 14pt;\">El reciente acuerdo entre AEVEA y la Universidad Camilo Jos\u00e9 Cela puede ayudar mucho a racionalizar el acceso a la profesi\u00f3n.<\/span><\/p>\n<\/div><\/div><div  class=\"tatsu-shortcode-module tatsu-module tatsu-HyI1CDaFh   \"  >\n<p><code><div class=\"addtoany_shortcode\"><div class=\"a2a_kit a2a_kit_size_32 addtoany_list\" data-a2a-url=\"https:\/\/aevea.es\/anuario-2025\/carlos-fuente\/\" data-a2a-title=\"ART\u00cdCULO Carlos Fuente\"><a class=\"a2a_button_facebook\" href=\"https:\/\/www.addtoany.com\/add_to\/facebook?linkurl=https%3A%2F%2Faevea.es%2Fanuario-2025%2Fcarlos-fuente%2F&amp;linkname=ART%C3%8DCULO%20Carlos%20Fuente\" title=\"Facebook\" rel=\"nofollow noopener\" target=\"_blank\"><\/a><a class=\"a2a_button_x\" href=\"https:\/\/www.addtoany.com\/add_to\/x?linkurl=https%3A%2F%2Faevea.es%2Fanuario-2025%2Fcarlos-fuente%2F&amp;linkname=ART%C3%8DCULO%20Carlos%20Fuente\" title=\"X\" rel=\"nofollow noopener\" target=\"_blank\"><\/a><a class=\"a2a_button_email\" href=\"https:\/\/www.addtoany.com\/add_to\/email?linkurl=https%3A%2F%2Faevea.es%2Fanuario-2025%2Fcarlos-fuente%2F&amp;linkname=ART%C3%8DCULO%20Carlos%20Fuente\" title=\"Email\" rel=\"nofollow noopener\" target=\"_blank\"><\/a><a class=\"a2a_button_whatsapp\" href=\"https:\/\/www.addtoany.com\/add_to\/whatsapp?linkurl=https%3A%2F%2Faevea.es%2Fanuario-2025%2Fcarlos-fuente%2F&amp;linkname=ART%C3%8DCULO%20Carlos%20Fuente\" title=\"WhatsApp\" rel=\"nofollow noopener\" target=\"_blank\"><\/a><a class=\"a2a_button_linkedin\" href=\"https:\/\/www.addtoany.com\/add_to\/linkedin?linkurl=https%3A%2F%2Faevea.es%2Fanuario-2025%2Fcarlos-fuente%2F&amp;linkname=ART%C3%8DCULO%20Carlos%20Fuente\" title=\"LinkedIn\" rel=\"nofollow noopener\" target=\"_blank\"><\/a><a class=\"a2a_dd addtoany_share_save addtoany_share\" href=\"https:\/\/www.addtoany.com\/share\"><\/a><\/div><\/div><\/code><\/p>\n<style>.tatsu-HyI1CDaFh{margin: 50px 0 0 0;}<\/style><\/div><\/div><\/div><div class = \"tatsu-column-bg-image-wrap\"><div class = \"tatsu-column-bg-image\" ><\/div><\/div><div class=\"tatsu-overlay tatsu-column-overlay tatsu-animate-none\" ><\/div><\/div><style>.tatsu-row > .tatsu-Byt0yBIsd.tatsu-column{width: 60%;}.tatsu-Byt0yBIsd.tatsu-column > .tatsu-column-inner > .tatsu-column-overlay{mix-blend-mode: normal;}.tatsu-Byt0yBIsd > .tatsu-column-inner > .tatsu-top-divider{z-index: 9999;}.tatsu-Byt0yBIsd > .tatsu-column-inner > .tatsu-bottom-divider{z-index: 9999;}.tatsu-Byt0yBIsd > .tatsu-column-inner > .tatsu-left-divider{z-index: 9999;}.tatsu-Byt0yBIsd > .tatsu-column-inner > .tatsu-right-divider{z-index: 9999;}@media only screen and (max-width:1377px) {.tatsu-row > .tatsu-Byt0yBIsd.tatsu-column{width: 60%;}}@media only screen and (min-width:768px) and (max-width: 1024px) {.tatsu-row > .tatsu-Byt0yBIsd.tatsu-column{width: 75%;}}@media only screen and (max-width: 767px) {.tatsu-row > .tatsu-Byt0yBIsd.tatsu-column{width: 100%;}}<\/style><\/div><div  class=\"tatsu-column  tatsu-bg-overlay tatsu-one-fourth tatsu-column-image-none tatsu-column-effect-none  tatsu-SJgFR1BIid\"  data-parallax-speed=\"0\" style=\"\"><div class=\"tatsu-column-inner \" ><div class=\"tatsu-column-pad-wrap\"><div class=\"tatsu-column-pad\" ><div  class=\"tatsu-module tatsu-text-block-wrap tatsu-ryTemGP95  \"><div class=\"tatsu-text-inner tatsu-align-center  clearfix\" ><style>.tatsu-ryTemGP95.tatsu-text-block-wrap .tatsu-text-inner{width: 100%;text-align: left;}.tatsu-ryTemGP95.tatsu-text-block-wrap{margin: 0px 0px 0px 0px;}<\/style>\n<p><span style=\"font-size: 18pt;\"><strong>Contenido patrocinado<\/strong><\/span><\/p>\n<\/div><\/div><div  class=\"tatsu-single-image tatsu-module align-center tatsu-image-lazyload tatsu-Sk_7CGkLA  \" ><div class=\"tatsu-single-image-inner \" style=\"width : 770px;\" ><div class = \"tatsu-single-image-padding-wrap\" style = \"padding-bottom : 192.46753246753%;\" ><\/div><a href = \"https:\/\/www.feriazaragoza.es\/recintos\/palacio-de-congresos \" target = \"_blank\" ><img class = \"tatsu-gradient-border\" alt = \"\" title = \"DOSSIERA AEVEA Palacio Zaragoza\" data-src = \"https:\/\/aevea.es\/anuario-2025\/wp-content\/uploads\/2025\/07\/DOSSIERA-AEVEA-Palacio-Zaragoza.png\" src =\"data:image\/png;base64,iVBORw0KGgoAAAANSUhEUgAAAAEAAAABCAQAAAC1HAwCAAAAC0lEQVR42mNkYAAAAAYAAjCB0C8AAAAASUVORK5CYII=\"  \/><\/a><\/div><style>.tatsu-Sk_7CGkLA{margin: 20px 0px 0px 0px;}.tatsu-Sk_7CGkLA .tatsu-single-image-inner{border-style: solid;max-width: 80%;}.tatsu-Sk_7CGkLA.tatsu-single-image{transform: translate3d(0px,0px, 0);}<\/style><\/div><div  class=\"tatsu-module tatsu-text-block-wrap tatsu-i397iqsfrz4n1pdn  \"><div class=\"tatsu-text-inner tatsu-align-center  clearfix\" ><style>.tatsu-i397iqsfrz4n1pdn.tatsu-text-block-wrap .tatsu-text-inner{width: 100%;text-align: left;}.tatsu-i397iqsfrz4n1pdn.tatsu-text-block-wrap{margin: 27px 0px 30px 0px;}<\/style>\n<p><a href=\"https:\/\/elolivar.es\/eventos-de-empresa\/?utm_source=aevea&#038;utm_medium=referral&#038;utm_campaign=banner-aevea\" target=\"_blank\" rel=\"noopener\"><img loading=\"lazy\" decoding=\"async\" class=\"aligncenter wp-image-1106\" src=\"https:\/\/aevea.es\/anuario-2025\/add\/Banner-ElOlivar.gif\" alt=\"\" width=\"344\" height=\"662\" \/><\/a><\/p>\n<\/div><\/div><\/div><\/div><div class = \"tatsu-column-bg-image-wrap\"><div class = \"tatsu-column-bg-image\" ><\/div><\/div><div class=\"tatsu-overlay tatsu-column-overlay tatsu-animate-none\" ><\/div><\/div><style>.tatsu-row > .tatsu-SJgFR1BIid.tatsu-column{width: 40%;}.tatsu-SJgFR1BIid.tatsu-column > .tatsu-column-inner > .tatsu-column-overlay{mix-blend-mode: normal;}.tatsu-SJgFR1BIid > .tatsu-column-inner > .tatsu-top-divider{z-index: 9999;}.tatsu-SJgFR1BIid > .tatsu-column-inner > .tatsu-bottom-divider{z-index: 9999;}.tatsu-SJgFR1BIid > .tatsu-column-inner > .tatsu-left-divider{z-index: 9999;}.tatsu-SJgFR1BIid > .tatsu-column-inner > .tatsu-right-divider{z-index: 9999;}@media only screen and (max-width:1377px) {.tatsu-row > .tatsu-SJgFR1BIid.tatsu-column{width: 40%;}}@media only screen and (min-width:768px) and (max-width: 1024px) {.tatsu-row > .tatsu-SJgFR1BIid.tatsu-column{width: 25%;}}@media only screen and (max-width: 767px) {.tatsu-row > .tatsu-SJgFR1BIid.tatsu-column{width: 100%;}}<\/style><\/div><\/div><\/div><\/div><div class=\"tatsu-section-background-wrap\"><div class = \"tatsu-section-background\" ><\/div><\/div><div class=\"tatsu-overlay tatsu-section-overlay\"><\/div><style>.tatsu-Sy-vaCE8iu .tatsu-section-pad{padding: 7px 0px 0px 0px;}.tatsu-Sy-vaCE8iu .tatsu-section-offset-wrap{transform: translateY(-0px);}.tatsu-Sy-vaCE8iu > .tatsu-bottom-divider{z-index: 9999;}.tatsu-Sy-vaCE8iu > .tatsu-top-divider{z-index: 9999;}.tatsu-Sy-vaCE8iu .tatsu-section-overlay{mix-blend-mode: normal;}<\/style><\/div><div  class=\"tatsu-BkNQ0RAB0 tatsu-section  tatsu-bg-overlay   tatsu-clearfix\" data-title=\"\"  data-headerscheme=\"background--dark\"><div class='tatsu-section-pad clearfix' data-padding='{\"d\":\"0px 0px 0px 0px\"}' data-padding-top='0px'><div class=\"tatsu-row-wrap  tatsu-row-full-width tatsu-row-one-col tatsu-row-has-one-cols tatsu-medium-gutter tatsu-reg-cols  tatsu-clearfix tatsu-BJgV7RC0SR\" ><div  class=\"tatsu-row \" ><div  class=\"tatsu-column  tatsu-bg-overlay tatsu-one-col tatsu-column-image-none tatsu-column-effect-none  tatsu-S1-VXRR0BC\"  data-parallax-speed=\"0\" style=\"\"><div class=\"tatsu-column-inner \" ><div class=\"tatsu-column-pad-wrap\"><div class=\"tatsu-column-pad\" ><div  class=\"tatsu-single-image tatsu-module tatsu-image-lazyload tatsu-i1wh306wh16irsm  \" ><div class=\"tatsu-single-image-inner \" style=\"width : 1920px;\" ><div class = \"tatsu-single-image-padding-wrap\" style = \"padding-bottom : 4.5833333333333%;\" ><\/div><img class = \"tatsu-gradient-border\" alt = \"\" title = \"pie-new\" data-src = \"https:\/\/aevea.es\/anuario-2025\/wp-content\/uploads\/2025\/05\/pie-new.jpg\" src =\"data:image\/png;base64,iVBORw0KGgoAAAANSUhEUgAAAAEAAAABCAQAAAC1HAwCAAAAC0lEQVR42mNkYAAAAAYAAjCB0C8AAAAASUVORK5CYII=\"  \/><\/div><style>.tatsu-i1wh306wh16irsm .tatsu-single-image-inner{border-style: solid;max-width: 100%;}.tatsu-i1wh306wh16irsm.tatsu-single-image{transform: translate3d(0px,0px, 0);}.tatsu-i1wh306wh16irsm{padding: 20px 0px 0px 0px;}<\/style><\/div><\/div><\/div><div class = \"tatsu-column-bg-image-wrap\"><div class = \"tatsu-column-bg-image\" ><\/div><\/div><div class=\"tatsu-overlay tatsu-column-overlay tatsu-animate-none\" ><\/div><\/div><style>.tatsu-row > .tatsu-S1-VXRR0BC.tatsu-column{width: 100%;}.tatsu-S1-VXRR0BC.tatsu-column > .tatsu-column-inner > .tatsu-column-overlay{mix-blend-mode: normal;}.tatsu-S1-VXRR0BC > .tatsu-column-inner > .tatsu-top-divider{z-index: 9999;}.tatsu-S1-VXRR0BC > .tatsu-column-inner > .tatsu-bottom-divider{z-index: 9999;}.tatsu-S1-VXRR0BC > .tatsu-column-inner > .tatsu-left-divider{z-index: 9999;}.tatsu-S1-VXRR0BC > .tatsu-column-inner > .tatsu-right-divider{z-index: 9999;}@media only screen and (max-width:1377px) {.tatsu-row > .tatsu-S1-VXRR0BC.tatsu-column{width: 100%;}}@media only screen and (min-width:768px) and (max-width: 1024px) {.tatsu-row > .tatsu-S1-VXRR0BC.tatsu-column{width: 100%;}}@media only screen and (max-width: 767px) {.tatsu-row > .tatsu-S1-VXRR0BC.tatsu-column{width: 100%;}}<\/style><\/div><\/div><\/div><\/div><div class=\"tatsu-section-background-wrap\"><div class = \"tatsu-section-background\" ><\/div><\/div><div class=\"tatsu-overlay tatsu-section-overlay\"><\/div><style>.tatsu-BkNQ0RAB0 .tatsu-section-offset-wrap{transform: translateY(-0px);}.tatsu-BkNQ0RAB0 > .tatsu-bottom-divider{z-index: 9999;}.tatsu-BkNQ0RAB0 > .tatsu-top-divider{z-index: 9999;}.tatsu-BkNQ0RAB0 .tatsu-section-overlay{mix-blend-mode: normal;}<\/style><\/div>\n","protected":false},"excerpt":{"rendered":"<p><a href=\"https:\/\/aevea.es\/anuario-2025\/carlos-fuente\/\" class=\"more-link style3-button\">Read More<\/a><\/p>","protected":false},"author":5,"featured_media":0,"parent":0,"menu_order":0,"comment_status":"closed","ping_status":"closed","template":"","meta":{"footnotes":""},"class_list":["post-988","page","type-page","status-publish","hentry"],"_links":{"self":[{"href":"https:\/\/aevea.es\/anuario-2025\/wp-json\/wp\/v2\/pages\/988","targetHints":{"allow":["GET"]}}],"collection":[{"href":"https:\/\/aevea.es\/anuario-2025\/wp-json\/wp\/v2\/pages"}],"about":[{"href":"https:\/\/aevea.es\/anuario-2025\/wp-json\/wp\/v2\/types\/page"}],"author":[{"embeddable":true,"href":"https:\/\/aevea.es\/anuario-2025\/wp-json\/wp\/v2\/users\/5"}],"replies":[{"embeddable":true,"href":"https:\/\/aevea.es\/anuario-2025\/wp-json\/wp\/v2\/comments?post=988"}],"version-history":[{"count":7,"href":"https:\/\/aevea.es\/anuario-2025\/wp-json\/wp\/v2\/pages\/988\/revisions"}],"predecessor-version":[{"id":1123,"href":"https:\/\/aevea.es\/anuario-2025\/wp-json\/wp\/v2\/pages\/988\/revisions\/1123"}],"wp:attachment":[{"href":"https:\/\/aevea.es\/anuario-2025\/wp-json\/wp\/v2\/media?parent=988"}],"curies":[{"name":"wp","href":"https:\/\/api.w.org\/{rel}","templated":true}]}}